{"id":5493,"date":"2024-06-04T04:07:09","date_gmt":"2024-06-04T04:07:09","guid":{"rendered":"https:\/\/btpmarket.ma\/?page_id=5493"},"modified":"2024-12-02T00:22:11","modified_gmt":"2024-12-02T00:22:11","slug":"information","status":"publish","type":"page","link":"https:\/\/btpmarket.ma\/?page_id=5493","title":{"rendered":"Information"},"content":{"rendered":"\t\t<div data-elementor-type=\"wp-page\" data-elementor-id=\"5493\" class=\"elementor elementor-5493\" data-elementor-post-type=\"page\">\n\t\t\t\t<div class=\"elementor-element elementor-element-ad67aab e-flex e-con-boxed e-con e-parent\" data-id=\"ad67aab\" data-element_type=\"container\">\n\t\t\t\t\t<div class=\"e-con-inner\">\n\t\t<div class=\"elementor-element elementor-element-749babb e-con-full e-flex e-con e-child\" data-id=\"749babb\" data-element_type=\"container\">\n\t\t<div class=\"elementor-element elementor-element-b13d2ad e-con-full e-flex e-con e-child\" data-id=\"b13d2ad\" data-element_type=\"container\">\n\t\t<div class=\"elementor-element elementor-element-f867707 e-con-full e-flex e-con e-child\" data-id=\"f867707\" data-element_type=\"container\">\n\t\t\t\t<div class=\"elementor-element elementor-element-1d9ccaa exad-sticky-section-no exad-glass-effect-no elementor-widget elementor-widget-heading\" data-id=\"1d9ccaa\" data-element_type=\"widget\" data-widget_type=\"heading.default\">\n\t\t\t\t<div class=\"elementor-widget-container\">\n\t\t\t<style>\/*! elementor - v3.21.0 - 22-05-2024 *\/\n.elementor-heading-title{padding:0;margin:0;line-height:1}.elementor-widget-heading .elementor-heading-title[class*=elementor-size-]>a{color:inherit;font-size:inherit;line-height:inherit}.elementor-widget-heading .elementor-heading-title.elementor-size-small{font-size:15px}.elementor-widget-heading .elementor-heading-title.elementor-size-medium{font-size:19px}.elementor-widget-heading .elementor-heading-title.elementor-size-large{font-size:29px}.elementor-widget-heading .elementor-heading-title.elementor-size-xl{font-size:39px}.elementor-widget-heading .elementor-heading-title.elementor-size-xxl{font-size:59px}<\/style><h2 class=\"elementor-heading-title elementor-size-default\">Information<\/h2>\t\t<\/div>\n\t\t\t\t<\/div>\n\t\t\t\t<\/div>\n\t\t<div class=\"elementor-element elementor-element-f440bc2 e-flex e-con-boxed e-con e-child\" data-id=\"f440bc2\" data-element_type=\"container\">\n\t\t\t\t\t<div class=\"e-con-inner\">\n\t\t\t\t<div class=\"elementor-element elementor-element-77e6833 elementor-widget-divider--view-line exad-sticky-section-no exad-glass-effect-no elementor-widget elementor-widget-divider\" data-id=\"77e6833\" data-element_type=\"widget\" data-widget_type=\"divider.default\">\n\t\t\t\t<div class=\"elementor-widget-container\">\n\t\t\t<style>\/*! elementor - v3.21.0 - 22-05-2024 *\/\n.elementor-widget-divider{--divider-border-style:none;--divider-border-width:1px;--divider-color:#0c0d0e;--divider-icon-size:20px;--divider-element-spacing:10px;--divider-pattern-height:24px;--divider-pattern-size:20px;--divider-pattern-url:none;--divider-pattern-repeat:repeat-x}.elementor-widget-divider .elementor-divider{display:flex}.elementor-widget-divider .elementor-divider__text{font-size:15px;line-height:1;max-width:95%}.elementor-widget-divider .elementor-divider__element{margin:0 var(--divider-element-spacing);flex-shrink:0}.elementor-widget-divider .elementor-icon{font-size:var(--divider-icon-size)}.elementor-widget-divider .elementor-divider-separator{display:flex;margin:0;direction:ltr}.elementor-widget-divider--view-line_icon .elementor-divider-separator,.elementor-widget-divider--view-line_text .elementor-divider-separator{align-items:center}.elementor-widget-divider--view-line_icon .elementor-divider-separator:after,.elementor-widget-divider--view-line_icon .elementor-divider-separator:before,.elementor-widget-divider--view-line_text .elementor-divider-separator:after,.elementor-widget-divider--view-line_text .elementor-divider-separator:before{display:block;content:\"\";border-block-end:0;flex-grow:1;border-block-start:var(--divider-border-width) var(--divider-border-style) var(--divider-color)}.elementor-widget-divider--element-align-left .elementor-divider .elementor-divider-separator>.elementor-divider__svg:first-of-type{flex-grow:0;flex-shrink:100}.elementor-widget-divider--element-align-left .elementor-divider-separator:before{content:none}.elementor-widget-divider--element-align-left .elementor-divider__element{margin-left:0}.elementor-widget-divider--element-align-right .elementor-divider .elementor-divider-separator>.elementor-divider__svg:last-of-type{flex-grow:0;flex-shrink:100}.elementor-widget-divider--element-align-right .elementor-divider-separator:after{content:none}.elementor-widget-divider--element-align-right .elementor-divider__element{margin-right:0}.elementor-widget-divider--element-align-start .elementor-divider .elementor-divider-separator>.elementor-divider__svg:first-of-type{flex-grow:0;flex-shrink:100}.elementor-widget-divider--element-align-start .elementor-divider-separator:before{content:none}.elementor-widget-divider--element-align-start .elementor-divider__element{margin-inline-start:0}.elementor-widget-divider--element-align-end .elementor-divider .elementor-divider-separator>.elementor-divider__svg:last-of-type{flex-grow:0;flex-shrink:100}.elementor-widget-divider--element-align-end .elementor-divider-separator:after{content:none}.elementor-widget-divider--element-align-end .elementor-divider__element{margin-inline-end:0}.elementor-widget-divider:not(.elementor-widget-divider--view-line_text):not(.elementor-widget-divider--view-line_icon) .elementor-divider-separator{border-block-start:var(--divider-border-width) var(--divider-border-style) var(--divider-color)}.elementor-widget-divider--separator-type-pattern{--divider-border-style:none}.elementor-widget-divider--separator-type-pattern.elementor-widget-divider--view-line .elementor-divider-separator,.elementor-widget-divider--separator-type-pattern:not(.elementor-widget-divider--view-line) .elementor-divider-separator:after,.elementor-widget-divider--separator-type-pattern:not(.elementor-widget-divider--view-line) .elementor-divider-separator:before,.elementor-widget-divider--separator-type-pattern:not([class*=elementor-widget-divider--view]) .elementor-divider-separator{width:100%;min-height:var(--divider-pattern-height);-webkit-mask-size:var(--divider-pattern-size) 100%;mask-size:var(--divider-pattern-size) 100%;-webkit-mask-repeat:var(--divider-pattern-repeat);mask-repeat:var(--divider-pattern-repeat);background-color:var(--divider-color);-webkit-mask-image:var(--divider-pattern-url);mask-image:var(--divider-pattern-url)}.elementor-widget-divider--no-spacing{--divider-pattern-size:auto}.elementor-widget-divider--bg-round{--divider-pattern-repeat:round}.rtl .elementor-widget-divider .elementor-divider__text{direction:rtl}.e-con-inner>.elementor-widget-divider,.e-con>.elementor-widget-divider{width:var(--container-widget-width,100%);--flex-grow:var(--container-widget-flex-grow)}<\/style>\t\t<div class=\"elementor-divider\">\n\t\t\t<span class=\"elementor-divider-separator\">\n\t\t\t\t\t\t<\/span>\n\t\t<\/div>\n\t\t\t\t<\/div>\n\t\t\t\t<\/div>\n\t\t\t\t\t<\/div>\n\t\t\t\t<\/div>\n\t\t\t\t<\/div>\n\t\t\t\t<\/div>\n\t\t\t\t\t<\/div>\n\t\t\t\t<\/div>\n\t\t<div class=\"elementor-element elementor-element-be4539f e-flex e-con-boxed e-con e-parent\" data-id=\"be4539f\" data-element_type=\"container\">\n\t\t\t\t\t<div class=\"e-con-inner\">\n\t\t<div class=\"elementor-element elementor-element-7377cb9 e-con-full e-flex e-con e-child\" data-id=\"7377cb9\" data-element_type=\"container\">\n\t\t\t\t<div class=\"elementor-element elementor-element-369a2bf exad-sticky-section-no exad-glass-effect-no elementor-widget elementor-widget-text-editor\" data-id=\"369a2bf\" data-element_type=\"widget\" data-widget_type=\"text-editor.default\">\n\t\t\t\t<div class=\"elementor-widget-container\">\n\t\t\t<style>\/*! elementor - v3.21.0 - 22-05-2024 *\/\n.elementor-widget-text-editor.elementor-drop-cap-view-stacked .elementor-drop-cap{background-color:#69727d;color:#fff}.elementor-widget-text-editor.elementor-drop-cap-view-framed .elementor-drop-cap{color:#69727d;border:3px solid;background-color:transparent}.elementor-widget-text-editor:not(.elementor-drop-cap-view-default) .elementor-drop-cap{margin-top:8px}.elementor-widget-text-editor:not(.elementor-drop-cap-view-default) .elementor-drop-cap-letter{width:1em;height:1em}.elementor-widget-text-editor .elementor-drop-cap{float:left;text-align:center;line-height:1;font-size:50px}.elementor-widget-text-editor .elementor-drop-cap-letter{display:inline-block}<\/style>\t\t\t\t<p><strong><span class=\"ng-star-inserted\">1.<\/span><span class=\"ng-star-inserted\"> INTRODUCTION<\/span><\/strong><\/p><p class=\"ng-star-inserted\"><strong class=\"ng-star-inserted\"><span class=\"ng-star-inserted\">1.1<\/span><\/strong><span class=\"ng-star-inserted\">\u00a0Ces Conditions G\u00e9n\u00e9rales de Vente (&#8220;Conditions&#8221;) r\u00e9gissent tous les achats effectu\u00e9s par t\u00e9l\u00e9phone ou par email aupr\u00e8s de [Nom de l&#8217;entreprise], une entreprise vendant des mat\u00e9riaux de construction au Maroc (&#8220;nous&#8221;, &#8220;notre&#8221; ou &#8220;nos&#8221;).<\/span><\/p><p class=\"ng-star-inserted\"><strong class=\"ng-star-inserted\"><span class=\"ng-star-inserted\">1.2<\/span><\/strong><span class=\"ng-star-inserted\">\u00a0En passant une commande chez nous, vous acceptez d&#8217;\u00eatre li\u00e9 par ces Conditions. Si vous n&#8217;\u00eates pas d&#8217;accord avec ces Conditions, vous ne devez pas passer de commande. Nous nous r\u00e9servons le droit de modifier ces Conditions \u00e0 tout moment sans pr\u00e9avis. Toute modification entrera en vigueur pour les commandes pass\u00e9es apr\u00e8s la date de modification.<\/span><\/p><p class=\"ng-star-inserted\"><strong><span class=\"ng-star-inserted\">2. \u00c9LIGIBILIT\u00c9 ET INSCRIPTION DE COMPTE<\/span><\/strong><\/p><p class=\"ng-star-inserted\"><strong class=\"ng-star-inserted\"><span class=\"ng-star-inserted\">2.1<\/span><\/strong><span class=\"ng-star-inserted\">\u00a0Pour passer une commande par t\u00e9l\u00e9phone ou par email, vous devez \u00eatre \u00e2g\u00e9 d&#8217;au moins 18 ans et avoir la capacit\u00e9 juridique de conclure un contrat contraignant.<\/span><\/p><p class=\"ng-star-inserted\"><strong class=\"ng-star-inserted\"><span class=\"ng-star-inserted\">2.2<\/span><\/strong><span class=\"ng-star-inserted\">\u00a0Vous devrez peut-\u00eatre cr\u00e9er un compte sur notre site Web. Vous \u00eates responsable de maintenir la confidentialit\u00e9 de vos identifiants de compte et de toutes les activit\u00e9s qui se produisent sous votre compte.<\/span><\/p><p class=\"ng-star-inserted\"><strong><span class=\"ng-star-inserted\">3. COMMANDES ET ACCEPTATION<\/span><\/strong><\/p><p class=\"ng-star-inserted\"><strong class=\"ng-star-inserted\"><span class=\"ng-star-inserted\">3.1<\/span><\/strong><span class=\"ng-star-inserted\">\u00a0Lorsque vous passez une commande par t\u00e9l\u00e9phone ou par email, vous faites une offre d&#8217;achat des produits r\u00e9pertori\u00e9s dans votre commande. Nous nous r\u00e9servons le droit d&#8217;accepter ou de refuser votre commande pour quelque raison que ce soit, y compris, mais sans s&#8217;y limiter, la disponibilit\u00e9 des stocks, les erreurs de prix ou les probl\u00e8mes de paiement.<\/span><\/p><p class=\"ng-star-inserted\"><strong class=\"ng-star-inserted\"><span class=\"ng-star-inserted\">3.2<\/span><\/strong><span class=\"ng-star-inserted\">\u00a0Votre commande est consid\u00e9r\u00e9e comme accept\u00e9e une fois que nous vous avons envoy\u00e9 une confirmation par email ou que nous vous avons donn\u00e9 une confirmation verbale par t\u00e9l\u00e9phone. Nous nous r\u00e9servons le droit d&#8217;annuler toute commande accept\u00e9e avant la livraison si les circonstances changent, telles que la disponibilit\u00e9 des produits ou les erreurs de prix.<\/span><\/p>\t\t\t\t\t\t<\/div>\n\t\t\t\t<\/div>\n\t\t\t\t<\/div>\n\t\t<div class=\"elementor-element elementor-element-daa76f3 e-con-full e-flex e-con e-child\" data-id=\"daa76f3\" data-element_type=\"container\">\n\t\t\t\t<div class=\"elementor-element elementor-element-0e81f5c exad-sticky-section-no exad-glass-effect-no elementor-widget elementor-widget-text-editor\" data-id=\"0e81f5c\" data-element_type=\"widget\" data-widget_type=\"text-editor.default\">\n\t\t\t\t<div class=\"elementor-widget-container\">\n\t\t\t\t\t\t\t<p class=\"ng-star-inserted\"><strong><span class=\"ng-star-inserted\">4. PRIX ET PAIEMENT<\/span><\/strong><\/p><p class=\"ng-star-inserted\"><strong class=\"ng-star-inserted\"><span class=\"ng-star-inserted\">4.1<\/span><\/strong><span class=\"ng-star-inserted\">\u00a0Tous les prix indiqu\u00e9s sur notre site Web sont en Dirhams Marocains (MAD) et sont hors taxes et frais de livraison applicables, qui seront ajout\u00e9s \u00e0 votre commande lors du paiement.<\/span><\/p><p class=\"ng-star-inserted\"><strong class=\"ng-star-inserted\"><span class=\"ng-star-inserted\">4.2<\/span><\/strong><span class=\"ng-star-inserted\">\u00a0Nous nous r\u00e9servons le droit de modifier nos prix \u00e0 tout moment sans pr\u00e9avis. Cependant, toute modification de prix n&#8217;affectera pas les commandes d\u00e9j\u00e0 accept\u00e9es.<\/span><\/p><p class=\"ng-star-inserted\"><strong class=\"ng-star-inserted\"><span class=\"ng-star-inserted\">4.3<\/span><\/strong><span class=\"ng-star-inserted\">\u00a0Le paiement int\u00e9gral de votre commande doit \u00eatre re\u00e7u avant l&#8217;exp\u00e9dition de vos produits. Nous acceptons les paiements par carte de cr\u00e9dit, carte de d\u00e9bit ou virement bancaire.<\/span><\/p><p class=\"ng-star-inserted\"><strong class=\"ng-star-inserted\"><span class=\"ng-star-inserted\">4.4<\/span><\/strong><span class=\"ng-star-inserted\">\u00a0En cas de non-paiement, nous nous r\u00e9servons le droit de prendre les mesures l\u00e9gales n\u00e9cessaires pour recouvrer le montant d\u00fb, y compris les int\u00e9r\u00eats, les frais de retard et les frais de justice associ\u00e9s.<\/span><\/p><p class=\"ng-star-inserted\"><strong class=\"ng-star-inserted\"><span class=\"ng-star-inserted\">5. LIVRAISON<\/span><\/strong><\/p><p class=\"ng-star-inserted\"><strong class=\"ng-star-inserted\"><span class=\"ng-star-inserted\">5.1<\/span><\/strong><span class=\"ng-star-inserted\">\u00a0Nous livrons les produits au Maroc uniquement. Les frais de livraison et les d\u00e9lais de livraison estim\u00e9s seront fournis lors du processus de paiement.<\/span><\/p><p class=\"ng-star-inserted\"><strong class=\"ng-star-inserted\"><span class=\"ng-star-inserted\">5.2<\/span><\/strong><span class=\"ng-star-inserted\">\u00a0Les d\u00e9lais de livraison sont des estimations uniquement et ne sont pas garantis. Nous ne sommes pas responsables des retards ou des pertes caus\u00e9s par le service de livraison.<\/span><\/p><p class=\"ng-star-inserted\"><strong class=\"ng-star-inserted\"><span class=\"ng-star-inserted\">5.3<\/span><\/strong><span class=\"ng-star-inserted\">\u00a0Vous \u00eates responsable de fournir des informations de livraison exactes, et nous ne sommes pas responsables des pertes ou dommages r\u00e9sultant d&#8217;informations de livraison incorrectes fournies par vous.<\/span><\/p><p class=\"ng-star-inserted\"><strong class=\"ng-star-inserted\"><span class=\"ng-star-inserted\">5.4<\/span><\/strong><span class=\"ng-star-inserted\">\u00a0Le risque de perte et de dommages aux produits vous est transf\u00e9r\u00e9 \u00e0 la livraison. Vous devez inspecter les produits \u00e0 la livraison et nous signaler tout d\u00e9faut ou dommage dans les 48 heures.<\/span><\/p>\t\t\t\t\t\t<\/div>\n\t\t\t\t<\/div>\n\t\t\t\t<\/div>\n\t\t\t\t\t<\/div>\n\t\t\t\t<\/div>\n\t\t\t\t<\/div>\n\t\t","protected":false},"excerpt":{"rendered":"<p>Information 1. INTRODUCTION 1.1\u00a0Ces Conditions G\u00e9n\u00e9rales de Vente (&#8220;Conditions&#8221;) r\u00e9gissent tous les achats effectu\u00e9s par t\u00e9l\u00e9phone ou par email aupr\u00e8s de [Nom de l&#8217;entreprise], une entreprise vendant des mat\u00e9riaux de construction au Maroc (&#8220;nous&#8221;, &#8220;notre&#8221; ou &#8220;nos&#8221;). 1.2\u00a0En passant une commande chez nous, vous acceptez d&#8217;\u00eatre li\u00e9 par ces Conditions. Si vous n&#8217;\u00eates pas d&#8217;accord [&hellip;]<\/p>\n","protected":false},"author":1,"featured_media":0,"parent":0,"menu_order":0,"comment_status":"closed","ping_status":"closed","template":"elementor_header_footer","meta":{"_acf_changed":false,"footnotes":""},"acf":[],"yoast_head":"<!-- This site is optimized with the Yoast SEO plugin v22.7 - https:\/\/yoast.com\/wordpress\/plugins\/seo\/ -->\n<title>Information - btpmarket<\/title>\n<meta name=\"robots\" content=\"index, follow, max-snippet:-1, max-image-preview:large, max-video-preview:-1\" \/>\n<link rel=\"canonical\" href=\"https:\/\/btpmarket.ma\/?page_id=5493\" \/>\n<meta property=\"og:locale\" content=\"en_US\" \/>\n<meta property=\"og:type\" content=\"article\" \/>\n<meta property=\"og:title\" content=\"Information - btpmarket\" \/>\n<meta property=\"og:description\" content=\"Information 1. INTRODUCTION 1.1\u00a0Ces Conditions G\u00e9n\u00e9rales de Vente (&#8220;Conditions&#8221;) r\u00e9gissent tous les achats effectu\u00e9s par t\u00e9l\u00e9phone ou par email aupr\u00e8s de [Nom de l&#8217;entreprise], une entreprise vendant des mat\u00e9riaux de construction au Maroc (&#8220;nous&#8221;, &#8220;notre&#8221; ou &#8220;nos&#8221;). 1.2\u00a0En passant une commande chez nous, vous acceptez d&#8217;\u00eatre li\u00e9 par ces Conditions. Si vous n&#8217;\u00eates pas d&#8217;accord [&hellip;]\" \/>\n<meta property=\"og:url\" content=\"https:\/\/btpmarket.ma\/?page_id=5493\" \/>\n<meta property=\"og:site_name\" content=\"btpmarket\" \/>\n<meta property=\"article:modified_time\" content=\"2024-12-02T00:22:11+00:00\" \/>\n<meta name=\"twitter:card\" content=\"summary_large_image\" \/>\n<meta name=\"twitter:label1\" content=\"Est. reading time\" \/>\n\t<meta name=\"twitter:data1\" content=\"3 minutes\" \/>\n<script type=\"application\/ld+json\" class=\"yoast-schema-graph\">{\"@context\":\"https:\/\/schema.org\",\"@graph\":[{\"@type\":\"WebPage\",\"@id\":\"https:\/\/btpmarket.ma\/?page_id=5493\",\"url\":\"https:\/\/btpmarket.ma\/?page_id=5493\",\"name\":\"Information - btpmarket\",\"isPartOf\":{\"@id\":\"https:\/\/btpmarket.ma\/#website\"},\"datePublished\":\"2024-06-04T04:07:09+00:00\",\"dateModified\":\"2024-12-02T00:22:11+00:00\",\"breadcrumb\":{\"@id\":\"https:\/\/btpmarket.ma\/?page_id=5493#breadcrumb\"},\"inLanguage\":\"en-US\",\"potentialAction\":[{\"@type\":\"ReadAction\",\"target\":[\"https:\/\/btpmarket.ma\/?page_id=5493\"]}]},{\"@type\":\"BreadcrumbList\",\"@id\":\"https:\/\/btpmarket.ma\/?page_id=5493#breadcrumb\",\"itemListElement\":[{\"@type\":\"ListItem\",\"position\":1,\"name\":\"Accueil\",\"item\":\"https:\/\/btpmarket.ma\/\"},{\"@type\":\"ListItem\",\"position\":2,\"name\":\"Information\"}]},{\"@type\":\"WebSite\",\"@id\":\"https:\/\/btpmarket.ma\/#website\",\"url\":\"https:\/\/btpmarket.ma\/\",\"name\":\"btpmarket\",\"description\":\"\",\"publisher\":{\"@id\":\"https:\/\/btpmarket.ma\/#organization\"},\"potentialAction\":[{\"@type\":\"SearchAction\",\"target\":{\"@type\":\"EntryPoint\",\"urlTemplate\":\"https:\/\/btpmarket.ma\/?s={search_term_string}\"},\"query-input\":\"required name=search_term_string\"}],\"inLanguage\":\"en-US\"},{\"@type\":\"Organization\",\"@id\":\"https:\/\/btpmarket.ma\/#organization\",\"name\":\"btpmarket\",\"url\":\"https:\/\/btpmarket.ma\/\",\"logo\":{\"@type\":\"ImageObject\",\"inLanguage\":\"en-US\",\"@id\":\"https:\/\/btpmarket.ma\/#\/schema\/logo\/image\/\",\"url\":\"https:\/\/btpmarket.ma\/wp-content\/uploads\/2024\/05\/Asset-1.png\",\"contentUrl\":\"https:\/\/btpmarket.ma\/wp-content\/uploads\/2024\/05\/Asset-1.png\",\"width\":1000,\"height\":411,\"caption\":\"btpmarket\"},\"image\":{\"@id\":\"https:\/\/btpmarket.ma\/#\/schema\/logo\/image\/\"}}]}<\/script>\n<!-- \/ Yoast SEO plugin. -->","yoast_head_json":{"title":"Information - btpmarket","robots":{"index":"index","follow":"follow","max-snippet":"max-snippet:-1","max-image-preview":"max-image-preview:large","max-video-preview":"max-video-preview:-1"},"canonical":"https:\/\/btpmarket.ma\/?page_id=5493","og_locale":"en_US","og_type":"article","og_title":"Information - btpmarket","og_description":"Information 1. INTRODUCTION 1.1\u00a0Ces Conditions G\u00e9n\u00e9rales de Vente (&#8220;Conditions&#8221;) r\u00e9gissent tous les achats effectu\u00e9s par t\u00e9l\u00e9phone ou par email aupr\u00e8s de [Nom de l&#8217;entreprise], une entreprise vendant des mat\u00e9riaux de construction au Maroc (&#8220;nous&#8221;, &#8220;notre&#8221; ou &#8220;nos&#8221;). 1.2\u00a0En passant une commande chez nous, vous acceptez d&#8217;\u00eatre li\u00e9 par ces Conditions. Si vous n&#8217;\u00eates pas d&#8217;accord [&hellip;]","og_url":"https:\/\/btpmarket.ma\/?page_id=5493","og_site_name":"btpmarket","article_modified_time":"2024-12-02T00:22:11+00:00","twitter_card":"summary_large_image","twitter_misc":{"Est. reading time":"3 minutes"},"schema":{"@context":"https:\/\/schema.org","@graph":[{"@type":"WebPage","@id":"https:\/\/btpmarket.ma\/?page_id=5493","url":"https:\/\/btpmarket.ma\/?page_id=5493","name":"Information - btpmarket","isPartOf":{"@id":"https:\/\/btpmarket.ma\/#website"},"datePublished":"2024-06-04T04:07:09+00:00","dateModified":"2024-12-02T00:22:11+00:00","breadcrumb":{"@id":"https:\/\/btpmarket.ma\/?page_id=5493#breadcrumb"},"inLanguage":"en-US","potentialAction":[{"@type":"ReadAction","target":["https:\/\/btpmarket.ma\/?page_id=5493"]}]},{"@type":"BreadcrumbList","@id":"https:\/\/btpmarket.ma\/?page_id=5493#breadcrumb","itemListElement":[{"@type":"ListItem","position":1,"name":"Accueil","item":"https:\/\/btpmarket.ma\/"},{"@type":"ListItem","position":2,"name":"Information"}]},{"@type":"WebSite","@id":"https:\/\/btpmarket.ma\/#website","url":"https:\/\/btpmarket.ma\/","name":"btpmarket","description":"","publisher":{"@id":"https:\/\/btpmarket.ma\/#organization"},"potentialAction":[{"@type":"SearchAction","target":{"@type":"EntryPoint","urlTemplate":"https:\/\/btpmarket.ma\/?s={search_term_string}"},"query-input":"required name=search_term_string"}],"inLanguage":"en-US"},{"@type":"Organization","@id":"https:\/\/btpmarket.ma\/#organization","name":"btpmarket","url":"https:\/\/btpmarket.ma\/","logo":{"@type":"ImageObject","inLanguage":"en-US","@id":"https:\/\/btpmarket.ma\/#\/schema\/logo\/image\/","url":"https:\/\/btpmarket.ma\/wp-content\/uploads\/2024\/05\/Asset-1.png","contentUrl":"https:\/\/btpmarket.ma\/wp-content\/uploads\/2024\/05\/Asset-1.png","width":1000,"height":411,"caption":"btpmarket"},"image":{"@id":"https:\/\/btpmarket.ma\/#\/schema\/logo\/image\/"}}]}},"_links":{"self":[{"href":"https:\/\/btpmarket.ma\/index.php?rest_route=\/wp\/v2\/pages\/5493"}],"collection":[{"href":"https:\/\/btpmarket.ma\/index.php?rest_route=\/wp\/v2\/pages"}],"about":[{"href":"https:\/\/btpmarket.ma\/index.php?rest_route=\/wp\/v2\/types\/page"}],"author":[{"embeddable":true,"href":"https:\/\/btpmarket.ma\/index.php?rest_route=\/wp\/v2\/users\/1"}],"replies":[{"embeddable":true,"href":"https:\/\/btpmarket.ma\/index.php?rest_route=%2Fwp%2Fv2%2Fcomments&post=5493"}],"version-history":[{"count":10,"href":"https:\/\/btpmarket.ma\/index.php?rest_route=\/wp\/v2\/pages\/5493\/revisions"}],"predecessor-version":[{"id":5954,"href":"https:\/\/btpmarket.ma\/index.php?rest_route=\/wp\/v2\/pages\/5493\/revisions\/5954"}],"wp:attachment":[{"href":"https:\/\/btpmarket.ma\/index.php?rest_route=%2Fwp%2Fv2%2Fmedia&parent=5493"}],"curies":[{"name":"wp","href":"https:\/\/api.w.org\/{rel}","templated":true}]}}