{"id":189,"date":"2024-05-24T00:57:25","date_gmt":"2024-05-24T00:57:25","guid":{"rendered":"https:\/\/btpmarket.ma\/?post_type=product&#038;p=189"},"modified":"2024-05-28T19:11:34","modified_gmt":"2024-05-28T19:11:34","slug":"nivelante-10","status":"publish","type":"product","link":"https:\/\/btpmarket.ma\/?product=nivelante-10","title":{"rendered":"NIVELANTE 80"},"content":{"rendered":"<p><strong>C A R A C T \u00c9 R I S T I Q U E S\u00a0 T E C H N I Q U E S<\/strong><\/p>\n<hr \/>\n<p>Conforme EN 13813 CT-C20-F5<\/p>\n<p>Produit en poudre<\/p>\n<p>Particules de plus de 2 mm \u2264 1%<\/p>\n<p>R\u00e9action au feu Euroclasse A1<\/p>\n<p>Produit en p\u00e2te<\/p>\n<p>Eau de g\u00e2chage 16 \u00b1 1%<\/p>\n<p>Temp\u00e9rature d&#8217;application +5\u00baC \u00e0 +35\u00baC<\/p>\n<p>Dur\u00e9e de vie du m\u00e9lange 75 minutes<\/p>\n<p>Temps d&#8217;utilisation 45 minutes<\/p>\n<p>Produit durci<\/p>\n<p>R\u00e9sistance \u00e0 la compression sur 24 h \u2265 5 N\/mm<\/p>\n<p>R\u00e9sistance \u00e0 la compression apr\u00e8s 28 jours \u2265 20 N\/mm<\/p>\n<p>R\u00e9sistance \u00e0 la fl exion \u2265 5 N\/mm<\/p>\n<p>Conductivit\u00e9 thermique 1,2 \u00b1 0,1 W\/m\u00b7k<\/p>\n<p>&nbsp;<\/p>\n<p><strong>APPLICATIONS<\/strong><\/p>\n<hr \/>\n<p>R\u00e9gularisation et rehaussement de dalles de plancher et radiers sur des surfaces en b\u00e9ton, mortier et similaires en ouvrage neuf ou r\u00e9novation. Sp\u00e9cialement indiqu\u00e9 pour des installations de chauffage par le sol ou comme couche fl ottante sur isolation acoustique.<\/p>\n<p>L\u2019\u00e9paisseur d\u2019application est comprise entre 10 mm et 100 mm.<\/p>\n<p>&nbsp;<\/p>\n<p><strong>PROPRI\u00c9T\u00c9S<\/strong><\/p>\n<hr \/>\n<p>Excellent pouvoir de nivellement.<\/p>\n<p>Pose par versement ou pompage.<\/p>\n<p>Accessible apr\u00e8s 24 heures Les temps de prise<\/p>\n<p>peuvent \u00eatre plus ou moins longs en fonction de la temp\u00e9rature, de l\u2019humidit\u00e9 ambiante et de l\u2019\u00e9paisseur d\u2019application.<\/p>\n<p>&nbsp;<\/p>\n<p><strong>SUPPORT<\/strong><\/p>\n<hr \/>\n<p>Le support doit \u00eatre dur, consistant, sec et sans reste de peinture ni de pl\u00e2tre, vernis, coulis de ciment, etc., sans huile ni graisse. Pour ce faire, il faut \u00e9liminer tout reste de ces substances ainsi que la poussi\u00e8re par aspiration<\/p>\n","protected":false},"excerpt":{"rendered":"<p><em>NIVELANTE 10 est un mortier de nivellement fait d\u2019un m\u00e9lange de ciments sp\u00e9ciaux, granulats s\u00e9lectionn\u00e9s et additifs organiques. Pour int\u00e9rieur et ext\u00e9rieur.<\/em><\/p>\n","protected":false},"featured_media":4772,"comment_status":"open","ping_status":"closed","template":"","meta":{"_acf_changed":false},"product_cat":[20,28],"product_tag":[],"acf":[],"yoast_head":"<!-- This site is optimized with the Yoast SEO plugin v22.7 - https:\/\/yoast.com\/wordpress\/plugins\/seo\/ -->\n<title>NIVELANTE 80 - btpmarket<\/title>\n<meta name=\"robots\" content=\"index, follow, max-snippet:-1, max-image-preview:large, max-video-preview:-1\" \/>\n<link rel=\"canonical\" href=\"https:\/\/btpmarket.ma\/?product=nivelante-10\" \/>\n<meta property=\"og:locale\" content=\"en_US\" \/>\n<meta property=\"og:type\" content=\"article\" \/>\n<meta property=\"og:title\" content=\"NIVELANTE 80 - btpmarket\" \/>\n<meta property=\"og:description\" content=\"NIVELANTE 10 est un mortier de nivellement fait d\u2019un m\u00e9lange de ciments sp\u00e9ciaux, granulats s\u00e9lectionn\u00e9s et additifs organiques. Pour int\u00e9rieur et ext\u00e9rieur.\" \/>\n<meta property=\"og:url\" content=\"https:\/\/btpmarket.ma\/?product=nivelante-10\" \/>\n<meta property=\"og:site_name\" content=\"btpmarket\" \/>\n<meta property=\"article:modified_time\" content=\"2024-05-28T19:11:34+00:00\" \/>\n<meta property=\"og:image\" content=\"https:\/\/btpmarket.ma\/wp-content\/uploads\/2024\/05\/images-5-1.jpg\" \/>\n\t<meta property=\"og:image:width\" content=\"259\" \/>\n\t<meta property=\"og:image:height\" content=\"194\" \/>\n\t<meta property=\"og:image:type\" content=\"image\/jpeg\" \/>\n<meta name=\"twitter:card\" content=\"summary_large_image\" \/>\n<meta name=\"twitter:label1\" content=\"Est. reading time\" \/>\n\t<meta name=\"twitter:data1\" content=\"1 minute\" \/>\n<script type=\"application\/ld+json\" class=\"yoast-schema-graph\">{\"@context\":\"https:\/\/schema.org\",\"@graph\":[{\"@type\":\"WebPage\",\"@id\":\"https:\/\/btpmarket.ma\/?product=nivelante-10\",\"url\":\"https:\/\/btpmarket.ma\/?product=nivelante-10\",\"name\":\"NIVELANTE 80 - btpmarket\",\"isPartOf\":{\"@id\":\"https:\/\/btpmarket.ma\/#website\"},\"primaryImageOfPage\":{\"@id\":\"https:\/\/btpmarket.ma\/?product=nivelante-10#primaryimage\"},\"image\":{\"@id\":\"https:\/\/btpmarket.ma\/?product=nivelante-10#primaryimage\"},\"thumbnailUrl\":\"https:\/\/btpmarket.ma\/wp-content\/uploads\/2024\/05\/images-5-1.jpg\",\"datePublished\":\"2024-05-24T00:57:25+00:00\",\"dateModified\":\"2024-05-28T19:11:34+00:00\",\"breadcrumb\":{\"@id\":\"https:\/\/btpmarket.ma\/?product=nivelante-10#breadcrumb\"},\"inLanguage\":\"en-US\",\"potentialAction\":[{\"@type\":\"ReadAction\",\"target\":[\"https:\/\/btpmarket.ma\/?product=nivelante-10\"]}]},{\"@type\":\"ImageObject\",\"inLanguage\":\"en-US\",\"@id\":\"https:\/\/btpmarket.ma\/?product=nivelante-10#primaryimage\",\"url\":\"https:\/\/btpmarket.ma\/wp-content\/uploads\/2024\/05\/images-5-1.jpg\",\"contentUrl\":\"https:\/\/btpmarket.ma\/wp-content\/uploads\/2024\/05\/images-5-1.jpg\",\"width\":259,\"height\":194},{\"@type\":\"BreadcrumbList\",\"@id\":\"https:\/\/btpmarket.ma\/?product=nivelante-10#breadcrumb\",\"itemListElement\":[{\"@type\":\"ListItem\",\"position\":1,\"name\":\"Accueil\",\"item\":\"https:\/\/btpmarket.ma\/\"},{\"@type\":\"ListItem\",\"position\":2,\"name\":\"Products\",\"item\":\"https:\/\/btpmarket.ma\/?post_type=product\"},{\"@type\":\"ListItem\",\"position\":3,\"name\":\"Granite\",\"item\":\"https:\/\/btpmarket.ma\/?product_cat=granite\"},{\"@type\":\"ListItem\",\"position\":4,\"name\":\"Ragr\u00e9age\",\"item\":\"https:\/\/btpmarket.ma\/?product_cat=ragreage\"},{\"@type\":\"ListItem\",\"position\":5,\"name\":\"NIVELANTE 80\"}]},{\"@type\":\"WebSite\",\"@id\":\"https:\/\/btpmarket.ma\/#website\",\"url\":\"https:\/\/btpmarket.ma\/\",\"name\":\"btpmarket\",\"description\":\"\",\"publisher\":{\"@id\":\"https:\/\/btpmarket.ma\/#organization\"},\"potentialAction\":[{\"@type\":\"SearchAction\",\"target\":{\"@type\":\"EntryPoint\",\"urlTemplate\":\"https:\/\/btpmarket.ma\/?s={search_term_string}\"},\"query-input\":\"required name=search_term_string\"}],\"inLanguage\":\"en-US\"},{\"@type\":\"Organization\",\"@id\":\"https:\/\/btpmarket.ma\/#organization\",\"name\":\"btpmarket\",\"url\":\"https:\/\/btpmarket.ma\/\",\"logo\":{\"@type\":\"ImageObject\",\"inLanguage\":\"en-US\",\"@id\":\"https:\/\/btpmarket.ma\/#\/schema\/logo\/image\/\",\"url\":\"https:\/\/btpmarket.ma\/wp-content\/uploads\/2024\/05\/Asset-1.png\",\"contentUrl\":\"https:\/\/btpmarket.ma\/wp-content\/uploads\/2024\/05\/Asset-1.png\",\"width\":1000,\"height\":411,\"caption\":\"btpmarket\"},\"image\":{\"@id\":\"https:\/\/btpmarket.ma\/#\/schema\/logo\/image\/\"}}]}<\/script>\n<!-- \/ Yoast SEO plugin. -->","yoast_head_json":{"title":"NIVELANTE 80 - btpmarket","robots":{"index":"index","follow":"follow","max-snippet":"max-snippet:-1","max-image-preview":"max-image-preview:large","max-video-preview":"max-video-preview:-1"},"canonical":"https:\/\/btpmarket.ma\/?product=nivelante-10","og_locale":"en_US","og_type":"article","og_title":"NIVELANTE 80 - btpmarket","og_description":"NIVELANTE 10 est un mortier de nivellement fait d\u2019un m\u00e9lange de ciments sp\u00e9ciaux, granulats s\u00e9lectionn\u00e9s et additifs organiques. Pour int\u00e9rieur et ext\u00e9rieur.","og_url":"https:\/\/btpmarket.ma\/?product=nivelante-10","og_site_name":"btpmarket","article_modified_time":"2024-05-28T19:11:34+00:00","og_image":[{"width":259,"height":194,"url":"https:\/\/btpmarket.ma\/wp-content\/uploads\/2024\/05\/images-5-1.jpg","type":"image\/jpeg"}],"twitter_card":"summary_large_image","twitter_misc":{"Est. reading time":"1 minute"},"schema":{"@context":"https:\/\/schema.org","@graph":[{"@type":"WebPage","@id":"https:\/\/btpmarket.ma\/?product=nivelante-10","url":"https:\/\/btpmarket.ma\/?product=nivelante-10","name":"NIVELANTE 80 - btpmarket","isPartOf":{"@id":"https:\/\/btpmarket.ma\/#website"},"primaryImageOfPage":{"@id":"https:\/\/btpmarket.ma\/?product=nivelante-10#primaryimage"},"image":{"@id":"https:\/\/btpmarket.ma\/?product=nivelante-10#primaryimage"},"thumbnailUrl":"https:\/\/btpmarket.ma\/wp-content\/uploads\/2024\/05\/images-5-1.jpg","datePublished":"2024-05-24T00:57:25+00:00","dateModified":"2024-05-28T19:11:34+00:00","breadcrumb":{"@id":"https:\/\/btpmarket.ma\/?product=nivelante-10#breadcrumb"},"inLanguage":"en-US","potentialAction":[{"@type":"ReadAction","target":["https:\/\/btpmarket.ma\/?product=nivelante-10"]}]},{"@type":"ImageObject","inLanguage":"en-US","@id":"https:\/\/btpmarket.ma\/?product=nivelante-10#primaryimage","url":"https:\/\/btpmarket.ma\/wp-content\/uploads\/2024\/05\/images-5-1.jpg","contentUrl":"https:\/\/btpmarket.ma\/wp-content\/uploads\/2024\/05\/images-5-1.jpg","width":259,"height":194},{"@type":"BreadcrumbList","@id":"https:\/\/btpmarket.ma\/?product=nivelante-10#breadcrumb","itemListElement":[{"@type":"ListItem","position":1,"name":"Accueil","item":"https:\/\/btpmarket.ma\/"},{"@type":"ListItem","position":2,"name":"Products","item":"https:\/\/btpmarket.ma\/?post_type=product"},{"@type":"ListItem","position":3,"name":"Granite","item":"https:\/\/btpmarket.ma\/?product_cat=granite"},{"@type":"ListItem","position":4,"name":"Ragr\u00e9age","item":"https:\/\/btpmarket.ma\/?product_cat=ragreage"},{"@type":"ListItem","position":5,"name":"NIVELANTE 80"}]},{"@type":"WebSite","@id":"https:\/\/btpmarket.ma\/#website","url":"https:\/\/btpmarket.ma\/","name":"btpmarket","description":"","publisher":{"@id":"https:\/\/btpmarket.ma\/#organization"},"potentialAction":[{"@type":"SearchAction","target":{"@type":"EntryPoint","urlTemplate":"https:\/\/btpmarket.ma\/?s={search_term_string}"},"query-input":"required name=search_term_string"}],"inLanguage":"en-US"},{"@type":"Organization","@id":"https:\/\/btpmarket.ma\/#organization","name":"btpmarket","url":"https:\/\/btpmarket.ma\/","logo":{"@type":"ImageObject","inLanguage":"en-US","@id":"https:\/\/btpmarket.ma\/#\/schema\/logo\/image\/","url":"https:\/\/btpmarket.ma\/wp-content\/uploads\/2024\/05\/Asset-1.png","contentUrl":"https:\/\/btpmarket.ma\/wp-content\/uploads\/2024\/05\/Asset-1.png","width":1000,"height":411,"caption":"btpmarket"},"image":{"@id":"https:\/\/btpmarket.ma\/#\/schema\/logo\/image\/"}}]}},"_links":{"self":[{"href":"https:\/\/btpmarket.ma\/index.php?rest_route=\/wp\/v2\/product\/189"}],"collection":[{"href":"https:\/\/btpmarket.ma\/index.php?rest_route=\/wp\/v2\/product"}],"about":[{"href":"https:\/\/btpmarket.ma\/index.php?rest_route=\/wp\/v2\/types\/product"}],"replies":[{"embeddable":true,"href":"https:\/\/btpmarket.ma\/index.php?rest_route=%2Fwp%2Fv2%2Fcomments&post=189"}],"wp:featuredmedia":[{"embeddable":true,"href":"https:\/\/btpmarket.ma\/index.php?rest_route=\/wp\/v2\/media\/4772"}],"wp:attachment":[{"href":"https:\/\/btpmarket.ma\/index.php?rest_route=%2Fwp%2Fv2%2Fmedia&parent=189"}],"wp:term":[{"taxonomy":"product_cat","embeddable":true,"href":"https:\/\/btpmarket.ma\/index.php?rest_route=%2Fwp%2Fv2%2Fproduct_cat&post=189"},{"taxonomy":"product_tag","embeddable":true,"href":"https:\/\/btpmarket.ma\/index.php?rest_route=%2Fwp%2Fv2%2Fproduct_tag&post=189"}],"curies":[{"name":"wp","href":"https:\/\/api.w.org\/{rel}","templated":true}]}}