{"id":200,"date":"2024-05-24T16:02:42","date_gmt":"2024-05-24T16:02:42","guid":{"rendered":"https:\/\/btpmarket.ma\/?post_type=product&#038;p=200"},"modified":"2024-05-28T00:37:09","modified_gmt":"2024-05-28T00:37:09","slug":"fibradur","status":"publish","type":"product","link":"https:\/\/btpmarket.ma\/?product=fibradur","title":{"rendered":"FIBRADUR"},"content":{"rendered":"<p><strong>PR\u00c9SENTATION<\/strong><\/p>\n<hr \/>\n<p>Caisses de 30 sacs autodestructibles de 600 g de fi bres de 12 mm de longeur.<\/p>\n<p>Caisses de 70 sacs autodestructibles de 140 g de fi bres de 6 mm de longeur<\/p>\n<p>&nbsp;<\/p>\n<p><strong>C A R A C T \u00c9 R I S T I Q U E S\u00a0 T E C H N I Q U E S<\/strong><\/p>\n<hr \/>\n<p>Conforme EN 14889-2<\/p>\n<p>Longueur 6 \u00f3 12 mm<\/p>\n<p>Diam\u00e8tre \u00e9quivalent 0,031 mm<\/p>\n<p>Sveltesse 387,10<\/p>\n<p>Densit\u00e9 lin\u00e9aire 6,7 dTex<\/p>\n<p>T\u00e9nacit\u00e9 (R\u00e9sistance \u00e0 la rupture) 40 cN\/ Tex<\/p>\n<p>&nbsp;<\/p>\n<p><strong>APPLICATIONS<\/strong><\/p>\n<hr \/>\n<p>Sols industriels.<\/p>\n<p>Dalles en b\u00e9ton, planchers-dalles et radiers.<\/p>\n<p>\u00c9l\u00e9ments pr\u00e9fabriqu\u00e9s.<\/p>\n<p>Mortiers et b\u00e9tons projet\u00e9s.<\/p>\n<p>Routes.<\/p>\n<p>B\u00e9tons et mortiers haute r\u00e9sistance \u00e0 l\u2019impact.<\/p>\n<p>Repl\u00e2trage de fa\u00e7ades.<\/p>\n<p><strong>PROPRI\u00c9T\u00c9S<\/strong><\/p>\n<hr \/>\n<p>Il r\u00e9duit la fi ssuration par retrait.<\/p>\n<p>Il se disperse facilement dans le m\u00e9lange en<\/p>\n<p>formant un r\u00e9seau tridimensionnel compl\u00e8tement homog\u00e8ne.<\/p>\n<p>Il am\u00e9liore le comportement de fl exotraction, traction et impact sur toute la surface, tout en \u00e9vitant l\u2019\u00e9vaporation excessive d\u2019eau.<\/p>\n<p>Il am\u00e9liore l\u2019imperm\u00e9abilit\u00e9 et la durabilit\u00e9 du b\u00e9ton.<\/p>\n<p>Il am\u00e9liore la r\u00e9sistance \u00e0 l\u2019abrasion.<\/p>\n<p>Haute r\u00e9sistance chimique. Il est r\u00e9sistant aux alcalis et aux rayons UV.<\/p>\n<p>Il \u00e9vite la d\u00e9sagr\u00e9gation.<\/p>\n","protected":false},"excerpt":{"rendered":"<p><em>FIBRADUR ce sont des fi bres de polypropyl\u00e8ne multifilament coup\u00e9es et r\u00e9sistantes aux alcalis, destin\u00e9es \u00e0 un micro renforcement de b\u00e9tons et mortiers sans fonction structurelle. Elles r\u00e9duisent l&#8217;apparition de fissures par retrait et am\u00e9liorent la qualit\u00e9 et la durabilit\u00e9 de la structure mise en \u0153uvre.<\/em><\/p>\n","protected":false},"featured_media":4498,"comment_status":"open","ping_status":"closed","template":"","meta":{"_acf_changed":false},"product_cat":[32,20],"product_tag":[],"acf":[],"yoast_head":"<!-- This site is optimized with the Yoast SEO plugin v22.7 - https:\/\/yoast.com\/wordpress\/plugins\/seo\/ -->\n<title>FIBRADUR - btpmarket<\/title>\n<meta name=\"robots\" content=\"index, follow, max-snippet:-1, max-image-preview:large, max-video-preview:-1\" \/>\n<link rel=\"canonical\" href=\"https:\/\/btpmarket.ma\/?product=fibradur\" \/>\n<meta property=\"og:locale\" content=\"en_US\" \/>\n<meta property=\"og:type\" content=\"article\" \/>\n<meta property=\"og:title\" content=\"FIBRADUR - btpmarket\" \/>\n<meta property=\"og:description\" content=\"FIBRADUR ce sont des fi bres de polypropyl\u00e8ne multifilament coup\u00e9es et r\u00e9sistantes aux alcalis, destin\u00e9es \u00e0 un micro renforcement de b\u00e9tons et mortiers sans fonction structurelle. Elles r\u00e9duisent l&#039;apparition de fissures par retrait et am\u00e9liorent la qualit\u00e9 et la durabilit\u00e9 de la structure mise en \u0153uvre.\" \/>\n<meta property=\"og:url\" content=\"https:\/\/btpmarket.ma\/?product=fibradur\" \/>\n<meta property=\"og:site_name\" content=\"btpmarket\" \/>\n<meta property=\"article:modified_time\" content=\"2024-05-28T00:37:09+00:00\" \/>\n<meta property=\"og:image\" content=\"https:\/\/btpmarket.ma\/wp-content\/uploads\/2024\/05\/images.jpg\" \/>\n\t<meta property=\"og:image:width\" content=\"259\" \/>\n\t<meta property=\"og:image:height\" content=\"194\" \/>\n\t<meta property=\"og:image:type\" content=\"image\/jpeg\" \/>\n<meta name=\"twitter:card\" content=\"summary_large_image\" \/>\n<meta name=\"twitter:label1\" content=\"Est. reading time\" \/>\n\t<meta name=\"twitter:data1\" content=\"1 minute\" \/>\n<script type=\"application\/ld+json\" class=\"yoast-schema-graph\">{\"@context\":\"https:\/\/schema.org\",\"@graph\":[{\"@type\":\"WebPage\",\"@id\":\"https:\/\/btpmarket.ma\/?product=fibradur\",\"url\":\"https:\/\/btpmarket.ma\/?product=fibradur\",\"name\":\"FIBRADUR - btpmarket\",\"isPartOf\":{\"@id\":\"https:\/\/btpmarket.ma\/#website\"},\"primaryImageOfPage\":{\"@id\":\"https:\/\/btpmarket.ma\/?product=fibradur#primaryimage\"},\"image\":{\"@id\":\"https:\/\/btpmarket.ma\/?product=fibradur#primaryimage\"},\"thumbnailUrl\":\"https:\/\/btpmarket.ma\/wp-content\/uploads\/2024\/05\/images.jpg\",\"datePublished\":\"2024-05-24T16:02:42+00:00\",\"dateModified\":\"2024-05-28T00:37:09+00:00\",\"breadcrumb\":{\"@id\":\"https:\/\/btpmarket.ma\/?product=fibradur#breadcrumb\"},\"inLanguage\":\"en-US\",\"potentialAction\":[{\"@type\":\"ReadAction\",\"target\":[\"https:\/\/btpmarket.ma\/?product=fibradur\"]}]},{\"@type\":\"ImageObject\",\"inLanguage\":\"en-US\",\"@id\":\"https:\/\/btpmarket.ma\/?product=fibradur#primaryimage\",\"url\":\"https:\/\/btpmarket.ma\/wp-content\/uploads\/2024\/05\/images.jpg\",\"contentUrl\":\"https:\/\/btpmarket.ma\/wp-content\/uploads\/2024\/05\/images.jpg\",\"width\":259,\"height\":194},{\"@type\":\"BreadcrumbList\",\"@id\":\"https:\/\/btpmarket.ma\/?product=fibradur#breadcrumb\",\"itemListElement\":[{\"@type\":\"ListItem\",\"position\":1,\"name\":\"Accueil\",\"item\":\"https:\/\/btpmarket.ma\/\"},{\"@type\":\"ListItem\",\"position\":2,\"name\":\"Products\",\"item\":\"https:\/\/btpmarket.ma\/?post_type=product\"},{\"@type\":\"ListItem\",\"position\":3,\"name\":\"Granite\",\"item\":\"https:\/\/btpmarket.ma\/?product_cat=granite\"},{\"@type\":\"ListItem\",\"position\":4,\"name\":\"FIBRES\",\"item\":\"https:\/\/btpmarket.ma\/?product_cat=fibres\"},{\"@type\":\"ListItem\",\"position\":5,\"name\":\"FIBRADUR\"}]},{\"@type\":\"WebSite\",\"@id\":\"https:\/\/btpmarket.ma\/#website\",\"url\":\"https:\/\/btpmarket.ma\/\",\"name\":\"btpmarket\",\"description\":\"\",\"publisher\":{\"@id\":\"https:\/\/btpmarket.ma\/#organization\"},\"potentialAction\":[{\"@type\":\"SearchAction\",\"target\":{\"@type\":\"EntryPoint\",\"urlTemplate\":\"https:\/\/btpmarket.ma\/?s={search_term_string}\"},\"query-input\":\"required name=search_term_string\"}],\"inLanguage\":\"en-US\"},{\"@type\":\"Organization\",\"@id\":\"https:\/\/btpmarket.ma\/#organization\",\"name\":\"btpmarket\",\"url\":\"https:\/\/btpmarket.ma\/\",\"logo\":{\"@type\":\"ImageObject\",\"inLanguage\":\"en-US\",\"@id\":\"https:\/\/btpmarket.ma\/#\/schema\/logo\/image\/\",\"url\":\"https:\/\/btpmarket.ma\/wp-content\/uploads\/2024\/05\/Asset-1.png\",\"contentUrl\":\"https:\/\/btpmarket.ma\/wp-content\/uploads\/2024\/05\/Asset-1.png\",\"width\":1000,\"height\":411,\"caption\":\"btpmarket\"},\"image\":{\"@id\":\"https:\/\/btpmarket.ma\/#\/schema\/logo\/image\/\"}}]}<\/script>\n<!-- \/ Yoast SEO plugin. -->","yoast_head_json":{"title":"FIBRADUR - btpmarket","robots":{"index":"index","follow":"follow","max-snippet":"max-snippet:-1","max-image-preview":"max-image-preview:large","max-video-preview":"max-video-preview:-1"},"canonical":"https:\/\/btpmarket.ma\/?product=fibradur","og_locale":"en_US","og_type":"article","og_title":"FIBRADUR - btpmarket","og_description":"FIBRADUR ce sont des fi bres de polypropyl\u00e8ne multifilament coup\u00e9es et r\u00e9sistantes aux alcalis, destin\u00e9es \u00e0 un micro renforcement de b\u00e9tons et mortiers sans fonction structurelle. Elles r\u00e9duisent l'apparition de fissures par retrait et am\u00e9liorent la qualit\u00e9 et la durabilit\u00e9 de la structure mise en \u0153uvre.","og_url":"https:\/\/btpmarket.ma\/?product=fibradur","og_site_name":"btpmarket","article_modified_time":"2024-05-28T00:37:09+00:00","og_image":[{"width":259,"height":194,"url":"https:\/\/btpmarket.ma\/wp-content\/uploads\/2024\/05\/images.jpg","type":"image\/jpeg"}],"twitter_card":"summary_large_image","twitter_misc":{"Est. reading time":"1 minute"},"schema":{"@context":"https:\/\/schema.org","@graph":[{"@type":"WebPage","@id":"https:\/\/btpmarket.ma\/?product=fibradur","url":"https:\/\/btpmarket.ma\/?product=fibradur","name":"FIBRADUR - btpmarket","isPartOf":{"@id":"https:\/\/btpmarket.ma\/#website"},"primaryImageOfPage":{"@id":"https:\/\/btpmarket.ma\/?product=fibradur#primaryimage"},"image":{"@id":"https:\/\/btpmarket.ma\/?product=fibradur#primaryimage"},"thumbnailUrl":"https:\/\/btpmarket.ma\/wp-content\/uploads\/2024\/05\/images.jpg","datePublished":"2024-05-24T16:02:42+00:00","dateModified":"2024-05-28T00:37:09+00:00","breadcrumb":{"@id":"https:\/\/btpmarket.ma\/?product=fibradur#breadcrumb"},"inLanguage":"en-US","potentialAction":[{"@type":"ReadAction","target":["https:\/\/btpmarket.ma\/?product=fibradur"]}]},{"@type":"ImageObject","inLanguage":"en-US","@id":"https:\/\/btpmarket.ma\/?product=fibradur#primaryimage","url":"https:\/\/btpmarket.ma\/wp-content\/uploads\/2024\/05\/images.jpg","contentUrl":"https:\/\/btpmarket.ma\/wp-content\/uploads\/2024\/05\/images.jpg","width":259,"height":194},{"@type":"BreadcrumbList","@id":"https:\/\/btpmarket.ma\/?product=fibradur#breadcrumb","itemListElement":[{"@type":"ListItem","position":1,"name":"Accueil","item":"https:\/\/btpmarket.ma\/"},{"@type":"ListItem","position":2,"name":"Products","item":"https:\/\/btpmarket.ma\/?post_type=product"},{"@type":"ListItem","position":3,"name":"Granite","item":"https:\/\/btpmarket.ma\/?product_cat=granite"},{"@type":"ListItem","position":4,"name":"FIBRES","item":"https:\/\/btpmarket.ma\/?product_cat=fibres"},{"@type":"ListItem","position":5,"name":"FIBRADUR"}]},{"@type":"WebSite","@id":"https:\/\/btpmarket.ma\/#website","url":"https:\/\/btpmarket.ma\/","name":"btpmarket","description":"","publisher":{"@id":"https:\/\/btpmarket.ma\/#organization"},"potentialAction":[{"@type":"SearchAction","target":{"@type":"EntryPoint","urlTemplate":"https:\/\/btpmarket.ma\/?s={search_term_string}"},"query-input":"required name=search_term_string"}],"inLanguage":"en-US"},{"@type":"Organization","@id":"https:\/\/btpmarket.ma\/#organization","name":"btpmarket","url":"https:\/\/btpmarket.ma\/","logo":{"@type":"ImageObject","inLanguage":"en-US","@id":"https:\/\/btpmarket.ma\/#\/schema\/logo\/image\/","url":"https:\/\/btpmarket.ma\/wp-content\/uploads\/2024\/05\/Asset-1.png","contentUrl":"https:\/\/btpmarket.ma\/wp-content\/uploads\/2024\/05\/Asset-1.png","width":1000,"height":411,"caption":"btpmarket"},"image":{"@id":"https:\/\/btpmarket.ma\/#\/schema\/logo\/image\/"}}]}},"_links":{"self":[{"href":"https:\/\/btpmarket.ma\/index.php?rest_route=\/wp\/v2\/product\/200"}],"collection":[{"href":"https:\/\/btpmarket.ma\/index.php?rest_route=\/wp\/v2\/product"}],"about":[{"href":"https:\/\/btpmarket.ma\/index.php?rest_route=\/wp\/v2\/types\/product"}],"replies":[{"embeddable":true,"href":"https:\/\/btpmarket.ma\/index.php?rest_route=%2Fwp%2Fv2%2Fcomments&post=200"}],"wp:featuredmedia":[{"embeddable":true,"href":"https:\/\/btpmarket.ma\/index.php?rest_route=\/wp\/v2\/media\/4498"}],"wp:attachment":[{"href":"https:\/\/btpmarket.ma\/index.php?rest_route=%2Fwp%2Fv2%2Fmedia&parent=200"}],"wp:term":[{"taxonomy":"product_cat","embeddable":true,"href":"https:\/\/btpmarket.ma\/index.php?rest_route=%2Fwp%2Fv2%2Fproduct_cat&post=200"},{"taxonomy":"product_tag","embeddable":true,"href":"https:\/\/btpmarket.ma\/index.php?rest_route=%2Fwp%2Fv2%2Fproduct_tag&post=200"}],"curies":[{"name":"wp","href":"https:\/\/api.w.org\/{rel}","templated":true}]}}