{"id":4745,"date":"2024-05-28T15:07:55","date_gmt":"2024-05-28T15:07:55","guid":{"rendered":"https:\/\/btpmarket.ma\/?post_type=product&#038;p=4745"},"modified":"2024-05-28T15:07:55","modified_gmt":"2024-05-28T15:07:55","slug":"borada-porcelanica-2","status":"publish","type":"product","link":"https:\/\/btpmarket.ma\/?product=borada-porcelanica-2","title":{"rendered":"BORADA\u00ae PORCEL\u00c1NICA"},"content":{"rendered":"<p><strong>DOMAINES D&#8217;APPLICATION<\/strong><\/p>\n<p>Jointoiement jusqu\u2019\u00e0 4 mm de largeur entre pi\u00e8ces c\u00e9ramiques de tout type de sol ou rev\u00eatement tant en int\u00e9rieurs qu\u2019en ext\u00e9rieurs. Pour les c\u00e9ramiques \u00e0 microporosit\u00e9, faites un test pour v\u00e9rifier le nettoyage, ou consultez le D\u00e9partement Technique. Pour le jointoiement de plus de 4 mm, utilisez BORADA UNIVERSAL. Pour les joints \u00e0 effet anti-moisissure et une mise en service rapide, utilisez BORADA PLUS. Pour les joints \u00e9tanches ou antiacides, utilisez BORADA EPOLUXE.<\/p>\n<p><strong>PROPIEDADES<\/strong><\/p>\n<p>Facilit\u00e9 de jointoiement<br \/>\nGrande facilit\u00e9 de travail.<br \/>\nBonne r\u00e9sistance m\u00e9canique et \u00e0 l\u2019abrasion<br \/>\nExcellente adh\u00e9rence.<br \/>\nDurcissement sans fissure.<br \/>\nR\u00e9sistant \u00e0 l\u2019eau.<br \/>\nCouleurs stables \u00e0 la lumi\u00e8re.<br \/>\nAppropri\u00e9 pour sols avec chauffage par le sol.<\/p>\n<p><strong>COLORES<\/strong><\/p>\n<p>Marfil, Crema, Terracota, Beige, Marr\u00f3n, Cacao, Chocolate, Plata, Gris, Antracita, Negro, Blanco Polar, Piedra, Azul, Menta, Arena, Sahara, Perla, Wengue<\/p>\n<p>&nbsp;<\/p>\n","protected":false},"excerpt":{"rendered":"<div class=\"woocommerce-product-details__short-description\">\n<p>BORADA PORCELANICA est un mortier sp\u00e9cial \u00e0 base de ciment, granulats \u00e0 granulom\u00e9trie s\u00e9lectionn\u00e9e, r\u00e9sines, additifs organiques et pigments min\u00e9raux stables.<\/p>\n<\/div>\n","protected":false},"featured_media":4746,"comment_status":"open","ping_status":"closed","template":"","meta":{"_acf_changed":false},"product_cat":[20,30],"product_tag":[],"acf":[],"yoast_head":"<!-- This site is optimized with the Yoast SEO plugin v22.7 - https:\/\/yoast.com\/wordpress\/plugins\/seo\/ -->\n<title>BORADA\u00ae PORCEL\u00c1NICA - btpmarket<\/title>\n<meta name=\"robots\" content=\"index, follow, max-snippet:-1, max-image-preview:large, max-video-preview:-1\" \/>\n<link rel=\"canonical\" href=\"https:\/\/btpmarket.ma\/?product=borada-porcelanica-2\" \/>\n<meta property=\"og:locale\" content=\"en_US\" \/>\n<meta property=\"og:type\" content=\"article\" \/>\n<meta property=\"og:title\" content=\"BORADA\u00ae PORCEL\u00c1NICA - btpmarket\" \/>\n<meta property=\"og:description\" content=\"BORADA PORCELANICA est un mortier sp\u00e9cial \u00e0 base de ciment, granulats \u00e0 granulom\u00e9trie s\u00e9lectionn\u00e9e, r\u00e9sines, additifs organiques et pigments min\u00e9raux stables.\" \/>\n<meta property=\"og:url\" content=\"https:\/\/btpmarket.ma\/?product=borada-porcelanica-2\" \/>\n<meta property=\"og:site_name\" content=\"btpmarket\" \/>\n<meta property=\"og:image\" content=\"https:\/\/btpmarket.ma\/wp-content\/uploads\/2024\/05\/images-2.jpg\" \/>\n\t<meta property=\"og:image:width\" content=\"259\" \/>\n\t<meta property=\"og:image:height\" content=\"194\" \/>\n\t<meta property=\"og:image:type\" content=\"image\/jpeg\" \/>\n<meta name=\"twitter:card\" content=\"summary_large_image\" \/>\n<meta name=\"twitter:label1\" content=\"Est. reading time\" \/>\n\t<meta name=\"twitter:data1\" content=\"1 minute\" \/>\n<script type=\"application\/ld+json\" class=\"yoast-schema-graph\">{\"@context\":\"https:\/\/schema.org\",\"@graph\":[{\"@type\":\"WebPage\",\"@id\":\"https:\/\/btpmarket.ma\/?product=borada-porcelanica-2\",\"url\":\"https:\/\/btpmarket.ma\/?product=borada-porcelanica-2\",\"name\":\"BORADA\u00ae PORCEL\u00c1NICA - btpmarket\",\"isPartOf\":{\"@id\":\"https:\/\/btpmarket.ma\/#website\"},\"primaryImageOfPage\":{\"@id\":\"https:\/\/btpmarket.ma\/?product=borada-porcelanica-2#primaryimage\"},\"image\":{\"@id\":\"https:\/\/btpmarket.ma\/?product=borada-porcelanica-2#primaryimage\"},\"thumbnailUrl\":\"https:\/\/btpmarket.ma\/wp-content\/uploads\/2024\/05\/images-2.jpg\",\"datePublished\":\"2024-05-28T15:07:55+00:00\",\"dateModified\":\"2024-05-28T15:07:55+00:00\",\"breadcrumb\":{\"@id\":\"https:\/\/btpmarket.ma\/?product=borada-porcelanica-2#breadcrumb\"},\"inLanguage\":\"en-US\",\"potentialAction\":[{\"@type\":\"ReadAction\",\"target\":[\"https:\/\/btpmarket.ma\/?product=borada-porcelanica-2\"]}]},{\"@type\":\"ImageObject\",\"inLanguage\":\"en-US\",\"@id\":\"https:\/\/btpmarket.ma\/?product=borada-porcelanica-2#primaryimage\",\"url\":\"https:\/\/btpmarket.ma\/wp-content\/uploads\/2024\/05\/images-2.jpg\",\"contentUrl\":\"https:\/\/btpmarket.ma\/wp-content\/uploads\/2024\/05\/images-2.jpg\",\"width\":259,\"height\":194},{\"@type\":\"BreadcrumbList\",\"@id\":\"https:\/\/btpmarket.ma\/?product=borada-porcelanica-2#breadcrumb\",\"itemListElement\":[{\"@type\":\"ListItem\",\"position\":1,\"name\":\"Accueil\",\"item\":\"https:\/\/btpmarket.ma\/\"},{\"@type\":\"ListItem\",\"position\":2,\"name\":\"Products\",\"item\":\"https:\/\/btpmarket.ma\/?post_type=product\"},{\"@type\":\"ListItem\",\"position\":3,\"name\":\"Granite\",\"item\":\"https:\/\/btpmarket.ma\/?product_cat=granite\"},{\"@type\":\"ListItem\",\"position\":4,\"name\":\"JOINT CARRELAGE\",\"item\":\"https:\/\/btpmarket.ma\/?product_cat=joint-carrelage\"},{\"@type\":\"ListItem\",\"position\":5,\"name\":\"BORADA\u00ae PORCEL\u00c1NICA\"}]},{\"@type\":\"WebSite\",\"@id\":\"https:\/\/btpmarket.ma\/#website\",\"url\":\"https:\/\/btpmarket.ma\/\",\"name\":\"btpmarket\",\"description\":\"\",\"publisher\":{\"@id\":\"https:\/\/btpmarket.ma\/#organization\"},\"potentialAction\":[{\"@type\":\"SearchAction\",\"target\":{\"@type\":\"EntryPoint\",\"urlTemplate\":\"https:\/\/btpmarket.ma\/?s={search_term_string}\"},\"query-input\":\"required name=search_term_string\"}],\"inLanguage\":\"en-US\"},{\"@type\":\"Organization\",\"@id\":\"https:\/\/btpmarket.ma\/#organization\",\"name\":\"btpmarket\",\"url\":\"https:\/\/btpmarket.ma\/\",\"logo\":{\"@type\":\"ImageObject\",\"inLanguage\":\"en-US\",\"@id\":\"https:\/\/btpmarket.ma\/#\/schema\/logo\/image\/\",\"url\":\"https:\/\/btpmarket.ma\/wp-content\/uploads\/2024\/05\/Asset-1.png\",\"contentUrl\":\"https:\/\/btpmarket.ma\/wp-content\/uploads\/2024\/05\/Asset-1.png\",\"width\":1000,\"height\":411,\"caption\":\"btpmarket\"},\"image\":{\"@id\":\"https:\/\/btpmarket.ma\/#\/schema\/logo\/image\/\"}}]}<\/script>\n<!-- \/ Yoast SEO plugin. -->","yoast_head_json":{"title":"BORADA\u00ae PORCEL\u00c1NICA - btpmarket","robots":{"index":"index","follow":"follow","max-snippet":"max-snippet:-1","max-image-preview":"max-image-preview:large","max-video-preview":"max-video-preview:-1"},"canonical":"https:\/\/btpmarket.ma\/?product=borada-porcelanica-2","og_locale":"en_US","og_type":"article","og_title":"BORADA\u00ae PORCEL\u00c1NICA - btpmarket","og_description":"BORADA PORCELANICA est un mortier sp\u00e9cial \u00e0 base de ciment, granulats \u00e0 granulom\u00e9trie s\u00e9lectionn\u00e9e, r\u00e9sines, additifs organiques et pigments min\u00e9raux stables.","og_url":"https:\/\/btpmarket.ma\/?product=borada-porcelanica-2","og_site_name":"btpmarket","og_image":[{"width":259,"height":194,"url":"https:\/\/btpmarket.ma\/wp-content\/uploads\/2024\/05\/images-2.jpg","type":"image\/jpeg"}],"twitter_card":"summary_large_image","twitter_misc":{"Est. reading time":"1 minute"},"schema":{"@context":"https:\/\/schema.org","@graph":[{"@type":"WebPage","@id":"https:\/\/btpmarket.ma\/?product=borada-porcelanica-2","url":"https:\/\/btpmarket.ma\/?product=borada-porcelanica-2","name":"BORADA\u00ae PORCEL\u00c1NICA - btpmarket","isPartOf":{"@id":"https:\/\/btpmarket.ma\/#website"},"primaryImageOfPage":{"@id":"https:\/\/btpmarket.ma\/?product=borada-porcelanica-2#primaryimage"},"image":{"@id":"https:\/\/btpmarket.ma\/?product=borada-porcelanica-2#primaryimage"},"thumbnailUrl":"https:\/\/btpmarket.ma\/wp-content\/uploads\/2024\/05\/images-2.jpg","datePublished":"2024-05-28T15:07:55+00:00","dateModified":"2024-05-28T15:07:55+00:00","breadcrumb":{"@id":"https:\/\/btpmarket.ma\/?product=borada-porcelanica-2#breadcrumb"},"inLanguage":"en-US","potentialAction":[{"@type":"ReadAction","target":["https:\/\/btpmarket.ma\/?product=borada-porcelanica-2"]}]},{"@type":"ImageObject","inLanguage":"en-US","@id":"https:\/\/btpmarket.ma\/?product=borada-porcelanica-2#primaryimage","url":"https:\/\/btpmarket.ma\/wp-content\/uploads\/2024\/05\/images-2.jpg","contentUrl":"https:\/\/btpmarket.ma\/wp-content\/uploads\/2024\/05\/images-2.jpg","width":259,"height":194},{"@type":"BreadcrumbList","@id":"https:\/\/btpmarket.ma\/?product=borada-porcelanica-2#breadcrumb","itemListElement":[{"@type":"ListItem","position":1,"name":"Accueil","item":"https:\/\/btpmarket.ma\/"},{"@type":"ListItem","position":2,"name":"Products","item":"https:\/\/btpmarket.ma\/?post_type=product"},{"@type":"ListItem","position":3,"name":"Granite","item":"https:\/\/btpmarket.ma\/?product_cat=granite"},{"@type":"ListItem","position":4,"name":"JOINT CARRELAGE","item":"https:\/\/btpmarket.ma\/?product_cat=joint-carrelage"},{"@type":"ListItem","position":5,"name":"BORADA\u00ae PORCEL\u00c1NICA"}]},{"@type":"WebSite","@id":"https:\/\/btpmarket.ma\/#website","url":"https:\/\/btpmarket.ma\/","name":"btpmarket","description":"","publisher":{"@id":"https:\/\/btpmarket.ma\/#organization"},"potentialAction":[{"@type":"SearchAction","target":{"@type":"EntryPoint","urlTemplate":"https:\/\/btpmarket.ma\/?s={search_term_string}"},"query-input":"required name=search_term_string"}],"inLanguage":"en-US"},{"@type":"Organization","@id":"https:\/\/btpmarket.ma\/#organization","name":"btpmarket","url":"https:\/\/btpmarket.ma\/","logo":{"@type":"ImageObject","inLanguage":"en-US","@id":"https:\/\/btpmarket.ma\/#\/schema\/logo\/image\/","url":"https:\/\/btpmarket.ma\/wp-content\/uploads\/2024\/05\/Asset-1.png","contentUrl":"https:\/\/btpmarket.ma\/wp-content\/uploads\/2024\/05\/Asset-1.png","width":1000,"height":411,"caption":"btpmarket"},"image":{"@id":"https:\/\/btpmarket.ma\/#\/schema\/logo\/image\/"}}]}},"_links":{"self":[{"href":"https:\/\/btpmarket.ma\/index.php?rest_route=\/wp\/v2\/product\/4745"}],"collection":[{"href":"https:\/\/btpmarket.ma\/index.php?rest_route=\/wp\/v2\/product"}],"about":[{"href":"https:\/\/btpmarket.ma\/index.php?rest_route=\/wp\/v2\/types\/product"}],"replies":[{"embeddable":true,"href":"https:\/\/btpmarket.ma\/index.php?rest_route=%2Fwp%2Fv2%2Fcomments&post=4745"}],"wp:featuredmedia":[{"embeddable":true,"href":"https:\/\/btpmarket.ma\/index.php?rest_route=\/wp\/v2\/media\/4746"}],"wp:attachment":[{"href":"https:\/\/btpmarket.ma\/index.php?rest_route=%2Fwp%2Fv2%2Fmedia&parent=4745"}],"wp:term":[{"taxonomy":"product_cat","embeddable":true,"href":"https:\/\/btpmarket.ma\/index.php?rest_route=%2Fwp%2Fv2%2Fproduct_cat&post=4745"},{"taxonomy":"product_tag","embeddable":true,"href":"https:\/\/btpmarket.ma\/index.php?rest_route=%2Fwp%2Fv2%2Fproduct_tag&post=4745"}],"curies":[{"name":"wp","href":"https:\/\/api.w.org\/{rel}","templated":true}]}}