{"id":4747,"date":"2024-05-28T15:11:44","date_gmt":"2024-05-28T15:11:44","guid":{"rendered":"https:\/\/btpmarket.ma\/?post_type=product&#038;p=4747"},"modified":"2024-05-28T15:14:28","modified_gmt":"2024-05-28T15:14:28","slug":"borada-latex","status":"publish","type":"product","link":"https:\/\/btpmarket.ma\/?product=borada-latex","title":{"rendered":"BORADA\u00ae LATEX"},"content":{"rendered":"<p><strong>DOMAINES D&#8217;APPLICATION<\/strong><\/p>\n<p>Am\u00e9lioration de l\u2019imperm\u00e9abilit\u00e9, r\u00e9sistance et durabilit\u00e9 des mortiers sp\u00e9ciaux pour joints de la gamme BORADA de PROPAMSA.<br \/>\nBORAL\u00c1STIC est utilis\u00e9 pour remplacer l\u2019eau de g\u00e2chage.<br \/>\nRecommand\u00e9 en cas de grandes exigences comme: jointement fin, jointement pour sols tr\u00e8s utilis\u00e9s, etc.<br \/>\nNe pas utiliser pour les joints de dilatation ou sujets aux mouvements.<\/p>\n<p><strong>PROPIEDADES<\/strong><\/p>\n<p>Excellente adh\u00e9rence.<br \/>\nPlus grande coh\u00e9sion et plasticit\u00e9.<br \/>\nPlus grande r\u00e9sistance m\u00e9canique \u00e0 la compression et \u00e0 la flexotraction.<br \/>\nExcellente imperm\u00e9abilit\u00e9.<\/p>\n<p><strong>CONSUMO<\/strong><\/p>\n<p>La consommation de BORAL\u00c1STIC varie en fonction de l\u2019application et de la quantit\u00e9 de BORADA n\u00e9cessaire.<\/p>\n","protected":false},"excerpt":{"rendered":"<p>BORADA\u00ae LATEX est un liquide tr\u00e8s fluide, formul\u00e9 \u00e0 base de polym\u00e8res en dispersion aqueuse et diff\u00e9rents additifs organiques et inorganiques.<\/p>\n","protected":false},"featured_media":4749,"comment_status":"open","ping_status":"closed","template":"","meta":{"_acf_changed":false},"product_cat":[20,30],"product_tag":[],"acf":[],"yoast_head":"<!-- This site is optimized with the Yoast SEO plugin v22.7 - https:\/\/yoast.com\/wordpress\/plugins\/seo\/ -->\n<title>BORADA\u00ae LATEX - btpmarket<\/title>\n<meta name=\"robots\" content=\"index, follow, max-snippet:-1, max-image-preview:large, max-video-preview:-1\" \/>\n<link rel=\"canonical\" href=\"https:\/\/btpmarket.ma\/?product=borada-latex\" \/>\n<meta property=\"og:locale\" content=\"en_US\" \/>\n<meta property=\"og:type\" content=\"article\" \/>\n<meta property=\"og:title\" content=\"BORADA\u00ae LATEX - btpmarket\" \/>\n<meta property=\"og:description\" content=\"BORADA\u00ae LATEX est un liquide tr\u00e8s fluide, formul\u00e9 \u00e0 base de polym\u00e8res en dispersion aqueuse et diff\u00e9rents additifs organiques et inorganiques.\" \/>\n<meta property=\"og:url\" content=\"https:\/\/btpmarket.ma\/?product=borada-latex\" \/>\n<meta property=\"og:site_name\" content=\"btpmarket\" \/>\n<meta property=\"article:modified_time\" content=\"2024-05-28T15:14:28+00:00\" \/>\n<meta property=\"og:image\" content=\"https:\/\/btpmarket.ma\/wp-content\/uploads\/2024\/05\/images-3.jpg\" \/>\n\t<meta property=\"og:image:width\" content=\"259\" \/>\n\t<meta property=\"og:image:height\" content=\"194\" \/>\n\t<meta property=\"og:image:type\" content=\"image\/jpeg\" \/>\n<meta name=\"twitter:card\" content=\"summary_large_image\" \/>\n<meta name=\"twitter:label1\" content=\"Est. reading time\" \/>\n\t<meta name=\"twitter:data1\" content=\"1 minute\" \/>\n<script type=\"application\/ld+json\" class=\"yoast-schema-graph\">{\"@context\":\"https:\/\/schema.org\",\"@graph\":[{\"@type\":\"WebPage\",\"@id\":\"https:\/\/btpmarket.ma\/?product=borada-latex\",\"url\":\"https:\/\/btpmarket.ma\/?product=borada-latex\",\"name\":\"BORADA\u00ae LATEX - btpmarket\",\"isPartOf\":{\"@id\":\"https:\/\/btpmarket.ma\/#website\"},\"primaryImageOfPage\":{\"@id\":\"https:\/\/btpmarket.ma\/?product=borada-latex#primaryimage\"},\"image\":{\"@id\":\"https:\/\/btpmarket.ma\/?product=borada-latex#primaryimage\"},\"thumbnailUrl\":\"https:\/\/btpmarket.ma\/wp-content\/uploads\/2024\/05\/images-3.jpg\",\"datePublished\":\"2024-05-28T15:11:44+00:00\",\"dateModified\":\"2024-05-28T15:14:28+00:00\",\"breadcrumb\":{\"@id\":\"https:\/\/btpmarket.ma\/?product=borada-latex#breadcrumb\"},\"inLanguage\":\"en-US\",\"potentialAction\":[{\"@type\":\"ReadAction\",\"target\":[\"https:\/\/btpmarket.ma\/?product=borada-latex\"]}]},{\"@type\":\"ImageObject\",\"inLanguage\":\"en-US\",\"@id\":\"https:\/\/btpmarket.ma\/?product=borada-latex#primaryimage\",\"url\":\"https:\/\/btpmarket.ma\/wp-content\/uploads\/2024\/05\/images-3.jpg\",\"contentUrl\":\"https:\/\/btpmarket.ma\/wp-content\/uploads\/2024\/05\/images-3.jpg\",\"width\":259,\"height\":194},{\"@type\":\"BreadcrumbList\",\"@id\":\"https:\/\/btpmarket.ma\/?product=borada-latex#breadcrumb\",\"itemListElement\":[{\"@type\":\"ListItem\",\"position\":1,\"name\":\"Accueil\",\"item\":\"https:\/\/btpmarket.ma\/\"},{\"@type\":\"ListItem\",\"position\":2,\"name\":\"Products\",\"item\":\"https:\/\/btpmarket.ma\/?post_type=product\"},{\"@type\":\"ListItem\",\"position\":3,\"name\":\"Granite\",\"item\":\"https:\/\/btpmarket.ma\/?product_cat=granite\"},{\"@type\":\"ListItem\",\"position\":4,\"name\":\"JOINT CARRELAGE\",\"item\":\"https:\/\/btpmarket.ma\/?product_cat=joint-carrelage\"},{\"@type\":\"ListItem\",\"position\":5,\"name\":\"BORADA\u00ae LATEX\"}]},{\"@type\":\"WebSite\",\"@id\":\"https:\/\/btpmarket.ma\/#website\",\"url\":\"https:\/\/btpmarket.ma\/\",\"name\":\"btpmarket\",\"description\":\"\",\"publisher\":{\"@id\":\"https:\/\/btpmarket.ma\/#organization\"},\"potentialAction\":[{\"@type\":\"SearchAction\",\"target\":{\"@type\":\"EntryPoint\",\"urlTemplate\":\"https:\/\/btpmarket.ma\/?s={search_term_string}\"},\"query-input\":\"required name=search_term_string\"}],\"inLanguage\":\"en-US\"},{\"@type\":\"Organization\",\"@id\":\"https:\/\/btpmarket.ma\/#organization\",\"name\":\"btpmarket\",\"url\":\"https:\/\/btpmarket.ma\/\",\"logo\":{\"@type\":\"ImageObject\",\"inLanguage\":\"en-US\",\"@id\":\"https:\/\/btpmarket.ma\/#\/schema\/logo\/image\/\",\"url\":\"https:\/\/btpmarket.ma\/wp-content\/uploads\/2024\/05\/Asset-1.png\",\"contentUrl\":\"https:\/\/btpmarket.ma\/wp-content\/uploads\/2024\/05\/Asset-1.png\",\"width\":1000,\"height\":411,\"caption\":\"btpmarket\"},\"image\":{\"@id\":\"https:\/\/btpmarket.ma\/#\/schema\/logo\/image\/\"}}]}<\/script>\n<!-- \/ Yoast SEO plugin. -->","yoast_head_json":{"title":"BORADA\u00ae LATEX - btpmarket","robots":{"index":"index","follow":"follow","max-snippet":"max-snippet:-1","max-image-preview":"max-image-preview:large","max-video-preview":"max-video-preview:-1"},"canonical":"https:\/\/btpmarket.ma\/?product=borada-latex","og_locale":"en_US","og_type":"article","og_title":"BORADA\u00ae LATEX - btpmarket","og_description":"BORADA\u00ae LATEX est un liquide tr\u00e8s fluide, formul\u00e9 \u00e0 base de polym\u00e8res en dispersion aqueuse et diff\u00e9rents additifs organiques et inorganiques.","og_url":"https:\/\/btpmarket.ma\/?product=borada-latex","og_site_name":"btpmarket","article_modified_time":"2024-05-28T15:14:28+00:00","og_image":[{"width":259,"height":194,"url":"https:\/\/btpmarket.ma\/wp-content\/uploads\/2024\/05\/images-3.jpg","type":"image\/jpeg"}],"twitter_card":"summary_large_image","twitter_misc":{"Est. reading time":"1 minute"},"schema":{"@context":"https:\/\/schema.org","@graph":[{"@type":"WebPage","@id":"https:\/\/btpmarket.ma\/?product=borada-latex","url":"https:\/\/btpmarket.ma\/?product=borada-latex","name":"BORADA\u00ae LATEX - btpmarket","isPartOf":{"@id":"https:\/\/btpmarket.ma\/#website"},"primaryImageOfPage":{"@id":"https:\/\/btpmarket.ma\/?product=borada-latex#primaryimage"},"image":{"@id":"https:\/\/btpmarket.ma\/?product=borada-latex#primaryimage"},"thumbnailUrl":"https:\/\/btpmarket.ma\/wp-content\/uploads\/2024\/05\/images-3.jpg","datePublished":"2024-05-28T15:11:44+00:00","dateModified":"2024-05-28T15:14:28+00:00","breadcrumb":{"@id":"https:\/\/btpmarket.ma\/?product=borada-latex#breadcrumb"},"inLanguage":"en-US","potentialAction":[{"@type":"ReadAction","target":["https:\/\/btpmarket.ma\/?product=borada-latex"]}]},{"@type":"ImageObject","inLanguage":"en-US","@id":"https:\/\/btpmarket.ma\/?product=borada-latex#primaryimage","url":"https:\/\/btpmarket.ma\/wp-content\/uploads\/2024\/05\/images-3.jpg","contentUrl":"https:\/\/btpmarket.ma\/wp-content\/uploads\/2024\/05\/images-3.jpg","width":259,"height":194},{"@type":"BreadcrumbList","@id":"https:\/\/btpmarket.ma\/?product=borada-latex#breadcrumb","itemListElement":[{"@type":"ListItem","position":1,"name":"Accueil","item":"https:\/\/btpmarket.ma\/"},{"@type":"ListItem","position":2,"name":"Products","item":"https:\/\/btpmarket.ma\/?post_type=product"},{"@type":"ListItem","position":3,"name":"Granite","item":"https:\/\/btpmarket.ma\/?product_cat=granite"},{"@type":"ListItem","position":4,"name":"JOINT CARRELAGE","item":"https:\/\/btpmarket.ma\/?product_cat=joint-carrelage"},{"@type":"ListItem","position":5,"name":"BORADA\u00ae LATEX"}]},{"@type":"WebSite","@id":"https:\/\/btpmarket.ma\/#website","url":"https:\/\/btpmarket.ma\/","name":"btpmarket","description":"","publisher":{"@id":"https:\/\/btpmarket.ma\/#organization"},"potentialAction":[{"@type":"SearchAction","target":{"@type":"EntryPoint","urlTemplate":"https:\/\/btpmarket.ma\/?s={search_term_string}"},"query-input":"required name=search_term_string"}],"inLanguage":"en-US"},{"@type":"Organization","@id":"https:\/\/btpmarket.ma\/#organization","name":"btpmarket","url":"https:\/\/btpmarket.ma\/","logo":{"@type":"ImageObject","inLanguage":"en-US","@id":"https:\/\/btpmarket.ma\/#\/schema\/logo\/image\/","url":"https:\/\/btpmarket.ma\/wp-content\/uploads\/2024\/05\/Asset-1.png","contentUrl":"https:\/\/btpmarket.ma\/wp-content\/uploads\/2024\/05\/Asset-1.png","width":1000,"height":411,"caption":"btpmarket"},"image":{"@id":"https:\/\/btpmarket.ma\/#\/schema\/logo\/image\/"}}]}},"_links":{"self":[{"href":"https:\/\/btpmarket.ma\/index.php?rest_route=\/wp\/v2\/product\/4747"}],"collection":[{"href":"https:\/\/btpmarket.ma\/index.php?rest_route=\/wp\/v2\/product"}],"about":[{"href":"https:\/\/btpmarket.ma\/index.php?rest_route=\/wp\/v2\/types\/product"}],"replies":[{"embeddable":true,"href":"https:\/\/btpmarket.ma\/index.php?rest_route=%2Fwp%2Fv2%2Fcomments&post=4747"}],"wp:featuredmedia":[{"embeddable":true,"href":"https:\/\/btpmarket.ma\/index.php?rest_route=\/wp\/v2\/media\/4749"}],"wp:attachment":[{"href":"https:\/\/btpmarket.ma\/index.php?rest_route=%2Fwp%2Fv2%2Fmedia&parent=4747"}],"wp:term":[{"taxonomy":"product_cat","embeddable":true,"href":"https:\/\/btpmarket.ma\/index.php?rest_route=%2Fwp%2Fv2%2Fproduct_cat&post=4747"},{"taxonomy":"product_tag","embeddable":true,"href":"https:\/\/btpmarket.ma\/index.php?rest_route=%2Fwp%2Fv2%2Fproduct_tag&post=4747"}],"curies":[{"name":"wp","href":"https:\/\/api.w.org\/{rel}","templated":true}]}}