{"id":4751,"date":"2024-05-28T15:17:30","date_gmt":"2024-05-28T15:17:30","guid":{"rendered":"https:\/\/btpmarket.ma\/?post_type=product&#038;p=4751"},"modified":"2024-05-28T15:18:16","modified_gmt":"2024-05-28T15:18:16","slug":"vat-fluid","status":"publish","type":"product","link":"https:\/\/btpmarket.ma\/?product=vat-fluid","title":{"rendered":"VAT\u00ae FLUID"},"content":{"rendered":"<div class=\"elementor-element elementor-element-ebcdf35 elementor-widget elementor-widget-heading\" data-id=\"ebcdf35\" data-element_type=\"widget\" data-widget_type=\"heading.default\">\n<div class=\"elementor-widget-container\">\n<h2 class=\"elementor-heading-title elementor-size-default\">Domaines d&#8217;application<\/h2>\n<\/div>\n<\/div>\n<div class=\"elementor-element elementor-element-00b8eee texto-contenido elementor-widget elementor-widget-shortcode\" data-id=\"00b8eee\" data-element_type=\"widget\" data-widget_type=\"shortcode.default\">\n<div class=\"elementor-widget-container\">\n<p>Pose de carreau c\u00e9ramique, gr\u00e8s, marbre, avec ou sans absorption, pour sols ext\u00e9rieurs et int\u00e9rieurs et rev\u00eatements int\u00e9rieurs, sur supports en mortier de ciment, b\u00e9ton ou plaques de carton-pl\u00e2tre (jusqu\u2019\u00e0 des formats &lt; 2000 cm2). Pose de carreau de petit format (&lt; 1000 cm2) en c\u00e9ramique, gr\u00e8s, marbre, avec ou sans absorption, pour sols ext\u00e9rieurs. Pour l\u2019application de grands formats (&gt; 2000 cm2) il est recommand\u00e9 d\u2019utiliser VAT\u00ae PORCEL\u00c1NICO. Pour l\u2019application en fa\u00e7ades, il est recommand\u00e9 d\u2019utiliser VAT\u00ae FLEXIBLE, PAM\u00ae FLEX, PAM\u00ae FLEX RAPID ou PAM\u00ae SUPERFLEX COMPACT.<\/p>\n<div class=\"elementor-shortcode\"><\/div>\n<\/div>\n<\/div>\n<div class=\"elementor-element elementor-element-d564214 elementor-widget elementor-widget-heading\" data-id=\"d564214\" data-element_type=\"widget\" data-widget_type=\"heading.default\">\n<div class=\"elementor-widget-container\">\n<h2 class=\"elementor-heading-title elementor-size-default\">Propri\u00e9t\u00e9s<\/h2>\n<\/div>\n<\/div>\n<div class=\"elementor-element elementor-element-cf399e4 texto-contenido elementor-widget elementor-widget-shortcode\" data-id=\"cf399e4\" data-element_type=\"widget\" data-widget_type=\"shortcode.default\">\n<div class=\"elementor-widget-container\">\n<p>Excellente adh\u00e9rence. Apte pour l\u2019immersion dans l\u2019eau. Aucun glissement.<\/p>\n<div class=\"elementor-shortcode\"><\/div>\n<\/div>\n<\/div>\n<div class=\"elementor-element elementor-element-49c907e elementor-widget elementor-widget-heading\" data-id=\"49c907e\" data-element_type=\"widget\" data-widget_type=\"heading.default\">\n<div class=\"elementor-widget-container\">\n<h2 class=\"elementor-heading-title elementor-size-default\">Consommation<\/h2>\n<\/div>\n<\/div>\n<div class=\"elementor-element elementor-element-313ffdf texto-contenido elementor-widget elementor-widget-shortcode\" data-id=\"313ffdf\" data-element_type=\"widget\" data-widget_type=\"shortcode.default\">\n<div class=\"elementor-widget-container\">Encollage simple: ~ 3 kg\/m2 Double encollage: ~ 5 kg\/m2<\/div>\n<\/div>\n","protected":false},"excerpt":{"rendered":"<p>L\u2019 adh\u00e9sif VAT\u00ae EXTRA PLUS PORCEL\u00c1NICO est formul\u00e9 \u00e0 base de ciment, granulats s\u00e9lectionn\u00e9s, additifs organiques et r\u00e9sines qui am\u00e9liorent la maniabilit\u00e9, la r\u00e9tention d\u2019eau et l\u2019adh\u00e9rence du mortier-colle.<\/p>\n","protected":false},"featured_media":4752,"comment_status":"open","ping_status":"closed","template":"","meta":{"_acf_changed":false},"product_cat":[29,20],"product_tag":[],"acf":[],"yoast_head":"<!-- This site is optimized with the Yoast SEO plugin v22.7 - https:\/\/yoast.com\/wordpress\/plugins\/seo\/ -->\n<title>VAT\u00ae FLUID - btpmarket<\/title>\n<meta name=\"robots\" content=\"index, follow, max-snippet:-1, max-image-preview:large, max-video-preview:-1\" \/>\n<link rel=\"canonical\" href=\"https:\/\/btpmarket.ma\/?product=vat-fluid\" \/>\n<meta property=\"og:locale\" content=\"en_US\" \/>\n<meta property=\"og:type\" content=\"article\" \/>\n<meta property=\"og:title\" content=\"VAT\u00ae FLUID - btpmarket\" \/>\n<meta property=\"og:description\" content=\"L\u2019 adh\u00e9sif VAT\u00ae EXTRA PLUS PORCEL\u00c1NICO est formul\u00e9 \u00e0 base de ciment, granulats s\u00e9lectionn\u00e9s, additifs organiques et r\u00e9sines qui am\u00e9liorent la maniabilit\u00e9, la r\u00e9tention d\u2019eau et l\u2019adh\u00e9rence du mortier-colle.\" \/>\n<meta property=\"og:url\" content=\"https:\/\/btpmarket.ma\/?product=vat-fluid\" \/>\n<meta property=\"og:site_name\" content=\"btpmarket\" \/>\n<meta property=\"article:modified_time\" content=\"2024-05-28T15:18:16+00:00\" \/>\n<meta property=\"og:image\" content=\"https:\/\/btpmarket.ma\/wp-content\/uploads\/2024\/05\/images-4.jpg\" \/>\n\t<meta property=\"og:image:width\" content=\"259\" \/>\n\t<meta property=\"og:image:height\" content=\"194\" \/>\n\t<meta property=\"og:image:type\" content=\"image\/jpeg\" \/>\n<meta name=\"twitter:card\" content=\"summary_large_image\" \/>\n<meta name=\"twitter:label1\" content=\"Est. reading time\" \/>\n\t<meta name=\"twitter:data1\" content=\"1 minute\" \/>\n<script type=\"application\/ld+json\" class=\"yoast-schema-graph\">{\"@context\":\"https:\/\/schema.org\",\"@graph\":[{\"@type\":\"WebPage\",\"@id\":\"https:\/\/btpmarket.ma\/?product=vat-fluid\",\"url\":\"https:\/\/btpmarket.ma\/?product=vat-fluid\",\"name\":\"VAT\u00ae FLUID - btpmarket\",\"isPartOf\":{\"@id\":\"https:\/\/btpmarket.ma\/#website\"},\"primaryImageOfPage\":{\"@id\":\"https:\/\/btpmarket.ma\/?product=vat-fluid#primaryimage\"},\"image\":{\"@id\":\"https:\/\/btpmarket.ma\/?product=vat-fluid#primaryimage\"},\"thumbnailUrl\":\"https:\/\/btpmarket.ma\/wp-content\/uploads\/2024\/05\/images-4.jpg\",\"datePublished\":\"2024-05-28T15:17:30+00:00\",\"dateModified\":\"2024-05-28T15:18:16+00:00\",\"breadcrumb\":{\"@id\":\"https:\/\/btpmarket.ma\/?product=vat-fluid#breadcrumb\"},\"inLanguage\":\"en-US\",\"potentialAction\":[{\"@type\":\"ReadAction\",\"target\":[\"https:\/\/btpmarket.ma\/?product=vat-fluid\"]}]},{\"@type\":\"ImageObject\",\"inLanguage\":\"en-US\",\"@id\":\"https:\/\/btpmarket.ma\/?product=vat-fluid#primaryimage\",\"url\":\"https:\/\/btpmarket.ma\/wp-content\/uploads\/2024\/05\/images-4.jpg\",\"contentUrl\":\"https:\/\/btpmarket.ma\/wp-content\/uploads\/2024\/05\/images-4.jpg\",\"width\":259,\"height\":194},{\"@type\":\"BreadcrumbList\",\"@id\":\"https:\/\/btpmarket.ma\/?product=vat-fluid#breadcrumb\",\"itemListElement\":[{\"@type\":\"ListItem\",\"position\":1,\"name\":\"Accueil\",\"item\":\"https:\/\/btpmarket.ma\/\"},{\"@type\":\"ListItem\",\"position\":2,\"name\":\"Products\",\"item\":\"https:\/\/btpmarket.ma\/?post_type=product\"},{\"@type\":\"ListItem\",\"position\":3,\"name\":\"Granite\",\"item\":\"https:\/\/btpmarket.ma\/?product_cat=granite\"},{\"@type\":\"ListItem\",\"position\":4,\"name\":\"CIMENTS COLLES\",\"item\":\"https:\/\/btpmarket.ma\/?product_cat=ciments-colles\"},{\"@type\":\"ListItem\",\"position\":5,\"name\":\"VAT\u00ae FLUID\"}]},{\"@type\":\"WebSite\",\"@id\":\"https:\/\/btpmarket.ma\/#website\",\"url\":\"https:\/\/btpmarket.ma\/\",\"name\":\"btpmarket\",\"description\":\"\",\"publisher\":{\"@id\":\"https:\/\/btpmarket.ma\/#organization\"},\"potentialAction\":[{\"@type\":\"SearchAction\",\"target\":{\"@type\":\"EntryPoint\",\"urlTemplate\":\"https:\/\/btpmarket.ma\/?s={search_term_string}\"},\"query-input\":\"required name=search_term_string\"}],\"inLanguage\":\"en-US\"},{\"@type\":\"Organization\",\"@id\":\"https:\/\/btpmarket.ma\/#organization\",\"name\":\"btpmarket\",\"url\":\"https:\/\/btpmarket.ma\/\",\"logo\":{\"@type\":\"ImageObject\",\"inLanguage\":\"en-US\",\"@id\":\"https:\/\/btpmarket.ma\/#\/schema\/logo\/image\/\",\"url\":\"https:\/\/btpmarket.ma\/wp-content\/uploads\/2024\/05\/Asset-1.png\",\"contentUrl\":\"https:\/\/btpmarket.ma\/wp-content\/uploads\/2024\/05\/Asset-1.png\",\"width\":1000,\"height\":411,\"caption\":\"btpmarket\"},\"image\":{\"@id\":\"https:\/\/btpmarket.ma\/#\/schema\/logo\/image\/\"}}]}<\/script>\n<!-- \/ Yoast SEO plugin. -->","yoast_head_json":{"title":"VAT\u00ae FLUID - btpmarket","robots":{"index":"index","follow":"follow","max-snippet":"max-snippet:-1","max-image-preview":"max-image-preview:large","max-video-preview":"max-video-preview:-1"},"canonical":"https:\/\/btpmarket.ma\/?product=vat-fluid","og_locale":"en_US","og_type":"article","og_title":"VAT\u00ae FLUID - btpmarket","og_description":"L\u2019 adh\u00e9sif VAT\u00ae EXTRA PLUS PORCEL\u00c1NICO est formul\u00e9 \u00e0 base de ciment, granulats s\u00e9lectionn\u00e9s, additifs organiques et r\u00e9sines qui am\u00e9liorent la maniabilit\u00e9, la r\u00e9tention d\u2019eau et l\u2019adh\u00e9rence du mortier-colle.","og_url":"https:\/\/btpmarket.ma\/?product=vat-fluid","og_site_name":"btpmarket","article_modified_time":"2024-05-28T15:18:16+00:00","og_image":[{"width":259,"height":194,"url":"https:\/\/btpmarket.ma\/wp-content\/uploads\/2024\/05\/images-4.jpg","type":"image\/jpeg"}],"twitter_card":"summary_large_image","twitter_misc":{"Est. reading time":"1 minute"},"schema":{"@context":"https:\/\/schema.org","@graph":[{"@type":"WebPage","@id":"https:\/\/btpmarket.ma\/?product=vat-fluid","url":"https:\/\/btpmarket.ma\/?product=vat-fluid","name":"VAT\u00ae FLUID - btpmarket","isPartOf":{"@id":"https:\/\/btpmarket.ma\/#website"},"primaryImageOfPage":{"@id":"https:\/\/btpmarket.ma\/?product=vat-fluid#primaryimage"},"image":{"@id":"https:\/\/btpmarket.ma\/?product=vat-fluid#primaryimage"},"thumbnailUrl":"https:\/\/btpmarket.ma\/wp-content\/uploads\/2024\/05\/images-4.jpg","datePublished":"2024-05-28T15:17:30+00:00","dateModified":"2024-05-28T15:18:16+00:00","breadcrumb":{"@id":"https:\/\/btpmarket.ma\/?product=vat-fluid#breadcrumb"},"inLanguage":"en-US","potentialAction":[{"@type":"ReadAction","target":["https:\/\/btpmarket.ma\/?product=vat-fluid"]}]},{"@type":"ImageObject","inLanguage":"en-US","@id":"https:\/\/btpmarket.ma\/?product=vat-fluid#primaryimage","url":"https:\/\/btpmarket.ma\/wp-content\/uploads\/2024\/05\/images-4.jpg","contentUrl":"https:\/\/btpmarket.ma\/wp-content\/uploads\/2024\/05\/images-4.jpg","width":259,"height":194},{"@type":"BreadcrumbList","@id":"https:\/\/btpmarket.ma\/?product=vat-fluid#breadcrumb","itemListElement":[{"@type":"ListItem","position":1,"name":"Accueil","item":"https:\/\/btpmarket.ma\/"},{"@type":"ListItem","position":2,"name":"Products","item":"https:\/\/btpmarket.ma\/?post_type=product"},{"@type":"ListItem","position":3,"name":"Granite","item":"https:\/\/btpmarket.ma\/?product_cat=granite"},{"@type":"ListItem","position":4,"name":"CIMENTS COLLES","item":"https:\/\/btpmarket.ma\/?product_cat=ciments-colles"},{"@type":"ListItem","position":5,"name":"VAT\u00ae FLUID"}]},{"@type":"WebSite","@id":"https:\/\/btpmarket.ma\/#website","url":"https:\/\/btpmarket.ma\/","name":"btpmarket","description":"","publisher":{"@id":"https:\/\/btpmarket.ma\/#organization"},"potentialAction":[{"@type":"SearchAction","target":{"@type":"EntryPoint","urlTemplate":"https:\/\/btpmarket.ma\/?s={search_term_string}"},"query-input":"required name=search_term_string"}],"inLanguage":"en-US"},{"@type":"Organization","@id":"https:\/\/btpmarket.ma\/#organization","name":"btpmarket","url":"https:\/\/btpmarket.ma\/","logo":{"@type":"ImageObject","inLanguage":"en-US","@id":"https:\/\/btpmarket.ma\/#\/schema\/logo\/image\/","url":"https:\/\/btpmarket.ma\/wp-content\/uploads\/2024\/05\/Asset-1.png","contentUrl":"https:\/\/btpmarket.ma\/wp-content\/uploads\/2024\/05\/Asset-1.png","width":1000,"height":411,"caption":"btpmarket"},"image":{"@id":"https:\/\/btpmarket.ma\/#\/schema\/logo\/image\/"}}]}},"_links":{"self":[{"href":"https:\/\/btpmarket.ma\/index.php?rest_route=\/wp\/v2\/product\/4751"}],"collection":[{"href":"https:\/\/btpmarket.ma\/index.php?rest_route=\/wp\/v2\/product"}],"about":[{"href":"https:\/\/btpmarket.ma\/index.php?rest_route=\/wp\/v2\/types\/product"}],"replies":[{"embeddable":true,"href":"https:\/\/btpmarket.ma\/index.php?rest_route=%2Fwp%2Fv2%2Fcomments&post=4751"}],"wp:featuredmedia":[{"embeddable":true,"href":"https:\/\/btpmarket.ma\/index.php?rest_route=\/wp\/v2\/media\/4752"}],"wp:attachment":[{"href":"https:\/\/btpmarket.ma\/index.php?rest_route=%2Fwp%2Fv2%2Fmedia&parent=4751"}],"wp:term":[{"taxonomy":"product_cat","embeddable":true,"href":"https:\/\/btpmarket.ma\/index.php?rest_route=%2Fwp%2Fv2%2Fproduct_cat&post=4751"},{"taxonomy":"product_tag","embeddable":true,"href":"https:\/\/btpmarket.ma\/index.php?rest_route=%2Fwp%2Fv2%2Fproduct_tag&post=4751"}],"curies":[{"name":"wp","href":"https:\/\/api.w.org\/{rel}","templated":true}]}}