{"id":4754,"date":"2024-05-28T15:22:50","date_gmt":"2024-05-28T15:22:50","guid":{"rendered":"https:\/\/btpmarket.ma\/?post_type=product&#038;p=4754"},"modified":"2024-05-30T10:35:47","modified_gmt":"2024-05-30T10:35:47","slug":"propam-floor-level-15","status":"publish","type":"product","link":"https:\/\/btpmarket.ma\/?product=propam-floor-level-15","title":{"rendered":"PROPAM\u00ae FLOOR LEVEL 15"},"content":{"rendered":"<p><strong>DOMAINES D&#8217;APPLICATION<\/strong><\/p>\n<p>R\u00e9novation de sols de parkings., sans avoir \u00e0 recourir \u00e0 un rev\u00eatement additionnel<br \/>\nNivellement de sols industriels.<br \/>\nCouche de r\u00e9gularisation pour la finition avec des syst\u00e8mes de r\u00e9sines pour sols.<br \/>\nMortier de nivellement de sols pour la pose de c\u00e9ramique, de marbre, de moquette, de parquets, de sols plastiques, peinture, etc.<\/p>\n<p><strong>PROPIEDADES<\/strong><\/p>\n<p>Grande capacit\u00e9 de nivellement.<br \/>\nFacilit\u00e9 de mise en \u0153uvre par coul\u00e9e ou pompage<br \/>\nExcellentes r\u00e9sistances m\u00e9caniques et bonne finition de la surface<br \/>\nApte pour l&#8217;utilisation avec des syst\u00e8mes de chauffage radiant.<br \/>\nExcellente adh\u00e9rence et compacit\u00e9<br \/>\nRapidit\u00e9 de durcissement et s\u00e9chage sans fissures<br \/>\nPraticable apr\u00e8s 3-4 heures (20 \u00baC, 50% HR).<br \/>\nApte en ext\u00e9rieurs<br \/>\nAd\u00e9quat pour le nivellement de surfaces d&#8217;\u00e9paisseurs entre 3 et 15 mm.<\/p>\n<p><strong>CONSUMO<\/strong><\/p>\n<p>1,6 Kg \/ m2mm .<br \/>\n&#8220;Cette consommation est th\u00e9orique et d\u00e9pend de l&#8217;\u00e9tat et la rugosit\u00e9 du support, raison pour laquelle elle doit<br \/>\n\u00eatre ajust\u00e9e directement sur chantier.&#8221;<\/p>\n<p><strong>COLORES<\/strong><\/p>\n<p>Gris<\/p>\n","protected":false},"excerpt":{"rendered":"<p>PROPAM\u00ae FLOOR LEVEL 15 est un mortier mono-composant c\u00e9menteux modifi\u00e9 avec des polym\u00e8res, autonivelant, \u00e0 durcissement rapide pour la r\u00e9gularisation, la r\u00e9paration et le nivellement de sols industriels en \u00e9paisseurs entre 3 et 15 mm. Conforme aux exigences de la norme EN 13813.<\/p>\n","protected":false},"featured_media":4755,"comment_status":"open","ping_status":"closed","template":"","meta":{"_acf_changed":false},"product_cat":[20,28],"product_tag":[],"acf":[],"yoast_head":"<!-- This site is optimized with the Yoast SEO plugin v22.7 - https:\/\/yoast.com\/wordpress\/plugins\/seo\/ -->\n<title>PROPAM\u00ae FLOOR LEVEL 15 - btpmarket<\/title>\n<meta name=\"robots\" content=\"index, follow, max-snippet:-1, max-image-preview:large, max-video-preview:-1\" \/>\n<link rel=\"canonical\" href=\"https:\/\/btpmarket.ma\/?product=propam-floor-level-15\" \/>\n<meta property=\"og:locale\" content=\"en_US\" \/>\n<meta property=\"og:type\" content=\"article\" \/>\n<meta property=\"og:title\" content=\"PROPAM\u00ae FLOOR LEVEL 15 - btpmarket\" \/>\n<meta property=\"og:description\" content=\"PROPAM\u00ae FLOOR LEVEL 15 est un mortier mono-composant c\u00e9menteux modifi\u00e9 avec des polym\u00e8res, autonivelant, \u00e0 durcissement rapide pour la r\u00e9gularisation, la r\u00e9paration et le nivellement de sols industriels en \u00e9paisseurs entre 3 et 15 mm. Conforme aux exigences de la norme EN 13813.\" \/>\n<meta property=\"og:url\" content=\"https:\/\/btpmarket.ma\/?product=propam-floor-level-15\" \/>\n<meta property=\"og:site_name\" content=\"btpmarket\" \/>\n<meta property=\"article:modified_time\" content=\"2024-05-30T10:35:47+00:00\" \/>\n<meta property=\"og:image\" content=\"https:\/\/btpmarket.ma\/wp-content\/uploads\/2024\/05\/images-5.jpg\" \/>\n\t<meta property=\"og:image:width\" content=\"259\" \/>\n\t<meta property=\"og:image:height\" content=\"194\" \/>\n\t<meta property=\"og:image:type\" content=\"image\/jpeg\" \/>\n<meta name=\"twitter:card\" content=\"summary_large_image\" \/>\n<meta name=\"twitter:label1\" content=\"Est. reading time\" \/>\n\t<meta name=\"twitter:data1\" content=\"1 minute\" \/>\n<script type=\"application\/ld+json\" class=\"yoast-schema-graph\">{\"@context\":\"https:\/\/schema.org\",\"@graph\":[{\"@type\":\"WebPage\",\"@id\":\"https:\/\/btpmarket.ma\/?product=propam-floor-level-15\",\"url\":\"https:\/\/btpmarket.ma\/?product=propam-floor-level-15\",\"name\":\"PROPAM\u00ae FLOOR LEVEL 15 - btpmarket\",\"isPartOf\":{\"@id\":\"https:\/\/btpmarket.ma\/#website\"},\"primaryImageOfPage\":{\"@id\":\"https:\/\/btpmarket.ma\/?product=propam-floor-level-15#primaryimage\"},\"image\":{\"@id\":\"https:\/\/btpmarket.ma\/?product=propam-floor-level-15#primaryimage\"},\"thumbnailUrl\":\"https:\/\/btpmarket.ma\/wp-content\/uploads\/2024\/05\/images-5.jpg\",\"datePublished\":\"2024-05-28T15:22:50+00:00\",\"dateModified\":\"2024-05-30T10:35:47+00:00\",\"breadcrumb\":{\"@id\":\"https:\/\/btpmarket.ma\/?product=propam-floor-level-15#breadcrumb\"},\"inLanguage\":\"en-US\",\"potentialAction\":[{\"@type\":\"ReadAction\",\"target\":[\"https:\/\/btpmarket.ma\/?product=propam-floor-level-15\"]}]},{\"@type\":\"ImageObject\",\"inLanguage\":\"en-US\",\"@id\":\"https:\/\/btpmarket.ma\/?product=propam-floor-level-15#primaryimage\",\"url\":\"https:\/\/btpmarket.ma\/wp-content\/uploads\/2024\/05\/images-5.jpg\",\"contentUrl\":\"https:\/\/btpmarket.ma\/wp-content\/uploads\/2024\/05\/images-5.jpg\",\"width\":259,\"height\":194},{\"@type\":\"BreadcrumbList\",\"@id\":\"https:\/\/btpmarket.ma\/?product=propam-floor-level-15#breadcrumb\",\"itemListElement\":[{\"@type\":\"ListItem\",\"position\":1,\"name\":\"Accueil\",\"item\":\"https:\/\/btpmarket.ma\/\"},{\"@type\":\"ListItem\",\"position\":2,\"name\":\"Products\",\"item\":\"https:\/\/btpmarket.ma\/?post_type=product\"},{\"@type\":\"ListItem\",\"position\":3,\"name\":\"Granite\",\"item\":\"https:\/\/btpmarket.ma\/?product_cat=granite\"},{\"@type\":\"ListItem\",\"position\":4,\"name\":\"Ragr\u00e9age\",\"item\":\"https:\/\/btpmarket.ma\/?product_cat=ragreage\"},{\"@type\":\"ListItem\",\"position\":5,\"name\":\"PROPAM\u00ae FLOOR LEVEL 15\"}]},{\"@type\":\"WebSite\",\"@id\":\"https:\/\/btpmarket.ma\/#website\",\"url\":\"https:\/\/btpmarket.ma\/\",\"name\":\"btpmarket\",\"description\":\"\",\"publisher\":{\"@id\":\"https:\/\/btpmarket.ma\/#organization\"},\"potentialAction\":[{\"@type\":\"SearchAction\",\"target\":{\"@type\":\"EntryPoint\",\"urlTemplate\":\"https:\/\/btpmarket.ma\/?s={search_term_string}\"},\"query-input\":\"required name=search_term_string\"}],\"inLanguage\":\"en-US\"},{\"@type\":\"Organization\",\"@id\":\"https:\/\/btpmarket.ma\/#organization\",\"name\":\"btpmarket\",\"url\":\"https:\/\/btpmarket.ma\/\",\"logo\":{\"@type\":\"ImageObject\",\"inLanguage\":\"en-US\",\"@id\":\"https:\/\/btpmarket.ma\/#\/schema\/logo\/image\/\",\"url\":\"https:\/\/btpmarket.ma\/wp-content\/uploads\/2024\/05\/Asset-1.png\",\"contentUrl\":\"https:\/\/btpmarket.ma\/wp-content\/uploads\/2024\/05\/Asset-1.png\",\"width\":1000,\"height\":411,\"caption\":\"btpmarket\"},\"image\":{\"@id\":\"https:\/\/btpmarket.ma\/#\/schema\/logo\/image\/\"}}]}<\/script>\n<!-- \/ Yoast SEO plugin. -->","yoast_head_json":{"title":"PROPAM\u00ae FLOOR LEVEL 15 - btpmarket","robots":{"index":"index","follow":"follow","max-snippet":"max-snippet:-1","max-image-preview":"max-image-preview:large","max-video-preview":"max-video-preview:-1"},"canonical":"https:\/\/btpmarket.ma\/?product=propam-floor-level-15","og_locale":"en_US","og_type":"article","og_title":"PROPAM\u00ae FLOOR LEVEL 15 - btpmarket","og_description":"PROPAM\u00ae FLOOR LEVEL 15 est un mortier mono-composant c\u00e9menteux modifi\u00e9 avec des polym\u00e8res, autonivelant, \u00e0 durcissement rapide pour la r\u00e9gularisation, la r\u00e9paration et le nivellement de sols industriels en \u00e9paisseurs entre 3 et 15 mm. Conforme aux exigences de la norme EN 13813.","og_url":"https:\/\/btpmarket.ma\/?product=propam-floor-level-15","og_site_name":"btpmarket","article_modified_time":"2024-05-30T10:35:47+00:00","og_image":[{"width":259,"height":194,"url":"https:\/\/btpmarket.ma\/wp-content\/uploads\/2024\/05\/images-5.jpg","type":"image\/jpeg"}],"twitter_card":"summary_large_image","twitter_misc":{"Est. reading time":"1 minute"},"schema":{"@context":"https:\/\/schema.org","@graph":[{"@type":"WebPage","@id":"https:\/\/btpmarket.ma\/?product=propam-floor-level-15","url":"https:\/\/btpmarket.ma\/?product=propam-floor-level-15","name":"PROPAM\u00ae FLOOR LEVEL 15 - btpmarket","isPartOf":{"@id":"https:\/\/btpmarket.ma\/#website"},"primaryImageOfPage":{"@id":"https:\/\/btpmarket.ma\/?product=propam-floor-level-15#primaryimage"},"image":{"@id":"https:\/\/btpmarket.ma\/?product=propam-floor-level-15#primaryimage"},"thumbnailUrl":"https:\/\/btpmarket.ma\/wp-content\/uploads\/2024\/05\/images-5.jpg","datePublished":"2024-05-28T15:22:50+00:00","dateModified":"2024-05-30T10:35:47+00:00","breadcrumb":{"@id":"https:\/\/btpmarket.ma\/?product=propam-floor-level-15#breadcrumb"},"inLanguage":"en-US","potentialAction":[{"@type":"ReadAction","target":["https:\/\/btpmarket.ma\/?product=propam-floor-level-15"]}]},{"@type":"ImageObject","inLanguage":"en-US","@id":"https:\/\/btpmarket.ma\/?product=propam-floor-level-15#primaryimage","url":"https:\/\/btpmarket.ma\/wp-content\/uploads\/2024\/05\/images-5.jpg","contentUrl":"https:\/\/btpmarket.ma\/wp-content\/uploads\/2024\/05\/images-5.jpg","width":259,"height":194},{"@type":"BreadcrumbList","@id":"https:\/\/btpmarket.ma\/?product=propam-floor-level-15#breadcrumb","itemListElement":[{"@type":"ListItem","position":1,"name":"Accueil","item":"https:\/\/btpmarket.ma\/"},{"@type":"ListItem","position":2,"name":"Products","item":"https:\/\/btpmarket.ma\/?post_type=product"},{"@type":"ListItem","position":3,"name":"Granite","item":"https:\/\/btpmarket.ma\/?product_cat=granite"},{"@type":"ListItem","position":4,"name":"Ragr\u00e9age","item":"https:\/\/btpmarket.ma\/?product_cat=ragreage"},{"@type":"ListItem","position":5,"name":"PROPAM\u00ae FLOOR LEVEL 15"}]},{"@type":"WebSite","@id":"https:\/\/btpmarket.ma\/#website","url":"https:\/\/btpmarket.ma\/","name":"btpmarket","description":"","publisher":{"@id":"https:\/\/btpmarket.ma\/#organization"},"potentialAction":[{"@type":"SearchAction","target":{"@type":"EntryPoint","urlTemplate":"https:\/\/btpmarket.ma\/?s={search_term_string}"},"query-input":"required name=search_term_string"}],"inLanguage":"en-US"},{"@type":"Organization","@id":"https:\/\/btpmarket.ma\/#organization","name":"btpmarket","url":"https:\/\/btpmarket.ma\/","logo":{"@type":"ImageObject","inLanguage":"en-US","@id":"https:\/\/btpmarket.ma\/#\/schema\/logo\/image\/","url":"https:\/\/btpmarket.ma\/wp-content\/uploads\/2024\/05\/Asset-1.png","contentUrl":"https:\/\/btpmarket.ma\/wp-content\/uploads\/2024\/05\/Asset-1.png","width":1000,"height":411,"caption":"btpmarket"},"image":{"@id":"https:\/\/btpmarket.ma\/#\/schema\/logo\/image\/"}}]}},"_links":{"self":[{"href":"https:\/\/btpmarket.ma\/index.php?rest_route=\/wp\/v2\/product\/4754"}],"collection":[{"href":"https:\/\/btpmarket.ma\/index.php?rest_route=\/wp\/v2\/product"}],"about":[{"href":"https:\/\/btpmarket.ma\/index.php?rest_route=\/wp\/v2\/types\/product"}],"replies":[{"embeddable":true,"href":"https:\/\/btpmarket.ma\/index.php?rest_route=%2Fwp%2Fv2%2Fcomments&post=4754"}],"wp:featuredmedia":[{"embeddable":true,"href":"https:\/\/btpmarket.ma\/index.php?rest_route=\/wp\/v2\/media\/4755"}],"wp:attachment":[{"href":"https:\/\/btpmarket.ma\/index.php?rest_route=%2Fwp%2Fv2%2Fmedia&parent=4754"}],"wp:term":[{"taxonomy":"product_cat","embeddable":true,"href":"https:\/\/btpmarket.ma\/index.php?rest_route=%2Fwp%2Fv2%2Fproduct_cat&post=4754"},{"taxonomy":"product_tag","embeddable":true,"href":"https:\/\/btpmarket.ma\/index.php?rest_route=%2Fwp%2Fv2%2Fproduct_tag&post=4754"}],"curies":[{"name":"wp","href":"https:\/\/api.w.org\/{rel}","templated":true}]}}