{"id":4858,"date":"2024-05-30T13:43:04","date_gmt":"2024-05-30T13:43:04","guid":{"rendered":"https:\/\/btpmarket.ma\/?post_type=product&#038;p=4858"},"modified":"2024-05-30T14:33:52","modified_gmt":"2024-05-30T14:33:52","slug":"nivelante-10-2","status":"publish","type":"product","link":"https:\/\/btpmarket.ma\/?product=nivelante-10-2","title":{"rendered":"NIVELANTE 10 &#8211;"},"content":{"rendered":"<pre><strong>APPLICATIONS<\/strong>\r\n\r\nR\u00e9paration et lissage en int\u00e9rieurs de surfaces en b\u00e9ton, mortier et similaires en construction neuve ou r\u00e9novation, \u00e0 recouvrir avec tout type de carrelage, moquette, bois, PVC, li\u00e8ge,\r\n\r\ncaoutchouc, etc.\r\n\r\n\u00c9paisseur d\u2019application de 2 \u00e0 10 mm.\r\n\r\n\r\n\r\n<strong>PROPRI\u00c9T\u00c9S<\/strong>\r\n\r\nExcellent pouvoir de nivellement.\r\n\r\nExcellente adh\u00e9rence.\r\n\r\nPlacement de coul\u00e9e ou de pompage.\r\n\r\nAccessible apr\u00e8s 4 heures. Les temps de prise peuvent \u00eatre plus ou moins longs en fonction de la temp\u00e9rature et de l\u2019humidit\u00e9 ambiante.\r\n\r\nAdapt\u00e9 pour un ext\u00e9rieur.<\/pre>\n","protected":false},"excerpt":{"rendered":"<p>NIVELANTE 10 est un mortier de nivellement fait d\u2019un m\u00e9lange de ciments sp\u00e9ciaux, granulats s\u00e9lectionn\u00e9s et additifs organiques. Pour int\u00e9rieur et ext\u00e9rieur.<\/p>\n","protected":false},"featured_media":4859,"comment_status":"open","ping_status":"closed","template":"","meta":{"_acf_changed":false},"product_cat":[28],"product_tag":[],"acf":[],"yoast_head":"<!-- This site is optimized with the Yoast SEO plugin v22.7 - https:\/\/yoast.com\/wordpress\/plugins\/seo\/ -->\n<title>NIVELANTE 10 - btpmarket<\/title>\n<meta name=\"robots\" content=\"index, follow, max-snippet:-1, max-image-preview:large, max-video-preview:-1\" \/>\n<link rel=\"canonical\" href=\"https:\/\/btpmarket.ma\/?product=nivelante-10-2\" \/>\n<meta property=\"og:locale\" content=\"en_US\" \/>\n<meta property=\"og:type\" content=\"article\" \/>\n<meta property=\"og:title\" content=\"NIVELANTE 10 - btpmarket\" \/>\n<meta property=\"og:description\" content=\"NIVELANTE 10 est un mortier de nivellement fait d\u2019un m\u00e9lange de ciments sp\u00e9ciaux, granulats s\u00e9lectionn\u00e9s et additifs organiques. Pour int\u00e9rieur et ext\u00e9rieur.\" \/>\n<meta property=\"og:url\" content=\"https:\/\/btpmarket.ma\/?product=nivelante-10-2\" \/>\n<meta property=\"og:site_name\" content=\"btpmarket\" \/>\n<meta property=\"article:modified_time\" content=\"2024-05-30T14:33:52+00:00\" \/>\n<meta property=\"og:image\" content=\"https:\/\/btpmarket.ma\/wp-content\/uploads\/2024\/05\/Untitled-4.png\" \/>\n\t<meta property=\"og:image:width\" content=\"300\" \/>\n\t<meta property=\"og:image:height\" content=\"300\" \/>\n\t<meta property=\"og:image:type\" content=\"image\/png\" \/>\n<meta name=\"twitter:card\" content=\"summary_large_image\" \/>\n<script type=\"application\/ld+json\" class=\"yoast-schema-graph\">{\"@context\":\"https:\/\/schema.org\",\"@graph\":[{\"@type\":\"WebPage\",\"@id\":\"https:\/\/btpmarket.ma\/?product=nivelante-10-2\",\"url\":\"https:\/\/btpmarket.ma\/?product=nivelante-10-2\",\"name\":\"NIVELANTE 10 - btpmarket\",\"isPartOf\":{\"@id\":\"https:\/\/btpmarket.ma\/#website\"},\"primaryImageOfPage\":{\"@id\":\"https:\/\/btpmarket.ma\/?product=nivelante-10-2#primaryimage\"},\"image\":{\"@id\":\"https:\/\/btpmarket.ma\/?product=nivelante-10-2#primaryimage\"},\"thumbnailUrl\":\"https:\/\/btpmarket.ma\/wp-content\/uploads\/2024\/05\/Untitled-4.png\",\"datePublished\":\"2024-05-30T13:43:04+00:00\",\"dateModified\":\"2024-05-30T14:33:52+00:00\",\"breadcrumb\":{\"@id\":\"https:\/\/btpmarket.ma\/?product=nivelante-10-2#breadcrumb\"},\"inLanguage\":\"en-US\",\"potentialAction\":[{\"@type\":\"ReadAction\",\"target\":[\"https:\/\/btpmarket.ma\/?product=nivelante-10-2\"]}]},{\"@type\":\"ImageObject\",\"inLanguage\":\"en-US\",\"@id\":\"https:\/\/btpmarket.ma\/?product=nivelante-10-2#primaryimage\",\"url\":\"https:\/\/btpmarket.ma\/wp-content\/uploads\/2024\/05\/Untitled-4.png\",\"contentUrl\":\"https:\/\/btpmarket.ma\/wp-content\/uploads\/2024\/05\/Untitled-4.png\",\"width\":300,\"height\":300},{\"@type\":\"BreadcrumbList\",\"@id\":\"https:\/\/btpmarket.ma\/?product=nivelante-10-2#breadcrumb\",\"itemListElement\":[{\"@type\":\"ListItem\",\"position\":1,\"name\":\"Accueil\",\"item\":\"https:\/\/btpmarket.ma\/\"},{\"@type\":\"ListItem\",\"position\":2,\"name\":\"Products\",\"item\":\"https:\/\/btpmarket.ma\/?post_type=product\"},{\"@type\":\"ListItem\",\"position\":3,\"name\":\"Granite\",\"item\":\"https:\/\/btpmarket.ma\/?product_cat=granite\"},{\"@type\":\"ListItem\",\"position\":4,\"name\":\"Ragr\u00e9age\",\"item\":\"https:\/\/btpmarket.ma\/?product_cat=ragreage\"},{\"@type\":\"ListItem\",\"position\":5,\"name\":\"NIVELANTE 10 &#8211;\"}]},{\"@type\":\"WebSite\",\"@id\":\"https:\/\/btpmarket.ma\/#website\",\"url\":\"https:\/\/btpmarket.ma\/\",\"name\":\"btpmarket\",\"description\":\"\",\"publisher\":{\"@id\":\"https:\/\/btpmarket.ma\/#organization\"},\"potentialAction\":[{\"@type\":\"SearchAction\",\"target\":{\"@type\":\"EntryPoint\",\"urlTemplate\":\"https:\/\/btpmarket.ma\/?s={search_term_string}\"},\"query-input\":\"required name=search_term_string\"}],\"inLanguage\":\"en-US\"},{\"@type\":\"Organization\",\"@id\":\"https:\/\/btpmarket.ma\/#organization\",\"name\":\"btpmarket\",\"url\":\"https:\/\/btpmarket.ma\/\",\"logo\":{\"@type\":\"ImageObject\",\"inLanguage\":\"en-US\",\"@id\":\"https:\/\/btpmarket.ma\/#\/schema\/logo\/image\/\",\"url\":\"https:\/\/btpmarket.ma\/wp-content\/uploads\/2024\/05\/Asset-1.png\",\"contentUrl\":\"https:\/\/btpmarket.ma\/wp-content\/uploads\/2024\/05\/Asset-1.png\",\"width\":1000,\"height\":411,\"caption\":\"btpmarket\"},\"image\":{\"@id\":\"https:\/\/btpmarket.ma\/#\/schema\/logo\/image\/\"}}]}<\/script>\n<!-- \/ Yoast SEO plugin. -->","yoast_head_json":{"title":"NIVELANTE 10 - btpmarket","robots":{"index":"index","follow":"follow","max-snippet":"max-snippet:-1","max-image-preview":"max-image-preview:large","max-video-preview":"max-video-preview:-1"},"canonical":"https:\/\/btpmarket.ma\/?product=nivelante-10-2","og_locale":"en_US","og_type":"article","og_title":"NIVELANTE 10 - btpmarket","og_description":"NIVELANTE 10 est un mortier de nivellement fait d\u2019un m\u00e9lange de ciments sp\u00e9ciaux, granulats s\u00e9lectionn\u00e9s et additifs organiques. Pour int\u00e9rieur et ext\u00e9rieur.","og_url":"https:\/\/btpmarket.ma\/?product=nivelante-10-2","og_site_name":"btpmarket","article_modified_time":"2024-05-30T14:33:52+00:00","og_image":[{"width":300,"height":300,"url":"https:\/\/btpmarket.ma\/wp-content\/uploads\/2024\/05\/Untitled-4.png","type":"image\/png"}],"twitter_card":"summary_large_image","schema":{"@context":"https:\/\/schema.org","@graph":[{"@type":"WebPage","@id":"https:\/\/btpmarket.ma\/?product=nivelante-10-2","url":"https:\/\/btpmarket.ma\/?product=nivelante-10-2","name":"NIVELANTE 10 - btpmarket","isPartOf":{"@id":"https:\/\/btpmarket.ma\/#website"},"primaryImageOfPage":{"@id":"https:\/\/btpmarket.ma\/?product=nivelante-10-2#primaryimage"},"image":{"@id":"https:\/\/btpmarket.ma\/?product=nivelante-10-2#primaryimage"},"thumbnailUrl":"https:\/\/btpmarket.ma\/wp-content\/uploads\/2024\/05\/Untitled-4.png","datePublished":"2024-05-30T13:43:04+00:00","dateModified":"2024-05-30T14:33:52+00:00","breadcrumb":{"@id":"https:\/\/btpmarket.ma\/?product=nivelante-10-2#breadcrumb"},"inLanguage":"en-US","potentialAction":[{"@type":"ReadAction","target":["https:\/\/btpmarket.ma\/?product=nivelante-10-2"]}]},{"@type":"ImageObject","inLanguage":"en-US","@id":"https:\/\/btpmarket.ma\/?product=nivelante-10-2#primaryimage","url":"https:\/\/btpmarket.ma\/wp-content\/uploads\/2024\/05\/Untitled-4.png","contentUrl":"https:\/\/btpmarket.ma\/wp-content\/uploads\/2024\/05\/Untitled-4.png","width":300,"height":300},{"@type":"BreadcrumbList","@id":"https:\/\/btpmarket.ma\/?product=nivelante-10-2#breadcrumb","itemListElement":[{"@type":"ListItem","position":1,"name":"Accueil","item":"https:\/\/btpmarket.ma\/"},{"@type":"ListItem","position":2,"name":"Products","item":"https:\/\/btpmarket.ma\/?post_type=product"},{"@type":"ListItem","position":3,"name":"Granite","item":"https:\/\/btpmarket.ma\/?product_cat=granite"},{"@type":"ListItem","position":4,"name":"Ragr\u00e9age","item":"https:\/\/btpmarket.ma\/?product_cat=ragreage"},{"@type":"ListItem","position":5,"name":"NIVELANTE 10 &#8211;"}]},{"@type":"WebSite","@id":"https:\/\/btpmarket.ma\/#website","url":"https:\/\/btpmarket.ma\/","name":"btpmarket","description":"","publisher":{"@id":"https:\/\/btpmarket.ma\/#organization"},"potentialAction":[{"@type":"SearchAction","target":{"@type":"EntryPoint","urlTemplate":"https:\/\/btpmarket.ma\/?s={search_term_string}"},"query-input":"required name=search_term_string"}],"inLanguage":"en-US"},{"@type":"Organization","@id":"https:\/\/btpmarket.ma\/#organization","name":"btpmarket","url":"https:\/\/btpmarket.ma\/","logo":{"@type":"ImageObject","inLanguage":"en-US","@id":"https:\/\/btpmarket.ma\/#\/schema\/logo\/image\/","url":"https:\/\/btpmarket.ma\/wp-content\/uploads\/2024\/05\/Asset-1.png","contentUrl":"https:\/\/btpmarket.ma\/wp-content\/uploads\/2024\/05\/Asset-1.png","width":1000,"height":411,"caption":"btpmarket"},"image":{"@id":"https:\/\/btpmarket.ma\/#\/schema\/logo\/image\/"}}]}},"_links":{"self":[{"href":"https:\/\/btpmarket.ma\/index.php?rest_route=\/wp\/v2\/product\/4858"}],"collection":[{"href":"https:\/\/btpmarket.ma\/index.php?rest_route=\/wp\/v2\/product"}],"about":[{"href":"https:\/\/btpmarket.ma\/index.php?rest_route=\/wp\/v2\/types\/product"}],"replies":[{"embeddable":true,"href":"https:\/\/btpmarket.ma\/index.php?rest_route=%2Fwp%2Fv2%2Fcomments&post=4858"}],"wp:featuredmedia":[{"embeddable":true,"href":"https:\/\/btpmarket.ma\/index.php?rest_route=\/wp\/v2\/media\/4859"}],"wp:attachment":[{"href":"https:\/\/btpmarket.ma\/index.php?rest_route=%2Fwp%2Fv2%2Fmedia&parent=4858"}],"wp:term":[{"taxonomy":"product_cat","embeddable":true,"href":"https:\/\/btpmarket.ma\/index.php?rest_route=%2Fwp%2Fv2%2Fproduct_cat&post=4858"},{"taxonomy":"product_tag","embeddable":true,"href":"https:\/\/btpmarket.ma\/index.php?rest_route=%2Fwp%2Fv2%2Fproduct_tag&post=4858"}],"curies":[{"name":"wp","href":"https:\/\/api.w.org\/{rel}","templated":true}]}}