{"id":4896,"date":"2024-05-30T16:46:22","date_gmt":"2024-05-30T16:46:22","guid":{"rendered":"https:\/\/btpmarket.ma\/?post_type=product&#038;p=4896"},"modified":"2024-05-31T13:28:48","modified_gmt":"2024-05-31T13:28:48","slug":"butoir-mural","status":"publish","type":"product","link":"https:\/\/btpmarket.ma\/?product=butoir-mural","title":{"rendered":"Butoir Mural"},"content":{"rendered":"<p>En acier inoxydable ne rouille pas, une plus grande durabilit\u00e9 et une meilleure fiabilit\u00e9.<\/p>\n<p><strong>Mat\u00e9riau:<\/strong> Acier inoxydable<\/p>\n<p><strong>Taille:<\/strong> 90 * 19mm<\/p>\n","protected":false},"excerpt":{"rendered":"<p>Butoir mural de conception moderne, butoir en acier inoxydable de haute qualit\u00e9, r\u00e9sistance \u00e0 la corrosion, tr\u00e8s durable.<\/p>\n","protected":false},"featured_media":4898,"comment_status":"open","ping_status":"closed","template":"","meta":{"_acf_changed":false},"product_cat":[321,26],"product_tag":[],"acf":[],"yoast_head":"<!-- This site is optimized with the Yoast SEO plugin v22.7 - https:\/\/yoast.com\/wordpress\/plugins\/seo\/ -->\n<title>Butoir Mural - btpmarket<\/title>\n<meta name=\"robots\" content=\"index, follow, max-snippet:-1, max-image-preview:large, max-video-preview:-1\" \/>\n<link rel=\"canonical\" href=\"https:\/\/btpmarket.ma\/?product=butoir-mural\" \/>\n<meta property=\"og:locale\" content=\"en_US\" \/>\n<meta property=\"og:type\" content=\"article\" \/>\n<meta property=\"og:title\" content=\"Butoir Mural - btpmarket\" \/>\n<meta property=\"og:description\" content=\"Butoir mural de conception moderne, butoir en acier inoxydable de haute qualit\u00e9, r\u00e9sistance \u00e0 la corrosion, tr\u00e8s durable.\" \/>\n<meta property=\"og:url\" content=\"https:\/\/btpmarket.ma\/?product=butoir-mural\" \/>\n<meta property=\"og:site_name\" content=\"btpmarket\" \/>\n<meta property=\"article:modified_time\" content=\"2024-05-31T13:28:48+00:00\" \/>\n<meta property=\"og:image\" content=\"https:\/\/btpmarket.ma\/wp-content\/uploads\/2024\/05\/151972492231gRIaDchL._AC_US218_.jpg\" \/>\n\t<meta property=\"og:image:width\" content=\"218\" \/>\n\t<meta property=\"og:image:height\" content=\"218\" \/>\n\t<meta property=\"og:image:type\" content=\"image\/jpeg\" \/>\n<meta name=\"twitter:card\" content=\"summary_large_image\" \/>\n<meta name=\"twitter:label1\" content=\"Est. reading time\" \/>\n\t<meta name=\"twitter:data1\" content=\"1 minute\" \/>\n<script type=\"application\/ld+json\" class=\"yoast-schema-graph\">{\"@context\":\"https:\/\/schema.org\",\"@graph\":[{\"@type\":\"WebPage\",\"@id\":\"https:\/\/btpmarket.ma\/?product=butoir-mural\",\"url\":\"https:\/\/btpmarket.ma\/?product=butoir-mural\",\"name\":\"Butoir Mural - btpmarket\",\"isPartOf\":{\"@id\":\"https:\/\/btpmarket.ma\/#website\"},\"primaryImageOfPage\":{\"@id\":\"https:\/\/btpmarket.ma\/?product=butoir-mural#primaryimage\"},\"image\":{\"@id\":\"https:\/\/btpmarket.ma\/?product=butoir-mural#primaryimage\"},\"thumbnailUrl\":\"https:\/\/btpmarket.ma\/wp-content\/uploads\/2024\/05\/151972492231gRIaDchL._AC_US218_.jpg\",\"datePublished\":\"2024-05-30T16:46:22+00:00\",\"dateModified\":\"2024-05-31T13:28:48+00:00\",\"breadcrumb\":{\"@id\":\"https:\/\/btpmarket.ma\/?product=butoir-mural#breadcrumb\"},\"inLanguage\":\"en-US\",\"potentialAction\":[{\"@type\":\"ReadAction\",\"target\":[\"https:\/\/btpmarket.ma\/?product=butoir-mural\"]}]},{\"@type\":\"ImageObject\",\"inLanguage\":\"en-US\",\"@id\":\"https:\/\/btpmarket.ma\/?product=butoir-mural#primaryimage\",\"url\":\"https:\/\/btpmarket.ma\/wp-content\/uploads\/2024\/05\/151972492231gRIaDchL._AC_US218_.jpg\",\"contentUrl\":\"https:\/\/btpmarket.ma\/wp-content\/uploads\/2024\/05\/151972492231gRIaDchL._AC_US218_.jpg\",\"width\":218,\"height\":218},{\"@type\":\"BreadcrumbList\",\"@id\":\"https:\/\/btpmarket.ma\/?product=butoir-mural#breadcrumb\",\"itemListElement\":[{\"@type\":\"ListItem\",\"position\":1,\"name\":\"Accueil\",\"item\":\"https:\/\/btpmarket.ma\/\"},{\"@type\":\"ListItem\",\"position\":2,\"name\":\"Products\",\"item\":\"https:\/\/btpmarket.ma\/?post_type=product\"},{\"@type\":\"ListItem\",\"position\":3,\"name\":\"QUINCAILLERIE\",\"item\":\"https:\/\/btpmarket.ma\/?product_cat=quincaillerie\"},{\"@type\":\"ListItem\",\"position\":4,\"name\":\"ACCESSOIRES DE PORTE\",\"item\":\"https:\/\/btpmarket.ma\/?product_cat=accessoires-de-porte\"},{\"@type\":\"ListItem\",\"position\":5,\"name\":\"Butoir Mural\"}]},{\"@type\":\"WebSite\",\"@id\":\"https:\/\/btpmarket.ma\/#website\",\"url\":\"https:\/\/btpmarket.ma\/\",\"name\":\"btpmarket\",\"description\":\"\",\"publisher\":{\"@id\":\"https:\/\/btpmarket.ma\/#organization\"},\"potentialAction\":[{\"@type\":\"SearchAction\",\"target\":{\"@type\":\"EntryPoint\",\"urlTemplate\":\"https:\/\/btpmarket.ma\/?s={search_term_string}\"},\"query-input\":\"required name=search_term_string\"}],\"inLanguage\":\"en-US\"},{\"@type\":\"Organization\",\"@id\":\"https:\/\/btpmarket.ma\/#organization\",\"name\":\"btpmarket\",\"url\":\"https:\/\/btpmarket.ma\/\",\"logo\":{\"@type\":\"ImageObject\",\"inLanguage\":\"en-US\",\"@id\":\"https:\/\/btpmarket.ma\/#\/schema\/logo\/image\/\",\"url\":\"https:\/\/btpmarket.ma\/wp-content\/uploads\/2024\/05\/Asset-1.png\",\"contentUrl\":\"https:\/\/btpmarket.ma\/wp-content\/uploads\/2024\/05\/Asset-1.png\",\"width\":1000,\"height\":411,\"caption\":\"btpmarket\"},\"image\":{\"@id\":\"https:\/\/btpmarket.ma\/#\/schema\/logo\/image\/\"}}]}<\/script>\n<!-- \/ Yoast SEO plugin. -->","yoast_head_json":{"title":"Butoir Mural - btpmarket","robots":{"index":"index","follow":"follow","max-snippet":"max-snippet:-1","max-image-preview":"max-image-preview:large","max-video-preview":"max-video-preview:-1"},"canonical":"https:\/\/btpmarket.ma\/?product=butoir-mural","og_locale":"en_US","og_type":"article","og_title":"Butoir Mural - btpmarket","og_description":"Butoir mural de conception moderne, butoir en acier inoxydable de haute qualit\u00e9, r\u00e9sistance \u00e0 la corrosion, tr\u00e8s durable.","og_url":"https:\/\/btpmarket.ma\/?product=butoir-mural","og_site_name":"btpmarket","article_modified_time":"2024-05-31T13:28:48+00:00","og_image":[{"width":218,"height":218,"url":"https:\/\/btpmarket.ma\/wp-content\/uploads\/2024\/05\/151972492231gRIaDchL._AC_US218_.jpg","type":"image\/jpeg"}],"twitter_card":"summary_large_image","twitter_misc":{"Est. reading time":"1 minute"},"schema":{"@context":"https:\/\/schema.org","@graph":[{"@type":"WebPage","@id":"https:\/\/btpmarket.ma\/?product=butoir-mural","url":"https:\/\/btpmarket.ma\/?product=butoir-mural","name":"Butoir Mural - btpmarket","isPartOf":{"@id":"https:\/\/btpmarket.ma\/#website"},"primaryImageOfPage":{"@id":"https:\/\/btpmarket.ma\/?product=butoir-mural#primaryimage"},"image":{"@id":"https:\/\/btpmarket.ma\/?product=butoir-mural#primaryimage"},"thumbnailUrl":"https:\/\/btpmarket.ma\/wp-content\/uploads\/2024\/05\/151972492231gRIaDchL._AC_US218_.jpg","datePublished":"2024-05-30T16:46:22+00:00","dateModified":"2024-05-31T13:28:48+00:00","breadcrumb":{"@id":"https:\/\/btpmarket.ma\/?product=butoir-mural#breadcrumb"},"inLanguage":"en-US","potentialAction":[{"@type":"ReadAction","target":["https:\/\/btpmarket.ma\/?product=butoir-mural"]}]},{"@type":"ImageObject","inLanguage":"en-US","@id":"https:\/\/btpmarket.ma\/?product=butoir-mural#primaryimage","url":"https:\/\/btpmarket.ma\/wp-content\/uploads\/2024\/05\/151972492231gRIaDchL._AC_US218_.jpg","contentUrl":"https:\/\/btpmarket.ma\/wp-content\/uploads\/2024\/05\/151972492231gRIaDchL._AC_US218_.jpg","width":218,"height":218},{"@type":"BreadcrumbList","@id":"https:\/\/btpmarket.ma\/?product=butoir-mural#breadcrumb","itemListElement":[{"@type":"ListItem","position":1,"name":"Accueil","item":"https:\/\/btpmarket.ma\/"},{"@type":"ListItem","position":2,"name":"Products","item":"https:\/\/btpmarket.ma\/?post_type=product"},{"@type":"ListItem","position":3,"name":"QUINCAILLERIE","item":"https:\/\/btpmarket.ma\/?product_cat=quincaillerie"},{"@type":"ListItem","position":4,"name":"ACCESSOIRES DE PORTE","item":"https:\/\/btpmarket.ma\/?product_cat=accessoires-de-porte"},{"@type":"ListItem","position":5,"name":"Butoir Mural"}]},{"@type":"WebSite","@id":"https:\/\/btpmarket.ma\/#website","url":"https:\/\/btpmarket.ma\/","name":"btpmarket","description":"","publisher":{"@id":"https:\/\/btpmarket.ma\/#organization"},"potentialAction":[{"@type":"SearchAction","target":{"@type":"EntryPoint","urlTemplate":"https:\/\/btpmarket.ma\/?s={search_term_string}"},"query-input":"required name=search_term_string"}],"inLanguage":"en-US"},{"@type":"Organization","@id":"https:\/\/btpmarket.ma\/#organization","name":"btpmarket","url":"https:\/\/btpmarket.ma\/","logo":{"@type":"ImageObject","inLanguage":"en-US","@id":"https:\/\/btpmarket.ma\/#\/schema\/logo\/image\/","url":"https:\/\/btpmarket.ma\/wp-content\/uploads\/2024\/05\/Asset-1.png","contentUrl":"https:\/\/btpmarket.ma\/wp-content\/uploads\/2024\/05\/Asset-1.png","width":1000,"height":411,"caption":"btpmarket"},"image":{"@id":"https:\/\/btpmarket.ma\/#\/schema\/logo\/image\/"}}]}},"_links":{"self":[{"href":"https:\/\/btpmarket.ma\/index.php?rest_route=\/wp\/v2\/product\/4896"}],"collection":[{"href":"https:\/\/btpmarket.ma\/index.php?rest_route=\/wp\/v2\/product"}],"about":[{"href":"https:\/\/btpmarket.ma\/index.php?rest_route=\/wp\/v2\/types\/product"}],"replies":[{"embeddable":true,"href":"https:\/\/btpmarket.ma\/index.php?rest_route=%2Fwp%2Fv2%2Fcomments&post=4896"}],"wp:featuredmedia":[{"embeddable":true,"href":"https:\/\/btpmarket.ma\/index.php?rest_route=\/wp\/v2\/media\/4898"}],"wp:attachment":[{"href":"https:\/\/btpmarket.ma\/index.php?rest_route=%2Fwp%2Fv2%2Fmedia&parent=4896"}],"wp:term":[{"taxonomy":"product_cat","embeddable":true,"href":"https:\/\/btpmarket.ma\/index.php?rest_route=%2Fwp%2Fv2%2Fproduct_cat&post=4896"},{"taxonomy":"product_tag","embeddable":true,"href":"https:\/\/btpmarket.ma\/index.php?rest_route=%2Fwp%2Fv2%2Fproduct_tag&post=4896"}],"curies":[{"name":"wp","href":"https:\/\/api.w.org\/{rel}","templated":true}]}}