{"id":4900,"date":"2024-05-30T16:51:23","date_gmt":"2024-05-30T16:51:23","guid":{"rendered":"https:\/\/btpmarket.ma\/?post_type=product&#038;p=4900"},"modified":"2024-05-30T16:51:23","modified_gmt":"2024-05-30T16:51:23","slug":"charniere-de-porte-en-verre-90","status":"publish","type":"product","link":"https:\/\/btpmarket.ma\/?product=charniere-de-porte-en-verre-90","title":{"rendered":"Charni\u00e8re de porte en verre 90\u00b0"},"content":{"rendered":"<p>Charni\u00e8res de porte en acier inoxydable\u00a0304ss<\/p>\n<p><strong>Mat\u00e9riau<\/strong>: Acier inoxydable<\/p>\n<p><strong>Taille<\/strong>: 89 * 53mm<\/p>\n<p><strong>Surface<\/strong>: Satin \/ chrome<\/p>\n","protected":false},"excerpt":{"rendered":"<p>Charni\u00e8re pare douche centr\u00e9e sur platine pour fixation mur\/verre, ouverture \u00e0 90\u00b0 int\u00e9rieur \/ ext\u00e9rieur.<br \/>\nPour porte en verre d&#8217;\u00e9paisseur 8 \u00e0 12 mm<\/p>\n","protected":false},"featured_media":4901,"comment_status":"open","ping_status":"closed","template":"","meta":{"_acf_changed":false},"product_cat":[26,322],"product_tag":[],"acf":[],"yoast_head":"<!-- This site is optimized with the Yoast SEO plugin v22.7 - https:\/\/yoast.com\/wordpress\/plugins\/seo\/ -->\n<title>Charni\u00e8re de porte en verre 90\u00b0 - btpmarket<\/title>\n<meta name=\"robots\" content=\"index, follow, max-snippet:-1, max-image-preview:large, max-video-preview:-1\" \/>\n<link rel=\"canonical\" href=\"https:\/\/btpmarket.ma\/?product=charniere-de-porte-en-verre-90\" \/>\n<meta property=\"og:locale\" content=\"en_US\" \/>\n<meta property=\"og:type\" content=\"article\" \/>\n<meta property=\"og:title\" content=\"Charni\u00e8re de porte en verre 90\u00b0 - btpmarket\" \/>\n<meta property=\"og:description\" content=\"Charni\u00e8re pare douche centr\u00e9e sur platine pour fixation mur\/verre, ouverture \u00e0 90\u00b0 int\u00e9rieur \/ ext\u00e9rieur. Pour porte en verre d&#039;\u00e9paisseur 8 \u00e0 12 mm\" \/>\n<meta property=\"og:url\" content=\"https:\/\/btpmarket.ma\/?product=charniere-de-porte-en-verre-90\" \/>\n<meta property=\"og:site_name\" content=\"btpmarket\" \/>\n<meta property=\"og:image\" content=\"https:\/\/btpmarket.ma\/wp-content\/uploads\/2024\/05\/1519734206s-l300.jpg\" \/>\n\t<meta property=\"og:image:width\" content=\"300\" \/>\n\t<meta property=\"og:image:height\" content=\"300\" \/>\n\t<meta property=\"og:image:type\" content=\"image\/jpeg\" \/>\n<meta name=\"twitter:card\" content=\"summary_large_image\" \/>\n<script type=\"application\/ld+json\" class=\"yoast-schema-graph\">{\"@context\":\"https:\/\/schema.org\",\"@graph\":[{\"@type\":\"WebPage\",\"@id\":\"https:\/\/btpmarket.ma\/?product=charniere-de-porte-en-verre-90\",\"url\":\"https:\/\/btpmarket.ma\/?product=charniere-de-porte-en-verre-90\",\"name\":\"Charni\u00e8re de porte en verre 90\u00b0 - btpmarket\",\"isPartOf\":{\"@id\":\"https:\/\/btpmarket.ma\/#website\"},\"primaryImageOfPage\":{\"@id\":\"https:\/\/btpmarket.ma\/?product=charniere-de-porte-en-verre-90#primaryimage\"},\"image\":{\"@id\":\"https:\/\/btpmarket.ma\/?product=charniere-de-porte-en-verre-90#primaryimage\"},\"thumbnailUrl\":\"https:\/\/btpmarket.ma\/wp-content\/uploads\/2024\/05\/1519734206s-l300.jpg\",\"datePublished\":\"2024-05-30T16:51:23+00:00\",\"dateModified\":\"2024-05-30T16:51:23+00:00\",\"breadcrumb\":{\"@id\":\"https:\/\/btpmarket.ma\/?product=charniere-de-porte-en-verre-90#breadcrumb\"},\"inLanguage\":\"en-US\",\"potentialAction\":[{\"@type\":\"ReadAction\",\"target\":[\"https:\/\/btpmarket.ma\/?product=charniere-de-porte-en-verre-90\"]}]},{\"@type\":\"ImageObject\",\"inLanguage\":\"en-US\",\"@id\":\"https:\/\/btpmarket.ma\/?product=charniere-de-porte-en-verre-90#primaryimage\",\"url\":\"https:\/\/btpmarket.ma\/wp-content\/uploads\/2024\/05\/1519734206s-l300.jpg\",\"contentUrl\":\"https:\/\/btpmarket.ma\/wp-content\/uploads\/2024\/05\/1519734206s-l300.jpg\",\"width\":300,\"height\":300},{\"@type\":\"BreadcrumbList\",\"@id\":\"https:\/\/btpmarket.ma\/?product=charniere-de-porte-en-verre-90#breadcrumb\",\"itemListElement\":[{\"@type\":\"ListItem\",\"position\":1,\"name\":\"Accueil\",\"item\":\"https:\/\/btpmarket.ma\/\"},{\"@type\":\"ListItem\",\"position\":2,\"name\":\"Products\",\"item\":\"https:\/\/btpmarket.ma\/?post_type=product\"},{\"@type\":\"ListItem\",\"position\":3,\"name\":\"QUINCAILLERIE\",\"item\":\"https:\/\/btpmarket.ma\/?product_cat=quincaillerie\"},{\"@type\":\"ListItem\",\"position\":4,\"name\":\"SYST\u00c8ME DE FIXATION\",\"item\":\"https:\/\/btpmarket.ma\/?product_cat=systeme-de-fixation\"},{\"@type\":\"ListItem\",\"position\":5,\"name\":\"Charni\u00e8re de porte en verre 90\u00b0\"}]},{\"@type\":\"WebSite\",\"@id\":\"https:\/\/btpmarket.ma\/#website\",\"url\":\"https:\/\/btpmarket.ma\/\",\"name\":\"btpmarket\",\"description\":\"\",\"publisher\":{\"@id\":\"https:\/\/btpmarket.ma\/#organization\"},\"potentialAction\":[{\"@type\":\"SearchAction\",\"target\":{\"@type\":\"EntryPoint\",\"urlTemplate\":\"https:\/\/btpmarket.ma\/?s={search_term_string}\"},\"query-input\":\"required name=search_term_string\"}],\"inLanguage\":\"en-US\"},{\"@type\":\"Organization\",\"@id\":\"https:\/\/btpmarket.ma\/#organization\",\"name\":\"btpmarket\",\"url\":\"https:\/\/btpmarket.ma\/\",\"logo\":{\"@type\":\"ImageObject\",\"inLanguage\":\"en-US\",\"@id\":\"https:\/\/btpmarket.ma\/#\/schema\/logo\/image\/\",\"url\":\"https:\/\/btpmarket.ma\/wp-content\/uploads\/2024\/05\/Asset-1.png\",\"contentUrl\":\"https:\/\/btpmarket.ma\/wp-content\/uploads\/2024\/05\/Asset-1.png\",\"width\":1000,\"height\":411,\"caption\":\"btpmarket\"},\"image\":{\"@id\":\"https:\/\/btpmarket.ma\/#\/schema\/logo\/image\/\"}}]}<\/script>\n<!-- \/ Yoast SEO plugin. -->","yoast_head_json":{"title":"Charni\u00e8re de porte en verre 90\u00b0 - btpmarket","robots":{"index":"index","follow":"follow","max-snippet":"max-snippet:-1","max-image-preview":"max-image-preview:large","max-video-preview":"max-video-preview:-1"},"canonical":"https:\/\/btpmarket.ma\/?product=charniere-de-porte-en-verre-90","og_locale":"en_US","og_type":"article","og_title":"Charni\u00e8re de porte en verre 90\u00b0 - btpmarket","og_description":"Charni\u00e8re pare douche centr\u00e9e sur platine pour fixation mur\/verre, ouverture \u00e0 90\u00b0 int\u00e9rieur \/ ext\u00e9rieur. Pour porte en verre d'\u00e9paisseur 8 \u00e0 12 mm","og_url":"https:\/\/btpmarket.ma\/?product=charniere-de-porte-en-verre-90","og_site_name":"btpmarket","og_image":[{"width":300,"height":300,"url":"https:\/\/btpmarket.ma\/wp-content\/uploads\/2024\/05\/1519734206s-l300.jpg","type":"image\/jpeg"}],"twitter_card":"summary_large_image","schema":{"@context":"https:\/\/schema.org","@graph":[{"@type":"WebPage","@id":"https:\/\/btpmarket.ma\/?product=charniere-de-porte-en-verre-90","url":"https:\/\/btpmarket.ma\/?product=charniere-de-porte-en-verre-90","name":"Charni\u00e8re de porte en verre 90\u00b0 - btpmarket","isPartOf":{"@id":"https:\/\/btpmarket.ma\/#website"},"primaryImageOfPage":{"@id":"https:\/\/btpmarket.ma\/?product=charniere-de-porte-en-verre-90#primaryimage"},"image":{"@id":"https:\/\/btpmarket.ma\/?product=charniere-de-porte-en-verre-90#primaryimage"},"thumbnailUrl":"https:\/\/btpmarket.ma\/wp-content\/uploads\/2024\/05\/1519734206s-l300.jpg","datePublished":"2024-05-30T16:51:23+00:00","dateModified":"2024-05-30T16:51:23+00:00","breadcrumb":{"@id":"https:\/\/btpmarket.ma\/?product=charniere-de-porte-en-verre-90#breadcrumb"},"inLanguage":"en-US","potentialAction":[{"@type":"ReadAction","target":["https:\/\/btpmarket.ma\/?product=charniere-de-porte-en-verre-90"]}]},{"@type":"ImageObject","inLanguage":"en-US","@id":"https:\/\/btpmarket.ma\/?product=charniere-de-porte-en-verre-90#primaryimage","url":"https:\/\/btpmarket.ma\/wp-content\/uploads\/2024\/05\/1519734206s-l300.jpg","contentUrl":"https:\/\/btpmarket.ma\/wp-content\/uploads\/2024\/05\/1519734206s-l300.jpg","width":300,"height":300},{"@type":"BreadcrumbList","@id":"https:\/\/btpmarket.ma\/?product=charniere-de-porte-en-verre-90#breadcrumb","itemListElement":[{"@type":"ListItem","position":1,"name":"Accueil","item":"https:\/\/btpmarket.ma\/"},{"@type":"ListItem","position":2,"name":"Products","item":"https:\/\/btpmarket.ma\/?post_type=product"},{"@type":"ListItem","position":3,"name":"QUINCAILLERIE","item":"https:\/\/btpmarket.ma\/?product_cat=quincaillerie"},{"@type":"ListItem","position":4,"name":"SYST\u00c8ME DE FIXATION","item":"https:\/\/btpmarket.ma\/?product_cat=systeme-de-fixation"},{"@type":"ListItem","position":5,"name":"Charni\u00e8re de porte en verre 90\u00b0"}]},{"@type":"WebSite","@id":"https:\/\/btpmarket.ma\/#website","url":"https:\/\/btpmarket.ma\/","name":"btpmarket","description":"","publisher":{"@id":"https:\/\/btpmarket.ma\/#organization"},"potentialAction":[{"@type":"SearchAction","target":{"@type":"EntryPoint","urlTemplate":"https:\/\/btpmarket.ma\/?s={search_term_string}"},"query-input":"required name=search_term_string"}],"inLanguage":"en-US"},{"@type":"Organization","@id":"https:\/\/btpmarket.ma\/#organization","name":"btpmarket","url":"https:\/\/btpmarket.ma\/","logo":{"@type":"ImageObject","inLanguage":"en-US","@id":"https:\/\/btpmarket.ma\/#\/schema\/logo\/image\/","url":"https:\/\/btpmarket.ma\/wp-content\/uploads\/2024\/05\/Asset-1.png","contentUrl":"https:\/\/btpmarket.ma\/wp-content\/uploads\/2024\/05\/Asset-1.png","width":1000,"height":411,"caption":"btpmarket"},"image":{"@id":"https:\/\/btpmarket.ma\/#\/schema\/logo\/image\/"}}]}},"_links":{"self":[{"href":"https:\/\/btpmarket.ma\/index.php?rest_route=\/wp\/v2\/product\/4900"}],"collection":[{"href":"https:\/\/btpmarket.ma\/index.php?rest_route=\/wp\/v2\/product"}],"about":[{"href":"https:\/\/btpmarket.ma\/index.php?rest_route=\/wp\/v2\/types\/product"}],"replies":[{"embeddable":true,"href":"https:\/\/btpmarket.ma\/index.php?rest_route=%2Fwp%2Fv2%2Fcomments&post=4900"}],"wp:featuredmedia":[{"embeddable":true,"href":"https:\/\/btpmarket.ma\/index.php?rest_route=\/wp\/v2\/media\/4901"}],"wp:attachment":[{"href":"https:\/\/btpmarket.ma\/index.php?rest_route=%2Fwp%2Fv2%2Fmedia&parent=4900"}],"wp:term":[{"taxonomy":"product_cat","embeddable":true,"href":"https:\/\/btpmarket.ma\/index.php?rest_route=%2Fwp%2Fv2%2Fproduct_cat&post=4900"},{"taxonomy":"product_tag","embeddable":true,"href":"https:\/\/btpmarket.ma\/index.php?rest_route=%2Fwp%2Fv2%2Fproduct_tag&post=4900"}],"curies":[{"name":"wp","href":"https:\/\/api.w.org\/{rel}","templated":true}]}}