{"id":4902,"date":"2024-05-30T16:52:31","date_gmt":"2024-05-30T16:52:31","guid":{"rendered":"https:\/\/btpmarket.ma\/?post_type=product&#038;p=4902"},"modified":"2024-05-30T16:52:31","modified_gmt":"2024-05-30T16:52:31","slug":"charniere-de-porte-en-verre-135","status":"publish","type":"product","link":"https:\/\/btpmarket.ma\/?product=charniere-de-porte-en-verre-135","title":{"rendered":"Charni\u00e8re de porte en verre 135\u00b0"},"content":{"rendered":"<p>Charni\u00e8res de porte de douche en acier inoxydable<\/p>\n<p><strong>Mat\u00e9riau:\u00a0<\/strong>Acier inoxydable<\/p>\n<p><strong>Taille:\u00a0<\/strong>89 * 53mm<\/p>\n<p><strong>Surface:<\/strong>\u00a0Satin \/ chrome<\/p>\n","protected":false},"excerpt":{"rendered":"<p>Charni\u00e8re de porte int\u00e9rieure en acier inoxydable de haute qualit\u00e9, r\u00e9sistante \u00e0 la corrosion et durable<br \/>\nCharni\u00e8re de porte int\u00e9rieure avec ex\u00e9cution exquise.<\/p>\n","protected":false},"featured_media":4903,"comment_status":"open","ping_status":"closed","template":"","meta":{"_acf_changed":false},"product_cat":[26,322],"product_tag":[],"acf":[],"yoast_head":"<!-- This site is optimized with the Yoast SEO plugin v22.7 - https:\/\/yoast.com\/wordpress\/plugins\/seo\/ -->\n<title>Charni\u00e8re de porte en verre 135\u00b0 - btpmarket<\/title>\n<meta name=\"robots\" content=\"index, follow, max-snippet:-1, max-image-preview:large, max-video-preview:-1\" \/>\n<link rel=\"canonical\" href=\"https:\/\/btpmarket.ma\/?product=charniere-de-porte-en-verre-135\" \/>\n<meta property=\"og:locale\" content=\"en_US\" \/>\n<meta property=\"og:type\" content=\"article\" \/>\n<meta property=\"og:title\" content=\"Charni\u00e8re de porte en verre 135\u00b0 - btpmarket\" \/>\n<meta property=\"og:description\" content=\"Charni\u00e8re de porte int\u00e9rieure en acier inoxydable de haute qualit\u00e9, r\u00e9sistante \u00e0 la corrosion et durable Charni\u00e8re de porte int\u00e9rieure avec ex\u00e9cution exquise.\" \/>\n<meta property=\"og:url\" content=\"https:\/\/btpmarket.ma\/?product=charniere-de-porte-en-verre-135\" \/>\n<meta property=\"og:site_name\" content=\"btpmarket\" \/>\n<meta property=\"og:image\" content=\"https:\/\/btpmarket.ma\/wp-content\/uploads\/2024\/05\/1519726409Interiordoorhingeweightsupport.jpg\" \/>\n\t<meta property=\"og:image:width\" content=\"600\" \/>\n\t<meta property=\"og:image:height\" content=\"405\" \/>\n\t<meta property=\"og:image:type\" content=\"image\/jpeg\" \/>\n<meta name=\"twitter:card\" content=\"summary_large_image\" \/>\n<script type=\"application\/ld+json\" class=\"yoast-schema-graph\">{\"@context\":\"https:\/\/schema.org\",\"@graph\":[{\"@type\":\"WebPage\",\"@id\":\"https:\/\/btpmarket.ma\/?product=charniere-de-porte-en-verre-135\",\"url\":\"https:\/\/btpmarket.ma\/?product=charniere-de-porte-en-verre-135\",\"name\":\"Charni\u00e8re de porte en verre 135\u00b0 - btpmarket\",\"isPartOf\":{\"@id\":\"https:\/\/btpmarket.ma\/#website\"},\"primaryImageOfPage\":{\"@id\":\"https:\/\/btpmarket.ma\/?product=charniere-de-porte-en-verre-135#primaryimage\"},\"image\":{\"@id\":\"https:\/\/btpmarket.ma\/?product=charniere-de-porte-en-verre-135#primaryimage\"},\"thumbnailUrl\":\"https:\/\/btpmarket.ma\/wp-content\/uploads\/2024\/05\/1519726409Interiordoorhingeweightsupport.jpg\",\"datePublished\":\"2024-05-30T16:52:31+00:00\",\"dateModified\":\"2024-05-30T16:52:31+00:00\",\"breadcrumb\":{\"@id\":\"https:\/\/btpmarket.ma\/?product=charniere-de-porte-en-verre-135#breadcrumb\"},\"inLanguage\":\"en-US\",\"potentialAction\":[{\"@type\":\"ReadAction\",\"target\":[\"https:\/\/btpmarket.ma\/?product=charniere-de-porte-en-verre-135\"]}]},{\"@type\":\"ImageObject\",\"inLanguage\":\"en-US\",\"@id\":\"https:\/\/btpmarket.ma\/?product=charniere-de-porte-en-verre-135#primaryimage\",\"url\":\"https:\/\/btpmarket.ma\/wp-content\/uploads\/2024\/05\/1519726409Interiordoorhingeweightsupport.jpg\",\"contentUrl\":\"https:\/\/btpmarket.ma\/wp-content\/uploads\/2024\/05\/1519726409Interiordoorhingeweightsupport.jpg\",\"width\":600,\"height\":405},{\"@type\":\"BreadcrumbList\",\"@id\":\"https:\/\/btpmarket.ma\/?product=charniere-de-porte-en-verre-135#breadcrumb\",\"itemListElement\":[{\"@type\":\"ListItem\",\"position\":1,\"name\":\"Accueil\",\"item\":\"https:\/\/btpmarket.ma\/\"},{\"@type\":\"ListItem\",\"position\":2,\"name\":\"Products\",\"item\":\"https:\/\/btpmarket.ma\/?post_type=product\"},{\"@type\":\"ListItem\",\"position\":3,\"name\":\"QUINCAILLERIE\",\"item\":\"https:\/\/btpmarket.ma\/?product_cat=quincaillerie\"},{\"@type\":\"ListItem\",\"position\":4,\"name\":\"SYST\u00c8ME DE FIXATION\",\"item\":\"https:\/\/btpmarket.ma\/?product_cat=systeme-de-fixation\"},{\"@type\":\"ListItem\",\"position\":5,\"name\":\"Charni\u00e8re de porte en verre 135\u00b0\"}]},{\"@type\":\"WebSite\",\"@id\":\"https:\/\/btpmarket.ma\/#website\",\"url\":\"https:\/\/btpmarket.ma\/\",\"name\":\"btpmarket\",\"description\":\"\",\"publisher\":{\"@id\":\"https:\/\/btpmarket.ma\/#organization\"},\"potentialAction\":[{\"@type\":\"SearchAction\",\"target\":{\"@type\":\"EntryPoint\",\"urlTemplate\":\"https:\/\/btpmarket.ma\/?s={search_term_string}\"},\"query-input\":\"required name=search_term_string\"}],\"inLanguage\":\"en-US\"},{\"@type\":\"Organization\",\"@id\":\"https:\/\/btpmarket.ma\/#organization\",\"name\":\"btpmarket\",\"url\":\"https:\/\/btpmarket.ma\/\",\"logo\":{\"@type\":\"ImageObject\",\"inLanguage\":\"en-US\",\"@id\":\"https:\/\/btpmarket.ma\/#\/schema\/logo\/image\/\",\"url\":\"https:\/\/btpmarket.ma\/wp-content\/uploads\/2024\/05\/Asset-1.png\",\"contentUrl\":\"https:\/\/btpmarket.ma\/wp-content\/uploads\/2024\/05\/Asset-1.png\",\"width\":1000,\"height\":411,\"caption\":\"btpmarket\"},\"image\":{\"@id\":\"https:\/\/btpmarket.ma\/#\/schema\/logo\/image\/\"}}]}<\/script>\n<!-- \/ Yoast SEO plugin. -->","yoast_head_json":{"title":"Charni\u00e8re de porte en verre 135\u00b0 - btpmarket","robots":{"index":"index","follow":"follow","max-snippet":"max-snippet:-1","max-image-preview":"max-image-preview:large","max-video-preview":"max-video-preview:-1"},"canonical":"https:\/\/btpmarket.ma\/?product=charniere-de-porte-en-verre-135","og_locale":"en_US","og_type":"article","og_title":"Charni\u00e8re de porte en verre 135\u00b0 - btpmarket","og_description":"Charni\u00e8re de porte int\u00e9rieure en acier inoxydable de haute qualit\u00e9, r\u00e9sistante \u00e0 la corrosion et durable Charni\u00e8re de porte int\u00e9rieure avec ex\u00e9cution exquise.","og_url":"https:\/\/btpmarket.ma\/?product=charniere-de-porte-en-verre-135","og_site_name":"btpmarket","og_image":[{"width":600,"height":405,"url":"https:\/\/btpmarket.ma\/wp-content\/uploads\/2024\/05\/1519726409Interiordoorhingeweightsupport.jpg","type":"image\/jpeg"}],"twitter_card":"summary_large_image","schema":{"@context":"https:\/\/schema.org","@graph":[{"@type":"WebPage","@id":"https:\/\/btpmarket.ma\/?product=charniere-de-porte-en-verre-135","url":"https:\/\/btpmarket.ma\/?product=charniere-de-porte-en-verre-135","name":"Charni\u00e8re de porte en verre 135\u00b0 - btpmarket","isPartOf":{"@id":"https:\/\/btpmarket.ma\/#website"},"primaryImageOfPage":{"@id":"https:\/\/btpmarket.ma\/?product=charniere-de-porte-en-verre-135#primaryimage"},"image":{"@id":"https:\/\/btpmarket.ma\/?product=charniere-de-porte-en-verre-135#primaryimage"},"thumbnailUrl":"https:\/\/btpmarket.ma\/wp-content\/uploads\/2024\/05\/1519726409Interiordoorhingeweightsupport.jpg","datePublished":"2024-05-30T16:52:31+00:00","dateModified":"2024-05-30T16:52:31+00:00","breadcrumb":{"@id":"https:\/\/btpmarket.ma\/?product=charniere-de-porte-en-verre-135#breadcrumb"},"inLanguage":"en-US","potentialAction":[{"@type":"ReadAction","target":["https:\/\/btpmarket.ma\/?product=charniere-de-porte-en-verre-135"]}]},{"@type":"ImageObject","inLanguage":"en-US","@id":"https:\/\/btpmarket.ma\/?product=charniere-de-porte-en-verre-135#primaryimage","url":"https:\/\/btpmarket.ma\/wp-content\/uploads\/2024\/05\/1519726409Interiordoorhingeweightsupport.jpg","contentUrl":"https:\/\/btpmarket.ma\/wp-content\/uploads\/2024\/05\/1519726409Interiordoorhingeweightsupport.jpg","width":600,"height":405},{"@type":"BreadcrumbList","@id":"https:\/\/btpmarket.ma\/?product=charniere-de-porte-en-verre-135#breadcrumb","itemListElement":[{"@type":"ListItem","position":1,"name":"Accueil","item":"https:\/\/btpmarket.ma\/"},{"@type":"ListItem","position":2,"name":"Products","item":"https:\/\/btpmarket.ma\/?post_type=product"},{"@type":"ListItem","position":3,"name":"QUINCAILLERIE","item":"https:\/\/btpmarket.ma\/?product_cat=quincaillerie"},{"@type":"ListItem","position":4,"name":"SYST\u00c8ME DE FIXATION","item":"https:\/\/btpmarket.ma\/?product_cat=systeme-de-fixation"},{"@type":"ListItem","position":5,"name":"Charni\u00e8re de porte en verre 135\u00b0"}]},{"@type":"WebSite","@id":"https:\/\/btpmarket.ma\/#website","url":"https:\/\/btpmarket.ma\/","name":"btpmarket","description":"","publisher":{"@id":"https:\/\/btpmarket.ma\/#organization"},"potentialAction":[{"@type":"SearchAction","target":{"@type":"EntryPoint","urlTemplate":"https:\/\/btpmarket.ma\/?s={search_term_string}"},"query-input":"required name=search_term_string"}],"inLanguage":"en-US"},{"@type":"Organization","@id":"https:\/\/btpmarket.ma\/#organization","name":"btpmarket","url":"https:\/\/btpmarket.ma\/","logo":{"@type":"ImageObject","inLanguage":"en-US","@id":"https:\/\/btpmarket.ma\/#\/schema\/logo\/image\/","url":"https:\/\/btpmarket.ma\/wp-content\/uploads\/2024\/05\/Asset-1.png","contentUrl":"https:\/\/btpmarket.ma\/wp-content\/uploads\/2024\/05\/Asset-1.png","width":1000,"height":411,"caption":"btpmarket"},"image":{"@id":"https:\/\/btpmarket.ma\/#\/schema\/logo\/image\/"}}]}},"_links":{"self":[{"href":"https:\/\/btpmarket.ma\/index.php?rest_route=\/wp\/v2\/product\/4902"}],"collection":[{"href":"https:\/\/btpmarket.ma\/index.php?rest_route=\/wp\/v2\/product"}],"about":[{"href":"https:\/\/btpmarket.ma\/index.php?rest_route=\/wp\/v2\/types\/product"}],"replies":[{"embeddable":true,"href":"https:\/\/btpmarket.ma\/index.php?rest_route=%2Fwp%2Fv2%2Fcomments&post=4902"}],"wp:featuredmedia":[{"embeddable":true,"href":"https:\/\/btpmarket.ma\/index.php?rest_route=\/wp\/v2\/media\/4903"}],"wp:attachment":[{"href":"https:\/\/btpmarket.ma\/index.php?rest_route=%2Fwp%2Fv2%2Fmedia&parent=4902"}],"wp:term":[{"taxonomy":"product_cat","embeddable":true,"href":"https:\/\/btpmarket.ma\/index.php?rest_route=%2Fwp%2Fv2%2Fproduct_cat&post=4902"},{"taxonomy":"product_tag","embeddable":true,"href":"https:\/\/btpmarket.ma\/index.php?rest_route=%2Fwp%2Fv2%2Fproduct_tag&post=4902"}],"curies":[{"name":"wp","href":"https:\/\/api.w.org\/{rel}","templated":true}]}}