{"id":4906,"date":"2024-05-30T16:56:48","date_gmt":"2024-05-30T16:56:48","guid":{"rendered":"https:\/\/btpmarket.ma\/?post_type=product&#038;p=4906"},"modified":"2024-05-30T16:57:12","modified_gmt":"2024-05-30T16:57:12","slug":"pince-de-verre-en-alliage-de-zinc","status":"publish","type":"product","link":"https:\/\/btpmarket.ma\/?product=pince-de-verre-en-alliage-de-zinc","title":{"rendered":"Pince de verre en alliage de zinc"},"content":{"rendered":"<p><strong>Mat\u00e9riau<\/strong>: Alliage de zinc<\/p>\n<p><strong>Taille<\/strong>: 18* 20mm<\/p>\n<p><strong>Poids<\/strong>: 19g \/ pc<\/p>\n<p><strong>Maintenez le verre:<\/strong>\u00a08-10mm<\/p>\n","protected":false},"excerpt":{"rendered":"<p>Pour les \u00e9tag\u00e8res de verre 6 \u00e0 8 mm d&#8217;\u00e9paisseur et haute qualit\u00e9 Mat\u00e9riel: alliage de zinc<\/p>\n","protected":false},"featured_media":4909,"comment_status":"open","ping_status":"closed","template":"","meta":{"_acf_changed":false},"product_cat":[26,322],"product_tag":[],"acf":[],"yoast_head":"<!-- This site is optimized with the Yoast SEO plugin v22.7 - https:\/\/yoast.com\/wordpress\/plugins\/seo\/ -->\n<title>Pince de verre en alliage de zinc - btpmarket<\/title>\n<meta name=\"robots\" content=\"index, follow, max-snippet:-1, max-image-preview:large, max-video-preview:-1\" \/>\n<link rel=\"canonical\" href=\"https:\/\/btpmarket.ma\/?product=pince-de-verre-en-alliage-de-zinc\" \/>\n<meta property=\"og:locale\" content=\"en_US\" \/>\n<meta property=\"og:type\" content=\"article\" \/>\n<meta property=\"og:title\" content=\"Pince de verre en alliage de zinc - btpmarket\" \/>\n<meta property=\"og:description\" content=\"Pour les \u00e9tag\u00e8res de verre 6 \u00e0 8 mm d&#039;\u00e9paisseur et haute qualit\u00e9 Mat\u00e9riel: alliage de zinc\" \/>\n<meta property=\"og:url\" content=\"https:\/\/btpmarket.ma\/?product=pince-de-verre-en-alliage-de-zinc\" \/>\n<meta property=\"og:site_name\" content=\"btpmarket\" \/>\n<meta property=\"article:modified_time\" content=\"2024-05-30T16:57:12+00:00\" \/>\n<meta property=\"og:image\" content=\"https:\/\/btpmarket.ma\/wp-content\/uploads\/2024\/05\/151972686513001glassholder-cb6da.jpg\" \/>\n\t<meta property=\"og:image:width\" content=\"497\" \/>\n\t<meta property=\"og:image:height\" content=\"391\" \/>\n\t<meta property=\"og:image:type\" content=\"image\/jpeg\" \/>\n<meta name=\"twitter:card\" content=\"summary_large_image\" \/>\n<script type=\"application\/ld+json\" class=\"yoast-schema-graph\">{\"@context\":\"https:\/\/schema.org\",\"@graph\":[{\"@type\":\"WebPage\",\"@id\":\"https:\/\/btpmarket.ma\/?product=pince-de-verre-en-alliage-de-zinc\",\"url\":\"https:\/\/btpmarket.ma\/?product=pince-de-verre-en-alliage-de-zinc\",\"name\":\"Pince de verre en alliage de zinc - btpmarket\",\"isPartOf\":{\"@id\":\"https:\/\/btpmarket.ma\/#website\"},\"primaryImageOfPage\":{\"@id\":\"https:\/\/btpmarket.ma\/?product=pince-de-verre-en-alliage-de-zinc#primaryimage\"},\"image\":{\"@id\":\"https:\/\/btpmarket.ma\/?product=pince-de-verre-en-alliage-de-zinc#primaryimage\"},\"thumbnailUrl\":\"https:\/\/btpmarket.ma\/wp-content\/uploads\/2024\/05\/151972686513001glassholder-cb6da.jpg\",\"datePublished\":\"2024-05-30T16:56:48+00:00\",\"dateModified\":\"2024-05-30T16:57:12+00:00\",\"breadcrumb\":{\"@id\":\"https:\/\/btpmarket.ma\/?product=pince-de-verre-en-alliage-de-zinc#breadcrumb\"},\"inLanguage\":\"en-US\",\"potentialAction\":[{\"@type\":\"ReadAction\",\"target\":[\"https:\/\/btpmarket.ma\/?product=pince-de-verre-en-alliage-de-zinc\"]}]},{\"@type\":\"ImageObject\",\"inLanguage\":\"en-US\",\"@id\":\"https:\/\/btpmarket.ma\/?product=pince-de-verre-en-alliage-de-zinc#primaryimage\",\"url\":\"https:\/\/btpmarket.ma\/wp-content\/uploads\/2024\/05\/151972686513001glassholder-cb6da.jpg\",\"contentUrl\":\"https:\/\/btpmarket.ma\/wp-content\/uploads\/2024\/05\/151972686513001glassholder-cb6da.jpg\",\"width\":497,\"height\":391},{\"@type\":\"BreadcrumbList\",\"@id\":\"https:\/\/btpmarket.ma\/?product=pince-de-verre-en-alliage-de-zinc#breadcrumb\",\"itemListElement\":[{\"@type\":\"ListItem\",\"position\":1,\"name\":\"Accueil\",\"item\":\"https:\/\/btpmarket.ma\/\"},{\"@type\":\"ListItem\",\"position\":2,\"name\":\"Products\",\"item\":\"https:\/\/btpmarket.ma\/?post_type=product\"},{\"@type\":\"ListItem\",\"position\":3,\"name\":\"QUINCAILLERIE\",\"item\":\"https:\/\/btpmarket.ma\/?product_cat=quincaillerie\"},{\"@type\":\"ListItem\",\"position\":4,\"name\":\"SYST\u00c8ME DE FIXATION\",\"item\":\"https:\/\/btpmarket.ma\/?product_cat=systeme-de-fixation\"},{\"@type\":\"ListItem\",\"position\":5,\"name\":\"Pince de verre en alliage de zinc\"}]},{\"@type\":\"WebSite\",\"@id\":\"https:\/\/btpmarket.ma\/#website\",\"url\":\"https:\/\/btpmarket.ma\/\",\"name\":\"btpmarket\",\"description\":\"\",\"publisher\":{\"@id\":\"https:\/\/btpmarket.ma\/#organization\"},\"potentialAction\":[{\"@type\":\"SearchAction\",\"target\":{\"@type\":\"EntryPoint\",\"urlTemplate\":\"https:\/\/btpmarket.ma\/?s={search_term_string}\"},\"query-input\":\"required name=search_term_string\"}],\"inLanguage\":\"en-US\"},{\"@type\":\"Organization\",\"@id\":\"https:\/\/btpmarket.ma\/#organization\",\"name\":\"btpmarket\",\"url\":\"https:\/\/btpmarket.ma\/\",\"logo\":{\"@type\":\"ImageObject\",\"inLanguage\":\"en-US\",\"@id\":\"https:\/\/btpmarket.ma\/#\/schema\/logo\/image\/\",\"url\":\"https:\/\/btpmarket.ma\/wp-content\/uploads\/2024\/05\/Asset-1.png\",\"contentUrl\":\"https:\/\/btpmarket.ma\/wp-content\/uploads\/2024\/05\/Asset-1.png\",\"width\":1000,\"height\":411,\"caption\":\"btpmarket\"},\"image\":{\"@id\":\"https:\/\/btpmarket.ma\/#\/schema\/logo\/image\/\"}}]}<\/script>\n<!-- \/ Yoast SEO plugin. -->","yoast_head_json":{"title":"Pince de verre en alliage de zinc - btpmarket","robots":{"index":"index","follow":"follow","max-snippet":"max-snippet:-1","max-image-preview":"max-image-preview:large","max-video-preview":"max-video-preview:-1"},"canonical":"https:\/\/btpmarket.ma\/?product=pince-de-verre-en-alliage-de-zinc","og_locale":"en_US","og_type":"article","og_title":"Pince de verre en alliage de zinc - btpmarket","og_description":"Pour les \u00e9tag\u00e8res de verre 6 \u00e0 8 mm d'\u00e9paisseur et haute qualit\u00e9 Mat\u00e9riel: alliage de zinc","og_url":"https:\/\/btpmarket.ma\/?product=pince-de-verre-en-alliage-de-zinc","og_site_name":"btpmarket","article_modified_time":"2024-05-30T16:57:12+00:00","og_image":[{"width":497,"height":391,"url":"https:\/\/btpmarket.ma\/wp-content\/uploads\/2024\/05\/151972686513001glassholder-cb6da.jpg","type":"image\/jpeg"}],"twitter_card":"summary_large_image","schema":{"@context":"https:\/\/schema.org","@graph":[{"@type":"WebPage","@id":"https:\/\/btpmarket.ma\/?product=pince-de-verre-en-alliage-de-zinc","url":"https:\/\/btpmarket.ma\/?product=pince-de-verre-en-alliage-de-zinc","name":"Pince de verre en alliage de zinc - btpmarket","isPartOf":{"@id":"https:\/\/btpmarket.ma\/#website"},"primaryImageOfPage":{"@id":"https:\/\/btpmarket.ma\/?product=pince-de-verre-en-alliage-de-zinc#primaryimage"},"image":{"@id":"https:\/\/btpmarket.ma\/?product=pince-de-verre-en-alliage-de-zinc#primaryimage"},"thumbnailUrl":"https:\/\/btpmarket.ma\/wp-content\/uploads\/2024\/05\/151972686513001glassholder-cb6da.jpg","datePublished":"2024-05-30T16:56:48+00:00","dateModified":"2024-05-30T16:57:12+00:00","breadcrumb":{"@id":"https:\/\/btpmarket.ma\/?product=pince-de-verre-en-alliage-de-zinc#breadcrumb"},"inLanguage":"en-US","potentialAction":[{"@type":"ReadAction","target":["https:\/\/btpmarket.ma\/?product=pince-de-verre-en-alliage-de-zinc"]}]},{"@type":"ImageObject","inLanguage":"en-US","@id":"https:\/\/btpmarket.ma\/?product=pince-de-verre-en-alliage-de-zinc#primaryimage","url":"https:\/\/btpmarket.ma\/wp-content\/uploads\/2024\/05\/151972686513001glassholder-cb6da.jpg","contentUrl":"https:\/\/btpmarket.ma\/wp-content\/uploads\/2024\/05\/151972686513001glassholder-cb6da.jpg","width":497,"height":391},{"@type":"BreadcrumbList","@id":"https:\/\/btpmarket.ma\/?product=pince-de-verre-en-alliage-de-zinc#breadcrumb","itemListElement":[{"@type":"ListItem","position":1,"name":"Accueil","item":"https:\/\/btpmarket.ma\/"},{"@type":"ListItem","position":2,"name":"Products","item":"https:\/\/btpmarket.ma\/?post_type=product"},{"@type":"ListItem","position":3,"name":"QUINCAILLERIE","item":"https:\/\/btpmarket.ma\/?product_cat=quincaillerie"},{"@type":"ListItem","position":4,"name":"SYST\u00c8ME DE FIXATION","item":"https:\/\/btpmarket.ma\/?product_cat=systeme-de-fixation"},{"@type":"ListItem","position":5,"name":"Pince de verre en alliage de zinc"}]},{"@type":"WebSite","@id":"https:\/\/btpmarket.ma\/#website","url":"https:\/\/btpmarket.ma\/","name":"btpmarket","description":"","publisher":{"@id":"https:\/\/btpmarket.ma\/#organization"},"potentialAction":[{"@type":"SearchAction","target":{"@type":"EntryPoint","urlTemplate":"https:\/\/btpmarket.ma\/?s={search_term_string}"},"query-input":"required name=search_term_string"}],"inLanguage":"en-US"},{"@type":"Organization","@id":"https:\/\/btpmarket.ma\/#organization","name":"btpmarket","url":"https:\/\/btpmarket.ma\/","logo":{"@type":"ImageObject","inLanguage":"en-US","@id":"https:\/\/btpmarket.ma\/#\/schema\/logo\/image\/","url":"https:\/\/btpmarket.ma\/wp-content\/uploads\/2024\/05\/Asset-1.png","contentUrl":"https:\/\/btpmarket.ma\/wp-content\/uploads\/2024\/05\/Asset-1.png","width":1000,"height":411,"caption":"btpmarket"},"image":{"@id":"https:\/\/btpmarket.ma\/#\/schema\/logo\/image\/"}}]}},"_links":{"self":[{"href":"https:\/\/btpmarket.ma\/index.php?rest_route=\/wp\/v2\/product\/4906"}],"collection":[{"href":"https:\/\/btpmarket.ma\/index.php?rest_route=\/wp\/v2\/product"}],"about":[{"href":"https:\/\/btpmarket.ma\/index.php?rest_route=\/wp\/v2\/types\/product"}],"replies":[{"embeddable":true,"href":"https:\/\/btpmarket.ma\/index.php?rest_route=%2Fwp%2Fv2%2Fcomments&post=4906"}],"wp:featuredmedia":[{"embeddable":true,"href":"https:\/\/btpmarket.ma\/index.php?rest_route=\/wp\/v2\/media\/4909"}],"wp:attachment":[{"href":"https:\/\/btpmarket.ma\/index.php?rest_route=%2Fwp%2Fv2%2Fmedia&parent=4906"}],"wp:term":[{"taxonomy":"product_cat","embeddable":true,"href":"https:\/\/btpmarket.ma\/index.php?rest_route=%2Fwp%2Fv2%2Fproduct_cat&post=4906"},{"taxonomy":"product_tag","embeddable":true,"href":"https:\/\/btpmarket.ma\/index.php?rest_route=%2Fwp%2Fv2%2Fproduct_tag&post=4906"}],"curies":[{"name":"wp","href":"https:\/\/api.w.org\/{rel}","templated":true}]}}