{"id":4915,"date":"2024-05-30T17:05:15","date_gmt":"2024-05-30T17:05:15","guid":{"rendered":"https:\/\/btpmarket.ma\/?post_type=product&#038;p=4915"},"modified":"2024-05-30T17:51:02","modified_gmt":"2024-05-30T17:51:02","slug":"insulit-bi9","status":"publish","type":"product","link":"https:\/\/btpmarket.ma\/?product=insulit-bi9","title":{"rendered":"Insulit Bi+9"},"content":{"rendered":"<p><strong>\u00c9paisseur\u00a0<\/strong>: \u00a0\u00b1 9 mm *<br \/>\n<strong>Couleur :\u00a0<\/strong>M\u00e9tallis\u00e9 \/ bleu \/ blanc<br \/>\n<strong>Mat\u00e9riaux : \u00a0<\/strong>Polyol\u00e9fine r\u00e9ticul\u00e9e physiquement<br \/>\n<strong>Feutre :\u00a0<\/strong>non tiss\u00e9 polyester<br \/>\n<strong>Poids\u00a0total<\/strong>\u00a0: \u00a0\u00b1 300 g\/m\u00b2<br \/>\n<strong>Valeur :\u00a0<\/strong>\u03bb 0,0356 W\/m K \u00e0 10\u00b0C (mousse)<br \/>\n0,0353 W\/m K \u00e0 10\u00b0C (feutre)<br \/>\n<strong>Compression : \u00a0<\/strong>\u00b1 15 % sous 2 kPa*<br \/>\n<strong>Raideur dynamique :<\/strong>\u00a0s\u2019t = 3,17 MN\/m\u00b3<br \/>\n<strong>Rapports CSTC :\u00a0<\/strong>\u00a0DE 631x A651b &#8211; DE 631x A747 &#8211;\u00a0DE 631x A500<br \/>\n<strong>Format rouleaux : \u00a0<\/strong>30 m x 1,50 m<br \/>\n<strong>Recouvrement : \u00a0<\/strong>inclus et auto-collant (\u00b1 10 cm)<\/p>\n<p><strong>Structure &amp; performance :\u00a0<\/strong><\/p>\n<hr \/>\n<table border=\"1\" cellspacing=\"1\" cellpadding=\"1\">\n<tbody>\n<tr>\n<td><img decoding=\"async\" src=\"http:\/\/btpmarket.com\/docs\/structurebi9.jpg\" alt=\"\" \/><\/td>\n<\/tr>\n<\/tbody>\n<\/table>\n","protected":false},"excerpt":{"rendered":"<p>Insulit Bi+9 est constitu\u00e9 d\u2019un film aluminis\u00e9 r\u00e9fl\u00e9chissant tr\u00e8s r\u00e9sistant et d\u2019une double structure \u00e0 ressort feutre + mousse pour une efficacit\u00e9 assur\u00e9e. Le feutre permet de corriger les basses fr\u00e9quences de 100 \u00e0 500 Hz et la mousse corrige les moyennes et hautes fr\u00e9quences de 500 Hz \u00e0 5000 Hz.<\/p>\n","protected":false},"featured_media":4917,"comment_status":"open","ping_status":"closed","template":"","meta":{"_acf_changed":false},"product_cat":[27,317],"product_tag":[],"acf":[],"yoast_head":"<!-- This site is optimized with the Yoast SEO plugin v22.7 - https:\/\/yoast.com\/wordpress\/plugins\/seo\/ -->\n<title>Insulit Bi+9 - btpmarket<\/title>\n<meta name=\"robots\" content=\"index, follow, max-snippet:-1, max-image-preview:large, max-video-preview:-1\" \/>\n<link rel=\"canonical\" href=\"https:\/\/btpmarket.ma\/?product=insulit-bi9\" \/>\n<meta property=\"og:locale\" content=\"en_US\" \/>\n<meta property=\"og:type\" content=\"article\" \/>\n<meta property=\"og:title\" content=\"Insulit Bi+9 - btpmarket\" \/>\n<meta property=\"og:description\" content=\"Insulit Bi+9 est constitu\u00e9 d\u2019un film aluminis\u00e9 r\u00e9fl\u00e9chissant tr\u00e8s r\u00e9sistant et d\u2019une double structure \u00e0 ressort feutre + mousse pour une efficacit\u00e9 assur\u00e9e. Le feutre permet de corriger les basses fr\u00e9quences de 100 \u00e0 500 Hz et la mousse corrige les moyennes et hautes fr\u00e9quences de 500 Hz \u00e0 5000 Hz.\" \/>\n<meta property=\"og:url\" content=\"https:\/\/btpmarket.ma\/?product=insulit-bi9\" \/>\n<meta property=\"og:site_name\" content=\"btpmarket\" \/>\n<meta property=\"article:modified_time\" content=\"2024-05-30T17:51:02+00:00\" \/>\n<meta property=\"og:image\" content=\"https:\/\/btpmarket.ma\/wp-content\/uploads\/2024\/05\/1476868471insulco_insulit_bi9_fr-1.jpg\" \/>\n\t<meta property=\"og:image:width\" content=\"315\" \/>\n\t<meta property=\"og:image:height\" content=\"523\" \/>\n\t<meta property=\"og:image:type\" content=\"image\/jpeg\" \/>\n<meta name=\"twitter:card\" content=\"summary_large_image\" \/>\n<script type=\"application\/ld+json\" class=\"yoast-schema-graph\">{\"@context\":\"https:\/\/schema.org\",\"@graph\":[{\"@type\":\"WebPage\",\"@id\":\"https:\/\/btpmarket.ma\/?product=insulit-bi9\",\"url\":\"https:\/\/btpmarket.ma\/?product=insulit-bi9\",\"name\":\"Insulit Bi+9 - btpmarket\",\"isPartOf\":{\"@id\":\"https:\/\/btpmarket.ma\/#website\"},\"primaryImageOfPage\":{\"@id\":\"https:\/\/btpmarket.ma\/?product=insulit-bi9#primaryimage\"},\"image\":{\"@id\":\"https:\/\/btpmarket.ma\/?product=insulit-bi9#primaryimage\"},\"thumbnailUrl\":\"https:\/\/btpmarket.ma\/wp-content\/uploads\/2024\/05\/1476868471insulco_insulit_bi9_fr-1.jpg\",\"datePublished\":\"2024-05-30T17:05:15+00:00\",\"dateModified\":\"2024-05-30T17:51:02+00:00\",\"breadcrumb\":{\"@id\":\"https:\/\/btpmarket.ma\/?product=insulit-bi9#breadcrumb\"},\"inLanguage\":\"en-US\",\"potentialAction\":[{\"@type\":\"ReadAction\",\"target\":[\"https:\/\/btpmarket.ma\/?product=insulit-bi9\"]}]},{\"@type\":\"ImageObject\",\"inLanguage\":\"en-US\",\"@id\":\"https:\/\/btpmarket.ma\/?product=insulit-bi9#primaryimage\",\"url\":\"https:\/\/btpmarket.ma\/wp-content\/uploads\/2024\/05\/1476868471insulco_insulit_bi9_fr-1.jpg\",\"contentUrl\":\"https:\/\/btpmarket.ma\/wp-content\/uploads\/2024\/05\/1476868471insulco_insulit_bi9_fr-1.jpg\",\"width\":315,\"height\":523},{\"@type\":\"BreadcrumbList\",\"@id\":\"https:\/\/btpmarket.ma\/?product=insulit-bi9#breadcrumb\",\"itemListElement\":[{\"@type\":\"ListItem\",\"position\":1,\"name\":\"Accueil\",\"item\":\"https:\/\/btpmarket.ma\/\"},{\"@type\":\"ListItem\",\"position\":2,\"name\":\"Products\",\"item\":\"https:\/\/btpmarket.ma\/?post_type=product\"},{\"@type\":\"ListItem\",\"position\":3,\"name\":\"ISOLANT ACOUSTIQUE\",\"item\":\"https:\/\/btpmarket.ma\/?product_cat=isolant-acoustique\"},{\"@type\":\"ListItem\",\"position\":4,\"name\":\"SOUS-COUCHES ACOUSTIQUES\",\"item\":\"https:\/\/btpmarket.ma\/?product_cat=sous-couches-acoustiques\"},{\"@type\":\"ListItem\",\"position\":5,\"name\":\"Insulit Bi+9\"}]},{\"@type\":\"WebSite\",\"@id\":\"https:\/\/btpmarket.ma\/#website\",\"url\":\"https:\/\/btpmarket.ma\/\",\"name\":\"btpmarket\",\"description\":\"\",\"publisher\":{\"@id\":\"https:\/\/btpmarket.ma\/#organization\"},\"potentialAction\":[{\"@type\":\"SearchAction\",\"target\":{\"@type\":\"EntryPoint\",\"urlTemplate\":\"https:\/\/btpmarket.ma\/?s={search_term_string}\"},\"query-input\":\"required name=search_term_string\"}],\"inLanguage\":\"en-US\"},{\"@type\":\"Organization\",\"@id\":\"https:\/\/btpmarket.ma\/#organization\",\"name\":\"btpmarket\",\"url\":\"https:\/\/btpmarket.ma\/\",\"logo\":{\"@type\":\"ImageObject\",\"inLanguage\":\"en-US\",\"@id\":\"https:\/\/btpmarket.ma\/#\/schema\/logo\/image\/\",\"url\":\"https:\/\/btpmarket.ma\/wp-content\/uploads\/2024\/05\/Asset-1.png\",\"contentUrl\":\"https:\/\/btpmarket.ma\/wp-content\/uploads\/2024\/05\/Asset-1.png\",\"width\":1000,\"height\":411,\"caption\":\"btpmarket\"},\"image\":{\"@id\":\"https:\/\/btpmarket.ma\/#\/schema\/logo\/image\/\"}}]}<\/script>\n<!-- \/ Yoast SEO plugin. -->","yoast_head_json":{"title":"Insulit Bi+9 - btpmarket","robots":{"index":"index","follow":"follow","max-snippet":"max-snippet:-1","max-image-preview":"max-image-preview:large","max-video-preview":"max-video-preview:-1"},"canonical":"https:\/\/btpmarket.ma\/?product=insulit-bi9","og_locale":"en_US","og_type":"article","og_title":"Insulit Bi+9 - btpmarket","og_description":"Insulit Bi+9 est constitu\u00e9 d\u2019un film aluminis\u00e9 r\u00e9fl\u00e9chissant tr\u00e8s r\u00e9sistant et d\u2019une double structure \u00e0 ressort feutre + mousse pour une efficacit\u00e9 assur\u00e9e. Le feutre permet de corriger les basses fr\u00e9quences de 100 \u00e0 500 Hz et la mousse corrige les moyennes et hautes fr\u00e9quences de 500 Hz \u00e0 5000 Hz.","og_url":"https:\/\/btpmarket.ma\/?product=insulit-bi9","og_site_name":"btpmarket","article_modified_time":"2024-05-30T17:51:02+00:00","og_image":[{"width":315,"height":523,"url":"https:\/\/btpmarket.ma\/wp-content\/uploads\/2024\/05\/1476868471insulco_insulit_bi9_fr-1.jpg","type":"image\/jpeg"}],"twitter_card":"summary_large_image","schema":{"@context":"https:\/\/schema.org","@graph":[{"@type":"WebPage","@id":"https:\/\/btpmarket.ma\/?product=insulit-bi9","url":"https:\/\/btpmarket.ma\/?product=insulit-bi9","name":"Insulit Bi+9 - btpmarket","isPartOf":{"@id":"https:\/\/btpmarket.ma\/#website"},"primaryImageOfPage":{"@id":"https:\/\/btpmarket.ma\/?product=insulit-bi9#primaryimage"},"image":{"@id":"https:\/\/btpmarket.ma\/?product=insulit-bi9#primaryimage"},"thumbnailUrl":"https:\/\/btpmarket.ma\/wp-content\/uploads\/2024\/05\/1476868471insulco_insulit_bi9_fr-1.jpg","datePublished":"2024-05-30T17:05:15+00:00","dateModified":"2024-05-30T17:51:02+00:00","breadcrumb":{"@id":"https:\/\/btpmarket.ma\/?product=insulit-bi9#breadcrumb"},"inLanguage":"en-US","potentialAction":[{"@type":"ReadAction","target":["https:\/\/btpmarket.ma\/?product=insulit-bi9"]}]},{"@type":"ImageObject","inLanguage":"en-US","@id":"https:\/\/btpmarket.ma\/?product=insulit-bi9#primaryimage","url":"https:\/\/btpmarket.ma\/wp-content\/uploads\/2024\/05\/1476868471insulco_insulit_bi9_fr-1.jpg","contentUrl":"https:\/\/btpmarket.ma\/wp-content\/uploads\/2024\/05\/1476868471insulco_insulit_bi9_fr-1.jpg","width":315,"height":523},{"@type":"BreadcrumbList","@id":"https:\/\/btpmarket.ma\/?product=insulit-bi9#breadcrumb","itemListElement":[{"@type":"ListItem","position":1,"name":"Accueil","item":"https:\/\/btpmarket.ma\/"},{"@type":"ListItem","position":2,"name":"Products","item":"https:\/\/btpmarket.ma\/?post_type=product"},{"@type":"ListItem","position":3,"name":"ISOLANT ACOUSTIQUE","item":"https:\/\/btpmarket.ma\/?product_cat=isolant-acoustique"},{"@type":"ListItem","position":4,"name":"SOUS-COUCHES ACOUSTIQUES","item":"https:\/\/btpmarket.ma\/?product_cat=sous-couches-acoustiques"},{"@type":"ListItem","position":5,"name":"Insulit Bi+9"}]},{"@type":"WebSite","@id":"https:\/\/btpmarket.ma\/#website","url":"https:\/\/btpmarket.ma\/","name":"btpmarket","description":"","publisher":{"@id":"https:\/\/btpmarket.ma\/#organization"},"potentialAction":[{"@type":"SearchAction","target":{"@type":"EntryPoint","urlTemplate":"https:\/\/btpmarket.ma\/?s={search_term_string}"},"query-input":"required name=search_term_string"}],"inLanguage":"en-US"},{"@type":"Organization","@id":"https:\/\/btpmarket.ma\/#organization","name":"btpmarket","url":"https:\/\/btpmarket.ma\/","logo":{"@type":"ImageObject","inLanguage":"en-US","@id":"https:\/\/btpmarket.ma\/#\/schema\/logo\/image\/","url":"https:\/\/btpmarket.ma\/wp-content\/uploads\/2024\/05\/Asset-1.png","contentUrl":"https:\/\/btpmarket.ma\/wp-content\/uploads\/2024\/05\/Asset-1.png","width":1000,"height":411,"caption":"btpmarket"},"image":{"@id":"https:\/\/btpmarket.ma\/#\/schema\/logo\/image\/"}}]}},"_links":{"self":[{"href":"https:\/\/btpmarket.ma\/index.php?rest_route=\/wp\/v2\/product\/4915"}],"collection":[{"href":"https:\/\/btpmarket.ma\/index.php?rest_route=\/wp\/v2\/product"}],"about":[{"href":"https:\/\/btpmarket.ma\/index.php?rest_route=\/wp\/v2\/types\/product"}],"replies":[{"embeddable":true,"href":"https:\/\/btpmarket.ma\/index.php?rest_route=%2Fwp%2Fv2%2Fcomments&post=4915"}],"wp:featuredmedia":[{"embeddable":true,"href":"https:\/\/btpmarket.ma\/index.php?rest_route=\/wp\/v2\/media\/4917"}],"wp:attachment":[{"href":"https:\/\/btpmarket.ma\/index.php?rest_route=%2Fwp%2Fv2%2Fmedia&parent=4915"}],"wp:term":[{"taxonomy":"product_cat","embeddable":true,"href":"https:\/\/btpmarket.ma\/index.php?rest_route=%2Fwp%2Fv2%2Fproduct_cat&post=4915"},{"taxonomy":"product_tag","embeddable":true,"href":"https:\/\/btpmarket.ma\/index.php?rest_route=%2Fwp%2Fv2%2Fproduct_tag&post=4915"}],"curies":[{"name":"wp","href":"https:\/\/api.w.org\/{rel}","templated":true}]}}