{"id":4916,"date":"2024-05-30T17:08:53","date_gmt":"2024-05-30T17:08:53","guid":{"rendered":"https:\/\/btpmarket.ma\/?post_type=product&#038;p=4916"},"modified":"2024-05-30T17:47:13","modified_gmt":"2024-05-30T17:47:13","slug":"insulit42","status":"publish","type":"product","link":"https:\/\/btpmarket.ma\/?product=insulit42","title":{"rendered":"Insulit4+2"},"content":{"rendered":"<p>Insulit 4+2 est une sous-couche acoustique destin\u00e9e \u00e0 limiter la transmission des bruits d\u2019impact et de choc entre \u00e9tages. Elle se place sous une chape flottante de minimum 5 cm d\u2019\u00e9paisseur. Insulit 4+2 est d\u00e9velopp\u00e9 et produit par Insulco, le sp\u00e9cialiste belge en sous-couches acoustiques depuis 25 ans. Elle dispose de rapports d\u2019essais r\u00e9cents suivant les crit\u00e8res rigoureux de la norme EN ISO 717-2.<\/p>\n<p>&nbsp;<\/p>\n<p><img decoding=\"async\" class=\"alignleft\" src=\"http:\/\/btpmarket.com\/docs\/Performance4+2.JPG\" alt=\"\" \/><\/p>\n","protected":false},"excerpt":{"rendered":"<p>Insulit 4+2 est constitu\u00e9 d\u2019une couche de \u00b12 mm d\u2019\u00e9paisseur de mousse de polyol\u00e9fine r\u00e9ticul\u00e9e physiquement \u00e0 cellules ferm\u00e9es associ\u00e9e \u00e0 un feutre acoustique \u00e0 faible rigidit\u00e9 dynamique de \u00b14 mm d\u2019\u00e9paisseur. L\u2019int\u00e9r\u00eat d\u2019avoir associ\u00e9 un feutre avec une mousse est de pouvoir couvrir une plage de fr\u00e9quences beaucoup plus large. Le feutre permet de corriger les basses fr\u00e9quences et la mousse corrige les moyennes et hautes fr\u00e9quences.<\/p>\n","protected":false},"featured_media":4922,"comment_status":"open","ping_status":"closed","template":"","meta":{"_acf_changed":false},"product_cat":[27,317],"product_tag":[],"acf":[],"yoast_head":"<!-- This site is optimized with the Yoast SEO plugin v22.7 - https:\/\/yoast.com\/wordpress\/plugins\/seo\/ -->\n<title>Insulit4+2 - btpmarket<\/title>\n<meta name=\"robots\" content=\"index, follow, max-snippet:-1, max-image-preview:large, max-video-preview:-1\" \/>\n<link rel=\"canonical\" href=\"https:\/\/btpmarket.ma\/?product=insulit42\" \/>\n<meta property=\"og:locale\" content=\"en_US\" \/>\n<meta property=\"og:type\" content=\"article\" \/>\n<meta property=\"og:title\" content=\"Insulit4+2 - btpmarket\" \/>\n<meta property=\"og:description\" content=\"Insulit 4+2 est constitu\u00e9 d\u2019une couche de \u00b12 mm d\u2019\u00e9paisseur de mousse de polyol\u00e9fine r\u00e9ticul\u00e9e physiquement \u00e0 cellules ferm\u00e9es associ\u00e9e \u00e0 un feutre acoustique \u00e0 faible rigidit\u00e9 dynamique de \u00b14 mm d\u2019\u00e9paisseur. L\u2019int\u00e9r\u00eat d\u2019avoir associ\u00e9 un feutre avec une mousse est de pouvoir couvrir une plage de fr\u00e9quences beaucoup plus large. Le feutre permet de corriger les basses fr\u00e9quences et la mousse corrige les moyennes et hautes fr\u00e9quences.\" \/>\n<meta property=\"og:url\" content=\"https:\/\/btpmarket.ma\/?product=insulit42\" \/>\n<meta property=\"og:site_name\" content=\"btpmarket\" \/>\n<meta property=\"article:modified_time\" content=\"2024-05-30T17:47:13+00:00\" \/>\n<meta property=\"og:image\" content=\"https:\/\/btpmarket.ma\/wp-content\/uploads\/2024\/05\/1455719278produit42.jpeg\" \/>\n\t<meta property=\"og:image:width\" content=\"700\" \/>\n\t<meta property=\"og:image:height\" content=\"649\" \/>\n\t<meta property=\"og:image:type\" content=\"image\/jpeg\" \/>\n<meta name=\"twitter:card\" content=\"summary_large_image\" \/>\n<script type=\"application\/ld+json\" class=\"yoast-schema-graph\">{\"@context\":\"https:\/\/schema.org\",\"@graph\":[{\"@type\":\"WebPage\",\"@id\":\"https:\/\/btpmarket.ma\/?product=insulit42\",\"url\":\"https:\/\/btpmarket.ma\/?product=insulit42\",\"name\":\"Insulit4+2 - btpmarket\",\"isPartOf\":{\"@id\":\"https:\/\/btpmarket.ma\/#website\"},\"primaryImageOfPage\":{\"@id\":\"https:\/\/btpmarket.ma\/?product=insulit42#primaryimage\"},\"image\":{\"@id\":\"https:\/\/btpmarket.ma\/?product=insulit42#primaryimage\"},\"thumbnailUrl\":\"https:\/\/btpmarket.ma\/wp-content\/uploads\/2024\/05\/1455719278produit42.jpeg\",\"datePublished\":\"2024-05-30T17:08:53+00:00\",\"dateModified\":\"2024-05-30T17:47:13+00:00\",\"breadcrumb\":{\"@id\":\"https:\/\/btpmarket.ma\/?product=insulit42#breadcrumb\"},\"inLanguage\":\"en-US\",\"potentialAction\":[{\"@type\":\"ReadAction\",\"target\":[\"https:\/\/btpmarket.ma\/?product=insulit42\"]}]},{\"@type\":\"ImageObject\",\"inLanguage\":\"en-US\",\"@id\":\"https:\/\/btpmarket.ma\/?product=insulit42#primaryimage\",\"url\":\"https:\/\/btpmarket.ma\/wp-content\/uploads\/2024\/05\/1455719278produit42.jpeg\",\"contentUrl\":\"https:\/\/btpmarket.ma\/wp-content\/uploads\/2024\/05\/1455719278produit42.jpeg\",\"width\":700,\"height\":649},{\"@type\":\"BreadcrumbList\",\"@id\":\"https:\/\/btpmarket.ma\/?product=insulit42#breadcrumb\",\"itemListElement\":[{\"@type\":\"ListItem\",\"position\":1,\"name\":\"Accueil\",\"item\":\"https:\/\/btpmarket.ma\/\"},{\"@type\":\"ListItem\",\"position\":2,\"name\":\"Products\",\"item\":\"https:\/\/btpmarket.ma\/?post_type=product\"},{\"@type\":\"ListItem\",\"position\":3,\"name\":\"ISOLANT ACOUSTIQUE\",\"item\":\"https:\/\/btpmarket.ma\/?product_cat=isolant-acoustique\"},{\"@type\":\"ListItem\",\"position\":4,\"name\":\"SOUS-COUCHES ACOUSTIQUES\",\"item\":\"https:\/\/btpmarket.ma\/?product_cat=sous-couches-acoustiques\"},{\"@type\":\"ListItem\",\"position\":5,\"name\":\"Insulit4+2\"}]},{\"@type\":\"WebSite\",\"@id\":\"https:\/\/btpmarket.ma\/#website\",\"url\":\"https:\/\/btpmarket.ma\/\",\"name\":\"btpmarket\",\"description\":\"\",\"publisher\":{\"@id\":\"https:\/\/btpmarket.ma\/#organization\"},\"potentialAction\":[{\"@type\":\"SearchAction\",\"target\":{\"@type\":\"EntryPoint\",\"urlTemplate\":\"https:\/\/btpmarket.ma\/?s={search_term_string}\"},\"query-input\":\"required name=search_term_string\"}],\"inLanguage\":\"en-US\"},{\"@type\":\"Organization\",\"@id\":\"https:\/\/btpmarket.ma\/#organization\",\"name\":\"btpmarket\",\"url\":\"https:\/\/btpmarket.ma\/\",\"logo\":{\"@type\":\"ImageObject\",\"inLanguage\":\"en-US\",\"@id\":\"https:\/\/btpmarket.ma\/#\/schema\/logo\/image\/\",\"url\":\"https:\/\/btpmarket.ma\/wp-content\/uploads\/2024\/05\/Asset-1.png\",\"contentUrl\":\"https:\/\/btpmarket.ma\/wp-content\/uploads\/2024\/05\/Asset-1.png\",\"width\":1000,\"height\":411,\"caption\":\"btpmarket\"},\"image\":{\"@id\":\"https:\/\/btpmarket.ma\/#\/schema\/logo\/image\/\"}}]}<\/script>\n<!-- \/ Yoast SEO plugin. -->","yoast_head_json":{"title":"Insulit4+2 - btpmarket","robots":{"index":"index","follow":"follow","max-snippet":"max-snippet:-1","max-image-preview":"max-image-preview:large","max-video-preview":"max-video-preview:-1"},"canonical":"https:\/\/btpmarket.ma\/?product=insulit42","og_locale":"en_US","og_type":"article","og_title":"Insulit4+2 - btpmarket","og_description":"Insulit 4+2 est constitu\u00e9 d\u2019une couche de \u00b12 mm d\u2019\u00e9paisseur de mousse de polyol\u00e9fine r\u00e9ticul\u00e9e physiquement \u00e0 cellules ferm\u00e9es associ\u00e9e \u00e0 un feutre acoustique \u00e0 faible rigidit\u00e9 dynamique de \u00b14 mm d\u2019\u00e9paisseur. L\u2019int\u00e9r\u00eat d\u2019avoir associ\u00e9 un feutre avec une mousse est de pouvoir couvrir une plage de fr\u00e9quences beaucoup plus large. Le feutre permet de corriger les basses fr\u00e9quences et la mousse corrige les moyennes et hautes fr\u00e9quences.","og_url":"https:\/\/btpmarket.ma\/?product=insulit42","og_site_name":"btpmarket","article_modified_time":"2024-05-30T17:47:13+00:00","og_image":[{"width":700,"height":649,"url":"https:\/\/btpmarket.ma\/wp-content\/uploads\/2024\/05\/1455719278produit42.jpeg","type":"image\/jpeg"}],"twitter_card":"summary_large_image","schema":{"@context":"https:\/\/schema.org","@graph":[{"@type":"WebPage","@id":"https:\/\/btpmarket.ma\/?product=insulit42","url":"https:\/\/btpmarket.ma\/?product=insulit42","name":"Insulit4+2 - btpmarket","isPartOf":{"@id":"https:\/\/btpmarket.ma\/#website"},"primaryImageOfPage":{"@id":"https:\/\/btpmarket.ma\/?product=insulit42#primaryimage"},"image":{"@id":"https:\/\/btpmarket.ma\/?product=insulit42#primaryimage"},"thumbnailUrl":"https:\/\/btpmarket.ma\/wp-content\/uploads\/2024\/05\/1455719278produit42.jpeg","datePublished":"2024-05-30T17:08:53+00:00","dateModified":"2024-05-30T17:47:13+00:00","breadcrumb":{"@id":"https:\/\/btpmarket.ma\/?product=insulit42#breadcrumb"},"inLanguage":"en-US","potentialAction":[{"@type":"ReadAction","target":["https:\/\/btpmarket.ma\/?product=insulit42"]}]},{"@type":"ImageObject","inLanguage":"en-US","@id":"https:\/\/btpmarket.ma\/?product=insulit42#primaryimage","url":"https:\/\/btpmarket.ma\/wp-content\/uploads\/2024\/05\/1455719278produit42.jpeg","contentUrl":"https:\/\/btpmarket.ma\/wp-content\/uploads\/2024\/05\/1455719278produit42.jpeg","width":700,"height":649},{"@type":"BreadcrumbList","@id":"https:\/\/btpmarket.ma\/?product=insulit42#breadcrumb","itemListElement":[{"@type":"ListItem","position":1,"name":"Accueil","item":"https:\/\/btpmarket.ma\/"},{"@type":"ListItem","position":2,"name":"Products","item":"https:\/\/btpmarket.ma\/?post_type=product"},{"@type":"ListItem","position":3,"name":"ISOLANT ACOUSTIQUE","item":"https:\/\/btpmarket.ma\/?product_cat=isolant-acoustique"},{"@type":"ListItem","position":4,"name":"SOUS-COUCHES ACOUSTIQUES","item":"https:\/\/btpmarket.ma\/?product_cat=sous-couches-acoustiques"},{"@type":"ListItem","position":5,"name":"Insulit4+2"}]},{"@type":"WebSite","@id":"https:\/\/btpmarket.ma\/#website","url":"https:\/\/btpmarket.ma\/","name":"btpmarket","description":"","publisher":{"@id":"https:\/\/btpmarket.ma\/#organization"},"potentialAction":[{"@type":"SearchAction","target":{"@type":"EntryPoint","urlTemplate":"https:\/\/btpmarket.ma\/?s={search_term_string}"},"query-input":"required name=search_term_string"}],"inLanguage":"en-US"},{"@type":"Organization","@id":"https:\/\/btpmarket.ma\/#organization","name":"btpmarket","url":"https:\/\/btpmarket.ma\/","logo":{"@type":"ImageObject","inLanguage":"en-US","@id":"https:\/\/btpmarket.ma\/#\/schema\/logo\/image\/","url":"https:\/\/btpmarket.ma\/wp-content\/uploads\/2024\/05\/Asset-1.png","contentUrl":"https:\/\/btpmarket.ma\/wp-content\/uploads\/2024\/05\/Asset-1.png","width":1000,"height":411,"caption":"btpmarket"},"image":{"@id":"https:\/\/btpmarket.ma\/#\/schema\/logo\/image\/"}}]}},"_links":{"self":[{"href":"https:\/\/btpmarket.ma\/index.php?rest_route=\/wp\/v2\/product\/4916"}],"collection":[{"href":"https:\/\/btpmarket.ma\/index.php?rest_route=\/wp\/v2\/product"}],"about":[{"href":"https:\/\/btpmarket.ma\/index.php?rest_route=\/wp\/v2\/types\/product"}],"replies":[{"embeddable":true,"href":"https:\/\/btpmarket.ma\/index.php?rest_route=%2Fwp%2Fv2%2Fcomments&post=4916"}],"wp:featuredmedia":[{"embeddable":true,"href":"https:\/\/btpmarket.ma\/index.php?rest_route=\/wp\/v2\/media\/4922"}],"wp:attachment":[{"href":"https:\/\/btpmarket.ma\/index.php?rest_route=%2Fwp%2Fv2%2Fmedia&parent=4916"}],"wp:term":[{"taxonomy":"product_cat","embeddable":true,"href":"https:\/\/btpmarket.ma\/index.php?rest_route=%2Fwp%2Fv2%2Fproduct_cat&post=4916"},{"taxonomy":"product_tag","embeddable":true,"href":"https:\/\/btpmarket.ma\/index.php?rest_route=%2Fwp%2Fv2%2Fproduct_tag&post=4916"}],"curies":[{"name":"wp","href":"https:\/\/api.w.org\/{rel}","templated":true}]}}