{"id":4918,"date":"2024-05-30T17:07:29","date_gmt":"2024-05-30T17:07:29","guid":{"rendered":"https:\/\/btpmarket.ma\/?post_type=product&#038;p=4918"},"modified":"2024-05-30T17:52:32","modified_gmt":"2024-05-30T17:52:32","slug":"insulit4","status":"publish","type":"product","link":"https:\/\/btpmarket.ma\/?product=insulit4","title":{"rendered":"Insulit4+"},"content":{"rendered":"<p><strong>la r\u00e9f\u00e9rence<\/strong><\/p>\n<hr \/>\n<p>Insulit 4+ est constitu\u00e9 d\u2019une mousse de polyol\u00e9fine r\u00e9ticul\u00e9e physiquement \u00e0 cellules ferm\u00e9es de \u00b14,5 mmd\u2019\u00e9paisseur. La face inf\u00e9rieure est structur\u00e9e afin d\u2019obtenir de petites pyramides qui am\u00e9liorent l\u2019effet ressort du produit.<\/p>\n<p>Insulit 4+ est une sous-couche acoustique destin\u00e9e \u00e0 limiter la transmission desbruits d\u2019impact et de choc entre \u00e9tages.<\/p>\n<p>Elle se place sous une chape flottante demin. 5 cm d\u2019\u00e9paisseur (\u00b17 cm lors d\u2019une pose en double couche). Insulit 4+ est d\u00e9velopp\u00e9 et produit par Insulco, le sp\u00e9cialiste Belge en sous-couches acoustiques depuis 25 ans. Elle dispose de rapports d\u2019essais obtenus en 2012 suite \u00e0 des tests r\u00e9alis\u00e9s par le CSTC suivant les crit\u00e8res rigoureux de la nouvelle norme acousti que en vigueur (NBN S01-400-1).<\/p>\n<p>&nbsp;<\/p>\n<p><strong>Performances acoustiques<\/strong><\/p>\n<hr \/>\n<p>&nbsp;<\/p>\n<p>&nbsp;<\/p>\n<p><strong><img decoding=\"async\" src=\"http:\/\/btpmarket.com\/docs\/Performance.JPG\" alt=\"\" \/><\/strong><\/p>\n","protected":false},"excerpt":{"rendered":"<p>Insulit 4+ est une sous-couche acoustique destin\u00e9e \u00e0 limiter la transmission des bruits d&#8217;impact et de choc entre \u00e9tages. Cette membrane acoustique se place sous une chape flottante de \u00b1 6 cm d\u2019\u00e9paisseur.<\/p>\n","protected":false},"featured_media":4919,"comment_status":"open","ping_status":"closed","template":"","meta":{"_acf_changed":false},"product_cat":[27,317],"product_tag":[],"acf":[],"yoast_head":"<!-- This site is optimized with the Yoast SEO plugin v22.7 - https:\/\/yoast.com\/wordpress\/plugins\/seo\/ -->\n<title>Insulit4+ - btpmarket<\/title>\n<meta name=\"robots\" content=\"index, follow, max-snippet:-1, max-image-preview:large, max-video-preview:-1\" \/>\n<link rel=\"canonical\" href=\"https:\/\/btpmarket.ma\/?product=insulit4\" \/>\n<meta property=\"og:locale\" content=\"en_US\" \/>\n<meta property=\"og:type\" content=\"article\" \/>\n<meta property=\"og:title\" content=\"Insulit4+ - btpmarket\" \/>\n<meta property=\"og:description\" content=\"Insulit 4+ est une sous-couche acoustique destin\u00e9e \u00e0 limiter la transmission des bruits d&#039;impact et de choc entre \u00e9tages. Cette membrane acoustique se place sous une chape flottante de \u00b1 6 cm d\u2019\u00e9paisseur.\" \/>\n<meta property=\"og:url\" content=\"https:\/\/btpmarket.ma\/?product=insulit4\" \/>\n<meta property=\"og:site_name\" content=\"btpmarket\" \/>\n<meta property=\"article:modified_time\" content=\"2024-05-30T17:52:32+00:00\" \/>\n<meta property=\"og:image\" content=\"https:\/\/btpmarket.ma\/wp-content\/uploads\/2024\/05\/1455721833insulco4product.jpeg\" \/>\n\t<meta property=\"og:image:width\" content=\"600\" \/>\n\t<meta property=\"og:image:height\" content=\"473\" \/>\n\t<meta property=\"og:image:type\" content=\"image\/jpeg\" \/>\n<meta name=\"twitter:card\" content=\"summary_large_image\" \/>\n<meta name=\"twitter:label1\" content=\"Est. reading time\" \/>\n\t<meta name=\"twitter:data1\" content=\"1 minute\" \/>\n<script type=\"application\/ld+json\" class=\"yoast-schema-graph\">{\"@context\":\"https:\/\/schema.org\",\"@graph\":[{\"@type\":\"WebPage\",\"@id\":\"https:\/\/btpmarket.ma\/?product=insulit4\",\"url\":\"https:\/\/btpmarket.ma\/?product=insulit4\",\"name\":\"Insulit4+ - btpmarket\",\"isPartOf\":{\"@id\":\"https:\/\/btpmarket.ma\/#website\"},\"primaryImageOfPage\":{\"@id\":\"https:\/\/btpmarket.ma\/?product=insulit4#primaryimage\"},\"image\":{\"@id\":\"https:\/\/btpmarket.ma\/?product=insulit4#primaryimage\"},\"thumbnailUrl\":\"https:\/\/btpmarket.ma\/wp-content\/uploads\/2024\/05\/1455721833insulco4product.jpeg\",\"datePublished\":\"2024-05-30T17:07:29+00:00\",\"dateModified\":\"2024-05-30T17:52:32+00:00\",\"breadcrumb\":{\"@id\":\"https:\/\/btpmarket.ma\/?product=insulit4#breadcrumb\"},\"inLanguage\":\"en-US\",\"potentialAction\":[{\"@type\":\"ReadAction\",\"target\":[\"https:\/\/btpmarket.ma\/?product=insulit4\"]}]},{\"@type\":\"ImageObject\",\"inLanguage\":\"en-US\",\"@id\":\"https:\/\/btpmarket.ma\/?product=insulit4#primaryimage\",\"url\":\"https:\/\/btpmarket.ma\/wp-content\/uploads\/2024\/05\/1455721833insulco4product.jpeg\",\"contentUrl\":\"https:\/\/btpmarket.ma\/wp-content\/uploads\/2024\/05\/1455721833insulco4product.jpeg\",\"width\":600,\"height\":473},{\"@type\":\"BreadcrumbList\",\"@id\":\"https:\/\/btpmarket.ma\/?product=insulit4#breadcrumb\",\"itemListElement\":[{\"@type\":\"ListItem\",\"position\":1,\"name\":\"Accueil\",\"item\":\"https:\/\/btpmarket.ma\/\"},{\"@type\":\"ListItem\",\"position\":2,\"name\":\"Products\",\"item\":\"https:\/\/btpmarket.ma\/?post_type=product\"},{\"@type\":\"ListItem\",\"position\":3,\"name\":\"ISOLANT ACOUSTIQUE\",\"item\":\"https:\/\/btpmarket.ma\/?product_cat=isolant-acoustique\"},{\"@type\":\"ListItem\",\"position\":4,\"name\":\"SOUS-COUCHES ACOUSTIQUES\",\"item\":\"https:\/\/btpmarket.ma\/?product_cat=sous-couches-acoustiques\"},{\"@type\":\"ListItem\",\"position\":5,\"name\":\"Insulit4+\"}]},{\"@type\":\"WebSite\",\"@id\":\"https:\/\/btpmarket.ma\/#website\",\"url\":\"https:\/\/btpmarket.ma\/\",\"name\":\"btpmarket\",\"description\":\"\",\"publisher\":{\"@id\":\"https:\/\/btpmarket.ma\/#organization\"},\"potentialAction\":[{\"@type\":\"SearchAction\",\"target\":{\"@type\":\"EntryPoint\",\"urlTemplate\":\"https:\/\/btpmarket.ma\/?s={search_term_string}\"},\"query-input\":\"required name=search_term_string\"}],\"inLanguage\":\"en-US\"},{\"@type\":\"Organization\",\"@id\":\"https:\/\/btpmarket.ma\/#organization\",\"name\":\"btpmarket\",\"url\":\"https:\/\/btpmarket.ma\/\",\"logo\":{\"@type\":\"ImageObject\",\"inLanguage\":\"en-US\",\"@id\":\"https:\/\/btpmarket.ma\/#\/schema\/logo\/image\/\",\"url\":\"https:\/\/btpmarket.ma\/wp-content\/uploads\/2024\/05\/Asset-1.png\",\"contentUrl\":\"https:\/\/btpmarket.ma\/wp-content\/uploads\/2024\/05\/Asset-1.png\",\"width\":1000,\"height\":411,\"caption\":\"btpmarket\"},\"image\":{\"@id\":\"https:\/\/btpmarket.ma\/#\/schema\/logo\/image\/\"}}]}<\/script>\n<!-- \/ Yoast SEO plugin. -->","yoast_head_json":{"title":"Insulit4+ - btpmarket","robots":{"index":"index","follow":"follow","max-snippet":"max-snippet:-1","max-image-preview":"max-image-preview:large","max-video-preview":"max-video-preview:-1"},"canonical":"https:\/\/btpmarket.ma\/?product=insulit4","og_locale":"en_US","og_type":"article","og_title":"Insulit4+ - btpmarket","og_description":"Insulit 4+ est une sous-couche acoustique destin\u00e9e \u00e0 limiter la transmission des bruits d'impact et de choc entre \u00e9tages. Cette membrane acoustique se place sous une chape flottante de \u00b1 6 cm d\u2019\u00e9paisseur.","og_url":"https:\/\/btpmarket.ma\/?product=insulit4","og_site_name":"btpmarket","article_modified_time":"2024-05-30T17:52:32+00:00","og_image":[{"width":600,"height":473,"url":"https:\/\/btpmarket.ma\/wp-content\/uploads\/2024\/05\/1455721833insulco4product.jpeg","type":"image\/jpeg"}],"twitter_card":"summary_large_image","twitter_misc":{"Est. reading time":"1 minute"},"schema":{"@context":"https:\/\/schema.org","@graph":[{"@type":"WebPage","@id":"https:\/\/btpmarket.ma\/?product=insulit4","url":"https:\/\/btpmarket.ma\/?product=insulit4","name":"Insulit4+ - btpmarket","isPartOf":{"@id":"https:\/\/btpmarket.ma\/#website"},"primaryImageOfPage":{"@id":"https:\/\/btpmarket.ma\/?product=insulit4#primaryimage"},"image":{"@id":"https:\/\/btpmarket.ma\/?product=insulit4#primaryimage"},"thumbnailUrl":"https:\/\/btpmarket.ma\/wp-content\/uploads\/2024\/05\/1455721833insulco4product.jpeg","datePublished":"2024-05-30T17:07:29+00:00","dateModified":"2024-05-30T17:52:32+00:00","breadcrumb":{"@id":"https:\/\/btpmarket.ma\/?product=insulit4#breadcrumb"},"inLanguage":"en-US","potentialAction":[{"@type":"ReadAction","target":["https:\/\/btpmarket.ma\/?product=insulit4"]}]},{"@type":"ImageObject","inLanguage":"en-US","@id":"https:\/\/btpmarket.ma\/?product=insulit4#primaryimage","url":"https:\/\/btpmarket.ma\/wp-content\/uploads\/2024\/05\/1455721833insulco4product.jpeg","contentUrl":"https:\/\/btpmarket.ma\/wp-content\/uploads\/2024\/05\/1455721833insulco4product.jpeg","width":600,"height":473},{"@type":"BreadcrumbList","@id":"https:\/\/btpmarket.ma\/?product=insulit4#breadcrumb","itemListElement":[{"@type":"ListItem","position":1,"name":"Accueil","item":"https:\/\/btpmarket.ma\/"},{"@type":"ListItem","position":2,"name":"Products","item":"https:\/\/btpmarket.ma\/?post_type=product"},{"@type":"ListItem","position":3,"name":"ISOLANT ACOUSTIQUE","item":"https:\/\/btpmarket.ma\/?product_cat=isolant-acoustique"},{"@type":"ListItem","position":4,"name":"SOUS-COUCHES ACOUSTIQUES","item":"https:\/\/btpmarket.ma\/?product_cat=sous-couches-acoustiques"},{"@type":"ListItem","position":5,"name":"Insulit4+"}]},{"@type":"WebSite","@id":"https:\/\/btpmarket.ma\/#website","url":"https:\/\/btpmarket.ma\/","name":"btpmarket","description":"","publisher":{"@id":"https:\/\/btpmarket.ma\/#organization"},"potentialAction":[{"@type":"SearchAction","target":{"@type":"EntryPoint","urlTemplate":"https:\/\/btpmarket.ma\/?s={search_term_string}"},"query-input":"required name=search_term_string"}],"inLanguage":"en-US"},{"@type":"Organization","@id":"https:\/\/btpmarket.ma\/#organization","name":"btpmarket","url":"https:\/\/btpmarket.ma\/","logo":{"@type":"ImageObject","inLanguage":"en-US","@id":"https:\/\/btpmarket.ma\/#\/schema\/logo\/image\/","url":"https:\/\/btpmarket.ma\/wp-content\/uploads\/2024\/05\/Asset-1.png","contentUrl":"https:\/\/btpmarket.ma\/wp-content\/uploads\/2024\/05\/Asset-1.png","width":1000,"height":411,"caption":"btpmarket"},"image":{"@id":"https:\/\/btpmarket.ma\/#\/schema\/logo\/image\/"}}]}},"_links":{"self":[{"href":"https:\/\/btpmarket.ma\/index.php?rest_route=\/wp\/v2\/product\/4918"}],"collection":[{"href":"https:\/\/btpmarket.ma\/index.php?rest_route=\/wp\/v2\/product"}],"about":[{"href":"https:\/\/btpmarket.ma\/index.php?rest_route=\/wp\/v2\/types\/product"}],"replies":[{"embeddable":true,"href":"https:\/\/btpmarket.ma\/index.php?rest_route=%2Fwp%2Fv2%2Fcomments&post=4918"}],"wp:featuredmedia":[{"embeddable":true,"href":"https:\/\/btpmarket.ma\/index.php?rest_route=\/wp\/v2\/media\/4919"}],"wp:attachment":[{"href":"https:\/\/btpmarket.ma\/index.php?rest_route=%2Fwp%2Fv2%2Fmedia&parent=4918"}],"wp:term":[{"taxonomy":"product_cat","embeddable":true,"href":"https:\/\/btpmarket.ma\/index.php?rest_route=%2Fwp%2Fv2%2Fproduct_cat&post=4918"},{"taxonomy":"product_tag","embeddable":true,"href":"https:\/\/btpmarket.ma\/index.php?rest_route=%2Fwp%2Fv2%2Fproduct_tag&post=4918"}],"curies":[{"name":"wp","href":"https:\/\/api.w.org\/{rel}","templated":true}]}}