{"id":4951,"date":"2024-05-30T18:11:19","date_gmt":"2024-05-30T18:11:19","guid":{"rendered":"https:\/\/btpmarket.ma\/?post_type=product&#038;p=4951"},"modified":"2024-05-30T18:11:20","modified_gmt":"2024-05-30T18:11:20","slug":"propam-repar-40","status":"publish","type":"product","link":"https:\/\/btpmarket.ma\/?product=propam-repar-40","title":{"rendered":"PROPAM\u00ae REPAR 40"},"content":{"rendered":"<p><strong>APPLICATIONS<\/strong><\/p>\n<hr \/>\n<p>Applicable tant en int\u00e9rieurs qu\u2019en ext\u00e9rieurs. Recommand\u00e9 pour petite r\u00e9paration de dommages dans des \u00e9l\u00e9ments en b\u00e9ton, reconstructions de b\u00e9ton en angle et chant ab\u00eem\u00e9s, r\u00e9paration de l\u00e9zardes et cassures.<\/p>\n<p><strong>PROPRI\u00c9T\u00c9S<\/strong><\/p>\n<hr \/>\n<p>Tixotropique.<\/p>\n<p>R\u00e9sistant aux intemp\u00e9ries.<\/p>\n<p>Durcissement sans ssure.<\/p>\n<p>&nbsp;<\/p>\n<p><strong>SUPPORT<\/strong><\/p>\n<hr \/>\n<p>Le support doit \u00eatre solide (r\u00e9sistance minimum\u00e0 la traction de 1 N\/mm2), propre, sans coulis de ciment, huiles, graisses, poussi\u00e8re, restes de produit de d\u00e9coffrage, anciennes peintures, etc.<\/p>\n<p>La temp\u00e9rature du support doit \u00eatre minimum +5\u00baC et maximum +30\u00baC et il faut veiller \u00e0 ceque les temp\u00e9ratures soient uniformes pendant l\u2019application et le durcissement.<\/p>\n<p><strong>RENDEMENT<\/strong><\/p>\n<hr \/>\n<p>La consommation de PROPAM REPAR 40 est d\u2019environ 20 Kg de mortier malax\u00e9 par m2et cm d\u2019\u00e9paisseur.<\/p>\n<p><strong>PR\u00c9SENTATION<\/strong><\/p>\n<hr \/>\n<p>En sacs de 25 kg.<\/p>\n<p>Couleur : gris.<\/p>\n<p><strong>STOCKAGE<\/strong><\/p>\n","protected":false},"excerpt":{"rendered":"<p>Le mortier PROPAM REPAR 40 est formul\u00e9 \u00e0 base de ciment, granulats s\u00e9lectionn\u00e9s, additifs organiques et r\u00e9sines qui lui donnent d&#8217;excellentes propri\u00e9t\u00e9s.<\/p>\n","protected":false},"featured_media":4952,"comment_status":"open","ping_status":"closed","template":"","meta":{"_acf_changed":false},"product_cat":[22,309],"product_tag":[],"acf":[],"yoast_head":"<!-- This site is optimized with the Yoast SEO plugin v22.7 - https:\/\/yoast.com\/wordpress\/plugins\/seo\/ -->\n<title>PROPAM\u00ae REPAR 40 - btpmarket<\/title>\n<meta name=\"robots\" content=\"index, follow, max-snippet:-1, max-image-preview:large, max-video-preview:-1\" \/>\n<link rel=\"canonical\" href=\"https:\/\/btpmarket.ma\/?product=propam-repar-40\" \/>\n<meta property=\"og:locale\" content=\"en_US\" \/>\n<meta property=\"og:type\" content=\"article\" \/>\n<meta property=\"og:title\" content=\"PROPAM\u00ae REPAR 40 - btpmarket\" \/>\n<meta property=\"og:description\" content=\"Le mortier PROPAM REPAR 40 est formul\u00e9 \u00e0 base de ciment, granulats s\u00e9lectionn\u00e9s, additifs organiques et r\u00e9sines qui lui donnent d&#039;excellentes propri\u00e9t\u00e9s.\" \/>\n<meta property=\"og:url\" content=\"https:\/\/btpmarket.ma\/?product=propam-repar-40\" \/>\n<meta property=\"og:site_name\" content=\"btpmarket\" \/>\n<meta property=\"article:modified_time\" content=\"2024-05-30T18:11:20+00:00\" \/>\n<meta property=\"og:image\" content=\"https:\/\/btpmarket.ma\/wp-content\/uploads\/2024\/05\/1454690802prapam-40-1.jpg\" \/>\n\t<meta property=\"og:image:width\" content=\"200\" \/>\n\t<meta property=\"og:image:height\" content=\"287\" \/>\n\t<meta property=\"og:image:type\" content=\"image\/jpeg\" \/>\n<meta name=\"twitter:card\" content=\"summary_large_image\" \/>\n<meta name=\"twitter:label1\" content=\"Est. reading time\" \/>\n\t<meta name=\"twitter:data1\" content=\"1 minute\" \/>\n<script type=\"application\/ld+json\" class=\"yoast-schema-graph\">{\"@context\":\"https:\/\/schema.org\",\"@graph\":[{\"@type\":\"WebPage\",\"@id\":\"https:\/\/btpmarket.ma\/?product=propam-repar-40\",\"url\":\"https:\/\/btpmarket.ma\/?product=propam-repar-40\",\"name\":\"PROPAM\u00ae REPAR 40 - btpmarket\",\"isPartOf\":{\"@id\":\"https:\/\/btpmarket.ma\/#website\"},\"primaryImageOfPage\":{\"@id\":\"https:\/\/btpmarket.ma\/?product=propam-repar-40#primaryimage\"},\"image\":{\"@id\":\"https:\/\/btpmarket.ma\/?product=propam-repar-40#primaryimage\"},\"thumbnailUrl\":\"https:\/\/btpmarket.ma\/wp-content\/uploads\/2024\/05\/1454690802prapam-40-1.jpg\",\"datePublished\":\"2024-05-30T18:11:19+00:00\",\"dateModified\":\"2024-05-30T18:11:20+00:00\",\"breadcrumb\":{\"@id\":\"https:\/\/btpmarket.ma\/?product=propam-repar-40#breadcrumb\"},\"inLanguage\":\"en-US\",\"potentialAction\":[{\"@type\":\"ReadAction\",\"target\":[\"https:\/\/btpmarket.ma\/?product=propam-repar-40\"]}]},{\"@type\":\"ImageObject\",\"inLanguage\":\"en-US\",\"@id\":\"https:\/\/btpmarket.ma\/?product=propam-repar-40#primaryimage\",\"url\":\"https:\/\/btpmarket.ma\/wp-content\/uploads\/2024\/05\/1454690802prapam-40-1.jpg\",\"contentUrl\":\"https:\/\/btpmarket.ma\/wp-content\/uploads\/2024\/05\/1454690802prapam-40-1.jpg\",\"width\":200,\"height\":287},{\"@type\":\"BreadcrumbList\",\"@id\":\"https:\/\/btpmarket.ma\/?product=propam-repar-40#breadcrumb\",\"itemListElement\":[{\"@type\":\"ListItem\",\"position\":1,\"name\":\"Accueil\",\"item\":\"https:\/\/btpmarket.ma\/\"},{\"@type\":\"ListItem\",\"position\":2,\"name\":\"Products\",\"item\":\"https:\/\/btpmarket.ma\/?post_type=product\"},{\"@type\":\"ListItem\",\"position\":3,\"name\":\"PRODUITS SP\u00c9CIAUX\",\"item\":\"https:\/\/btpmarket.ma\/?product_cat=produits-speciaux\"},{\"@type\":\"ListItem\",\"position\":4,\"name\":\"R\u00c9PARATION B\u00c9TON\",\"item\":\"https:\/\/btpmarket.ma\/?product_cat=reparation-beton\"},{\"@type\":\"ListItem\",\"position\":5,\"name\":\"PROPAM\u00ae REPAR 40\"}]},{\"@type\":\"WebSite\",\"@id\":\"https:\/\/btpmarket.ma\/#website\",\"url\":\"https:\/\/btpmarket.ma\/\",\"name\":\"btpmarket\",\"description\":\"\",\"publisher\":{\"@id\":\"https:\/\/btpmarket.ma\/#organization\"},\"potentialAction\":[{\"@type\":\"SearchAction\",\"target\":{\"@type\":\"EntryPoint\",\"urlTemplate\":\"https:\/\/btpmarket.ma\/?s={search_term_string}\"},\"query-input\":\"required name=search_term_string\"}],\"inLanguage\":\"en-US\"},{\"@type\":\"Organization\",\"@id\":\"https:\/\/btpmarket.ma\/#organization\",\"name\":\"btpmarket\",\"url\":\"https:\/\/btpmarket.ma\/\",\"logo\":{\"@type\":\"ImageObject\",\"inLanguage\":\"en-US\",\"@id\":\"https:\/\/btpmarket.ma\/#\/schema\/logo\/image\/\",\"url\":\"https:\/\/btpmarket.ma\/wp-content\/uploads\/2024\/05\/Asset-1.png\",\"contentUrl\":\"https:\/\/btpmarket.ma\/wp-content\/uploads\/2024\/05\/Asset-1.png\",\"width\":1000,\"height\":411,\"caption\":\"btpmarket\"},\"image\":{\"@id\":\"https:\/\/btpmarket.ma\/#\/schema\/logo\/image\/\"}}]}<\/script>\n<!-- \/ Yoast SEO plugin. -->","yoast_head_json":{"title":"PROPAM\u00ae REPAR 40 - btpmarket","robots":{"index":"index","follow":"follow","max-snippet":"max-snippet:-1","max-image-preview":"max-image-preview:large","max-video-preview":"max-video-preview:-1"},"canonical":"https:\/\/btpmarket.ma\/?product=propam-repar-40","og_locale":"en_US","og_type":"article","og_title":"PROPAM\u00ae REPAR 40 - btpmarket","og_description":"Le mortier PROPAM REPAR 40 est formul\u00e9 \u00e0 base de ciment, granulats s\u00e9lectionn\u00e9s, additifs organiques et r\u00e9sines qui lui donnent d'excellentes propri\u00e9t\u00e9s.","og_url":"https:\/\/btpmarket.ma\/?product=propam-repar-40","og_site_name":"btpmarket","article_modified_time":"2024-05-30T18:11:20+00:00","og_image":[{"width":200,"height":287,"url":"https:\/\/btpmarket.ma\/wp-content\/uploads\/2024\/05\/1454690802prapam-40-1.jpg","type":"image\/jpeg"}],"twitter_card":"summary_large_image","twitter_misc":{"Est. reading time":"1 minute"},"schema":{"@context":"https:\/\/schema.org","@graph":[{"@type":"WebPage","@id":"https:\/\/btpmarket.ma\/?product=propam-repar-40","url":"https:\/\/btpmarket.ma\/?product=propam-repar-40","name":"PROPAM\u00ae REPAR 40 - btpmarket","isPartOf":{"@id":"https:\/\/btpmarket.ma\/#website"},"primaryImageOfPage":{"@id":"https:\/\/btpmarket.ma\/?product=propam-repar-40#primaryimage"},"image":{"@id":"https:\/\/btpmarket.ma\/?product=propam-repar-40#primaryimage"},"thumbnailUrl":"https:\/\/btpmarket.ma\/wp-content\/uploads\/2024\/05\/1454690802prapam-40-1.jpg","datePublished":"2024-05-30T18:11:19+00:00","dateModified":"2024-05-30T18:11:20+00:00","breadcrumb":{"@id":"https:\/\/btpmarket.ma\/?product=propam-repar-40#breadcrumb"},"inLanguage":"en-US","potentialAction":[{"@type":"ReadAction","target":["https:\/\/btpmarket.ma\/?product=propam-repar-40"]}]},{"@type":"ImageObject","inLanguage":"en-US","@id":"https:\/\/btpmarket.ma\/?product=propam-repar-40#primaryimage","url":"https:\/\/btpmarket.ma\/wp-content\/uploads\/2024\/05\/1454690802prapam-40-1.jpg","contentUrl":"https:\/\/btpmarket.ma\/wp-content\/uploads\/2024\/05\/1454690802prapam-40-1.jpg","width":200,"height":287},{"@type":"BreadcrumbList","@id":"https:\/\/btpmarket.ma\/?product=propam-repar-40#breadcrumb","itemListElement":[{"@type":"ListItem","position":1,"name":"Accueil","item":"https:\/\/btpmarket.ma\/"},{"@type":"ListItem","position":2,"name":"Products","item":"https:\/\/btpmarket.ma\/?post_type=product"},{"@type":"ListItem","position":3,"name":"PRODUITS SP\u00c9CIAUX","item":"https:\/\/btpmarket.ma\/?product_cat=produits-speciaux"},{"@type":"ListItem","position":4,"name":"R\u00c9PARATION B\u00c9TON","item":"https:\/\/btpmarket.ma\/?product_cat=reparation-beton"},{"@type":"ListItem","position":5,"name":"PROPAM\u00ae REPAR 40"}]},{"@type":"WebSite","@id":"https:\/\/btpmarket.ma\/#website","url":"https:\/\/btpmarket.ma\/","name":"btpmarket","description":"","publisher":{"@id":"https:\/\/btpmarket.ma\/#organization"},"potentialAction":[{"@type":"SearchAction","target":{"@type":"EntryPoint","urlTemplate":"https:\/\/btpmarket.ma\/?s={search_term_string}"},"query-input":"required name=search_term_string"}],"inLanguage":"en-US"},{"@type":"Organization","@id":"https:\/\/btpmarket.ma\/#organization","name":"btpmarket","url":"https:\/\/btpmarket.ma\/","logo":{"@type":"ImageObject","inLanguage":"en-US","@id":"https:\/\/btpmarket.ma\/#\/schema\/logo\/image\/","url":"https:\/\/btpmarket.ma\/wp-content\/uploads\/2024\/05\/Asset-1.png","contentUrl":"https:\/\/btpmarket.ma\/wp-content\/uploads\/2024\/05\/Asset-1.png","width":1000,"height":411,"caption":"btpmarket"},"image":{"@id":"https:\/\/btpmarket.ma\/#\/schema\/logo\/image\/"}}]}},"_links":{"self":[{"href":"https:\/\/btpmarket.ma\/index.php?rest_route=\/wp\/v2\/product\/4951"}],"collection":[{"href":"https:\/\/btpmarket.ma\/index.php?rest_route=\/wp\/v2\/product"}],"about":[{"href":"https:\/\/btpmarket.ma\/index.php?rest_route=\/wp\/v2\/types\/product"}],"replies":[{"embeddable":true,"href":"https:\/\/btpmarket.ma\/index.php?rest_route=%2Fwp%2Fv2%2Fcomments&post=4951"}],"wp:featuredmedia":[{"embeddable":true,"href":"https:\/\/btpmarket.ma\/index.php?rest_route=\/wp\/v2\/media\/4952"}],"wp:attachment":[{"href":"https:\/\/btpmarket.ma\/index.php?rest_route=%2Fwp%2Fv2%2Fmedia&parent=4951"}],"wp:term":[{"taxonomy":"product_cat","embeddable":true,"href":"https:\/\/btpmarket.ma\/index.php?rest_route=%2Fwp%2Fv2%2Fproduct_cat&post=4951"},{"taxonomy":"product_tag","embeddable":true,"href":"https:\/\/btpmarket.ma\/index.php?rest_route=%2Fwp%2Fv2%2Fproduct_tag&post=4951"}],"curies":[{"name":"wp","href":"https:\/\/api.w.org\/{rel}","templated":true}]}}