{"id":4955,"date":"2024-05-30T18:15:59","date_gmt":"2024-05-30T18:15:59","guid":{"rendered":"https:\/\/btpmarket.ma\/?post_type=product&#038;p=4955"},"modified":"2024-05-30T18:15:59","modified_gmt":"2024-05-30T18:15:59","slug":"betopox-anclajes","status":"publish","type":"product","link":"https:\/\/btpmarket.ma\/?product=betopox-anclajes","title":{"rendered":"BETOPOX ANCLAJES"},"content":{"rendered":"<p>Fixation d\u2019attentes, boulons et ancrages. Ancrages de prol\u00e9s pour l\u00e8vres de joints.<\/p>\n<p>Rebouchage de grandes et de petites ssures et cavit\u00e9s dans le b\u00e9ton.<\/p>\n<p>Rebouchage sous plaques d\u2019appui de ponts ou b\u00e2tis de machines.<\/p>\n<p>Rebouchage de bases de piliers m\u00e9talliques.<\/p>\n<p>&nbsp;<\/p>\n<p><strong>PROPRI\u00c9T\u00c9S<\/strong><\/p>\n<hr \/>\n<p>Excellente adh\u00e9rence sur pratiquement tous les mat\u00e9riaux de construction : b\u00e9ton, mortier, acier, m\u00e9tal, verre, etc.<\/p>\n<p>Ne contenant pas de solvant, il catalyse sans perte de volume ni retrait.<\/p>\n<p>Excellente r\u00e9sistance m\u00e9canique et \u00e0 l\u2019abrasion.<\/p>\n<p>R\u00e9sistant \u00e0 l\u2019eau, la soude, les acides faibles, les huiles min\u00e9rales, etc.<\/p>\n<p>Imperm\u00e9able \u00e0 la vapeur d\u2019eau.<\/p>\n<p>&nbsp;<\/p>\n<p><strong>SUPPORT<\/strong><\/p>\n<hr \/>\n<p>Le support doit \u00eatre r\u00e9sistant, propre et exempt de souillure, graisse ou huile.<\/p>\n<p>Les particules mal adh\u00e9r\u00e9es, oxydes, coulis de ciment ou calamine doivent \u00eatre compl\u00e8tement \u00e9limin\u00e9es avec des moyens m\u00e9caniques.<\/p>\n<p>La base doit \u00eatre sufsamment rugueuse et il faut la pr\u00e9parer avec des moyens m\u00e9caniques, par exemple jet de sable abrasif, pon\u00e7age, fraisage, etc., et une humidit\u00e9 maximum de 3%.<\/p>\n<p><strong><a href=\"http:\/\/www.propamsa.es\/fr\/betopox-anclajes\">Pour toutes information veulliez contacter le site web du fournisseur<\/a><\/strong><\/p>\n","protected":false},"excerpt":{"rendered":"<p>Mortier autonivelant \u00e0 base de r\u00e9sines \u00e9poxy, sans solvant, \u00e0 basse viscosit\u00e9, additifs et granulats siliceux \u00e0 granulom\u00e9trie compens\u00e9e, sp\u00e9cialement con\u00e7u pour la fixation et l&#8217;ancrage de divers \u00e9l\u00e9ments par versement<\/p>\n","protected":false},"featured_media":4958,"comment_status":"open","ping_status":"closed","template":"","meta":{"_acf_changed":false},"product_cat":[310,22],"product_tag":[],"acf":[],"yoast_head":"<!-- This site is optimized with the Yoast SEO plugin v22.7 - https:\/\/yoast.com\/wordpress\/plugins\/seo\/ -->\n<title>BETOPOX ANCLAJES - btpmarket<\/title>\n<meta name=\"robots\" content=\"index, follow, max-snippet:-1, max-image-preview:large, max-video-preview:-1\" \/>\n<link rel=\"canonical\" href=\"https:\/\/btpmarket.ma\/?product=betopox-anclajes\" \/>\n<meta property=\"og:locale\" content=\"en_US\" \/>\n<meta property=\"og:type\" content=\"article\" \/>\n<meta property=\"og:title\" content=\"BETOPOX ANCLAJES - btpmarket\" \/>\n<meta property=\"og:description\" content=\"Mortier autonivelant \u00e0 base de r\u00e9sines \u00e9poxy, sans solvant, \u00e0 basse viscosit\u00e9, additifs et granulats siliceux \u00e0 granulom\u00e9trie compens\u00e9e, sp\u00e9cialement con\u00e7u pour la fixation et l&#039;ancrage de divers \u00e9l\u00e9ments par versement\" \/>\n<meta property=\"og:url\" content=\"https:\/\/btpmarket.ma\/?product=betopox-anclajes\" \/>\n<meta property=\"og:site_name\" content=\"btpmarket\" \/>\n<meta property=\"og:image\" content=\"https:\/\/btpmarket.ma\/wp-content\/uploads\/2024\/05\/1457522269index1.jpeg\" \/>\n\t<meta property=\"og:image:width\" content=\"120\" \/>\n\t<meta property=\"og:image:height\" content=\"126\" \/>\n\t<meta property=\"og:image:type\" content=\"image\/jpeg\" \/>\n<meta name=\"twitter:card\" content=\"summary_large_image\" \/>\n<meta name=\"twitter:label1\" content=\"Est. reading time\" \/>\n\t<meta name=\"twitter:data1\" content=\"1 minute\" \/>\n<script type=\"application\/ld+json\" class=\"yoast-schema-graph\">{\"@context\":\"https:\/\/schema.org\",\"@graph\":[{\"@type\":\"WebPage\",\"@id\":\"https:\/\/btpmarket.ma\/?product=betopox-anclajes\",\"url\":\"https:\/\/btpmarket.ma\/?product=betopox-anclajes\",\"name\":\"BETOPOX ANCLAJES - btpmarket\",\"isPartOf\":{\"@id\":\"https:\/\/btpmarket.ma\/#website\"},\"primaryImageOfPage\":{\"@id\":\"https:\/\/btpmarket.ma\/?product=betopox-anclajes#primaryimage\"},\"image\":{\"@id\":\"https:\/\/btpmarket.ma\/?product=betopox-anclajes#primaryimage\"},\"thumbnailUrl\":\"https:\/\/btpmarket.ma\/wp-content\/uploads\/2024\/05\/1457522269index1.jpeg\",\"datePublished\":\"2024-05-30T18:15:59+00:00\",\"dateModified\":\"2024-05-30T18:15:59+00:00\",\"breadcrumb\":{\"@id\":\"https:\/\/btpmarket.ma\/?product=betopox-anclajes#breadcrumb\"},\"inLanguage\":\"en-US\",\"potentialAction\":[{\"@type\":\"ReadAction\",\"target\":[\"https:\/\/btpmarket.ma\/?product=betopox-anclajes\"]}]},{\"@type\":\"ImageObject\",\"inLanguage\":\"en-US\",\"@id\":\"https:\/\/btpmarket.ma\/?product=betopox-anclajes#primaryimage\",\"url\":\"https:\/\/btpmarket.ma\/wp-content\/uploads\/2024\/05\/1457522269index1.jpeg\",\"contentUrl\":\"https:\/\/btpmarket.ma\/wp-content\/uploads\/2024\/05\/1457522269index1.jpeg\",\"width\":120,\"height\":126},{\"@type\":\"BreadcrumbList\",\"@id\":\"https:\/\/btpmarket.ma\/?product=betopox-anclajes#breadcrumb\",\"itemListElement\":[{\"@type\":\"ListItem\",\"position\":1,\"name\":\"Accueil\",\"item\":\"https:\/\/btpmarket.ma\/\"},{\"@type\":\"ListItem\",\"position\":2,\"name\":\"Products\",\"item\":\"https:\/\/btpmarket.ma\/?post_type=product\"},{\"@type\":\"ListItem\",\"position\":3,\"name\":\"PRODUITS SP\u00c9CIAUX\",\"item\":\"https:\/\/btpmarket.ma\/?product_cat=produits-speciaux\"},{\"@type\":\"ListItem\",\"position\":4,\"name\":\"ANCRAGE\",\"item\":\"https:\/\/btpmarket.ma\/?product_cat=ancrage\"},{\"@type\":\"ListItem\",\"position\":5,\"name\":\"BETOPOX ANCLAJES\"}]},{\"@type\":\"WebSite\",\"@id\":\"https:\/\/btpmarket.ma\/#website\",\"url\":\"https:\/\/btpmarket.ma\/\",\"name\":\"btpmarket\",\"description\":\"\",\"publisher\":{\"@id\":\"https:\/\/btpmarket.ma\/#organization\"},\"potentialAction\":[{\"@type\":\"SearchAction\",\"target\":{\"@type\":\"EntryPoint\",\"urlTemplate\":\"https:\/\/btpmarket.ma\/?s={search_term_string}\"},\"query-input\":\"required name=search_term_string\"}],\"inLanguage\":\"en-US\"},{\"@type\":\"Organization\",\"@id\":\"https:\/\/btpmarket.ma\/#organization\",\"name\":\"btpmarket\",\"url\":\"https:\/\/btpmarket.ma\/\",\"logo\":{\"@type\":\"ImageObject\",\"inLanguage\":\"en-US\",\"@id\":\"https:\/\/btpmarket.ma\/#\/schema\/logo\/image\/\",\"url\":\"https:\/\/btpmarket.ma\/wp-content\/uploads\/2024\/05\/Asset-1.png\",\"contentUrl\":\"https:\/\/btpmarket.ma\/wp-content\/uploads\/2024\/05\/Asset-1.png\",\"width\":1000,\"height\":411,\"caption\":\"btpmarket\"},\"image\":{\"@id\":\"https:\/\/btpmarket.ma\/#\/schema\/logo\/image\/\"}}]}<\/script>\n<!-- \/ Yoast SEO plugin. -->","yoast_head_json":{"title":"BETOPOX ANCLAJES - btpmarket","robots":{"index":"index","follow":"follow","max-snippet":"max-snippet:-1","max-image-preview":"max-image-preview:large","max-video-preview":"max-video-preview:-1"},"canonical":"https:\/\/btpmarket.ma\/?product=betopox-anclajes","og_locale":"en_US","og_type":"article","og_title":"BETOPOX ANCLAJES - btpmarket","og_description":"Mortier autonivelant \u00e0 base de r\u00e9sines \u00e9poxy, sans solvant, \u00e0 basse viscosit\u00e9, additifs et granulats siliceux \u00e0 granulom\u00e9trie compens\u00e9e, sp\u00e9cialement con\u00e7u pour la fixation et l'ancrage de divers \u00e9l\u00e9ments par versement","og_url":"https:\/\/btpmarket.ma\/?product=betopox-anclajes","og_site_name":"btpmarket","og_image":[{"width":120,"height":126,"url":"https:\/\/btpmarket.ma\/wp-content\/uploads\/2024\/05\/1457522269index1.jpeg","type":"image\/jpeg"}],"twitter_card":"summary_large_image","twitter_misc":{"Est. reading time":"1 minute"},"schema":{"@context":"https:\/\/schema.org","@graph":[{"@type":"WebPage","@id":"https:\/\/btpmarket.ma\/?product=betopox-anclajes","url":"https:\/\/btpmarket.ma\/?product=betopox-anclajes","name":"BETOPOX ANCLAJES - btpmarket","isPartOf":{"@id":"https:\/\/btpmarket.ma\/#website"},"primaryImageOfPage":{"@id":"https:\/\/btpmarket.ma\/?product=betopox-anclajes#primaryimage"},"image":{"@id":"https:\/\/btpmarket.ma\/?product=betopox-anclajes#primaryimage"},"thumbnailUrl":"https:\/\/btpmarket.ma\/wp-content\/uploads\/2024\/05\/1457522269index1.jpeg","datePublished":"2024-05-30T18:15:59+00:00","dateModified":"2024-05-30T18:15:59+00:00","breadcrumb":{"@id":"https:\/\/btpmarket.ma\/?product=betopox-anclajes#breadcrumb"},"inLanguage":"en-US","potentialAction":[{"@type":"ReadAction","target":["https:\/\/btpmarket.ma\/?product=betopox-anclajes"]}]},{"@type":"ImageObject","inLanguage":"en-US","@id":"https:\/\/btpmarket.ma\/?product=betopox-anclajes#primaryimage","url":"https:\/\/btpmarket.ma\/wp-content\/uploads\/2024\/05\/1457522269index1.jpeg","contentUrl":"https:\/\/btpmarket.ma\/wp-content\/uploads\/2024\/05\/1457522269index1.jpeg","width":120,"height":126},{"@type":"BreadcrumbList","@id":"https:\/\/btpmarket.ma\/?product=betopox-anclajes#breadcrumb","itemListElement":[{"@type":"ListItem","position":1,"name":"Accueil","item":"https:\/\/btpmarket.ma\/"},{"@type":"ListItem","position":2,"name":"Products","item":"https:\/\/btpmarket.ma\/?post_type=product"},{"@type":"ListItem","position":3,"name":"PRODUITS SP\u00c9CIAUX","item":"https:\/\/btpmarket.ma\/?product_cat=produits-speciaux"},{"@type":"ListItem","position":4,"name":"ANCRAGE","item":"https:\/\/btpmarket.ma\/?product_cat=ancrage"},{"@type":"ListItem","position":5,"name":"BETOPOX ANCLAJES"}]},{"@type":"WebSite","@id":"https:\/\/btpmarket.ma\/#website","url":"https:\/\/btpmarket.ma\/","name":"btpmarket","description":"","publisher":{"@id":"https:\/\/btpmarket.ma\/#organization"},"potentialAction":[{"@type":"SearchAction","target":{"@type":"EntryPoint","urlTemplate":"https:\/\/btpmarket.ma\/?s={search_term_string}"},"query-input":"required name=search_term_string"}],"inLanguage":"en-US"},{"@type":"Organization","@id":"https:\/\/btpmarket.ma\/#organization","name":"btpmarket","url":"https:\/\/btpmarket.ma\/","logo":{"@type":"ImageObject","inLanguage":"en-US","@id":"https:\/\/btpmarket.ma\/#\/schema\/logo\/image\/","url":"https:\/\/btpmarket.ma\/wp-content\/uploads\/2024\/05\/Asset-1.png","contentUrl":"https:\/\/btpmarket.ma\/wp-content\/uploads\/2024\/05\/Asset-1.png","width":1000,"height":411,"caption":"btpmarket"},"image":{"@id":"https:\/\/btpmarket.ma\/#\/schema\/logo\/image\/"}}]}},"_links":{"self":[{"href":"https:\/\/btpmarket.ma\/index.php?rest_route=\/wp\/v2\/product\/4955"}],"collection":[{"href":"https:\/\/btpmarket.ma\/index.php?rest_route=\/wp\/v2\/product"}],"about":[{"href":"https:\/\/btpmarket.ma\/index.php?rest_route=\/wp\/v2\/types\/product"}],"replies":[{"embeddable":true,"href":"https:\/\/btpmarket.ma\/index.php?rest_route=%2Fwp%2Fv2%2Fcomments&post=4955"}],"wp:featuredmedia":[{"embeddable":true,"href":"https:\/\/btpmarket.ma\/index.php?rest_route=\/wp\/v2\/media\/4958"}],"wp:attachment":[{"href":"https:\/\/btpmarket.ma\/index.php?rest_route=%2Fwp%2Fv2%2Fmedia&parent=4955"}],"wp:term":[{"taxonomy":"product_cat","embeddable":true,"href":"https:\/\/btpmarket.ma\/index.php?rest_route=%2Fwp%2Fv2%2Fproduct_cat&post=4955"},{"taxonomy":"product_tag","embeddable":true,"href":"https:\/\/btpmarket.ma\/index.php?rest_route=%2Fwp%2Fv2%2Fproduct_tag&post=4955"}],"curies":[{"name":"wp","href":"https:\/\/api.w.org\/{rel}","templated":true}]}}