{"id":4959,"date":"2024-05-30T18:18:19","date_gmt":"2024-05-30T18:18:19","guid":{"rendered":"https:\/\/btpmarket.ma\/?post_type=product&#038;p=4959"},"modified":"2024-05-31T12:54:06","modified_gmt":"2024-05-31T12:54:06","slug":"propam-grout","status":"publish","type":"product","link":"https:\/\/btpmarket.ma\/?product=propam-grout","title":{"rendered":"PROPAM GROUT"},"content":{"rendered":"<p><strong>APPLICATIONS<\/strong><\/p>\n<hr \/>\n<p>Il est recommand\u00e9 pour remplir les ch\u00e2ssis de fondation de machines, nivellement d\u2019appui de ponts et ancrages en g\u00e9n\u00e9ral pour machines, poteaux, boulons, barres d\u2019acier, piliers, passage de conduites, etc.<\/p>\n<p><strong>PROPRI\u00c9T\u00c9S<\/strong><\/p>\n<hr \/>\n<p>R\u00e9traction compens\u00e9e. Consistance fuide sans s\u00e9gr\u00e9gation apr\u00e8s malaxage.<\/p>\n<p>Bonnes r\u00e9sistances tant initiales que nales.<\/p>\n<p>Tr\u00e8s fort pouvoir autolissant et de remplissage.<\/p>\n<p>Imperm\u00e9able \u00e0 l\u2019eau, graisses et d\u00e9riv\u00e9s dup\u00e9trole. Sans substances agressives pour le b\u00e9ton et l\u2019acier.<\/p>\n<p><strong>SUPPORT<\/strong><\/p>\n<hr \/>\n<p>Le support doit \u00eatre propre, solide, rugueux et sans huile, graisse, peinture, reste d\u2019huile, de produit de d\u00e9coffrage, poussi\u00e8re, etc.<\/p>\n<p>Il doit toujours avoir une temp\u00e9rature entre +5\u00baC et +30\u00baC.<\/p>\n<p>Il faut humidier le support jusqu\u2019\u00e0 saturation 24 heures avant d\u2019appliquer le mortier.<\/p>\n<p>Pour le bouchage de trous, soufez de l\u2019air pressuris\u00e9 pour \u00e9liminer la poussi\u00e8re et les restes de salet\u00e9 ainsi que l\u2019eau se trouvant dans les trous.<\/p>\n<p>plus d&#8217;info sur\u00a0<a href=\"http:\/\/www.propamsa.es\/fr\/propam-grout1\">le site du fournisseur<\/a><\/p>\n","protected":false},"excerpt":{"rendered":"<p>MORTIER FLUIDE, SANS R\u00c9TRACTION, POUR BOUCHAGE ET ANCRAGE EN G\u00c9N\u00c9RAL.<br \/>\nLe mortier PROPAM GROUT est formul\u00e9 \u00e0 base de ciment, granulats s\u00e9lectionn\u00e9s et additifs organiques qui lui donnent d&#8217;excellentes propri\u00e9t\u00e9s.<\/p>\n","protected":false},"featured_media":4962,"comment_status":"open","ping_status":"closed","template":"","meta":{"_acf_changed":false},"product_cat":[310,22],"product_tag":[],"acf":[],"yoast_head":"<!-- This site is optimized with the Yoast SEO plugin v22.7 - https:\/\/yoast.com\/wordpress\/plugins\/seo\/ -->\n<title>PROPAM GROUT - btpmarket<\/title>\n<meta name=\"robots\" content=\"index, follow, max-snippet:-1, max-image-preview:large, max-video-preview:-1\" \/>\n<link rel=\"canonical\" href=\"https:\/\/btpmarket.ma\/?product=propam-grout\" \/>\n<meta property=\"og:locale\" content=\"en_US\" \/>\n<meta property=\"og:type\" content=\"article\" \/>\n<meta property=\"og:title\" content=\"PROPAM GROUT - btpmarket\" \/>\n<meta property=\"og:description\" content=\"MORTIER FLUIDE, SANS R\u00c9TRACTION, POUR BOUCHAGE ET ANCRAGE EN G\u00c9N\u00c9RAL. Le mortier PROPAM GROUT est formul\u00e9 \u00e0 base de ciment, granulats s\u00e9lectionn\u00e9s et additifs organiques qui lui donnent d&#039;excellentes propri\u00e9t\u00e9s.\" \/>\n<meta property=\"og:url\" content=\"https:\/\/btpmarket.ma\/?product=propam-grout\" \/>\n<meta property=\"og:site_name\" content=\"btpmarket\" \/>\n<meta property=\"article:modified_time\" content=\"2024-05-31T12:54:06+00:00\" \/>\n<meta property=\"og:image\" content=\"https:\/\/btpmarket.ma\/wp-content\/uploads\/2024\/05\/145745276817552612_z1-1.jpg\" \/>\n\t<meta property=\"og:image:width\" content=\"444\" \/>\n\t<meta property=\"og:image:height\" content=\"580\" \/>\n\t<meta property=\"og:image:type\" content=\"image\/jpeg\" \/>\n<meta name=\"twitter:card\" content=\"summary_large_image\" \/>\n<meta name=\"twitter:label1\" content=\"Est. reading time\" \/>\n\t<meta name=\"twitter:data1\" content=\"1 minute\" \/>\n<script type=\"application\/ld+json\" class=\"yoast-schema-graph\">{\"@context\":\"https:\/\/schema.org\",\"@graph\":[{\"@type\":\"WebPage\",\"@id\":\"https:\/\/btpmarket.ma\/?product=propam-grout\",\"url\":\"https:\/\/btpmarket.ma\/?product=propam-grout\",\"name\":\"PROPAM GROUT - btpmarket\",\"isPartOf\":{\"@id\":\"https:\/\/btpmarket.ma\/#website\"},\"primaryImageOfPage\":{\"@id\":\"https:\/\/btpmarket.ma\/?product=propam-grout#primaryimage\"},\"image\":{\"@id\":\"https:\/\/btpmarket.ma\/?product=propam-grout#primaryimage\"},\"thumbnailUrl\":\"https:\/\/btpmarket.ma\/wp-content\/uploads\/2024\/05\/145745276817552612_z1-1.jpg\",\"datePublished\":\"2024-05-30T18:18:19+00:00\",\"dateModified\":\"2024-05-31T12:54:06+00:00\",\"breadcrumb\":{\"@id\":\"https:\/\/btpmarket.ma\/?product=propam-grout#breadcrumb\"},\"inLanguage\":\"en-US\",\"potentialAction\":[{\"@type\":\"ReadAction\",\"target\":[\"https:\/\/btpmarket.ma\/?product=propam-grout\"]}]},{\"@type\":\"ImageObject\",\"inLanguage\":\"en-US\",\"@id\":\"https:\/\/btpmarket.ma\/?product=propam-grout#primaryimage\",\"url\":\"https:\/\/btpmarket.ma\/wp-content\/uploads\/2024\/05\/145745276817552612_z1-1.jpg\",\"contentUrl\":\"https:\/\/btpmarket.ma\/wp-content\/uploads\/2024\/05\/145745276817552612_z1-1.jpg\",\"width\":444,\"height\":580},{\"@type\":\"BreadcrumbList\",\"@id\":\"https:\/\/btpmarket.ma\/?product=propam-grout#breadcrumb\",\"itemListElement\":[{\"@type\":\"ListItem\",\"position\":1,\"name\":\"Accueil\",\"item\":\"https:\/\/btpmarket.ma\/\"},{\"@type\":\"ListItem\",\"position\":2,\"name\":\"Products\",\"item\":\"https:\/\/btpmarket.ma\/?post_type=product\"},{\"@type\":\"ListItem\",\"position\":3,\"name\":\"PRODUITS SP\u00c9CIAUX\",\"item\":\"https:\/\/btpmarket.ma\/?product_cat=produits-speciaux\"},{\"@type\":\"ListItem\",\"position\":4,\"name\":\"PROPAM GROUT\"}]},{\"@type\":\"WebSite\",\"@id\":\"https:\/\/btpmarket.ma\/#website\",\"url\":\"https:\/\/btpmarket.ma\/\",\"name\":\"btpmarket\",\"description\":\"\",\"publisher\":{\"@id\":\"https:\/\/btpmarket.ma\/#organization\"},\"potentialAction\":[{\"@type\":\"SearchAction\",\"target\":{\"@type\":\"EntryPoint\",\"urlTemplate\":\"https:\/\/btpmarket.ma\/?s={search_term_string}\"},\"query-input\":\"required name=search_term_string\"}],\"inLanguage\":\"en-US\"},{\"@type\":\"Organization\",\"@id\":\"https:\/\/btpmarket.ma\/#organization\",\"name\":\"btpmarket\",\"url\":\"https:\/\/btpmarket.ma\/\",\"logo\":{\"@type\":\"ImageObject\",\"inLanguage\":\"en-US\",\"@id\":\"https:\/\/btpmarket.ma\/#\/schema\/logo\/image\/\",\"url\":\"https:\/\/btpmarket.ma\/wp-content\/uploads\/2024\/05\/Asset-1.png\",\"contentUrl\":\"https:\/\/btpmarket.ma\/wp-content\/uploads\/2024\/05\/Asset-1.png\",\"width\":1000,\"height\":411,\"caption\":\"btpmarket\"},\"image\":{\"@id\":\"https:\/\/btpmarket.ma\/#\/schema\/logo\/image\/\"}}]}<\/script>\n<!-- \/ Yoast SEO plugin. -->","yoast_head_json":{"title":"PROPAM GROUT - btpmarket","robots":{"index":"index","follow":"follow","max-snippet":"max-snippet:-1","max-image-preview":"max-image-preview:large","max-video-preview":"max-video-preview:-1"},"canonical":"https:\/\/btpmarket.ma\/?product=propam-grout","og_locale":"en_US","og_type":"article","og_title":"PROPAM GROUT - btpmarket","og_description":"MORTIER FLUIDE, SANS R\u00c9TRACTION, POUR BOUCHAGE ET ANCRAGE EN G\u00c9N\u00c9RAL. Le mortier PROPAM GROUT est formul\u00e9 \u00e0 base de ciment, granulats s\u00e9lectionn\u00e9s et additifs organiques qui lui donnent d'excellentes propri\u00e9t\u00e9s.","og_url":"https:\/\/btpmarket.ma\/?product=propam-grout","og_site_name":"btpmarket","article_modified_time":"2024-05-31T12:54:06+00:00","og_image":[{"width":444,"height":580,"url":"https:\/\/btpmarket.ma\/wp-content\/uploads\/2024\/05\/145745276817552612_z1-1.jpg","type":"image\/jpeg"}],"twitter_card":"summary_large_image","twitter_misc":{"Est. reading time":"1 minute"},"schema":{"@context":"https:\/\/schema.org","@graph":[{"@type":"WebPage","@id":"https:\/\/btpmarket.ma\/?product=propam-grout","url":"https:\/\/btpmarket.ma\/?product=propam-grout","name":"PROPAM GROUT - btpmarket","isPartOf":{"@id":"https:\/\/btpmarket.ma\/#website"},"primaryImageOfPage":{"@id":"https:\/\/btpmarket.ma\/?product=propam-grout#primaryimage"},"image":{"@id":"https:\/\/btpmarket.ma\/?product=propam-grout#primaryimage"},"thumbnailUrl":"https:\/\/btpmarket.ma\/wp-content\/uploads\/2024\/05\/145745276817552612_z1-1.jpg","datePublished":"2024-05-30T18:18:19+00:00","dateModified":"2024-05-31T12:54:06+00:00","breadcrumb":{"@id":"https:\/\/btpmarket.ma\/?product=propam-grout#breadcrumb"},"inLanguage":"en-US","potentialAction":[{"@type":"ReadAction","target":["https:\/\/btpmarket.ma\/?product=propam-grout"]}]},{"@type":"ImageObject","inLanguage":"en-US","@id":"https:\/\/btpmarket.ma\/?product=propam-grout#primaryimage","url":"https:\/\/btpmarket.ma\/wp-content\/uploads\/2024\/05\/145745276817552612_z1-1.jpg","contentUrl":"https:\/\/btpmarket.ma\/wp-content\/uploads\/2024\/05\/145745276817552612_z1-1.jpg","width":444,"height":580},{"@type":"BreadcrumbList","@id":"https:\/\/btpmarket.ma\/?product=propam-grout#breadcrumb","itemListElement":[{"@type":"ListItem","position":1,"name":"Accueil","item":"https:\/\/btpmarket.ma\/"},{"@type":"ListItem","position":2,"name":"Products","item":"https:\/\/btpmarket.ma\/?post_type=product"},{"@type":"ListItem","position":3,"name":"PRODUITS SP\u00c9CIAUX","item":"https:\/\/btpmarket.ma\/?product_cat=produits-speciaux"},{"@type":"ListItem","position":4,"name":"PROPAM GROUT"}]},{"@type":"WebSite","@id":"https:\/\/btpmarket.ma\/#website","url":"https:\/\/btpmarket.ma\/","name":"btpmarket","description":"","publisher":{"@id":"https:\/\/btpmarket.ma\/#organization"},"potentialAction":[{"@type":"SearchAction","target":{"@type":"EntryPoint","urlTemplate":"https:\/\/btpmarket.ma\/?s={search_term_string}"},"query-input":"required name=search_term_string"}],"inLanguage":"en-US"},{"@type":"Organization","@id":"https:\/\/btpmarket.ma\/#organization","name":"btpmarket","url":"https:\/\/btpmarket.ma\/","logo":{"@type":"ImageObject","inLanguage":"en-US","@id":"https:\/\/btpmarket.ma\/#\/schema\/logo\/image\/","url":"https:\/\/btpmarket.ma\/wp-content\/uploads\/2024\/05\/Asset-1.png","contentUrl":"https:\/\/btpmarket.ma\/wp-content\/uploads\/2024\/05\/Asset-1.png","width":1000,"height":411,"caption":"btpmarket"},"image":{"@id":"https:\/\/btpmarket.ma\/#\/schema\/logo\/image\/"}}]}},"_links":{"self":[{"href":"https:\/\/btpmarket.ma\/index.php?rest_route=\/wp\/v2\/product\/4959"}],"collection":[{"href":"https:\/\/btpmarket.ma\/index.php?rest_route=\/wp\/v2\/product"}],"about":[{"href":"https:\/\/btpmarket.ma\/index.php?rest_route=\/wp\/v2\/types\/product"}],"replies":[{"embeddable":true,"href":"https:\/\/btpmarket.ma\/index.php?rest_route=%2Fwp%2Fv2%2Fcomments&post=4959"}],"wp:featuredmedia":[{"embeddable":true,"href":"https:\/\/btpmarket.ma\/index.php?rest_route=\/wp\/v2\/media\/4962"}],"wp:attachment":[{"href":"https:\/\/btpmarket.ma\/index.php?rest_route=%2Fwp%2Fv2%2Fmedia&parent=4959"}],"wp:term":[{"taxonomy":"product_cat","embeddable":true,"href":"https:\/\/btpmarket.ma\/index.php?rest_route=%2Fwp%2Fv2%2Fproduct_cat&post=4959"},{"taxonomy":"product_tag","embeddable":true,"href":"https:\/\/btpmarket.ma\/index.php?rest_route=%2Fwp%2Fv2%2Fproduct_tag&post=4959"}],"curies":[{"name":"wp","href":"https:\/\/api.w.org\/{rel}","templated":true}]}}