{"id":4967,"date":"2024-05-30T18:24:28","date_gmt":"2024-05-30T18:24:28","guid":{"rendered":"https:\/\/btpmarket.ma\/?post_type=product&#038;p=4967"},"modified":"2024-05-30T18:34:01","modified_gmt":"2024-05-30T18:34:01","slug":"propam-recrecido-ligero-ar","status":"publish","type":"product","link":"https:\/\/btpmarket.ma\/?product=propam-recrecido-ligero-ar","title":{"rendered":"PROPAM \u00ae RECRECIDO LIGERO AR"},"content":{"rendered":"<p><strong>APPLICATION:<\/strong><br \/>\nRestauration d\u2019anciens planchers, chapes l\u00e9g\u00e8res et isolantes.<br \/>\nMise en oeuvre de dallage structural pour second plancher ayant un probl\u00e8me structural de poids.<br \/>\nFormation de pentes pour radier structural,dallage en b\u00e9ton hautes prestations tant en int\u00e9rieurs qu\u2019en ext\u00e9rieurs.<br \/>\nChapes et remplissages de b\u00e9ton.<br \/>\nDallage en b\u00e9ton pour une finition avec des produits de la gamme NIVELANTE ou BETOLEVEL.<\/p>\n<p><strong>MODE D\u2019EMPLOI:<\/strong><\/p>\n<p>1. M\u00e9langer tout le sac avec environ 4 litres d\u2019eau jusqu\u2019\u00e0 obtenir une homog\u00e9n\u00e9it\u00e9 parfaite.<br \/>\n2. Laisser reposer 2 minutes et m\u00e9langer de nouveau pour obtenir une p\u00e2te pr\u00eate \u00e0 l\u2019emploi.<br \/>\n3. Faire les ma\u00eetresses lignes, puis \u00e9tendre le produit sur le sol en passant une r\u00e8gle jusqu\u2019\u00e0 obtenir l\u2019\u00e9paisseur et la planim\u00e9trie voulues (minimum 30 mm).<br \/>\n4. \u00c0 l\u2019aide d\u2019une taloche, lisser jusqu\u2019\u00e0 obtenir une surface lisse. Pour une fi nition beaucoup plus lisse, il est recommand\u00e9 d\u2019utiliser un mortier de nivellement de la gamme PROPAMSA (NIVELANTE ou BETOLEVEL).<br \/>\n5. Attendre 24 heures avant le rev\u00eatement avec un mortier de nivellement base ciment ou avec du carrelage.<\/p>\n","protected":false},"excerpt":{"rendered":"<p>PROPAM RECRECIDO LIGERO AR est un micro-b\u00e9ton all\u00e9g\u00e9 et structural pour chapes d\u2019\u00e9paisseur comprise entre 30 et 100 mm.<\/p>\n","protected":false},"featured_media":4968,"comment_status":"open","ping_status":"closed","template":"","meta":{"_acf_changed":false},"product_cat":[312,22],"product_tag":[],"acf":[],"yoast_head":"<!-- This site is optimized with the Yoast SEO plugin v22.7 - https:\/\/yoast.com\/wordpress\/plugins\/seo\/ -->\n<title>PROPAM \u00ae RECRECIDO LIGERO AR - btpmarket<\/title>\n<meta name=\"robots\" content=\"index, follow, max-snippet:-1, max-image-preview:large, max-video-preview:-1\" \/>\n<link rel=\"canonical\" href=\"https:\/\/btpmarket.ma\/?product=propam-recrecido-ligero-ar\" \/>\n<meta property=\"og:locale\" content=\"en_US\" \/>\n<meta property=\"og:type\" content=\"article\" \/>\n<meta property=\"og:title\" content=\"PROPAM \u00ae RECRECIDO LIGERO AR - btpmarket\" \/>\n<meta property=\"og:description\" content=\"PROPAM RECRECIDO LIGERO AR est un micro-b\u00e9ton all\u00e9g\u00e9 et structural pour chapes d\u2019\u00e9paisseur comprise entre 30 et 100 mm.\" \/>\n<meta property=\"og:url\" content=\"https:\/\/btpmarket.ma\/?product=propam-recrecido-ligero-ar\" \/>\n<meta property=\"og:site_name\" content=\"btpmarket\" \/>\n<meta property=\"article:modified_time\" content=\"2024-05-30T18:34:01+00:00\" \/>\n<meta property=\"og:image\" content=\"https:\/\/btpmarket.ma\/wp-content\/uploads\/2024\/05\/1473414539ligero.jpg\" \/>\n\t<meta property=\"og:image:width\" content=\"149\" \/>\n\t<meta property=\"og:image:height\" content=\"194\" \/>\n\t<meta property=\"og:image:type\" content=\"image\/jpeg\" \/>\n<meta name=\"twitter:card\" content=\"summary_large_image\" \/>\n<meta name=\"twitter:label1\" content=\"Est. reading time\" \/>\n\t<meta name=\"twitter:data1\" content=\"1 minute\" \/>\n<script type=\"application\/ld+json\" class=\"yoast-schema-graph\">{\"@context\":\"https:\/\/schema.org\",\"@graph\":[{\"@type\":\"WebPage\",\"@id\":\"https:\/\/btpmarket.ma\/?product=propam-recrecido-ligero-ar\",\"url\":\"https:\/\/btpmarket.ma\/?product=propam-recrecido-ligero-ar\",\"name\":\"PROPAM \u00ae RECRECIDO LIGERO AR - btpmarket\",\"isPartOf\":{\"@id\":\"https:\/\/btpmarket.ma\/#website\"},\"primaryImageOfPage\":{\"@id\":\"https:\/\/btpmarket.ma\/?product=propam-recrecido-ligero-ar#primaryimage\"},\"image\":{\"@id\":\"https:\/\/btpmarket.ma\/?product=propam-recrecido-ligero-ar#primaryimage\"},\"thumbnailUrl\":\"https:\/\/btpmarket.ma\/wp-content\/uploads\/2024\/05\/1473414539ligero.jpg\",\"datePublished\":\"2024-05-30T18:24:28+00:00\",\"dateModified\":\"2024-05-30T18:34:01+00:00\",\"breadcrumb\":{\"@id\":\"https:\/\/btpmarket.ma\/?product=propam-recrecido-ligero-ar#breadcrumb\"},\"inLanguage\":\"en-US\",\"potentialAction\":[{\"@type\":\"ReadAction\",\"target\":[\"https:\/\/btpmarket.ma\/?product=propam-recrecido-ligero-ar\"]}]},{\"@type\":\"ImageObject\",\"inLanguage\":\"en-US\",\"@id\":\"https:\/\/btpmarket.ma\/?product=propam-recrecido-ligero-ar#primaryimage\",\"url\":\"https:\/\/btpmarket.ma\/wp-content\/uploads\/2024\/05\/1473414539ligero.jpg\",\"contentUrl\":\"https:\/\/btpmarket.ma\/wp-content\/uploads\/2024\/05\/1473414539ligero.jpg\",\"width\":149,\"height\":194},{\"@type\":\"BreadcrumbList\",\"@id\":\"https:\/\/btpmarket.ma\/?product=propam-recrecido-ligero-ar#breadcrumb\",\"itemListElement\":[{\"@type\":\"ListItem\",\"position\":1,\"name\":\"Accueil\",\"item\":\"https:\/\/btpmarket.ma\/\"},{\"@type\":\"ListItem\",\"position\":2,\"name\":\"Products\",\"item\":\"https:\/\/btpmarket.ma\/?post_type=product\"},{\"@type\":\"ListItem\",\"position\":3,\"name\":\"PRODUITS SP\u00c9CIAUX\",\"item\":\"https:\/\/btpmarket.ma\/?product_cat=produits-speciaux\"},{\"@type\":\"ListItem\",\"position\":4,\"name\":\"B\u00c9TON L\u00c9GER\",\"item\":\"https:\/\/btpmarket.ma\/?product_cat=beton-leger\"},{\"@type\":\"ListItem\",\"position\":5,\"name\":\"PROPAM \u00ae RECRECIDO LIGERO AR\"}]},{\"@type\":\"WebSite\",\"@id\":\"https:\/\/btpmarket.ma\/#website\",\"url\":\"https:\/\/btpmarket.ma\/\",\"name\":\"btpmarket\",\"description\":\"\",\"publisher\":{\"@id\":\"https:\/\/btpmarket.ma\/#organization\"},\"potentialAction\":[{\"@type\":\"SearchAction\",\"target\":{\"@type\":\"EntryPoint\",\"urlTemplate\":\"https:\/\/btpmarket.ma\/?s={search_term_string}\"},\"query-input\":\"required name=search_term_string\"}],\"inLanguage\":\"en-US\"},{\"@type\":\"Organization\",\"@id\":\"https:\/\/btpmarket.ma\/#organization\",\"name\":\"btpmarket\",\"url\":\"https:\/\/btpmarket.ma\/\",\"logo\":{\"@type\":\"ImageObject\",\"inLanguage\":\"en-US\",\"@id\":\"https:\/\/btpmarket.ma\/#\/schema\/logo\/image\/\",\"url\":\"https:\/\/btpmarket.ma\/wp-content\/uploads\/2024\/05\/Asset-1.png\",\"contentUrl\":\"https:\/\/btpmarket.ma\/wp-content\/uploads\/2024\/05\/Asset-1.png\",\"width\":1000,\"height\":411,\"caption\":\"btpmarket\"},\"image\":{\"@id\":\"https:\/\/btpmarket.ma\/#\/schema\/logo\/image\/\"}}]}<\/script>\n<!-- \/ Yoast SEO plugin. -->","yoast_head_json":{"title":"PROPAM \u00ae RECRECIDO LIGERO AR - btpmarket","robots":{"index":"index","follow":"follow","max-snippet":"max-snippet:-1","max-image-preview":"max-image-preview:large","max-video-preview":"max-video-preview:-1"},"canonical":"https:\/\/btpmarket.ma\/?product=propam-recrecido-ligero-ar","og_locale":"en_US","og_type":"article","og_title":"PROPAM \u00ae RECRECIDO LIGERO AR - btpmarket","og_description":"PROPAM RECRECIDO LIGERO AR est un micro-b\u00e9ton all\u00e9g\u00e9 et structural pour chapes d\u2019\u00e9paisseur comprise entre 30 et 100 mm.","og_url":"https:\/\/btpmarket.ma\/?product=propam-recrecido-ligero-ar","og_site_name":"btpmarket","article_modified_time":"2024-05-30T18:34:01+00:00","og_image":[{"width":149,"height":194,"url":"https:\/\/btpmarket.ma\/wp-content\/uploads\/2024\/05\/1473414539ligero.jpg","type":"image\/jpeg"}],"twitter_card":"summary_large_image","twitter_misc":{"Est. reading time":"1 minute"},"schema":{"@context":"https:\/\/schema.org","@graph":[{"@type":"WebPage","@id":"https:\/\/btpmarket.ma\/?product=propam-recrecido-ligero-ar","url":"https:\/\/btpmarket.ma\/?product=propam-recrecido-ligero-ar","name":"PROPAM \u00ae RECRECIDO LIGERO AR - btpmarket","isPartOf":{"@id":"https:\/\/btpmarket.ma\/#website"},"primaryImageOfPage":{"@id":"https:\/\/btpmarket.ma\/?product=propam-recrecido-ligero-ar#primaryimage"},"image":{"@id":"https:\/\/btpmarket.ma\/?product=propam-recrecido-ligero-ar#primaryimage"},"thumbnailUrl":"https:\/\/btpmarket.ma\/wp-content\/uploads\/2024\/05\/1473414539ligero.jpg","datePublished":"2024-05-30T18:24:28+00:00","dateModified":"2024-05-30T18:34:01+00:00","breadcrumb":{"@id":"https:\/\/btpmarket.ma\/?product=propam-recrecido-ligero-ar#breadcrumb"},"inLanguage":"en-US","potentialAction":[{"@type":"ReadAction","target":["https:\/\/btpmarket.ma\/?product=propam-recrecido-ligero-ar"]}]},{"@type":"ImageObject","inLanguage":"en-US","@id":"https:\/\/btpmarket.ma\/?product=propam-recrecido-ligero-ar#primaryimage","url":"https:\/\/btpmarket.ma\/wp-content\/uploads\/2024\/05\/1473414539ligero.jpg","contentUrl":"https:\/\/btpmarket.ma\/wp-content\/uploads\/2024\/05\/1473414539ligero.jpg","width":149,"height":194},{"@type":"BreadcrumbList","@id":"https:\/\/btpmarket.ma\/?product=propam-recrecido-ligero-ar#breadcrumb","itemListElement":[{"@type":"ListItem","position":1,"name":"Accueil","item":"https:\/\/btpmarket.ma\/"},{"@type":"ListItem","position":2,"name":"Products","item":"https:\/\/btpmarket.ma\/?post_type=product"},{"@type":"ListItem","position":3,"name":"PRODUITS SP\u00c9CIAUX","item":"https:\/\/btpmarket.ma\/?product_cat=produits-speciaux"},{"@type":"ListItem","position":4,"name":"B\u00c9TON L\u00c9GER","item":"https:\/\/btpmarket.ma\/?product_cat=beton-leger"},{"@type":"ListItem","position":5,"name":"PROPAM \u00ae RECRECIDO LIGERO AR"}]},{"@type":"WebSite","@id":"https:\/\/btpmarket.ma\/#website","url":"https:\/\/btpmarket.ma\/","name":"btpmarket","description":"","publisher":{"@id":"https:\/\/btpmarket.ma\/#organization"},"potentialAction":[{"@type":"SearchAction","target":{"@type":"EntryPoint","urlTemplate":"https:\/\/btpmarket.ma\/?s={search_term_string}"},"query-input":"required name=search_term_string"}],"inLanguage":"en-US"},{"@type":"Organization","@id":"https:\/\/btpmarket.ma\/#organization","name":"btpmarket","url":"https:\/\/btpmarket.ma\/","logo":{"@type":"ImageObject","inLanguage":"en-US","@id":"https:\/\/btpmarket.ma\/#\/schema\/logo\/image\/","url":"https:\/\/btpmarket.ma\/wp-content\/uploads\/2024\/05\/Asset-1.png","contentUrl":"https:\/\/btpmarket.ma\/wp-content\/uploads\/2024\/05\/Asset-1.png","width":1000,"height":411,"caption":"btpmarket"},"image":{"@id":"https:\/\/btpmarket.ma\/#\/schema\/logo\/image\/"}}]}},"_links":{"self":[{"href":"https:\/\/btpmarket.ma\/index.php?rest_route=\/wp\/v2\/product\/4967"}],"collection":[{"href":"https:\/\/btpmarket.ma\/index.php?rest_route=\/wp\/v2\/product"}],"about":[{"href":"https:\/\/btpmarket.ma\/index.php?rest_route=\/wp\/v2\/types\/product"}],"replies":[{"embeddable":true,"href":"https:\/\/btpmarket.ma\/index.php?rest_route=%2Fwp%2Fv2%2Fcomments&post=4967"}],"wp:featuredmedia":[{"embeddable":true,"href":"https:\/\/btpmarket.ma\/index.php?rest_route=\/wp\/v2\/media\/4968"}],"wp:attachment":[{"href":"https:\/\/btpmarket.ma\/index.php?rest_route=%2Fwp%2Fv2%2Fmedia&parent=4967"}],"wp:term":[{"taxonomy":"product_cat","embeddable":true,"href":"https:\/\/btpmarket.ma\/index.php?rest_route=%2Fwp%2Fv2%2Fproduct_cat&post=4967"},{"taxonomy":"product_tag","embeddable":true,"href":"https:\/\/btpmarket.ma\/index.php?rest_route=%2Fwp%2Fv2%2Fproduct_tag&post=4967"}],"curies":[{"name":"wp","href":"https:\/\/api.w.org\/{rel}","templated":true}]}}