{"id":4971,"date":"2024-05-30T18:37:01","date_gmt":"2024-05-30T18:37:01","guid":{"rendered":"https:\/\/btpmarket.ma\/?post_type=product&#038;p=4971"},"modified":"2024-05-30T18:37:01","modified_gmt":"2024-05-30T18:37:01","slug":"couvre-joint-mural-plafond-et-facades","status":"publish","type":"product","link":"https:\/\/btpmarket.ma\/?product=couvre-joint-mural-plafond-et-facades","title":{"rendered":"Couvre Joint Mural Plafond, et fa\u00e7ades"},"content":{"rendered":"<h3><strong>Utilisation<\/strong><\/h3>\n<hr \/>\n<p>Les couvres joints \u00e0 clipser en aluminium sont utilis\u00e9s en travaux neufs et en r\u00e9novation \u00e0<br \/>\nl\u2019int\u00e9rieur ou \u00e0 l\u2019ext\u00e9rieur pour Murs, Plafonds et Fa\u00e7ades.<\/p>\n<h3><\/h3>\n<h3><strong>Composition<\/strong><\/h3>\n<hr \/>\n<p>Profil\u00e9 en aliminium naturel de 6ml, finition coleur (RAL) sur commande.<\/p>\n<p>&nbsp;<\/p>\n<h3><strong>Dimensions<\/strong><\/h3>\n<hr \/>\n<p><img decoding=\"async\" class=\"alignleft\" src=\"http:\/\/btpmarket.com\/public2\/images\/Joint\/Exl001.png\" alt=\"Joint_Ex001\" \/><\/p>\n","protected":false},"excerpt":{"rendered":"<p>Couvre Joint Mural tout m\u00e9tal en aluminium. Esth\u00e9tique, d\u00e9coratif et \u00e9conomique, facile et rapide \u00e0 installer, sans per\u00e7age ni collage, pour des joints d\u2019ouverture de 10 mm \u00e0 150 mm<\/p>\n","protected":false},"featured_media":4972,"comment_status":"open","ping_status":"closed","template":"","meta":{"_acf_changed":false},"product_cat":[305,21],"product_tag":[],"acf":[],"yoast_head":"<!-- This site is optimized with the Yoast SEO plugin v22.7 - https:\/\/yoast.com\/wordpress\/plugins\/seo\/ -->\n<title>Couvre Joint Mural Plafond, et fa\u00e7ades - btpmarket<\/title>\n<meta name=\"robots\" content=\"index, follow, max-snippet:-1, max-image-preview:large, max-video-preview:-1\" \/>\n<link rel=\"canonical\" href=\"https:\/\/btpmarket.ma\/?product=couvre-joint-mural-plafond-et-facades\" \/>\n<meta property=\"og:locale\" content=\"en_US\" \/>\n<meta property=\"og:type\" content=\"article\" \/>\n<meta property=\"og:title\" content=\"Couvre Joint Mural Plafond, et fa\u00e7ades - btpmarket\" \/>\n<meta property=\"og:description\" content=\"Couvre Joint Mural tout m\u00e9tal en aluminium. Esth\u00e9tique, d\u00e9coratif et \u00e9conomique, facile et rapide \u00e0 installer, sans per\u00e7age ni collage, pour des joints d\u2019ouverture de 10 mm \u00e0 150 mm\" \/>\n<meta property=\"og:url\" content=\"https:\/\/btpmarket.ma\/?product=couvre-joint-mural-plafond-et-facades\" \/>\n<meta property=\"og:site_name\" content=\"btpmarket\" \/>\n<meta property=\"og:image\" content=\"https:\/\/btpmarket.ma\/wp-content\/uploads\/2024\/05\/1454407801cj-a-clipser-alu.jpg\" \/>\n\t<meta property=\"og:image:width\" content=\"463\" \/>\n\t<meta property=\"og:image:height\" content=\"380\" \/>\n\t<meta property=\"og:image:type\" content=\"image\/jpeg\" \/>\n<meta name=\"twitter:card\" content=\"summary_large_image\" \/>\n<script type=\"application\/ld+json\" class=\"yoast-schema-graph\">{\"@context\":\"https:\/\/schema.org\",\"@graph\":[{\"@type\":\"WebPage\",\"@id\":\"https:\/\/btpmarket.ma\/?product=couvre-joint-mural-plafond-et-facades\",\"url\":\"https:\/\/btpmarket.ma\/?product=couvre-joint-mural-plafond-et-facades\",\"name\":\"Couvre Joint Mural Plafond, et fa\u00e7ades - btpmarket\",\"isPartOf\":{\"@id\":\"https:\/\/btpmarket.ma\/#website\"},\"primaryImageOfPage\":{\"@id\":\"https:\/\/btpmarket.ma\/?product=couvre-joint-mural-plafond-et-facades#primaryimage\"},\"image\":{\"@id\":\"https:\/\/btpmarket.ma\/?product=couvre-joint-mural-plafond-et-facades#primaryimage\"},\"thumbnailUrl\":\"https:\/\/btpmarket.ma\/wp-content\/uploads\/2024\/05\/1454407801cj-a-clipser-alu.jpg\",\"datePublished\":\"2024-05-30T18:37:01+00:00\",\"dateModified\":\"2024-05-30T18:37:01+00:00\",\"breadcrumb\":{\"@id\":\"https:\/\/btpmarket.ma\/?product=couvre-joint-mural-plafond-et-facades#breadcrumb\"},\"inLanguage\":\"en-US\",\"potentialAction\":[{\"@type\":\"ReadAction\",\"target\":[\"https:\/\/btpmarket.ma\/?product=couvre-joint-mural-plafond-et-facades\"]}]},{\"@type\":\"ImageObject\",\"inLanguage\":\"en-US\",\"@id\":\"https:\/\/btpmarket.ma\/?product=couvre-joint-mural-plafond-et-facades#primaryimage\",\"url\":\"https:\/\/btpmarket.ma\/wp-content\/uploads\/2024\/05\/1454407801cj-a-clipser-alu.jpg\",\"contentUrl\":\"https:\/\/btpmarket.ma\/wp-content\/uploads\/2024\/05\/1454407801cj-a-clipser-alu.jpg\",\"width\":463,\"height\":380},{\"@type\":\"BreadcrumbList\",\"@id\":\"https:\/\/btpmarket.ma\/?product=couvre-joint-mural-plafond-et-facades#breadcrumb\",\"itemListElement\":[{\"@type\":\"ListItem\",\"position\":1,\"name\":\"Accueil\",\"item\":\"https:\/\/btpmarket.ma\/\"},{\"@type\":\"ListItem\",\"position\":2,\"name\":\"Products\",\"item\":\"https:\/\/btpmarket.ma\/?post_type=product\"},{\"@type\":\"ListItem\",\"position\":3,\"name\":\"COUVRE JOINTS ET PROFIL\u00c9S\",\"item\":\"https:\/\/btpmarket.ma\/?product_cat=couvre-joints-et-profiles\"},{\"@type\":\"ListItem\",\"position\":4,\"name\":\"COUVRE JOINTS - PROFILES\",\"item\":\"https:\/\/btpmarket.ma\/?product_cat=couvre-joints-profiles\"},{\"@type\":\"ListItem\",\"position\":5,\"name\":\"Couvre Joint Mural Plafond, et fa\u00e7ades\"}]},{\"@type\":\"WebSite\",\"@id\":\"https:\/\/btpmarket.ma\/#website\",\"url\":\"https:\/\/btpmarket.ma\/\",\"name\":\"btpmarket\",\"description\":\"\",\"publisher\":{\"@id\":\"https:\/\/btpmarket.ma\/#organization\"},\"potentialAction\":[{\"@type\":\"SearchAction\",\"target\":{\"@type\":\"EntryPoint\",\"urlTemplate\":\"https:\/\/btpmarket.ma\/?s={search_term_string}\"},\"query-input\":\"required name=search_term_string\"}],\"inLanguage\":\"en-US\"},{\"@type\":\"Organization\",\"@id\":\"https:\/\/btpmarket.ma\/#organization\",\"name\":\"btpmarket\",\"url\":\"https:\/\/btpmarket.ma\/\",\"logo\":{\"@type\":\"ImageObject\",\"inLanguage\":\"en-US\",\"@id\":\"https:\/\/btpmarket.ma\/#\/schema\/logo\/image\/\",\"url\":\"https:\/\/btpmarket.ma\/wp-content\/uploads\/2024\/05\/Asset-1.png\",\"contentUrl\":\"https:\/\/btpmarket.ma\/wp-content\/uploads\/2024\/05\/Asset-1.png\",\"width\":1000,\"height\":411,\"caption\":\"btpmarket\"},\"image\":{\"@id\":\"https:\/\/btpmarket.ma\/#\/schema\/logo\/image\/\"}}]}<\/script>\n<!-- \/ Yoast SEO plugin. -->","yoast_head_json":{"title":"Couvre Joint Mural Plafond, et fa\u00e7ades - btpmarket","robots":{"index":"index","follow":"follow","max-snippet":"max-snippet:-1","max-image-preview":"max-image-preview:large","max-video-preview":"max-video-preview:-1"},"canonical":"https:\/\/btpmarket.ma\/?product=couvre-joint-mural-plafond-et-facades","og_locale":"en_US","og_type":"article","og_title":"Couvre Joint Mural Plafond, et fa\u00e7ades - btpmarket","og_description":"Couvre Joint Mural tout m\u00e9tal en aluminium. Esth\u00e9tique, d\u00e9coratif et \u00e9conomique, facile et rapide \u00e0 installer, sans per\u00e7age ni collage, pour des joints d\u2019ouverture de 10 mm \u00e0 150 mm","og_url":"https:\/\/btpmarket.ma\/?product=couvre-joint-mural-plafond-et-facades","og_site_name":"btpmarket","og_image":[{"width":463,"height":380,"url":"https:\/\/btpmarket.ma\/wp-content\/uploads\/2024\/05\/1454407801cj-a-clipser-alu.jpg","type":"image\/jpeg"}],"twitter_card":"summary_large_image","schema":{"@context":"https:\/\/schema.org","@graph":[{"@type":"WebPage","@id":"https:\/\/btpmarket.ma\/?product=couvre-joint-mural-plafond-et-facades","url":"https:\/\/btpmarket.ma\/?product=couvre-joint-mural-plafond-et-facades","name":"Couvre Joint Mural Plafond, et fa\u00e7ades - btpmarket","isPartOf":{"@id":"https:\/\/btpmarket.ma\/#website"},"primaryImageOfPage":{"@id":"https:\/\/btpmarket.ma\/?product=couvre-joint-mural-plafond-et-facades#primaryimage"},"image":{"@id":"https:\/\/btpmarket.ma\/?product=couvre-joint-mural-plafond-et-facades#primaryimage"},"thumbnailUrl":"https:\/\/btpmarket.ma\/wp-content\/uploads\/2024\/05\/1454407801cj-a-clipser-alu.jpg","datePublished":"2024-05-30T18:37:01+00:00","dateModified":"2024-05-30T18:37:01+00:00","breadcrumb":{"@id":"https:\/\/btpmarket.ma\/?product=couvre-joint-mural-plafond-et-facades#breadcrumb"},"inLanguage":"en-US","potentialAction":[{"@type":"ReadAction","target":["https:\/\/btpmarket.ma\/?product=couvre-joint-mural-plafond-et-facades"]}]},{"@type":"ImageObject","inLanguage":"en-US","@id":"https:\/\/btpmarket.ma\/?product=couvre-joint-mural-plafond-et-facades#primaryimage","url":"https:\/\/btpmarket.ma\/wp-content\/uploads\/2024\/05\/1454407801cj-a-clipser-alu.jpg","contentUrl":"https:\/\/btpmarket.ma\/wp-content\/uploads\/2024\/05\/1454407801cj-a-clipser-alu.jpg","width":463,"height":380},{"@type":"BreadcrumbList","@id":"https:\/\/btpmarket.ma\/?product=couvre-joint-mural-plafond-et-facades#breadcrumb","itemListElement":[{"@type":"ListItem","position":1,"name":"Accueil","item":"https:\/\/btpmarket.ma\/"},{"@type":"ListItem","position":2,"name":"Products","item":"https:\/\/btpmarket.ma\/?post_type=product"},{"@type":"ListItem","position":3,"name":"COUVRE JOINTS ET PROFIL\u00c9S","item":"https:\/\/btpmarket.ma\/?product_cat=couvre-joints-et-profiles"},{"@type":"ListItem","position":4,"name":"COUVRE JOINTS - PROFILES","item":"https:\/\/btpmarket.ma\/?product_cat=couvre-joints-profiles"},{"@type":"ListItem","position":5,"name":"Couvre Joint Mural Plafond, et fa\u00e7ades"}]},{"@type":"WebSite","@id":"https:\/\/btpmarket.ma\/#website","url":"https:\/\/btpmarket.ma\/","name":"btpmarket","description":"","publisher":{"@id":"https:\/\/btpmarket.ma\/#organization"},"potentialAction":[{"@type":"SearchAction","target":{"@type":"EntryPoint","urlTemplate":"https:\/\/btpmarket.ma\/?s={search_term_string}"},"query-input":"required name=search_term_string"}],"inLanguage":"en-US"},{"@type":"Organization","@id":"https:\/\/btpmarket.ma\/#organization","name":"btpmarket","url":"https:\/\/btpmarket.ma\/","logo":{"@type":"ImageObject","inLanguage":"en-US","@id":"https:\/\/btpmarket.ma\/#\/schema\/logo\/image\/","url":"https:\/\/btpmarket.ma\/wp-content\/uploads\/2024\/05\/Asset-1.png","contentUrl":"https:\/\/btpmarket.ma\/wp-content\/uploads\/2024\/05\/Asset-1.png","width":1000,"height":411,"caption":"btpmarket"},"image":{"@id":"https:\/\/btpmarket.ma\/#\/schema\/logo\/image\/"}}]}},"_links":{"self":[{"href":"https:\/\/btpmarket.ma\/index.php?rest_route=\/wp\/v2\/product\/4971"}],"collection":[{"href":"https:\/\/btpmarket.ma\/index.php?rest_route=\/wp\/v2\/product"}],"about":[{"href":"https:\/\/btpmarket.ma\/index.php?rest_route=\/wp\/v2\/types\/product"}],"replies":[{"embeddable":true,"href":"https:\/\/btpmarket.ma\/index.php?rest_route=%2Fwp%2Fv2%2Fcomments&post=4971"}],"wp:featuredmedia":[{"embeddable":true,"href":"https:\/\/btpmarket.ma\/index.php?rest_route=\/wp\/v2\/media\/4972"}],"wp:attachment":[{"href":"https:\/\/btpmarket.ma\/index.php?rest_route=%2Fwp%2Fv2%2Fmedia&parent=4971"}],"wp:term":[{"taxonomy":"product_cat","embeddable":true,"href":"https:\/\/btpmarket.ma\/index.php?rest_route=%2Fwp%2Fv2%2Fproduct_cat&post=4971"},{"taxonomy":"product_tag","embeddable":true,"href":"https:\/\/btpmarket.ma\/index.php?rest_route=%2Fwp%2Fv2%2Fproduct_tag&post=4971"}],"curies":[{"name":"wp","href":"https:\/\/api.w.org\/{rel}","templated":true}]}}