{"id":4973,"date":"2024-05-30T18:40:09","date_gmt":"2024-05-30T18:40:09","guid":{"rendered":"https:\/\/btpmarket.ma\/?post_type=product&#038;p=4973"},"modified":"2024-05-30T20:06:53","modified_gmt":"2024-05-30T20:06:53","slug":"joint-de-fractionnement-en-aluminuim","status":"publish","type":"product","link":"https:\/\/btpmarket.ma\/?product=joint-de-fractionnement-en-aluminuim","title":{"rendered":"Joint de fractionnement en aluminuim"},"content":{"rendered":"<p><strong>Utilaisation :<\/strong><\/p>\n<hr \/>\n<p>Pour joint de sol int\u00e9rieur ou ext\u00e9rieur. Adapt\u00e9 pourun trafic l\u00e9ger, il conviendra \u00e9galement \u00e0 despassages de chariots l\u00e9gers \u00e0 pneus et un trafic nonintensif de v\u00e9hicules l\u00e9gers.<\/p>\n<p>&nbsp;<\/p>\n<p><strong>Composition :<\/strong><\/p>\n<hr \/>\n<p>Profill\u00e9 en aluminium qui peut \u00eatre cintr\u00e9 manulement.<\/p>\n<p>&nbsp;<\/p>\n<p><strong>Dimension :<\/strong><\/p>\n<hr \/>\n<table style=\"height: 112px;\" border=\"1\" width=\"428\" cellspacing=\"1\" cellpadding=\"1\">\n<tbody>\n<tr>\n<td>R\u00e9f<\/td>\n<td>\u00a0 \u00a0 \u00a0 A(mm)<\/td>\n<td>\u00a0 \u00a0 \u00a0B(mm)<\/td>\n<td>\u00a0 \u00a0 C(mm)<\/td>\n<\/tr>\n<tr>\n<td>GJFR01<\/td>\n<td>\u00a0 \u00a0 \u00a0 30<\/td>\n<td>\u00a0 \u00a0 \u00a06<\/td>\n<td>\u00a0 \u00a0 2<\/td>\n<\/tr>\n<\/tbody>\n<\/table>\n<hr \/>\n<p>&nbsp;<\/p>\n","protected":false},"excerpt":{"rendered":"<p>Joint de fractionnement tout m\u00e9tal en aluminium. Joint adapt\u00e9 pour les rev\u00eatements granito, terrazo, c\u00e9ramique, et pierre naturelle.<\/p>\n","protected":false},"featured_media":5027,"comment_status":"open","ping_status":"closed","template":"","meta":{"_acf_changed":false},"product_cat":[305,21],"product_tag":[],"acf":[],"yoast_head":"<!-- This site is optimized with the Yoast SEO plugin v22.7 - https:\/\/yoast.com\/wordpress\/plugins\/seo\/ -->\n<title>Joint de fractionnement en aluminuim - btpmarket<\/title>\n<meta name=\"robots\" content=\"index, follow, max-snippet:-1, max-image-preview:large, max-video-preview:-1\" \/>\n<link rel=\"canonical\" href=\"https:\/\/btpmarket.ma\/?product=joint-de-fractionnement-en-aluminuim\" \/>\n<meta property=\"og:locale\" content=\"en_US\" \/>\n<meta property=\"og:type\" content=\"article\" \/>\n<meta property=\"og:title\" content=\"Joint de fractionnement en aluminuim - btpmarket\" \/>\n<meta property=\"og:description\" content=\"Joint de fractionnement tout m\u00e9tal en aluminium. Joint adapt\u00e9 pour les rev\u00eatements granito, terrazo, c\u00e9ramique, et pierre naturelle.\" \/>\n<meta property=\"og:url\" content=\"https:\/\/btpmarket.ma\/?product=joint-de-fractionnement-en-aluminuim\" \/>\n<meta property=\"og:site_name\" content=\"btpmarket\" \/>\n<meta property=\"article:modified_time\" content=\"2024-05-30T20:06:53+00:00\" \/>\n<meta property=\"og:image\" content=\"https:\/\/btpmarket.ma\/wp-content\/uploads\/2024\/05\/1454067209joint-de-fractionnement-laiton-file-brut-1.jpg\" \/>\n\t<meta property=\"og:image:width\" content=\"458\" \/>\n\t<meta property=\"og:image:height\" content=\"458\" \/>\n\t<meta property=\"og:image:type\" content=\"image\/jpeg\" \/>\n<meta name=\"twitter:card\" content=\"summary_large_image\" \/>\n<script type=\"application\/ld+json\" class=\"yoast-schema-graph\">{\"@context\":\"https:\/\/schema.org\",\"@graph\":[{\"@type\":\"WebPage\",\"@id\":\"https:\/\/btpmarket.ma\/?product=joint-de-fractionnement-en-aluminuim\",\"url\":\"https:\/\/btpmarket.ma\/?product=joint-de-fractionnement-en-aluminuim\",\"name\":\"Joint de fractionnement en aluminuim - btpmarket\",\"isPartOf\":{\"@id\":\"https:\/\/btpmarket.ma\/#website\"},\"primaryImageOfPage\":{\"@id\":\"https:\/\/btpmarket.ma\/?product=joint-de-fractionnement-en-aluminuim#primaryimage\"},\"image\":{\"@id\":\"https:\/\/btpmarket.ma\/?product=joint-de-fractionnement-en-aluminuim#primaryimage\"},\"thumbnailUrl\":\"https:\/\/btpmarket.ma\/wp-content\/uploads\/2024\/05\/1454067209joint-de-fractionnement-laiton-file-brut-1.jpg\",\"datePublished\":\"2024-05-30T18:40:09+00:00\",\"dateModified\":\"2024-05-30T20:06:53+00:00\",\"breadcrumb\":{\"@id\":\"https:\/\/btpmarket.ma\/?product=joint-de-fractionnement-en-aluminuim#breadcrumb\"},\"inLanguage\":\"en-US\",\"potentialAction\":[{\"@type\":\"ReadAction\",\"target\":[\"https:\/\/btpmarket.ma\/?product=joint-de-fractionnement-en-aluminuim\"]}]},{\"@type\":\"ImageObject\",\"inLanguage\":\"en-US\",\"@id\":\"https:\/\/btpmarket.ma\/?product=joint-de-fractionnement-en-aluminuim#primaryimage\",\"url\":\"https:\/\/btpmarket.ma\/wp-content\/uploads\/2024\/05\/1454067209joint-de-fractionnement-laiton-file-brut-1.jpg\",\"contentUrl\":\"https:\/\/btpmarket.ma\/wp-content\/uploads\/2024\/05\/1454067209joint-de-fractionnement-laiton-file-brut-1.jpg\",\"width\":458,\"height\":458},{\"@type\":\"BreadcrumbList\",\"@id\":\"https:\/\/btpmarket.ma\/?product=joint-de-fractionnement-en-aluminuim#breadcrumb\",\"itemListElement\":[{\"@type\":\"ListItem\",\"position\":1,\"name\":\"Accueil\",\"item\":\"https:\/\/btpmarket.ma\/\"},{\"@type\":\"ListItem\",\"position\":2,\"name\":\"Products\",\"item\":\"https:\/\/btpmarket.ma\/?post_type=product\"},{\"@type\":\"ListItem\",\"position\":3,\"name\":\"COUVRE JOINTS ET PROFIL\u00c9S\",\"item\":\"https:\/\/btpmarket.ma\/?product_cat=couvre-joints-et-profiles\"},{\"@type\":\"ListItem\",\"position\":4,\"name\":\"COUVRE JOINTS - PROFILES\",\"item\":\"https:\/\/btpmarket.ma\/?product_cat=couvre-joints-profiles\"},{\"@type\":\"ListItem\",\"position\":5,\"name\":\"Joint de fractionnement en aluminuim\"}]},{\"@type\":\"WebSite\",\"@id\":\"https:\/\/btpmarket.ma\/#website\",\"url\":\"https:\/\/btpmarket.ma\/\",\"name\":\"btpmarket\",\"description\":\"\",\"publisher\":{\"@id\":\"https:\/\/btpmarket.ma\/#organization\"},\"potentialAction\":[{\"@type\":\"SearchAction\",\"target\":{\"@type\":\"EntryPoint\",\"urlTemplate\":\"https:\/\/btpmarket.ma\/?s={search_term_string}\"},\"query-input\":\"required name=search_term_string\"}],\"inLanguage\":\"en-US\"},{\"@type\":\"Organization\",\"@id\":\"https:\/\/btpmarket.ma\/#organization\",\"name\":\"btpmarket\",\"url\":\"https:\/\/btpmarket.ma\/\",\"logo\":{\"@type\":\"ImageObject\",\"inLanguage\":\"en-US\",\"@id\":\"https:\/\/btpmarket.ma\/#\/schema\/logo\/image\/\",\"url\":\"https:\/\/btpmarket.ma\/wp-content\/uploads\/2024\/05\/Asset-1.png\",\"contentUrl\":\"https:\/\/btpmarket.ma\/wp-content\/uploads\/2024\/05\/Asset-1.png\",\"width\":1000,\"height\":411,\"caption\":\"btpmarket\"},\"image\":{\"@id\":\"https:\/\/btpmarket.ma\/#\/schema\/logo\/image\/\"}}]}<\/script>\n<!-- \/ Yoast SEO plugin. -->","yoast_head_json":{"title":"Joint de fractionnement en aluminuim - btpmarket","robots":{"index":"index","follow":"follow","max-snippet":"max-snippet:-1","max-image-preview":"max-image-preview:large","max-video-preview":"max-video-preview:-1"},"canonical":"https:\/\/btpmarket.ma\/?product=joint-de-fractionnement-en-aluminuim","og_locale":"en_US","og_type":"article","og_title":"Joint de fractionnement en aluminuim - btpmarket","og_description":"Joint de fractionnement tout m\u00e9tal en aluminium. Joint adapt\u00e9 pour les rev\u00eatements granito, terrazo, c\u00e9ramique, et pierre naturelle.","og_url":"https:\/\/btpmarket.ma\/?product=joint-de-fractionnement-en-aluminuim","og_site_name":"btpmarket","article_modified_time":"2024-05-30T20:06:53+00:00","og_image":[{"width":458,"height":458,"url":"https:\/\/btpmarket.ma\/wp-content\/uploads\/2024\/05\/1454067209joint-de-fractionnement-laiton-file-brut-1.jpg","type":"image\/jpeg"}],"twitter_card":"summary_large_image","schema":{"@context":"https:\/\/schema.org","@graph":[{"@type":"WebPage","@id":"https:\/\/btpmarket.ma\/?product=joint-de-fractionnement-en-aluminuim","url":"https:\/\/btpmarket.ma\/?product=joint-de-fractionnement-en-aluminuim","name":"Joint de fractionnement en aluminuim - btpmarket","isPartOf":{"@id":"https:\/\/btpmarket.ma\/#website"},"primaryImageOfPage":{"@id":"https:\/\/btpmarket.ma\/?product=joint-de-fractionnement-en-aluminuim#primaryimage"},"image":{"@id":"https:\/\/btpmarket.ma\/?product=joint-de-fractionnement-en-aluminuim#primaryimage"},"thumbnailUrl":"https:\/\/btpmarket.ma\/wp-content\/uploads\/2024\/05\/1454067209joint-de-fractionnement-laiton-file-brut-1.jpg","datePublished":"2024-05-30T18:40:09+00:00","dateModified":"2024-05-30T20:06:53+00:00","breadcrumb":{"@id":"https:\/\/btpmarket.ma\/?product=joint-de-fractionnement-en-aluminuim#breadcrumb"},"inLanguage":"en-US","potentialAction":[{"@type":"ReadAction","target":["https:\/\/btpmarket.ma\/?product=joint-de-fractionnement-en-aluminuim"]}]},{"@type":"ImageObject","inLanguage":"en-US","@id":"https:\/\/btpmarket.ma\/?product=joint-de-fractionnement-en-aluminuim#primaryimage","url":"https:\/\/btpmarket.ma\/wp-content\/uploads\/2024\/05\/1454067209joint-de-fractionnement-laiton-file-brut-1.jpg","contentUrl":"https:\/\/btpmarket.ma\/wp-content\/uploads\/2024\/05\/1454067209joint-de-fractionnement-laiton-file-brut-1.jpg","width":458,"height":458},{"@type":"BreadcrumbList","@id":"https:\/\/btpmarket.ma\/?product=joint-de-fractionnement-en-aluminuim#breadcrumb","itemListElement":[{"@type":"ListItem","position":1,"name":"Accueil","item":"https:\/\/btpmarket.ma\/"},{"@type":"ListItem","position":2,"name":"Products","item":"https:\/\/btpmarket.ma\/?post_type=product"},{"@type":"ListItem","position":3,"name":"COUVRE JOINTS ET PROFIL\u00c9S","item":"https:\/\/btpmarket.ma\/?product_cat=couvre-joints-et-profiles"},{"@type":"ListItem","position":4,"name":"COUVRE JOINTS - PROFILES","item":"https:\/\/btpmarket.ma\/?product_cat=couvre-joints-profiles"},{"@type":"ListItem","position":5,"name":"Joint de fractionnement en aluminuim"}]},{"@type":"WebSite","@id":"https:\/\/btpmarket.ma\/#website","url":"https:\/\/btpmarket.ma\/","name":"btpmarket","description":"","publisher":{"@id":"https:\/\/btpmarket.ma\/#organization"},"potentialAction":[{"@type":"SearchAction","target":{"@type":"EntryPoint","urlTemplate":"https:\/\/btpmarket.ma\/?s={search_term_string}"},"query-input":"required name=search_term_string"}],"inLanguage":"en-US"},{"@type":"Organization","@id":"https:\/\/btpmarket.ma\/#organization","name":"btpmarket","url":"https:\/\/btpmarket.ma\/","logo":{"@type":"ImageObject","inLanguage":"en-US","@id":"https:\/\/btpmarket.ma\/#\/schema\/logo\/image\/","url":"https:\/\/btpmarket.ma\/wp-content\/uploads\/2024\/05\/Asset-1.png","contentUrl":"https:\/\/btpmarket.ma\/wp-content\/uploads\/2024\/05\/Asset-1.png","width":1000,"height":411,"caption":"btpmarket"},"image":{"@id":"https:\/\/btpmarket.ma\/#\/schema\/logo\/image\/"}}]}},"_links":{"self":[{"href":"https:\/\/btpmarket.ma\/index.php?rest_route=\/wp\/v2\/product\/4973"}],"collection":[{"href":"https:\/\/btpmarket.ma\/index.php?rest_route=\/wp\/v2\/product"}],"about":[{"href":"https:\/\/btpmarket.ma\/index.php?rest_route=\/wp\/v2\/types\/product"}],"replies":[{"embeddable":true,"href":"https:\/\/btpmarket.ma\/index.php?rest_route=%2Fwp%2Fv2%2Fcomments&post=4973"}],"wp:featuredmedia":[{"embeddable":true,"href":"https:\/\/btpmarket.ma\/index.php?rest_route=\/wp\/v2\/media\/5027"}],"wp:attachment":[{"href":"https:\/\/btpmarket.ma\/index.php?rest_route=%2Fwp%2Fv2%2Fmedia&parent=4973"}],"wp:term":[{"taxonomy":"product_cat","embeddable":true,"href":"https:\/\/btpmarket.ma\/index.php?rest_route=%2Fwp%2Fv2%2Fproduct_cat&post=4973"},{"taxonomy":"product_tag","embeddable":true,"href":"https:\/\/btpmarket.ma\/index.php?rest_route=%2Fwp%2Fv2%2Fproduct_tag&post=4973"}],"curies":[{"name":"wp","href":"https:\/\/api.w.org\/{rel}","templated":true}]}}