{"id":4976,"date":"2024-05-30T18:42:35","date_gmt":"2024-05-30T18:42:35","guid":{"rendered":"https:\/\/btpmarket.ma\/?post_type=product&#038;p=4976"},"modified":"2024-06-02T22:09:34","modified_gmt":"2024-06-02T22:09:34","slug":"joint-dilatation-pose-rapportee","status":"publish","type":"product","link":"https:\/\/btpmarket.ma\/?product=joint-dilatation-pose-rapportee","title":{"rendered":"Joint dilatation pose rapport\u00e9e"},"content":{"rendered":"<p><strong>Utilisation<\/strong><\/p>\n<hr \/>\n<p>Pour joint de sol int\u00e9rieur ou ext\u00e9rieur. Adapt\u00e9 pour un trafic l\u00e9ger, il conviendra \u00e9galement \u00e0 des passagesde chariots l\u00e9gers \u00e0 pneus et un trafic non intensif de v\u00e9hicules l\u00e9gers.<\/p>\n<p>&nbsp;<\/p>\n<p><strong>Dimensions<\/strong><\/p>\n<hr \/>\n<p><img decoding=\"async\" src=\"http:\/\/btpmarket.com\/docs\/EXL003.jpg\" alt=\"\" \/><\/p>\n<p><strong>Composition<\/strong><\/p>\n<hr \/>\n<p>En longueur de 6 ml. Insert souple interchangeable en EPDM. Corni\u00e8res en aluminium pr\u00e9-perc\u00e9es.<br \/>\nA fixer sur sol par cheville en nylon.<\/p>\n<p>&nbsp;<\/p>\n<p><strong>Avis techniques<\/strong><\/p>\n<hr \/>\n<p>LPEE &#8211; Rapport d\u2019Essais N\u00b0 11\/154.0-780.<\/p>\n<p>&nbsp;<\/p>\n<p><strong>Performances et\u00a0 dimensions<\/strong><\/p>\n<hr \/>\n<p>&nbsp;<\/p>\n<table>\n<thead>\n<tr>\n<td>&nbsp;<\/p>\n<p>R\u00e9f\u00e9rences<\/td>\n<td><img decoding=\"async\" src=\"http:\/\/www.vedafrance.com\/images\/ouverture.png\" alt=\"\" \/><\/p>\n<p>Ouverture joint (mm)<\/td>\n<td><img decoding=\"async\" src=\"http:\/\/www.vedafrance.com\/images\/mouvements.png\" alt=\"\" \/><\/p>\n<p>Mouvements (mm)<\/td>\n<td><img decoding=\"async\" src=\"http:\/\/www.vedafrance.com\/images\/largeurV.png\" alt=\"\" \/><\/p>\n<p>Largeur visible (mm)<\/td>\n<td><img decoding=\"async\" src=\"http:\/\/www.vedafrance.com\/images\/largeurT.png\" alt=\"\" \/><\/p>\n<p>Largeur totale (mm)<\/td>\n<td><img decoding=\"async\" src=\"http:\/\/www.vedafrance.com\/images\/hauteur.png\" alt=\"\" \/><\/p>\n<p>Hauteur (mm)<\/td>\n<td><img decoding=\"async\" src=\"http:\/\/www.vedafrance.com\/images\/charges.png\" alt=\"\" \/><\/p>\n<p>Charges<\/td>\n<\/tr>\n<\/thead>\n<tbody>\n<tr>\n<td>EXL003 &#8211; 446-N<\/td>\n<td>50<\/td>\n<td>&gt; + ou &#8211; 14<\/td>\n<td>170<\/td>\n<td>170<\/td>\n<td>26<\/td>\n<td>160 KN<\/td>\n<\/tr>\n<\/tbody>\n<\/table>\n<p>&nbsp;<\/p>\n<p>&nbsp;<\/p>\n<p style=\"text-align: left;\">\n","protected":false},"excerpt":{"rendered":"<p>Pour ext\u00e9rieur et int\u00e9rieur. Constitu\u00e9 de corni\u00e8res en aluminium et d\u2019un insert souple central interchangeable permettant d\u2019absorber les mouvements de dilatation. Utilisable sur sol fini pour tout type de finition : b\u00e9ton, chape, rev\u00eatement souple, etc.<\/p>\n","protected":false},"featured_media":4979,"comment_status":"open","ping_status":"closed","template":"","meta":{"_acf_changed":false},"product_cat":[305,21],"product_tag":[],"acf":[],"yoast_head":"<!-- This site is optimized with the Yoast SEO plugin v22.7 - https:\/\/yoast.com\/wordpress\/plugins\/seo\/ -->\n<title>Joint dilatation pose rapport\u00e9e - btpmarket<\/title>\n<meta name=\"robots\" content=\"index, follow, max-snippet:-1, max-image-preview:large, max-video-preview:-1\" \/>\n<link rel=\"canonical\" href=\"https:\/\/btpmarket.ma\/?product=joint-dilatation-pose-rapportee\" \/>\n<meta property=\"og:locale\" content=\"en_US\" \/>\n<meta property=\"og:type\" content=\"article\" \/>\n<meta property=\"og:title\" content=\"Joint dilatation pose rapport\u00e9e - btpmarket\" \/>\n<meta property=\"og:description\" content=\"Pour ext\u00e9rieur et int\u00e9rieur. Constitu\u00e9 de corni\u00e8res en aluminium et d\u2019un insert souple central interchangeable permettant d\u2019absorber les mouvements de dilatation. Utilisable sur sol fini pour tout type de finition : b\u00e9ton, chape, rev\u00eatement souple, etc.\" \/>\n<meta property=\"og:url\" content=\"https:\/\/btpmarket.ma\/?product=joint-dilatation-pose-rapportee\" \/>\n<meta property=\"og:site_name\" content=\"btpmarket\" \/>\n<meta property=\"article:modified_time\" content=\"2024-06-02T22:09:34+00:00\" \/>\n<meta property=\"og:image\" content=\"https:\/\/btpmarket.ma\/wp-content\/uploads\/2024\/05\/1466417036EXL003-1.png\" \/>\n\t<meta property=\"og:image:width\" content=\"958\" \/>\n\t<meta property=\"og:image:height\" content=\"808\" \/>\n\t<meta property=\"og:image:type\" content=\"image\/png\" \/>\n<meta name=\"twitter:card\" content=\"summary_large_image\" \/>\n<meta name=\"twitter:label1\" content=\"Est. reading time\" \/>\n\t<meta name=\"twitter:data1\" content=\"2 minutes\" \/>\n<script type=\"application\/ld+json\" class=\"yoast-schema-graph\">{\"@context\":\"https:\/\/schema.org\",\"@graph\":[{\"@type\":\"WebPage\",\"@id\":\"https:\/\/btpmarket.ma\/?product=joint-dilatation-pose-rapportee\",\"url\":\"https:\/\/btpmarket.ma\/?product=joint-dilatation-pose-rapportee\",\"name\":\"Joint dilatation pose rapport\u00e9e - btpmarket\",\"isPartOf\":{\"@id\":\"https:\/\/btpmarket.ma\/#website\"},\"primaryImageOfPage\":{\"@id\":\"https:\/\/btpmarket.ma\/?product=joint-dilatation-pose-rapportee#primaryimage\"},\"image\":{\"@id\":\"https:\/\/btpmarket.ma\/?product=joint-dilatation-pose-rapportee#primaryimage\"},\"thumbnailUrl\":\"https:\/\/btpmarket.ma\/wp-content\/uploads\/2024\/05\/1466417036EXL003-1.png\",\"datePublished\":\"2024-05-30T18:42:35+00:00\",\"dateModified\":\"2024-06-02T22:09:34+00:00\",\"breadcrumb\":{\"@id\":\"https:\/\/btpmarket.ma\/?product=joint-dilatation-pose-rapportee#breadcrumb\"},\"inLanguage\":\"en-US\",\"potentialAction\":[{\"@type\":\"ReadAction\",\"target\":[\"https:\/\/btpmarket.ma\/?product=joint-dilatation-pose-rapportee\"]}]},{\"@type\":\"ImageObject\",\"inLanguage\":\"en-US\",\"@id\":\"https:\/\/btpmarket.ma\/?product=joint-dilatation-pose-rapportee#primaryimage\",\"url\":\"https:\/\/btpmarket.ma\/wp-content\/uploads\/2024\/05\/1466417036EXL003-1.png\",\"contentUrl\":\"https:\/\/btpmarket.ma\/wp-content\/uploads\/2024\/05\/1466417036EXL003-1.png\",\"width\":958,\"height\":808},{\"@type\":\"BreadcrumbList\",\"@id\":\"https:\/\/btpmarket.ma\/?product=joint-dilatation-pose-rapportee#breadcrumb\",\"itemListElement\":[{\"@type\":\"ListItem\",\"position\":1,\"name\":\"Accueil\",\"item\":\"https:\/\/btpmarket.ma\/\"},{\"@type\":\"ListItem\",\"position\":2,\"name\":\"Products\",\"item\":\"https:\/\/btpmarket.ma\/?post_type=product\"},{\"@type\":\"ListItem\",\"position\":3,\"name\":\"COUVRE JOINTS ET PROFIL\u00c9S\",\"item\":\"https:\/\/btpmarket.ma\/?product_cat=couvre-joints-et-profiles\"},{\"@type\":\"ListItem\",\"position\":4,\"name\":\"COUVRE JOINTS - PROFILES\",\"item\":\"https:\/\/btpmarket.ma\/?product_cat=couvre-joints-profiles\"},{\"@type\":\"ListItem\",\"position\":5,\"name\":\"Joint dilatation pose rapport\u00e9e\"}]},{\"@type\":\"WebSite\",\"@id\":\"https:\/\/btpmarket.ma\/#website\",\"url\":\"https:\/\/btpmarket.ma\/\",\"name\":\"btpmarket\",\"description\":\"\",\"publisher\":{\"@id\":\"https:\/\/btpmarket.ma\/#organization\"},\"potentialAction\":[{\"@type\":\"SearchAction\",\"target\":{\"@type\":\"EntryPoint\",\"urlTemplate\":\"https:\/\/btpmarket.ma\/?s={search_term_string}\"},\"query-input\":\"required name=search_term_string\"}],\"inLanguage\":\"en-US\"},{\"@type\":\"Organization\",\"@id\":\"https:\/\/btpmarket.ma\/#organization\",\"name\":\"btpmarket\",\"url\":\"https:\/\/btpmarket.ma\/\",\"logo\":{\"@type\":\"ImageObject\",\"inLanguage\":\"en-US\",\"@id\":\"https:\/\/btpmarket.ma\/#\/schema\/logo\/image\/\",\"url\":\"https:\/\/btpmarket.ma\/wp-content\/uploads\/2024\/05\/Asset-1.png\",\"contentUrl\":\"https:\/\/btpmarket.ma\/wp-content\/uploads\/2024\/05\/Asset-1.png\",\"width\":1000,\"height\":411,\"caption\":\"btpmarket\"},\"image\":{\"@id\":\"https:\/\/btpmarket.ma\/#\/schema\/logo\/image\/\"}}]}<\/script>\n<!-- \/ Yoast SEO plugin. -->","yoast_head_json":{"title":"Joint dilatation pose rapport\u00e9e - btpmarket","robots":{"index":"index","follow":"follow","max-snippet":"max-snippet:-1","max-image-preview":"max-image-preview:large","max-video-preview":"max-video-preview:-1"},"canonical":"https:\/\/btpmarket.ma\/?product=joint-dilatation-pose-rapportee","og_locale":"en_US","og_type":"article","og_title":"Joint dilatation pose rapport\u00e9e - btpmarket","og_description":"Pour ext\u00e9rieur et int\u00e9rieur. Constitu\u00e9 de corni\u00e8res en aluminium et d\u2019un insert souple central interchangeable permettant d\u2019absorber les mouvements de dilatation. Utilisable sur sol fini pour tout type de finition : b\u00e9ton, chape, rev\u00eatement souple, etc.","og_url":"https:\/\/btpmarket.ma\/?product=joint-dilatation-pose-rapportee","og_site_name":"btpmarket","article_modified_time":"2024-06-02T22:09:34+00:00","og_image":[{"width":958,"height":808,"url":"https:\/\/btpmarket.ma\/wp-content\/uploads\/2024\/05\/1466417036EXL003-1.png","type":"image\/png"}],"twitter_card":"summary_large_image","twitter_misc":{"Est. reading time":"2 minutes"},"schema":{"@context":"https:\/\/schema.org","@graph":[{"@type":"WebPage","@id":"https:\/\/btpmarket.ma\/?product=joint-dilatation-pose-rapportee","url":"https:\/\/btpmarket.ma\/?product=joint-dilatation-pose-rapportee","name":"Joint dilatation pose rapport\u00e9e - btpmarket","isPartOf":{"@id":"https:\/\/btpmarket.ma\/#website"},"primaryImageOfPage":{"@id":"https:\/\/btpmarket.ma\/?product=joint-dilatation-pose-rapportee#primaryimage"},"image":{"@id":"https:\/\/btpmarket.ma\/?product=joint-dilatation-pose-rapportee#primaryimage"},"thumbnailUrl":"https:\/\/btpmarket.ma\/wp-content\/uploads\/2024\/05\/1466417036EXL003-1.png","datePublished":"2024-05-30T18:42:35+00:00","dateModified":"2024-06-02T22:09:34+00:00","breadcrumb":{"@id":"https:\/\/btpmarket.ma\/?product=joint-dilatation-pose-rapportee#breadcrumb"},"inLanguage":"en-US","potentialAction":[{"@type":"ReadAction","target":["https:\/\/btpmarket.ma\/?product=joint-dilatation-pose-rapportee"]}]},{"@type":"ImageObject","inLanguage":"en-US","@id":"https:\/\/btpmarket.ma\/?product=joint-dilatation-pose-rapportee#primaryimage","url":"https:\/\/btpmarket.ma\/wp-content\/uploads\/2024\/05\/1466417036EXL003-1.png","contentUrl":"https:\/\/btpmarket.ma\/wp-content\/uploads\/2024\/05\/1466417036EXL003-1.png","width":958,"height":808},{"@type":"BreadcrumbList","@id":"https:\/\/btpmarket.ma\/?product=joint-dilatation-pose-rapportee#breadcrumb","itemListElement":[{"@type":"ListItem","position":1,"name":"Accueil","item":"https:\/\/btpmarket.ma\/"},{"@type":"ListItem","position":2,"name":"Products","item":"https:\/\/btpmarket.ma\/?post_type=product"},{"@type":"ListItem","position":3,"name":"COUVRE JOINTS ET PROFIL\u00c9S","item":"https:\/\/btpmarket.ma\/?product_cat=couvre-joints-et-profiles"},{"@type":"ListItem","position":4,"name":"COUVRE JOINTS - PROFILES","item":"https:\/\/btpmarket.ma\/?product_cat=couvre-joints-profiles"},{"@type":"ListItem","position":5,"name":"Joint dilatation pose rapport\u00e9e"}]},{"@type":"WebSite","@id":"https:\/\/btpmarket.ma\/#website","url":"https:\/\/btpmarket.ma\/","name":"btpmarket","description":"","publisher":{"@id":"https:\/\/btpmarket.ma\/#organization"},"potentialAction":[{"@type":"SearchAction","target":{"@type":"EntryPoint","urlTemplate":"https:\/\/btpmarket.ma\/?s={search_term_string}"},"query-input":"required name=search_term_string"}],"inLanguage":"en-US"},{"@type":"Organization","@id":"https:\/\/btpmarket.ma\/#organization","name":"btpmarket","url":"https:\/\/btpmarket.ma\/","logo":{"@type":"ImageObject","inLanguage":"en-US","@id":"https:\/\/btpmarket.ma\/#\/schema\/logo\/image\/","url":"https:\/\/btpmarket.ma\/wp-content\/uploads\/2024\/05\/Asset-1.png","contentUrl":"https:\/\/btpmarket.ma\/wp-content\/uploads\/2024\/05\/Asset-1.png","width":1000,"height":411,"caption":"btpmarket"},"image":{"@id":"https:\/\/btpmarket.ma\/#\/schema\/logo\/image\/"}}]}},"_links":{"self":[{"href":"https:\/\/btpmarket.ma\/index.php?rest_route=\/wp\/v2\/product\/4976"}],"collection":[{"href":"https:\/\/btpmarket.ma\/index.php?rest_route=\/wp\/v2\/product"}],"about":[{"href":"https:\/\/btpmarket.ma\/index.php?rest_route=\/wp\/v2\/types\/product"}],"replies":[{"embeddable":true,"href":"https:\/\/btpmarket.ma\/index.php?rest_route=%2Fwp%2Fv2%2Fcomments&post=4976"}],"wp:featuredmedia":[{"embeddable":true,"href":"https:\/\/btpmarket.ma\/index.php?rest_route=\/wp\/v2\/media\/4979"}],"wp:attachment":[{"href":"https:\/\/btpmarket.ma\/index.php?rest_route=%2Fwp%2Fv2%2Fmedia&parent=4976"}],"wp:term":[{"taxonomy":"product_cat","embeddable":true,"href":"https:\/\/btpmarket.ma\/index.php?rest_route=%2Fwp%2Fv2%2Fproduct_cat&post=4976"},{"taxonomy":"product_tag","embeddable":true,"href":"https:\/\/btpmarket.ma\/index.php?rest_route=%2Fwp%2Fv2%2Fproduct_tag&post=4976"}],"curies":[{"name":"wp","href":"https:\/\/api.w.org\/{rel}","templated":true}]}}