{"id":4978,"date":"2024-05-30T18:43:32","date_gmt":"2024-05-30T18:43:32","guid":{"rendered":"https:\/\/btpmarket.ma\/?post_type=product&#038;p=4978"},"modified":"2024-05-30T19:19:51","modified_gmt":"2024-05-30T19:19:51","slug":"couvre-joints-de-dilatation-encastre","status":"publish","type":"product","link":"https:\/\/btpmarket.ma\/?product=couvre-joints-de-dilatation-encastre","title":{"rendered":"Couvre Joints De Dilatation Encastr\u00e9"},"content":{"rendered":"<h3><strong>Utilisation<\/strong><\/h3>\n<hr \/>\n<p>Pour joint de sol int\u00e9rieur ou ext\u00e9rieur.<\/p>\n<p>Adapt\u00e9 pour un trafic l\u00e9ger, il conviendra \u00e9galement \u00e0 des passages de chariots l\u00e9gers \u00e0 pneus et un trafic non intensif de v\u00e9hicules l\u00e9gers.<\/p>\n<h3><\/h3>\n<h3><strong>Composition<\/strong><\/h3>\n<hr \/>\n<p>En longueur de 6 ml. Insert souple interchangeable en EPDM. Corni\u00e8res en aluminium pr\u00e9-perc\u00e9es.<\/p>\n<p>&nbsp;<\/p>\n<h3><strong>Avis Technique<\/strong><\/h3>\n<hr \/>\n<p>LPEE &#8211; Rapport d\u2019Essais N\u00b0 11\/155.3\/969 -1.<\/p>\n<p>&nbsp;<\/p>\n<h3><strong>Performances et dimensions<\/strong><\/h3>\n<hr \/>\n<p><img decoding=\"async\" src=\"http:\/\/btpmarket.com\/docs\/tableau.JPG\" alt=\"\" \/><\/p>\n","protected":false},"excerpt":{"rendered":"<p>Couvre Joint de dilatation de sol standard pour l&#8217;ext\u00e9rieur et l&#8217;int\u00e9rieur constitu\u00e9 de 2 profil\u00e9s en aluminium pr\u00e9-perc\u00e9es et d\u2019un insert souple central interchangeable en EPDM permettant d\u2019absorber les mouvements de dilatation. Joint adapt\u00e9 pour les rev\u00eatements ceraniques, pierre naturel et pour tout type d\u2019enduit.<\/p>\n","protected":false},"featured_media":4980,"comment_status":"open","ping_status":"closed","template":"","meta":{"_acf_changed":false},"product_cat":[314,23],"product_tag":[],"acf":[],"yoast_head":"<!-- This site is optimized with the Yoast SEO plugin v22.7 - https:\/\/yoast.com\/wordpress\/plugins\/seo\/ -->\n<title>Couvre Joints De Dilatation Encastr\u00e9 - btpmarket<\/title>\n<meta name=\"robots\" content=\"index, follow, max-snippet:-1, max-image-preview:large, max-video-preview:-1\" \/>\n<link rel=\"canonical\" href=\"https:\/\/btpmarket.ma\/?product=couvre-joints-de-dilatation-encastre\" \/>\n<meta property=\"og:locale\" content=\"en_US\" \/>\n<meta property=\"og:type\" content=\"article\" \/>\n<meta property=\"og:title\" content=\"Couvre Joints De Dilatation Encastr\u00e9 - btpmarket\" \/>\n<meta property=\"og:description\" content=\"Couvre Joint de dilatation de sol standard pour l&#039;ext\u00e9rieur et l&#039;int\u00e9rieur constitu\u00e9 de 2 profil\u00e9s en aluminium pr\u00e9-perc\u00e9es et d\u2019un insert souple central interchangeable en EPDM permettant d\u2019absorber les mouvements de dilatation. Joint adapt\u00e9 pour les rev\u00eatements ceraniques, pierre naturel et pour tout type d\u2019enduit.\" \/>\n<meta property=\"og:url\" content=\"https:\/\/btpmarket.ma\/?product=couvre-joints-de-dilatation-encastre\" \/>\n<meta property=\"og:site_name\" content=\"btpmarket\" \/>\n<meta property=\"article:modified_time\" content=\"2024-05-30T19:19:51+00:00\" \/>\n<meta property=\"og:image\" content=\"https:\/\/btpmarket.ma\/wp-content\/uploads\/2024\/05\/1454000708delatation-encastre.jpeg\" \/>\n\t<meta property=\"og:image:width\" content=\"244\" \/>\n\t<meta property=\"og:image:height\" content=\"188\" \/>\n\t<meta property=\"og:image:type\" content=\"image\/jpeg\" \/>\n<meta name=\"twitter:card\" content=\"summary_large_image\" \/>\n<script type=\"application\/ld+json\" class=\"yoast-schema-graph\">{\"@context\":\"https:\/\/schema.org\",\"@graph\":[{\"@type\":\"WebPage\",\"@id\":\"https:\/\/btpmarket.ma\/?product=couvre-joints-de-dilatation-encastre\",\"url\":\"https:\/\/btpmarket.ma\/?product=couvre-joints-de-dilatation-encastre\",\"name\":\"Couvre Joints De Dilatation Encastr\u00e9 - btpmarket\",\"isPartOf\":{\"@id\":\"https:\/\/btpmarket.ma\/#website\"},\"primaryImageOfPage\":{\"@id\":\"https:\/\/btpmarket.ma\/?product=couvre-joints-de-dilatation-encastre#primaryimage\"},\"image\":{\"@id\":\"https:\/\/btpmarket.ma\/?product=couvre-joints-de-dilatation-encastre#primaryimage\"},\"thumbnailUrl\":\"https:\/\/btpmarket.ma\/wp-content\/uploads\/2024\/05\/1454000708delatation-encastre.jpeg\",\"datePublished\":\"2024-05-30T18:43:32+00:00\",\"dateModified\":\"2024-05-30T19:19:51+00:00\",\"breadcrumb\":{\"@id\":\"https:\/\/btpmarket.ma\/?product=couvre-joints-de-dilatation-encastre#breadcrumb\"},\"inLanguage\":\"en-US\",\"potentialAction\":[{\"@type\":\"ReadAction\",\"target\":[\"https:\/\/btpmarket.ma\/?product=couvre-joints-de-dilatation-encastre\"]}]},{\"@type\":\"ImageObject\",\"inLanguage\":\"en-US\",\"@id\":\"https:\/\/btpmarket.ma\/?product=couvre-joints-de-dilatation-encastre#primaryimage\",\"url\":\"https:\/\/btpmarket.ma\/wp-content\/uploads\/2024\/05\/1454000708delatation-encastre.jpeg\",\"contentUrl\":\"https:\/\/btpmarket.ma\/wp-content\/uploads\/2024\/05\/1454000708delatation-encastre.jpeg\",\"width\":244,\"height\":188},{\"@type\":\"BreadcrumbList\",\"@id\":\"https:\/\/btpmarket.ma\/?product=couvre-joints-de-dilatation-encastre#breadcrumb\",\"itemListElement\":[{\"@type\":\"ListItem\",\"position\":1,\"name\":\"Accueil\",\"item\":\"https:\/\/btpmarket.ma\/\"},{\"@type\":\"ListItem\",\"position\":2,\"name\":\"Products\",\"item\":\"https:\/\/btpmarket.ma\/?post_type=product\"},{\"@type\":\"ListItem\",\"position\":3,\"name\":\"CARREAUX ET C\u00c9RAMIQUE\",\"item\":\"https:\/\/btpmarket.ma\/?product_cat=carreaux-et-ceramique\"},{\"@type\":\"ListItem\",\"position\":4,\"name\":\"ACCESSOIRES CARRELAGE\",\"item\":\"https:\/\/btpmarket.ma\/?product_cat=accessoires-carrelage\"},{\"@type\":\"ListItem\",\"position\":5,\"name\":\"Couvre Joints De Dilatation Encastr\u00e9\"}]},{\"@type\":\"WebSite\",\"@id\":\"https:\/\/btpmarket.ma\/#website\",\"url\":\"https:\/\/btpmarket.ma\/\",\"name\":\"btpmarket\",\"description\":\"\",\"publisher\":{\"@id\":\"https:\/\/btpmarket.ma\/#organization\"},\"potentialAction\":[{\"@type\":\"SearchAction\",\"target\":{\"@type\":\"EntryPoint\",\"urlTemplate\":\"https:\/\/btpmarket.ma\/?s={search_term_string}\"},\"query-input\":\"required name=search_term_string\"}],\"inLanguage\":\"en-US\"},{\"@type\":\"Organization\",\"@id\":\"https:\/\/btpmarket.ma\/#organization\",\"name\":\"btpmarket\",\"url\":\"https:\/\/btpmarket.ma\/\",\"logo\":{\"@type\":\"ImageObject\",\"inLanguage\":\"en-US\",\"@id\":\"https:\/\/btpmarket.ma\/#\/schema\/logo\/image\/\",\"url\":\"https:\/\/btpmarket.ma\/wp-content\/uploads\/2024\/05\/Asset-1.png\",\"contentUrl\":\"https:\/\/btpmarket.ma\/wp-content\/uploads\/2024\/05\/Asset-1.png\",\"width\":1000,\"height\":411,\"caption\":\"btpmarket\"},\"image\":{\"@id\":\"https:\/\/btpmarket.ma\/#\/schema\/logo\/image\/\"}}]}<\/script>\n<!-- \/ Yoast SEO plugin. -->","yoast_head_json":{"title":"Couvre Joints De Dilatation Encastr\u00e9 - btpmarket","robots":{"index":"index","follow":"follow","max-snippet":"max-snippet:-1","max-image-preview":"max-image-preview:large","max-video-preview":"max-video-preview:-1"},"canonical":"https:\/\/btpmarket.ma\/?product=couvre-joints-de-dilatation-encastre","og_locale":"en_US","og_type":"article","og_title":"Couvre Joints De Dilatation Encastr\u00e9 - btpmarket","og_description":"Couvre Joint de dilatation de sol standard pour l'ext\u00e9rieur et l'int\u00e9rieur constitu\u00e9 de 2 profil\u00e9s en aluminium pr\u00e9-perc\u00e9es et d\u2019un insert souple central interchangeable en EPDM permettant d\u2019absorber les mouvements de dilatation. Joint adapt\u00e9 pour les rev\u00eatements ceraniques, pierre naturel et pour tout type d\u2019enduit.","og_url":"https:\/\/btpmarket.ma\/?product=couvre-joints-de-dilatation-encastre","og_site_name":"btpmarket","article_modified_time":"2024-05-30T19:19:51+00:00","og_image":[{"width":244,"height":188,"url":"https:\/\/btpmarket.ma\/wp-content\/uploads\/2024\/05\/1454000708delatation-encastre.jpeg","type":"image\/jpeg"}],"twitter_card":"summary_large_image","schema":{"@context":"https:\/\/schema.org","@graph":[{"@type":"WebPage","@id":"https:\/\/btpmarket.ma\/?product=couvre-joints-de-dilatation-encastre","url":"https:\/\/btpmarket.ma\/?product=couvre-joints-de-dilatation-encastre","name":"Couvre Joints De Dilatation Encastr\u00e9 - btpmarket","isPartOf":{"@id":"https:\/\/btpmarket.ma\/#website"},"primaryImageOfPage":{"@id":"https:\/\/btpmarket.ma\/?product=couvre-joints-de-dilatation-encastre#primaryimage"},"image":{"@id":"https:\/\/btpmarket.ma\/?product=couvre-joints-de-dilatation-encastre#primaryimage"},"thumbnailUrl":"https:\/\/btpmarket.ma\/wp-content\/uploads\/2024\/05\/1454000708delatation-encastre.jpeg","datePublished":"2024-05-30T18:43:32+00:00","dateModified":"2024-05-30T19:19:51+00:00","breadcrumb":{"@id":"https:\/\/btpmarket.ma\/?product=couvre-joints-de-dilatation-encastre#breadcrumb"},"inLanguage":"en-US","potentialAction":[{"@type":"ReadAction","target":["https:\/\/btpmarket.ma\/?product=couvre-joints-de-dilatation-encastre"]}]},{"@type":"ImageObject","inLanguage":"en-US","@id":"https:\/\/btpmarket.ma\/?product=couvre-joints-de-dilatation-encastre#primaryimage","url":"https:\/\/btpmarket.ma\/wp-content\/uploads\/2024\/05\/1454000708delatation-encastre.jpeg","contentUrl":"https:\/\/btpmarket.ma\/wp-content\/uploads\/2024\/05\/1454000708delatation-encastre.jpeg","width":244,"height":188},{"@type":"BreadcrumbList","@id":"https:\/\/btpmarket.ma\/?product=couvre-joints-de-dilatation-encastre#breadcrumb","itemListElement":[{"@type":"ListItem","position":1,"name":"Accueil","item":"https:\/\/btpmarket.ma\/"},{"@type":"ListItem","position":2,"name":"Products","item":"https:\/\/btpmarket.ma\/?post_type=product"},{"@type":"ListItem","position":3,"name":"CARREAUX ET C\u00c9RAMIQUE","item":"https:\/\/btpmarket.ma\/?product_cat=carreaux-et-ceramique"},{"@type":"ListItem","position":4,"name":"ACCESSOIRES CARRELAGE","item":"https:\/\/btpmarket.ma\/?product_cat=accessoires-carrelage"},{"@type":"ListItem","position":5,"name":"Couvre Joints De Dilatation Encastr\u00e9"}]},{"@type":"WebSite","@id":"https:\/\/btpmarket.ma\/#website","url":"https:\/\/btpmarket.ma\/","name":"btpmarket","description":"","publisher":{"@id":"https:\/\/btpmarket.ma\/#organization"},"potentialAction":[{"@type":"SearchAction","target":{"@type":"EntryPoint","urlTemplate":"https:\/\/btpmarket.ma\/?s={search_term_string}"},"query-input":"required name=search_term_string"}],"inLanguage":"en-US"},{"@type":"Organization","@id":"https:\/\/btpmarket.ma\/#organization","name":"btpmarket","url":"https:\/\/btpmarket.ma\/","logo":{"@type":"ImageObject","inLanguage":"en-US","@id":"https:\/\/btpmarket.ma\/#\/schema\/logo\/image\/","url":"https:\/\/btpmarket.ma\/wp-content\/uploads\/2024\/05\/Asset-1.png","contentUrl":"https:\/\/btpmarket.ma\/wp-content\/uploads\/2024\/05\/Asset-1.png","width":1000,"height":411,"caption":"btpmarket"},"image":{"@id":"https:\/\/btpmarket.ma\/#\/schema\/logo\/image\/"}}]}},"_links":{"self":[{"href":"https:\/\/btpmarket.ma\/index.php?rest_route=\/wp\/v2\/product\/4978"}],"collection":[{"href":"https:\/\/btpmarket.ma\/index.php?rest_route=\/wp\/v2\/product"}],"about":[{"href":"https:\/\/btpmarket.ma\/index.php?rest_route=\/wp\/v2\/types\/product"}],"replies":[{"embeddable":true,"href":"https:\/\/btpmarket.ma\/index.php?rest_route=%2Fwp%2Fv2%2Fcomments&post=4978"}],"wp:featuredmedia":[{"embeddable":true,"href":"https:\/\/btpmarket.ma\/index.php?rest_route=\/wp\/v2\/media\/4980"}],"wp:attachment":[{"href":"https:\/\/btpmarket.ma\/index.php?rest_route=%2Fwp%2Fv2%2Fmedia&parent=4978"}],"wp:term":[{"taxonomy":"product_cat","embeddable":true,"href":"https:\/\/btpmarket.ma\/index.php?rest_route=%2Fwp%2Fv2%2Fproduct_cat&post=4978"},{"taxonomy":"product_tag","embeddable":true,"href":"https:\/\/btpmarket.ma\/index.php?rest_route=%2Fwp%2Fv2%2Fproduct_tag&post=4978"}],"curies":[{"name":"wp","href":"https:\/\/api.w.org\/{rel}","templated":true}]}}