{"id":4981,"date":"2024-05-30T18:48:05","date_gmt":"2024-05-30T18:48:05","guid":{"rendered":"https:\/\/btpmarket.ma\/?post_type=product&#038;p=4981"},"modified":"2024-05-30T18:48:06","modified_gmt":"2024-05-30T18:48:06","slug":"roue-de-coupe-%cf%866","status":"publish","type":"product","link":"https:\/\/btpmarket.ma\/?product=roue-de-coupe-%cf%866","title":{"rendered":"Roue de coupe \u03c66"},"content":{"rendered":"<p>Pour machine coupe-carreaux Roulette fabriqu\u00e9e en carbure de tungst\u00e8ne de grande r\u00e9sistante et dur\u00e9e, Corps de la molette brevet\u00e9, pour une pr\u00e9cision maximale et une vibration minimale et r\u00e9sistance \u00e0 l&#8217;usure.<\/p>\n<p><strong>Taille (mm) :\u00a0<\/strong>\u03c66.<\/p>\n","protected":false},"excerpt":{"rendered":"<p>Roue de coupe pour machine coupe-carreaux, roulette grande r\u00e9sistante et dur\u00e9e, pour une pr\u00e9cision maximale et une vibration minimale.<\/p>\n","protected":false},"featured_media":4986,"comment_status":"open","ping_status":"closed","template":"","meta":{"_acf_changed":false},"product_cat":[314,23],"product_tag":[],"acf":[],"yoast_head":"<!-- This site is optimized with the Yoast SEO plugin v22.7 - https:\/\/yoast.com\/wordpress\/plugins\/seo\/ -->\n<title>Roue de coupe \u03c66 - btpmarket<\/title>\n<meta name=\"robots\" content=\"index, follow, max-snippet:-1, max-image-preview:large, max-video-preview:-1\" \/>\n<link rel=\"canonical\" href=\"https:\/\/btpmarket.ma\/?product=roue-de-coupe-\u03c66\" \/>\n<meta property=\"og:locale\" content=\"en_US\" \/>\n<meta property=\"og:type\" content=\"article\" \/>\n<meta property=\"og:title\" content=\"Roue de coupe \u03c66 - btpmarket\" \/>\n<meta property=\"og:description\" content=\"Roue de coupe pour machine coupe-carreaux, roulette grande r\u00e9sistante et dur\u00e9e, pour une pr\u00e9cision maximale et une vibration minimale.\" \/>\n<meta property=\"og:url\" content=\"https:\/\/btpmarket.ma\/?product=roue-de-coupe-\u03c66\" \/>\n<meta property=\"og:site_name\" content=\"btpmarket\" \/>\n<meta property=\"article:modified_time\" content=\"2024-05-30T18:48:06+00:00\" \/>\n<meta property=\"og:image\" content=\"https:\/\/btpmarket.ma\/wp-content\/uploads\/2024\/05\/15196557191959-m-1.jpg\" \/>\n\t<meta property=\"og:image:width\" content=\"1280\" \/>\n\t<meta property=\"og:image:height\" content=\"720\" \/>\n\t<meta property=\"og:image:type\" content=\"image\/jpeg\" \/>\n<meta name=\"twitter:card\" content=\"summary_large_image\" \/>\n<script type=\"application\/ld+json\" class=\"yoast-schema-graph\">{\"@context\":\"https:\/\/schema.org\",\"@graph\":[{\"@type\":\"WebPage\",\"@id\":\"https:\/\/btpmarket.ma\/?product=roue-de-coupe-%cf%866\",\"url\":\"https:\/\/btpmarket.ma\/?product=roue-de-coupe-%cf%866\",\"name\":\"Roue de coupe \u03c66 - btpmarket\",\"isPartOf\":{\"@id\":\"https:\/\/btpmarket.ma\/#website\"},\"primaryImageOfPage\":{\"@id\":\"https:\/\/btpmarket.ma\/?product=roue-de-coupe-%cf%866#primaryimage\"},\"image\":{\"@id\":\"https:\/\/btpmarket.ma\/?product=roue-de-coupe-%cf%866#primaryimage\"},\"thumbnailUrl\":\"https:\/\/btpmarket.ma\/wp-content\/uploads\/2024\/05\/15196557191959-m-1.jpg\",\"datePublished\":\"2024-05-30T18:48:05+00:00\",\"dateModified\":\"2024-05-30T18:48:06+00:00\",\"breadcrumb\":{\"@id\":\"https:\/\/btpmarket.ma\/?product=roue-de-coupe-%cf%866#breadcrumb\"},\"inLanguage\":\"en-US\",\"potentialAction\":[{\"@type\":\"ReadAction\",\"target\":[\"https:\/\/btpmarket.ma\/?product=roue-de-coupe-%cf%866\"]}]},{\"@type\":\"ImageObject\",\"inLanguage\":\"en-US\",\"@id\":\"https:\/\/btpmarket.ma\/?product=roue-de-coupe-%cf%866#primaryimage\",\"url\":\"https:\/\/btpmarket.ma\/wp-content\/uploads\/2024\/05\/15196557191959-m-1.jpg\",\"contentUrl\":\"https:\/\/btpmarket.ma\/wp-content\/uploads\/2024\/05\/15196557191959-m-1.jpg\",\"width\":1280,\"height\":720},{\"@type\":\"BreadcrumbList\",\"@id\":\"https:\/\/btpmarket.ma\/?product=roue-de-coupe-%cf%866#breadcrumb\",\"itemListElement\":[{\"@type\":\"ListItem\",\"position\":1,\"name\":\"Accueil\",\"item\":\"https:\/\/btpmarket.ma\/\"},{\"@type\":\"ListItem\",\"position\":2,\"name\":\"Products\",\"item\":\"https:\/\/btpmarket.ma\/?post_type=product\"},{\"@type\":\"ListItem\",\"position\":3,\"name\":\"CARREAUX ET C\u00c9RAMIQUE\",\"item\":\"https:\/\/btpmarket.ma\/?product_cat=carreaux-et-ceramique\"},{\"@type\":\"ListItem\",\"position\":4,\"name\":\"ACCESSOIRES CARRELAGE\",\"item\":\"https:\/\/btpmarket.ma\/?product_cat=accessoires-carrelage\"},{\"@type\":\"ListItem\",\"position\":5,\"name\":\"Roue de coupe \u03c66\"}]},{\"@type\":\"WebSite\",\"@id\":\"https:\/\/btpmarket.ma\/#website\",\"url\":\"https:\/\/btpmarket.ma\/\",\"name\":\"btpmarket\",\"description\":\"\",\"publisher\":{\"@id\":\"https:\/\/btpmarket.ma\/#organization\"},\"potentialAction\":[{\"@type\":\"SearchAction\",\"target\":{\"@type\":\"EntryPoint\",\"urlTemplate\":\"https:\/\/btpmarket.ma\/?s={search_term_string}\"},\"query-input\":\"required name=search_term_string\"}],\"inLanguage\":\"en-US\"},{\"@type\":\"Organization\",\"@id\":\"https:\/\/btpmarket.ma\/#organization\",\"name\":\"btpmarket\",\"url\":\"https:\/\/btpmarket.ma\/\",\"logo\":{\"@type\":\"ImageObject\",\"inLanguage\":\"en-US\",\"@id\":\"https:\/\/btpmarket.ma\/#\/schema\/logo\/image\/\",\"url\":\"https:\/\/btpmarket.ma\/wp-content\/uploads\/2024\/05\/Asset-1.png\",\"contentUrl\":\"https:\/\/btpmarket.ma\/wp-content\/uploads\/2024\/05\/Asset-1.png\",\"width\":1000,\"height\":411,\"caption\":\"btpmarket\"},\"image\":{\"@id\":\"https:\/\/btpmarket.ma\/#\/schema\/logo\/image\/\"}}]}<\/script>\n<!-- \/ Yoast SEO plugin. -->","yoast_head_json":{"title":"Roue de coupe \u03c66 - btpmarket","robots":{"index":"index","follow":"follow","max-snippet":"max-snippet:-1","max-image-preview":"max-image-preview:large","max-video-preview":"max-video-preview:-1"},"canonical":"https:\/\/btpmarket.ma\/?product=roue-de-coupe-\u03c66","og_locale":"en_US","og_type":"article","og_title":"Roue de coupe \u03c66 - btpmarket","og_description":"Roue de coupe pour machine coupe-carreaux, roulette grande r\u00e9sistante et dur\u00e9e, pour une pr\u00e9cision maximale et une vibration minimale.","og_url":"https:\/\/btpmarket.ma\/?product=roue-de-coupe-\u03c66","og_site_name":"btpmarket","article_modified_time":"2024-05-30T18:48:06+00:00","og_image":[{"width":1280,"height":720,"url":"https:\/\/btpmarket.ma\/wp-content\/uploads\/2024\/05\/15196557191959-m-1.jpg","type":"image\/jpeg"}],"twitter_card":"summary_large_image","schema":{"@context":"https:\/\/schema.org","@graph":[{"@type":"WebPage","@id":"https:\/\/btpmarket.ma\/?product=roue-de-coupe-%cf%866","url":"https:\/\/btpmarket.ma\/?product=roue-de-coupe-%cf%866","name":"Roue de coupe \u03c66 - btpmarket","isPartOf":{"@id":"https:\/\/btpmarket.ma\/#website"},"primaryImageOfPage":{"@id":"https:\/\/btpmarket.ma\/?product=roue-de-coupe-%cf%866#primaryimage"},"image":{"@id":"https:\/\/btpmarket.ma\/?product=roue-de-coupe-%cf%866#primaryimage"},"thumbnailUrl":"https:\/\/btpmarket.ma\/wp-content\/uploads\/2024\/05\/15196557191959-m-1.jpg","datePublished":"2024-05-30T18:48:05+00:00","dateModified":"2024-05-30T18:48:06+00:00","breadcrumb":{"@id":"https:\/\/btpmarket.ma\/?product=roue-de-coupe-%cf%866#breadcrumb"},"inLanguage":"en-US","potentialAction":[{"@type":"ReadAction","target":["https:\/\/btpmarket.ma\/?product=roue-de-coupe-%cf%866"]}]},{"@type":"ImageObject","inLanguage":"en-US","@id":"https:\/\/btpmarket.ma\/?product=roue-de-coupe-%cf%866#primaryimage","url":"https:\/\/btpmarket.ma\/wp-content\/uploads\/2024\/05\/15196557191959-m-1.jpg","contentUrl":"https:\/\/btpmarket.ma\/wp-content\/uploads\/2024\/05\/15196557191959-m-1.jpg","width":1280,"height":720},{"@type":"BreadcrumbList","@id":"https:\/\/btpmarket.ma\/?product=roue-de-coupe-%cf%866#breadcrumb","itemListElement":[{"@type":"ListItem","position":1,"name":"Accueil","item":"https:\/\/btpmarket.ma\/"},{"@type":"ListItem","position":2,"name":"Products","item":"https:\/\/btpmarket.ma\/?post_type=product"},{"@type":"ListItem","position":3,"name":"CARREAUX ET C\u00c9RAMIQUE","item":"https:\/\/btpmarket.ma\/?product_cat=carreaux-et-ceramique"},{"@type":"ListItem","position":4,"name":"ACCESSOIRES CARRELAGE","item":"https:\/\/btpmarket.ma\/?product_cat=accessoires-carrelage"},{"@type":"ListItem","position":5,"name":"Roue de coupe \u03c66"}]},{"@type":"WebSite","@id":"https:\/\/btpmarket.ma\/#website","url":"https:\/\/btpmarket.ma\/","name":"btpmarket","description":"","publisher":{"@id":"https:\/\/btpmarket.ma\/#organization"},"potentialAction":[{"@type":"SearchAction","target":{"@type":"EntryPoint","urlTemplate":"https:\/\/btpmarket.ma\/?s={search_term_string}"},"query-input":"required name=search_term_string"}],"inLanguage":"en-US"},{"@type":"Organization","@id":"https:\/\/btpmarket.ma\/#organization","name":"btpmarket","url":"https:\/\/btpmarket.ma\/","logo":{"@type":"ImageObject","inLanguage":"en-US","@id":"https:\/\/btpmarket.ma\/#\/schema\/logo\/image\/","url":"https:\/\/btpmarket.ma\/wp-content\/uploads\/2024\/05\/Asset-1.png","contentUrl":"https:\/\/btpmarket.ma\/wp-content\/uploads\/2024\/05\/Asset-1.png","width":1000,"height":411,"caption":"btpmarket"},"image":{"@id":"https:\/\/btpmarket.ma\/#\/schema\/logo\/image\/"}}]}},"_links":{"self":[{"href":"https:\/\/btpmarket.ma\/index.php?rest_route=\/wp\/v2\/product\/4981"}],"collection":[{"href":"https:\/\/btpmarket.ma\/index.php?rest_route=\/wp\/v2\/product"}],"about":[{"href":"https:\/\/btpmarket.ma\/index.php?rest_route=\/wp\/v2\/types\/product"}],"replies":[{"embeddable":true,"href":"https:\/\/btpmarket.ma\/index.php?rest_route=%2Fwp%2Fv2%2Fcomments&post=4981"}],"wp:featuredmedia":[{"embeddable":true,"href":"https:\/\/btpmarket.ma\/index.php?rest_route=\/wp\/v2\/media\/4986"}],"wp:attachment":[{"href":"https:\/\/btpmarket.ma\/index.php?rest_route=%2Fwp%2Fv2%2Fmedia&parent=4981"}],"wp:term":[{"taxonomy":"product_cat","embeddable":true,"href":"https:\/\/btpmarket.ma\/index.php?rest_route=%2Fwp%2Fv2%2Fproduct_cat&post=4981"},{"taxonomy":"product_tag","embeddable":true,"href":"https:\/\/btpmarket.ma\/index.php?rest_route=%2Fwp%2Fv2%2Fproduct_tag&post=4981"}],"curies":[{"name":"wp","href":"https:\/\/api.w.org\/{rel}","templated":true}]}}