{"id":4984,"date":"2024-05-30T18:48:58","date_gmt":"2024-05-30T18:48:58","guid":{"rendered":"https:\/\/btpmarket.ma\/?post_type=product&#038;p=4984"},"modified":"2024-05-30T18:49:12","modified_gmt":"2024-05-30T18:49:12","slug":"pistolet-silicone","status":"publish","type":"product","link":"https:\/\/btpmarket.ma\/?product=pistolet-silicone","title":{"rendered":"Pistolet Silicone"},"content":{"rendered":"<p>9&#8243; Type de squelette avec tige \u00e0 cliquet<\/p>\n<p>Coupe-bec int\u00e9gr\u00e9 sur la poign\u00e9e<\/p>\n<p>Avec poign\u00e9e en caoutchouc et dragonne<\/p>\n<p>Sceller le coup de poing sous le canon<\/p>\n<p>\u00c9paisseur de la feuille de m\u00e9tal: 1.0mm<\/p>\n<p>&nbsp;<\/p>\n","protected":false},"excerpt":{"rendered":"<p>Pistolets applicateurs professionnels de haute qualit\u00e9 \u00e0 faible co\u00fbt sont con\u00e7us pour les professionnels ou les amateurs de bricolage exigeants. Le pistolet est con\u00e7u pour prendre \u00e0 la fois des cartouches de 300 ml \u00e0 400 ml.<\/p>\n","protected":false},"featured_media":4987,"comment_status":"open","ping_status":"closed","template":"","meta":{"_acf_changed":false},"product_cat":[314,23],"product_tag":[],"acf":[],"yoast_head":"<!-- This site is optimized with the Yoast SEO plugin v22.7 - https:\/\/yoast.com\/wordpress\/plugins\/seo\/ -->\n<title>Pistolet Silicone - btpmarket<\/title>\n<meta name=\"robots\" content=\"index, follow, max-snippet:-1, max-image-preview:large, max-video-preview:-1\" \/>\n<link rel=\"canonical\" href=\"https:\/\/btpmarket.ma\/?product=pistolet-silicone\" \/>\n<meta property=\"og:locale\" content=\"en_US\" \/>\n<meta property=\"og:type\" content=\"article\" \/>\n<meta property=\"og:title\" content=\"Pistolet Silicone - btpmarket\" \/>\n<meta property=\"og:description\" content=\"Pistolets applicateurs professionnels de haute qualit\u00e9 \u00e0 faible co\u00fbt sont con\u00e7us pour les professionnels ou les amateurs de bricolage exigeants. Le pistolet est con\u00e7u pour prendre \u00e0 la fois des cartouches de 300 ml \u00e0 400 ml.\" \/>\n<meta property=\"og:url\" content=\"https:\/\/btpmarket.ma\/?product=pistolet-silicone\" \/>\n<meta property=\"og:site_name\" content=\"btpmarket\" \/>\n<meta property=\"article:modified_time\" content=\"2024-05-30T18:49:12+00:00\" \/>\n<meta property=\"og:image\" content=\"https:\/\/btpmarket.ma\/wp-content\/uploads\/2024\/05\/1519656113Capture-2.png\" \/>\n\t<meta property=\"og:image:width\" content=\"442\" \/>\n\t<meta property=\"og:image:height\" content=\"291\" \/>\n\t<meta property=\"og:image:type\" content=\"image\/png\" \/>\n<meta name=\"twitter:card\" content=\"summary_large_image\" \/>\n<script type=\"application\/ld+json\" class=\"yoast-schema-graph\">{\"@context\":\"https:\/\/schema.org\",\"@graph\":[{\"@type\":\"WebPage\",\"@id\":\"https:\/\/btpmarket.ma\/?product=pistolet-silicone\",\"url\":\"https:\/\/btpmarket.ma\/?product=pistolet-silicone\",\"name\":\"Pistolet Silicone - btpmarket\",\"isPartOf\":{\"@id\":\"https:\/\/btpmarket.ma\/#website\"},\"primaryImageOfPage\":{\"@id\":\"https:\/\/btpmarket.ma\/?product=pistolet-silicone#primaryimage\"},\"image\":{\"@id\":\"https:\/\/btpmarket.ma\/?product=pistolet-silicone#primaryimage\"},\"thumbnailUrl\":\"https:\/\/btpmarket.ma\/wp-content\/uploads\/2024\/05\/1519656113Capture-2.png\",\"datePublished\":\"2024-05-30T18:48:58+00:00\",\"dateModified\":\"2024-05-30T18:49:12+00:00\",\"breadcrumb\":{\"@id\":\"https:\/\/btpmarket.ma\/?product=pistolet-silicone#breadcrumb\"},\"inLanguage\":\"en-US\",\"potentialAction\":[{\"@type\":\"ReadAction\",\"target\":[\"https:\/\/btpmarket.ma\/?product=pistolet-silicone\"]}]},{\"@type\":\"ImageObject\",\"inLanguage\":\"en-US\",\"@id\":\"https:\/\/btpmarket.ma\/?product=pistolet-silicone#primaryimage\",\"url\":\"https:\/\/btpmarket.ma\/wp-content\/uploads\/2024\/05\/1519656113Capture-2.png\",\"contentUrl\":\"https:\/\/btpmarket.ma\/wp-content\/uploads\/2024\/05\/1519656113Capture-2.png\",\"width\":442,\"height\":291},{\"@type\":\"BreadcrumbList\",\"@id\":\"https:\/\/btpmarket.ma\/?product=pistolet-silicone#breadcrumb\",\"itemListElement\":[{\"@type\":\"ListItem\",\"position\":1,\"name\":\"Accueil\",\"item\":\"https:\/\/btpmarket.ma\/\"},{\"@type\":\"ListItem\",\"position\":2,\"name\":\"Products\",\"item\":\"https:\/\/btpmarket.ma\/?post_type=product\"},{\"@type\":\"ListItem\",\"position\":3,\"name\":\"CARREAUX ET C\u00c9RAMIQUE\",\"item\":\"https:\/\/btpmarket.ma\/?product_cat=carreaux-et-ceramique\"},{\"@type\":\"ListItem\",\"position\":4,\"name\":\"ACCESSOIRES CARRELAGE\",\"item\":\"https:\/\/btpmarket.ma\/?product_cat=accessoires-carrelage\"},{\"@type\":\"ListItem\",\"position\":5,\"name\":\"Pistolet Silicone\"}]},{\"@type\":\"WebSite\",\"@id\":\"https:\/\/btpmarket.ma\/#website\",\"url\":\"https:\/\/btpmarket.ma\/\",\"name\":\"btpmarket\",\"description\":\"\",\"publisher\":{\"@id\":\"https:\/\/btpmarket.ma\/#organization\"},\"potentialAction\":[{\"@type\":\"SearchAction\",\"target\":{\"@type\":\"EntryPoint\",\"urlTemplate\":\"https:\/\/btpmarket.ma\/?s={search_term_string}\"},\"query-input\":\"required name=search_term_string\"}],\"inLanguage\":\"en-US\"},{\"@type\":\"Organization\",\"@id\":\"https:\/\/btpmarket.ma\/#organization\",\"name\":\"btpmarket\",\"url\":\"https:\/\/btpmarket.ma\/\",\"logo\":{\"@type\":\"ImageObject\",\"inLanguage\":\"en-US\",\"@id\":\"https:\/\/btpmarket.ma\/#\/schema\/logo\/image\/\",\"url\":\"https:\/\/btpmarket.ma\/wp-content\/uploads\/2024\/05\/Asset-1.png\",\"contentUrl\":\"https:\/\/btpmarket.ma\/wp-content\/uploads\/2024\/05\/Asset-1.png\",\"width\":1000,\"height\":411,\"caption\":\"btpmarket\"},\"image\":{\"@id\":\"https:\/\/btpmarket.ma\/#\/schema\/logo\/image\/\"}}]}<\/script>\n<!-- \/ Yoast SEO plugin. -->","yoast_head_json":{"title":"Pistolet Silicone - btpmarket","robots":{"index":"index","follow":"follow","max-snippet":"max-snippet:-1","max-image-preview":"max-image-preview:large","max-video-preview":"max-video-preview:-1"},"canonical":"https:\/\/btpmarket.ma\/?product=pistolet-silicone","og_locale":"en_US","og_type":"article","og_title":"Pistolet Silicone - btpmarket","og_description":"Pistolets applicateurs professionnels de haute qualit\u00e9 \u00e0 faible co\u00fbt sont con\u00e7us pour les professionnels ou les amateurs de bricolage exigeants. Le pistolet est con\u00e7u pour prendre \u00e0 la fois des cartouches de 300 ml \u00e0 400 ml.","og_url":"https:\/\/btpmarket.ma\/?product=pistolet-silicone","og_site_name":"btpmarket","article_modified_time":"2024-05-30T18:49:12+00:00","og_image":[{"width":442,"height":291,"url":"https:\/\/btpmarket.ma\/wp-content\/uploads\/2024\/05\/1519656113Capture-2.png","type":"image\/png"}],"twitter_card":"summary_large_image","schema":{"@context":"https:\/\/schema.org","@graph":[{"@type":"WebPage","@id":"https:\/\/btpmarket.ma\/?product=pistolet-silicone","url":"https:\/\/btpmarket.ma\/?product=pistolet-silicone","name":"Pistolet Silicone - btpmarket","isPartOf":{"@id":"https:\/\/btpmarket.ma\/#website"},"primaryImageOfPage":{"@id":"https:\/\/btpmarket.ma\/?product=pistolet-silicone#primaryimage"},"image":{"@id":"https:\/\/btpmarket.ma\/?product=pistolet-silicone#primaryimage"},"thumbnailUrl":"https:\/\/btpmarket.ma\/wp-content\/uploads\/2024\/05\/1519656113Capture-2.png","datePublished":"2024-05-30T18:48:58+00:00","dateModified":"2024-05-30T18:49:12+00:00","breadcrumb":{"@id":"https:\/\/btpmarket.ma\/?product=pistolet-silicone#breadcrumb"},"inLanguage":"en-US","potentialAction":[{"@type":"ReadAction","target":["https:\/\/btpmarket.ma\/?product=pistolet-silicone"]}]},{"@type":"ImageObject","inLanguage":"en-US","@id":"https:\/\/btpmarket.ma\/?product=pistolet-silicone#primaryimage","url":"https:\/\/btpmarket.ma\/wp-content\/uploads\/2024\/05\/1519656113Capture-2.png","contentUrl":"https:\/\/btpmarket.ma\/wp-content\/uploads\/2024\/05\/1519656113Capture-2.png","width":442,"height":291},{"@type":"BreadcrumbList","@id":"https:\/\/btpmarket.ma\/?product=pistolet-silicone#breadcrumb","itemListElement":[{"@type":"ListItem","position":1,"name":"Accueil","item":"https:\/\/btpmarket.ma\/"},{"@type":"ListItem","position":2,"name":"Products","item":"https:\/\/btpmarket.ma\/?post_type=product"},{"@type":"ListItem","position":3,"name":"CARREAUX ET C\u00c9RAMIQUE","item":"https:\/\/btpmarket.ma\/?product_cat=carreaux-et-ceramique"},{"@type":"ListItem","position":4,"name":"ACCESSOIRES CARRELAGE","item":"https:\/\/btpmarket.ma\/?product_cat=accessoires-carrelage"},{"@type":"ListItem","position":5,"name":"Pistolet Silicone"}]},{"@type":"WebSite","@id":"https:\/\/btpmarket.ma\/#website","url":"https:\/\/btpmarket.ma\/","name":"btpmarket","description":"","publisher":{"@id":"https:\/\/btpmarket.ma\/#organization"},"potentialAction":[{"@type":"SearchAction","target":{"@type":"EntryPoint","urlTemplate":"https:\/\/btpmarket.ma\/?s={search_term_string}"},"query-input":"required name=search_term_string"}],"inLanguage":"en-US"},{"@type":"Organization","@id":"https:\/\/btpmarket.ma\/#organization","name":"btpmarket","url":"https:\/\/btpmarket.ma\/","logo":{"@type":"ImageObject","inLanguage":"en-US","@id":"https:\/\/btpmarket.ma\/#\/schema\/logo\/image\/","url":"https:\/\/btpmarket.ma\/wp-content\/uploads\/2024\/05\/Asset-1.png","contentUrl":"https:\/\/btpmarket.ma\/wp-content\/uploads\/2024\/05\/Asset-1.png","width":1000,"height":411,"caption":"btpmarket"},"image":{"@id":"https:\/\/btpmarket.ma\/#\/schema\/logo\/image\/"}}]}},"_links":{"self":[{"href":"https:\/\/btpmarket.ma\/index.php?rest_route=\/wp\/v2\/product\/4984"}],"collection":[{"href":"https:\/\/btpmarket.ma\/index.php?rest_route=\/wp\/v2\/product"}],"about":[{"href":"https:\/\/btpmarket.ma\/index.php?rest_route=\/wp\/v2\/types\/product"}],"replies":[{"embeddable":true,"href":"https:\/\/btpmarket.ma\/index.php?rest_route=%2Fwp%2Fv2%2Fcomments&post=4984"}],"wp:featuredmedia":[{"embeddable":true,"href":"https:\/\/btpmarket.ma\/index.php?rest_route=\/wp\/v2\/media\/4987"}],"wp:attachment":[{"href":"https:\/\/btpmarket.ma\/index.php?rest_route=%2Fwp%2Fv2%2Fmedia&parent=4984"}],"wp:term":[{"taxonomy":"product_cat","embeddable":true,"href":"https:\/\/btpmarket.ma\/index.php?rest_route=%2Fwp%2Fv2%2Fproduct_cat&post=4984"},{"taxonomy":"product_tag","embeddable":true,"href":"https:\/\/btpmarket.ma\/index.php?rest_route=%2Fwp%2Fv2%2Fproduct_tag&post=4984"}],"curies":[{"name":"wp","href":"https:\/\/api.w.org\/{rel}","templated":true}]}}