{"id":4988,"date":"2024-05-30T18:50:24","date_gmt":"2024-05-30T18:50:24","guid":{"rendered":"https:\/\/btpmarket.ma\/?post_type=product&#038;p=4988"},"modified":"2024-05-30T18:50:24","modified_gmt":"2024-05-30T18:50:24","slug":"pistolet-silicone-2","status":"publish","type":"product","link":"https:\/\/btpmarket.ma\/?product=pistolet-silicone-2","title":{"rendered":"Pistolet Silicone 2"},"content":{"rendered":"<p><strong>D\u00e9scription<\/strong><\/p>\n<ul>\n<li>Action de d\u00e9clenchement puissante<\/li>\n<li>Dispositif de d\u00e9charge de pression brevet\u00e9<\/li>\n<li>Disque d&#8217;embrayage durci<\/li>\n<li>Applicateur de cartouche manuel<\/li>\n<\/ul>\n<p>9 &#8220;Type de squelette avec tige hexagonale, poign\u00e9e en alliage d&#8217;aluminium moul\u00e9 sous pression et g\u00e2chette en acier.<\/p>\n","protected":false},"excerpt":{"rendered":"<p>Pistolet applicateur professionnel de haute qualit\u00e9 \u00e0 faible co\u00fbt con\u00e7u pour les professionnels ou les amateurs de bricolage exigeants. Le pistolet est con\u00e7u pour prendre \u00e0 la fois des cartouches de 310 ml et de 400 ml.<\/p>\n","protected":false},"featured_media":4990,"comment_status":"open","ping_status":"closed","template":"","meta":{"_acf_changed":false},"product_cat":[314,23],"product_tag":[],"acf":[],"yoast_head":"<!-- This site is optimized with the Yoast SEO plugin v22.7 - https:\/\/yoast.com\/wordpress\/plugins\/seo\/ -->\n<title>Pistolet Silicone 2 - btpmarket<\/title>\n<meta name=\"robots\" content=\"index, follow, max-snippet:-1, max-image-preview:large, max-video-preview:-1\" \/>\n<link rel=\"canonical\" href=\"https:\/\/btpmarket.ma\/?product=pistolet-silicone-2\" \/>\n<meta property=\"og:locale\" content=\"en_US\" \/>\n<meta property=\"og:type\" content=\"article\" \/>\n<meta property=\"og:title\" content=\"Pistolet Silicone 2 - btpmarket\" \/>\n<meta property=\"og:description\" content=\"Pistolet applicateur professionnel de haute qualit\u00e9 \u00e0 faible co\u00fbt con\u00e7u pour les professionnels ou les amateurs de bricolage exigeants. Le pistolet est con\u00e7u pour prendre \u00e0 la fois des cartouches de 310 ml et de 400 ml.\" \/>\n<meta property=\"og:url\" content=\"https:\/\/btpmarket.ma\/?product=pistolet-silicone-2\" \/>\n<meta property=\"og:site_name\" content=\"btpmarket\" \/>\n<meta property=\"og:image\" content=\"https:\/\/btpmarket.ma\/wp-content\/uploads\/2024\/05\/1519658617GUN.jpg\" \/>\n\t<meta property=\"og:image:width\" content=\"600\" \/>\n\t<meta property=\"og:image:height\" content=\"600\" \/>\n\t<meta property=\"og:image:type\" content=\"image\/jpeg\" \/>\n<meta name=\"twitter:card\" content=\"summary_large_image\" \/>\n<script type=\"application\/ld+json\" class=\"yoast-schema-graph\">{\"@context\":\"https:\/\/schema.org\",\"@graph\":[{\"@type\":\"WebPage\",\"@id\":\"https:\/\/btpmarket.ma\/?product=pistolet-silicone-2\",\"url\":\"https:\/\/btpmarket.ma\/?product=pistolet-silicone-2\",\"name\":\"Pistolet Silicone 2 - btpmarket\",\"isPartOf\":{\"@id\":\"https:\/\/btpmarket.ma\/#website\"},\"primaryImageOfPage\":{\"@id\":\"https:\/\/btpmarket.ma\/?product=pistolet-silicone-2#primaryimage\"},\"image\":{\"@id\":\"https:\/\/btpmarket.ma\/?product=pistolet-silicone-2#primaryimage\"},\"thumbnailUrl\":\"https:\/\/btpmarket.ma\/wp-content\/uploads\/2024\/05\/1519658617GUN.jpg\",\"datePublished\":\"2024-05-30T18:50:24+00:00\",\"dateModified\":\"2024-05-30T18:50:24+00:00\",\"breadcrumb\":{\"@id\":\"https:\/\/btpmarket.ma\/?product=pistolet-silicone-2#breadcrumb\"},\"inLanguage\":\"en-US\",\"potentialAction\":[{\"@type\":\"ReadAction\",\"target\":[\"https:\/\/btpmarket.ma\/?product=pistolet-silicone-2\"]}]},{\"@type\":\"ImageObject\",\"inLanguage\":\"en-US\",\"@id\":\"https:\/\/btpmarket.ma\/?product=pistolet-silicone-2#primaryimage\",\"url\":\"https:\/\/btpmarket.ma\/wp-content\/uploads\/2024\/05\/1519658617GUN.jpg\",\"contentUrl\":\"https:\/\/btpmarket.ma\/wp-content\/uploads\/2024\/05\/1519658617GUN.jpg\",\"width\":600,\"height\":600},{\"@type\":\"BreadcrumbList\",\"@id\":\"https:\/\/btpmarket.ma\/?product=pistolet-silicone-2#breadcrumb\",\"itemListElement\":[{\"@type\":\"ListItem\",\"position\":1,\"name\":\"Accueil\",\"item\":\"https:\/\/btpmarket.ma\/\"},{\"@type\":\"ListItem\",\"position\":2,\"name\":\"Products\",\"item\":\"https:\/\/btpmarket.ma\/?post_type=product\"},{\"@type\":\"ListItem\",\"position\":3,\"name\":\"CARREAUX ET C\u00c9RAMIQUE\",\"item\":\"https:\/\/btpmarket.ma\/?product_cat=carreaux-et-ceramique\"},{\"@type\":\"ListItem\",\"position\":4,\"name\":\"ACCESSOIRES CARRELAGE\",\"item\":\"https:\/\/btpmarket.ma\/?product_cat=accessoires-carrelage\"},{\"@type\":\"ListItem\",\"position\":5,\"name\":\"Pistolet Silicone 2\"}]},{\"@type\":\"WebSite\",\"@id\":\"https:\/\/btpmarket.ma\/#website\",\"url\":\"https:\/\/btpmarket.ma\/\",\"name\":\"btpmarket\",\"description\":\"\",\"publisher\":{\"@id\":\"https:\/\/btpmarket.ma\/#organization\"},\"potentialAction\":[{\"@type\":\"SearchAction\",\"target\":{\"@type\":\"EntryPoint\",\"urlTemplate\":\"https:\/\/btpmarket.ma\/?s={search_term_string}\"},\"query-input\":\"required name=search_term_string\"}],\"inLanguage\":\"en-US\"},{\"@type\":\"Organization\",\"@id\":\"https:\/\/btpmarket.ma\/#organization\",\"name\":\"btpmarket\",\"url\":\"https:\/\/btpmarket.ma\/\",\"logo\":{\"@type\":\"ImageObject\",\"inLanguage\":\"en-US\",\"@id\":\"https:\/\/btpmarket.ma\/#\/schema\/logo\/image\/\",\"url\":\"https:\/\/btpmarket.ma\/wp-content\/uploads\/2024\/05\/Asset-1.png\",\"contentUrl\":\"https:\/\/btpmarket.ma\/wp-content\/uploads\/2024\/05\/Asset-1.png\",\"width\":1000,\"height\":411,\"caption\":\"btpmarket\"},\"image\":{\"@id\":\"https:\/\/btpmarket.ma\/#\/schema\/logo\/image\/\"}}]}<\/script>\n<!-- \/ Yoast SEO plugin. -->","yoast_head_json":{"title":"Pistolet Silicone 2 - btpmarket","robots":{"index":"index","follow":"follow","max-snippet":"max-snippet:-1","max-image-preview":"max-image-preview:large","max-video-preview":"max-video-preview:-1"},"canonical":"https:\/\/btpmarket.ma\/?product=pistolet-silicone-2","og_locale":"en_US","og_type":"article","og_title":"Pistolet Silicone 2 - btpmarket","og_description":"Pistolet applicateur professionnel de haute qualit\u00e9 \u00e0 faible co\u00fbt con\u00e7u pour les professionnels ou les amateurs de bricolage exigeants. Le pistolet est con\u00e7u pour prendre \u00e0 la fois des cartouches de 310 ml et de 400 ml.","og_url":"https:\/\/btpmarket.ma\/?product=pistolet-silicone-2","og_site_name":"btpmarket","og_image":[{"width":600,"height":600,"url":"https:\/\/btpmarket.ma\/wp-content\/uploads\/2024\/05\/1519658617GUN.jpg","type":"image\/jpeg"}],"twitter_card":"summary_large_image","schema":{"@context":"https:\/\/schema.org","@graph":[{"@type":"WebPage","@id":"https:\/\/btpmarket.ma\/?product=pistolet-silicone-2","url":"https:\/\/btpmarket.ma\/?product=pistolet-silicone-2","name":"Pistolet Silicone 2 - btpmarket","isPartOf":{"@id":"https:\/\/btpmarket.ma\/#website"},"primaryImageOfPage":{"@id":"https:\/\/btpmarket.ma\/?product=pistolet-silicone-2#primaryimage"},"image":{"@id":"https:\/\/btpmarket.ma\/?product=pistolet-silicone-2#primaryimage"},"thumbnailUrl":"https:\/\/btpmarket.ma\/wp-content\/uploads\/2024\/05\/1519658617GUN.jpg","datePublished":"2024-05-30T18:50:24+00:00","dateModified":"2024-05-30T18:50:24+00:00","breadcrumb":{"@id":"https:\/\/btpmarket.ma\/?product=pistolet-silicone-2#breadcrumb"},"inLanguage":"en-US","potentialAction":[{"@type":"ReadAction","target":["https:\/\/btpmarket.ma\/?product=pistolet-silicone-2"]}]},{"@type":"ImageObject","inLanguage":"en-US","@id":"https:\/\/btpmarket.ma\/?product=pistolet-silicone-2#primaryimage","url":"https:\/\/btpmarket.ma\/wp-content\/uploads\/2024\/05\/1519658617GUN.jpg","contentUrl":"https:\/\/btpmarket.ma\/wp-content\/uploads\/2024\/05\/1519658617GUN.jpg","width":600,"height":600},{"@type":"BreadcrumbList","@id":"https:\/\/btpmarket.ma\/?product=pistolet-silicone-2#breadcrumb","itemListElement":[{"@type":"ListItem","position":1,"name":"Accueil","item":"https:\/\/btpmarket.ma\/"},{"@type":"ListItem","position":2,"name":"Products","item":"https:\/\/btpmarket.ma\/?post_type=product"},{"@type":"ListItem","position":3,"name":"CARREAUX ET C\u00c9RAMIQUE","item":"https:\/\/btpmarket.ma\/?product_cat=carreaux-et-ceramique"},{"@type":"ListItem","position":4,"name":"ACCESSOIRES CARRELAGE","item":"https:\/\/btpmarket.ma\/?product_cat=accessoires-carrelage"},{"@type":"ListItem","position":5,"name":"Pistolet Silicone 2"}]},{"@type":"WebSite","@id":"https:\/\/btpmarket.ma\/#website","url":"https:\/\/btpmarket.ma\/","name":"btpmarket","description":"","publisher":{"@id":"https:\/\/btpmarket.ma\/#organization"},"potentialAction":[{"@type":"SearchAction","target":{"@type":"EntryPoint","urlTemplate":"https:\/\/btpmarket.ma\/?s={search_term_string}"},"query-input":"required name=search_term_string"}],"inLanguage":"en-US"},{"@type":"Organization","@id":"https:\/\/btpmarket.ma\/#organization","name":"btpmarket","url":"https:\/\/btpmarket.ma\/","logo":{"@type":"ImageObject","inLanguage":"en-US","@id":"https:\/\/btpmarket.ma\/#\/schema\/logo\/image\/","url":"https:\/\/btpmarket.ma\/wp-content\/uploads\/2024\/05\/Asset-1.png","contentUrl":"https:\/\/btpmarket.ma\/wp-content\/uploads\/2024\/05\/Asset-1.png","width":1000,"height":411,"caption":"btpmarket"},"image":{"@id":"https:\/\/btpmarket.ma\/#\/schema\/logo\/image\/"}}]}},"_links":{"self":[{"href":"https:\/\/btpmarket.ma\/index.php?rest_route=\/wp\/v2\/product\/4988"}],"collection":[{"href":"https:\/\/btpmarket.ma\/index.php?rest_route=\/wp\/v2\/product"}],"about":[{"href":"https:\/\/btpmarket.ma\/index.php?rest_route=\/wp\/v2\/types\/product"}],"replies":[{"embeddable":true,"href":"https:\/\/btpmarket.ma\/index.php?rest_route=%2Fwp%2Fv2%2Fcomments&post=4988"}],"wp:featuredmedia":[{"embeddable":true,"href":"https:\/\/btpmarket.ma\/index.php?rest_route=\/wp\/v2\/media\/4990"}],"wp:attachment":[{"href":"https:\/\/btpmarket.ma\/index.php?rest_route=%2Fwp%2Fv2%2Fmedia&parent=4988"}],"wp:term":[{"taxonomy":"product_cat","embeddable":true,"href":"https:\/\/btpmarket.ma\/index.php?rest_route=%2Fwp%2Fv2%2Fproduct_cat&post=4988"},{"taxonomy":"product_tag","embeddable":true,"href":"https:\/\/btpmarket.ma\/index.php?rest_route=%2Fwp%2Fv2%2Fproduct_tag&post=4988"}],"curies":[{"name":"wp","href":"https:\/\/api.w.org\/{rel}","templated":true}]}}