{"id":4993,"date":"2024-05-30T18:54:48","date_gmt":"2024-05-30T18:54:48","guid":{"rendered":"https:\/\/btpmarket.ma\/?post_type=product&#038;p=4993"},"modified":"2024-05-30T18:54:48","modified_gmt":"2024-05-30T18:54:48","slug":"ventouse-triple-tambour","status":"publish","type":"product","link":"https:\/\/btpmarket.ma\/?product=ventouse-triple-tambour","title":{"rendered":"Ventouse Triple tambour"},"content":{"rendered":"<p>Triple tambour<\/p>\n<p>Bouchon d&#8217;aspiration en aluminium<\/p>\n<p>Capacit\u00e9 max de levage de 100 Kg<\/p>\n<p>Diam\u00e8tre de chaque ventouse : 120 mm<\/p>\n<p><strong>Structure en aluminium<\/strong> Pour le maniement de plaques de verre, portes, fen\u00eatres ou encore feuilles de t\u00f4le Chaque ventouse est pourvue d&#8217;un levier de d\u00e9gagement<\/p>\n","protected":false},"excerpt":{"rendered":"<p><strong>Structure en aluminium<\/strong> Pour le maniement de plaques de verre, portes, fen\u00eatres ou encore feuilles de t\u00f4le Chaque ventouse est pourvue d&#8217;un levier de d\u00e9gagement<\/p>\n","protected":false},"featured_media":4997,"comment_status":"open","ping_status":"closed","template":"","meta":{"_acf_changed":false},"product_cat":[314,23],"product_tag":[],"acf":[],"yoast_head":"<!-- This site is optimized with the Yoast SEO plugin v22.7 - https:\/\/yoast.com\/wordpress\/plugins\/seo\/ -->\n<title>Ventouse Triple tambour - btpmarket<\/title>\n<meta name=\"robots\" content=\"index, follow, max-snippet:-1, max-image-preview:large, max-video-preview:-1\" \/>\n<link rel=\"canonical\" href=\"https:\/\/btpmarket.ma\/?product=ventouse-triple-tambour\" \/>\n<meta property=\"og:locale\" content=\"en_US\" \/>\n<meta property=\"og:type\" content=\"article\" \/>\n<meta property=\"og:title\" content=\"Ventouse Triple tambour - btpmarket\" \/>\n<meta property=\"og:description\" content=\"Structure en aluminium Pour le maniement de plaques de verre, portes, fen\u00eatres ou encore feuilles de t\u00f4le Chaque ventouse est pourvue d&#039;un levier de d\u00e9gagement\" \/>\n<meta property=\"og:url\" content=\"https:\/\/btpmarket.ma\/?product=ventouse-triple-tambour\" \/>\n<meta property=\"og:site_name\" content=\"btpmarket\" \/>\n<meta property=\"og:image\" content=\"https:\/\/btpmarket.ma\/wp-content\/uploads\/2024\/05\/1519665489proplus-ventouse-aluminium-avec-3-tetes-L-272650-733679_1.jpg\" \/>\n\t<meta property=\"og:image:width\" content=\"800\" \/>\n\t<meta property=\"og:image:height\" content=\"801\" \/>\n\t<meta property=\"og:image:type\" content=\"image\/jpeg\" \/>\n<meta name=\"twitter:card\" content=\"summary_large_image\" \/>\n<script type=\"application\/ld+json\" class=\"yoast-schema-graph\">{\"@context\":\"https:\/\/schema.org\",\"@graph\":[{\"@type\":\"WebPage\",\"@id\":\"https:\/\/btpmarket.ma\/?product=ventouse-triple-tambour\",\"url\":\"https:\/\/btpmarket.ma\/?product=ventouse-triple-tambour\",\"name\":\"Ventouse Triple tambour - btpmarket\",\"isPartOf\":{\"@id\":\"https:\/\/btpmarket.ma\/#website\"},\"primaryImageOfPage\":{\"@id\":\"https:\/\/btpmarket.ma\/?product=ventouse-triple-tambour#primaryimage\"},\"image\":{\"@id\":\"https:\/\/btpmarket.ma\/?product=ventouse-triple-tambour#primaryimage\"},\"thumbnailUrl\":\"https:\/\/btpmarket.ma\/wp-content\/uploads\/2024\/05\/1519665489proplus-ventouse-aluminium-avec-3-tetes-L-272650-733679_1.jpg\",\"datePublished\":\"2024-05-30T18:54:48+00:00\",\"dateModified\":\"2024-05-30T18:54:48+00:00\",\"breadcrumb\":{\"@id\":\"https:\/\/btpmarket.ma\/?product=ventouse-triple-tambour#breadcrumb\"},\"inLanguage\":\"en-US\",\"potentialAction\":[{\"@type\":\"ReadAction\",\"target\":[\"https:\/\/btpmarket.ma\/?product=ventouse-triple-tambour\"]}]},{\"@type\":\"ImageObject\",\"inLanguage\":\"en-US\",\"@id\":\"https:\/\/btpmarket.ma\/?product=ventouse-triple-tambour#primaryimage\",\"url\":\"https:\/\/btpmarket.ma\/wp-content\/uploads\/2024\/05\/1519665489proplus-ventouse-aluminium-avec-3-tetes-L-272650-733679_1.jpg\",\"contentUrl\":\"https:\/\/btpmarket.ma\/wp-content\/uploads\/2024\/05\/1519665489proplus-ventouse-aluminium-avec-3-tetes-L-272650-733679_1.jpg\",\"width\":800,\"height\":801},{\"@type\":\"BreadcrumbList\",\"@id\":\"https:\/\/btpmarket.ma\/?product=ventouse-triple-tambour#breadcrumb\",\"itemListElement\":[{\"@type\":\"ListItem\",\"position\":1,\"name\":\"Accueil\",\"item\":\"https:\/\/btpmarket.ma\/\"},{\"@type\":\"ListItem\",\"position\":2,\"name\":\"Products\",\"item\":\"https:\/\/btpmarket.ma\/?post_type=product\"},{\"@type\":\"ListItem\",\"position\":3,\"name\":\"CARREAUX ET C\u00c9RAMIQUE\",\"item\":\"https:\/\/btpmarket.ma\/?product_cat=carreaux-et-ceramique\"},{\"@type\":\"ListItem\",\"position\":4,\"name\":\"ACCESSOIRES CARRELAGE\",\"item\":\"https:\/\/btpmarket.ma\/?product_cat=accessoires-carrelage\"},{\"@type\":\"ListItem\",\"position\":5,\"name\":\"Ventouse Triple tambour\"}]},{\"@type\":\"WebSite\",\"@id\":\"https:\/\/btpmarket.ma\/#website\",\"url\":\"https:\/\/btpmarket.ma\/\",\"name\":\"btpmarket\",\"description\":\"\",\"publisher\":{\"@id\":\"https:\/\/btpmarket.ma\/#organization\"},\"potentialAction\":[{\"@type\":\"SearchAction\",\"target\":{\"@type\":\"EntryPoint\",\"urlTemplate\":\"https:\/\/btpmarket.ma\/?s={search_term_string}\"},\"query-input\":\"required name=search_term_string\"}],\"inLanguage\":\"en-US\"},{\"@type\":\"Organization\",\"@id\":\"https:\/\/btpmarket.ma\/#organization\",\"name\":\"btpmarket\",\"url\":\"https:\/\/btpmarket.ma\/\",\"logo\":{\"@type\":\"ImageObject\",\"inLanguage\":\"en-US\",\"@id\":\"https:\/\/btpmarket.ma\/#\/schema\/logo\/image\/\",\"url\":\"https:\/\/btpmarket.ma\/wp-content\/uploads\/2024\/05\/Asset-1.png\",\"contentUrl\":\"https:\/\/btpmarket.ma\/wp-content\/uploads\/2024\/05\/Asset-1.png\",\"width\":1000,\"height\":411,\"caption\":\"btpmarket\"},\"image\":{\"@id\":\"https:\/\/btpmarket.ma\/#\/schema\/logo\/image\/\"}}]}<\/script>\n<!-- \/ Yoast SEO plugin. -->","yoast_head_json":{"title":"Ventouse Triple tambour - btpmarket","robots":{"index":"index","follow":"follow","max-snippet":"max-snippet:-1","max-image-preview":"max-image-preview:large","max-video-preview":"max-video-preview:-1"},"canonical":"https:\/\/btpmarket.ma\/?product=ventouse-triple-tambour","og_locale":"en_US","og_type":"article","og_title":"Ventouse Triple tambour - btpmarket","og_description":"Structure en aluminium Pour le maniement de plaques de verre, portes, fen\u00eatres ou encore feuilles de t\u00f4le Chaque ventouse est pourvue d'un levier de d\u00e9gagement","og_url":"https:\/\/btpmarket.ma\/?product=ventouse-triple-tambour","og_site_name":"btpmarket","og_image":[{"width":800,"height":801,"url":"https:\/\/btpmarket.ma\/wp-content\/uploads\/2024\/05\/1519665489proplus-ventouse-aluminium-avec-3-tetes-L-272650-733679_1.jpg","type":"image\/jpeg"}],"twitter_card":"summary_large_image","schema":{"@context":"https:\/\/schema.org","@graph":[{"@type":"WebPage","@id":"https:\/\/btpmarket.ma\/?product=ventouse-triple-tambour","url":"https:\/\/btpmarket.ma\/?product=ventouse-triple-tambour","name":"Ventouse Triple tambour - btpmarket","isPartOf":{"@id":"https:\/\/btpmarket.ma\/#website"},"primaryImageOfPage":{"@id":"https:\/\/btpmarket.ma\/?product=ventouse-triple-tambour#primaryimage"},"image":{"@id":"https:\/\/btpmarket.ma\/?product=ventouse-triple-tambour#primaryimage"},"thumbnailUrl":"https:\/\/btpmarket.ma\/wp-content\/uploads\/2024\/05\/1519665489proplus-ventouse-aluminium-avec-3-tetes-L-272650-733679_1.jpg","datePublished":"2024-05-30T18:54:48+00:00","dateModified":"2024-05-30T18:54:48+00:00","breadcrumb":{"@id":"https:\/\/btpmarket.ma\/?product=ventouse-triple-tambour#breadcrumb"},"inLanguage":"en-US","potentialAction":[{"@type":"ReadAction","target":["https:\/\/btpmarket.ma\/?product=ventouse-triple-tambour"]}]},{"@type":"ImageObject","inLanguage":"en-US","@id":"https:\/\/btpmarket.ma\/?product=ventouse-triple-tambour#primaryimage","url":"https:\/\/btpmarket.ma\/wp-content\/uploads\/2024\/05\/1519665489proplus-ventouse-aluminium-avec-3-tetes-L-272650-733679_1.jpg","contentUrl":"https:\/\/btpmarket.ma\/wp-content\/uploads\/2024\/05\/1519665489proplus-ventouse-aluminium-avec-3-tetes-L-272650-733679_1.jpg","width":800,"height":801},{"@type":"BreadcrumbList","@id":"https:\/\/btpmarket.ma\/?product=ventouse-triple-tambour#breadcrumb","itemListElement":[{"@type":"ListItem","position":1,"name":"Accueil","item":"https:\/\/btpmarket.ma\/"},{"@type":"ListItem","position":2,"name":"Products","item":"https:\/\/btpmarket.ma\/?post_type=product"},{"@type":"ListItem","position":3,"name":"CARREAUX ET C\u00c9RAMIQUE","item":"https:\/\/btpmarket.ma\/?product_cat=carreaux-et-ceramique"},{"@type":"ListItem","position":4,"name":"ACCESSOIRES CARRELAGE","item":"https:\/\/btpmarket.ma\/?product_cat=accessoires-carrelage"},{"@type":"ListItem","position":5,"name":"Ventouse Triple tambour"}]},{"@type":"WebSite","@id":"https:\/\/btpmarket.ma\/#website","url":"https:\/\/btpmarket.ma\/","name":"btpmarket","description":"","publisher":{"@id":"https:\/\/btpmarket.ma\/#organization"},"potentialAction":[{"@type":"SearchAction","target":{"@type":"EntryPoint","urlTemplate":"https:\/\/btpmarket.ma\/?s={search_term_string}"},"query-input":"required name=search_term_string"}],"inLanguage":"en-US"},{"@type":"Organization","@id":"https:\/\/btpmarket.ma\/#organization","name":"btpmarket","url":"https:\/\/btpmarket.ma\/","logo":{"@type":"ImageObject","inLanguage":"en-US","@id":"https:\/\/btpmarket.ma\/#\/schema\/logo\/image\/","url":"https:\/\/btpmarket.ma\/wp-content\/uploads\/2024\/05\/Asset-1.png","contentUrl":"https:\/\/btpmarket.ma\/wp-content\/uploads\/2024\/05\/Asset-1.png","width":1000,"height":411,"caption":"btpmarket"},"image":{"@id":"https:\/\/btpmarket.ma\/#\/schema\/logo\/image\/"}}]}},"_links":{"self":[{"href":"https:\/\/btpmarket.ma\/index.php?rest_route=\/wp\/v2\/product\/4993"}],"collection":[{"href":"https:\/\/btpmarket.ma\/index.php?rest_route=\/wp\/v2\/product"}],"about":[{"href":"https:\/\/btpmarket.ma\/index.php?rest_route=\/wp\/v2\/types\/product"}],"replies":[{"embeddable":true,"href":"https:\/\/btpmarket.ma\/index.php?rest_route=%2Fwp%2Fv2%2Fcomments&post=4993"}],"wp:featuredmedia":[{"embeddable":true,"href":"https:\/\/btpmarket.ma\/index.php?rest_route=\/wp\/v2\/media\/4997"}],"wp:attachment":[{"href":"https:\/\/btpmarket.ma\/index.php?rest_route=%2Fwp%2Fv2%2Fmedia&parent=4993"}],"wp:term":[{"taxonomy":"product_cat","embeddable":true,"href":"https:\/\/btpmarket.ma\/index.php?rest_route=%2Fwp%2Fv2%2Fproduct_cat&post=4993"},{"taxonomy":"product_tag","embeddable":true,"href":"https:\/\/btpmarket.ma\/index.php?rest_route=%2Fwp%2Fv2%2Fproduct_tag&post=4993"}],"curies":[{"name":"wp","href":"https:\/\/api.w.org\/{rel}","templated":true}]}}