{"id":5007,"date":"2024-05-30T19:02:46","date_gmt":"2024-05-30T19:02:46","guid":{"rendered":"https:\/\/btpmarket.ma\/?post_type=product&#038;p=5007"},"modified":"2024-05-30T19:02:47","modified_gmt":"2024-05-30T19:02:47","slug":"carreaux-noir-emaille-lisse","status":"publish","type":"product","link":"https:\/\/btpmarket.ma\/?product=carreaux-noir-emaille-lisse","title":{"rendered":"CARREAUX NOIR EMAILLE LISSE"},"content":{"rendered":"<h2>CARREAUX NOIR EMAILLE LISSE<\/h2>\n<hr \/>\n<h3>1.description<\/h3>\n<p>leur couleur et la taille sont adapt\u00e9s pour les zones de petites et moyennes de vos locaux. La combinaison appropri\u00e9e peut \u00eatre r\u00e9alis\u00e9 avec des couleurs de terre et la lumi\u00e8re chaude attendant mobilier peut \u00eatre en colors.Fits diff\u00e9rentes assez bien pour les environnements modernes et classiques. Les grands avantages de carreaux de c\u00e9ramique comprennent leur rentabilit\u00e9, leur durabilit\u00e9 et leur facilit\u00e9 d&#8217;entretien, l&#8217;installation et la r\u00e9paration.<\/p>\n<h3><\/h3>\n<h3>2. detail techniques<\/h3>\n<p>&nbsp;<\/p>\n<table class=\"table table-bordered\">\n<tbody>\n<tr>\n<td>Absaorbation d&#8217;eau\u00a0 :\u00a03%&lt;E&lt;6%<\/p>\n<p>R\u00e9s. A l&#8217;abrision profonde :\u00a0 \u2264160 mm\u1d9f<\/p>\n<p>Resitance a\u00a0 la flixation : \u2265 1000<\/td>\n<td>Delatation termique : &lt; 7 X 10-6 \u00baC<\/p>\n<p>Resistance glasse : Resiste<\/p>\n<p>Res attaque chimique : classe UB<\/td>\n<td>Marque : RAK<\/p>\n<p>PAYS : Maroc<\/p>\n<p>&nbsp;<\/td>\n<\/tr>\n<\/tbody>\n<\/table>\n","protected":false},"excerpt":{"rendered":"<p>CARREAUX NOIR EMAILLE LISSE dimension 15*15 marque RAK de maroc<\/p>\n","protected":false},"featured_media":5010,"comment_status":"open","ping_status":"closed","template":"","meta":{"_acf_changed":false},"product_cat":[23,313],"product_tag":[],"acf":[],"yoast_head":"<!-- This site is optimized with the Yoast SEO plugin v22.7 - https:\/\/yoast.com\/wordpress\/plugins\/seo\/ -->\n<title>CARREAUX NOIR EMAILLE LISSE - btpmarket<\/title>\n<meta name=\"robots\" content=\"index, follow, max-snippet:-1, max-image-preview:large, max-video-preview:-1\" \/>\n<link rel=\"canonical\" href=\"https:\/\/btpmarket.ma\/?product=carreaux-noir-emaille-lisse\" \/>\n<meta property=\"og:locale\" content=\"en_US\" \/>\n<meta property=\"og:type\" content=\"article\" \/>\n<meta property=\"og:title\" content=\"CARREAUX NOIR EMAILLE LISSE - btpmarket\" \/>\n<meta property=\"og:description\" content=\"CARREAUX NOIR EMAILLE LISSE dimension 15*15 marque RAK de maroc\" \/>\n<meta property=\"og:url\" content=\"https:\/\/btpmarket.ma\/?product=carreaux-noir-emaille-lisse\" \/>\n<meta property=\"og:site_name\" content=\"btpmarket\" \/>\n<meta property=\"article:modified_time\" content=\"2024-05-30T19:02:47+00:00\" \/>\n<meta property=\"og:image\" content=\"https:\/\/btpmarket.ma\/wp-content\/uploads\/2024\/05\/1436612403i_600614.jpg\" \/>\n\t<meta property=\"og:image:width\" content=\"640\" \/>\n\t<meta property=\"og:image:height\" content=\"640\" \/>\n\t<meta property=\"og:image:type\" content=\"image\/jpeg\" \/>\n<meta name=\"twitter:card\" content=\"summary_large_image\" \/>\n<meta name=\"twitter:label1\" content=\"Est. reading time\" \/>\n\t<meta name=\"twitter:data1\" content=\"1 minute\" \/>\n<script type=\"application\/ld+json\" class=\"yoast-schema-graph\">{\"@context\":\"https:\/\/schema.org\",\"@graph\":[{\"@type\":\"WebPage\",\"@id\":\"https:\/\/btpmarket.ma\/?product=carreaux-noir-emaille-lisse\",\"url\":\"https:\/\/btpmarket.ma\/?product=carreaux-noir-emaille-lisse\",\"name\":\"CARREAUX NOIR EMAILLE LISSE - btpmarket\",\"isPartOf\":{\"@id\":\"https:\/\/btpmarket.ma\/#website\"},\"primaryImageOfPage\":{\"@id\":\"https:\/\/btpmarket.ma\/?product=carreaux-noir-emaille-lisse#primaryimage\"},\"image\":{\"@id\":\"https:\/\/btpmarket.ma\/?product=carreaux-noir-emaille-lisse#primaryimage\"},\"thumbnailUrl\":\"https:\/\/btpmarket.ma\/wp-content\/uploads\/2024\/05\/1436612403i_600614.jpg\",\"datePublished\":\"2024-05-30T19:02:46+00:00\",\"dateModified\":\"2024-05-30T19:02:47+00:00\",\"breadcrumb\":{\"@id\":\"https:\/\/btpmarket.ma\/?product=carreaux-noir-emaille-lisse#breadcrumb\"},\"inLanguage\":\"en-US\",\"potentialAction\":[{\"@type\":\"ReadAction\",\"target\":[\"https:\/\/btpmarket.ma\/?product=carreaux-noir-emaille-lisse\"]}]},{\"@type\":\"ImageObject\",\"inLanguage\":\"en-US\",\"@id\":\"https:\/\/btpmarket.ma\/?product=carreaux-noir-emaille-lisse#primaryimage\",\"url\":\"https:\/\/btpmarket.ma\/wp-content\/uploads\/2024\/05\/1436612403i_600614.jpg\",\"contentUrl\":\"https:\/\/btpmarket.ma\/wp-content\/uploads\/2024\/05\/1436612403i_600614.jpg\",\"width\":640,\"height\":640},{\"@type\":\"BreadcrumbList\",\"@id\":\"https:\/\/btpmarket.ma\/?product=carreaux-noir-emaille-lisse#breadcrumb\",\"itemListElement\":[{\"@type\":\"ListItem\",\"position\":1,\"name\":\"Accueil\",\"item\":\"https:\/\/btpmarket.ma\/\"},{\"@type\":\"ListItem\",\"position\":2,\"name\":\"Products\",\"item\":\"https:\/\/btpmarket.ma\/?post_type=product\"},{\"@type\":\"ListItem\",\"position\":3,\"name\":\"CARREAUX ET C\u00c9RAMIQUE\",\"item\":\"https:\/\/btpmarket.ma\/?product_cat=carreaux-et-ceramique\"},{\"@type\":\"ListItem\",\"position\":4,\"name\":\"CARRELAGE\",\"item\":\"https:\/\/btpmarket.ma\/?product_cat=carrelage\"},{\"@type\":\"ListItem\",\"position\":5,\"name\":\"CARREAUX NOIR EMAILLE LISSE\"}]},{\"@type\":\"WebSite\",\"@id\":\"https:\/\/btpmarket.ma\/#website\",\"url\":\"https:\/\/btpmarket.ma\/\",\"name\":\"btpmarket\",\"description\":\"\",\"publisher\":{\"@id\":\"https:\/\/btpmarket.ma\/#organization\"},\"potentialAction\":[{\"@type\":\"SearchAction\",\"target\":{\"@type\":\"EntryPoint\",\"urlTemplate\":\"https:\/\/btpmarket.ma\/?s={search_term_string}\"},\"query-input\":\"required name=search_term_string\"}],\"inLanguage\":\"en-US\"},{\"@type\":\"Organization\",\"@id\":\"https:\/\/btpmarket.ma\/#organization\",\"name\":\"btpmarket\",\"url\":\"https:\/\/btpmarket.ma\/\",\"logo\":{\"@type\":\"ImageObject\",\"inLanguage\":\"en-US\",\"@id\":\"https:\/\/btpmarket.ma\/#\/schema\/logo\/image\/\",\"url\":\"https:\/\/btpmarket.ma\/wp-content\/uploads\/2024\/05\/Asset-1.png\",\"contentUrl\":\"https:\/\/btpmarket.ma\/wp-content\/uploads\/2024\/05\/Asset-1.png\",\"width\":1000,\"height\":411,\"caption\":\"btpmarket\"},\"image\":{\"@id\":\"https:\/\/btpmarket.ma\/#\/schema\/logo\/image\/\"}}]}<\/script>\n<!-- \/ Yoast SEO plugin. -->","yoast_head_json":{"title":"CARREAUX NOIR EMAILLE LISSE - btpmarket","robots":{"index":"index","follow":"follow","max-snippet":"max-snippet:-1","max-image-preview":"max-image-preview:large","max-video-preview":"max-video-preview:-1"},"canonical":"https:\/\/btpmarket.ma\/?product=carreaux-noir-emaille-lisse","og_locale":"en_US","og_type":"article","og_title":"CARREAUX NOIR EMAILLE LISSE - btpmarket","og_description":"CARREAUX NOIR EMAILLE LISSE dimension 15*15 marque RAK de maroc","og_url":"https:\/\/btpmarket.ma\/?product=carreaux-noir-emaille-lisse","og_site_name":"btpmarket","article_modified_time":"2024-05-30T19:02:47+00:00","og_image":[{"width":640,"height":640,"url":"https:\/\/btpmarket.ma\/wp-content\/uploads\/2024\/05\/1436612403i_600614.jpg","type":"image\/jpeg"}],"twitter_card":"summary_large_image","twitter_misc":{"Est. reading time":"1 minute"},"schema":{"@context":"https:\/\/schema.org","@graph":[{"@type":"WebPage","@id":"https:\/\/btpmarket.ma\/?product=carreaux-noir-emaille-lisse","url":"https:\/\/btpmarket.ma\/?product=carreaux-noir-emaille-lisse","name":"CARREAUX NOIR EMAILLE LISSE - btpmarket","isPartOf":{"@id":"https:\/\/btpmarket.ma\/#website"},"primaryImageOfPage":{"@id":"https:\/\/btpmarket.ma\/?product=carreaux-noir-emaille-lisse#primaryimage"},"image":{"@id":"https:\/\/btpmarket.ma\/?product=carreaux-noir-emaille-lisse#primaryimage"},"thumbnailUrl":"https:\/\/btpmarket.ma\/wp-content\/uploads\/2024\/05\/1436612403i_600614.jpg","datePublished":"2024-05-30T19:02:46+00:00","dateModified":"2024-05-30T19:02:47+00:00","breadcrumb":{"@id":"https:\/\/btpmarket.ma\/?product=carreaux-noir-emaille-lisse#breadcrumb"},"inLanguage":"en-US","potentialAction":[{"@type":"ReadAction","target":["https:\/\/btpmarket.ma\/?product=carreaux-noir-emaille-lisse"]}]},{"@type":"ImageObject","inLanguage":"en-US","@id":"https:\/\/btpmarket.ma\/?product=carreaux-noir-emaille-lisse#primaryimage","url":"https:\/\/btpmarket.ma\/wp-content\/uploads\/2024\/05\/1436612403i_600614.jpg","contentUrl":"https:\/\/btpmarket.ma\/wp-content\/uploads\/2024\/05\/1436612403i_600614.jpg","width":640,"height":640},{"@type":"BreadcrumbList","@id":"https:\/\/btpmarket.ma\/?product=carreaux-noir-emaille-lisse#breadcrumb","itemListElement":[{"@type":"ListItem","position":1,"name":"Accueil","item":"https:\/\/btpmarket.ma\/"},{"@type":"ListItem","position":2,"name":"Products","item":"https:\/\/btpmarket.ma\/?post_type=product"},{"@type":"ListItem","position":3,"name":"CARREAUX ET C\u00c9RAMIQUE","item":"https:\/\/btpmarket.ma\/?product_cat=carreaux-et-ceramique"},{"@type":"ListItem","position":4,"name":"CARRELAGE","item":"https:\/\/btpmarket.ma\/?product_cat=carrelage"},{"@type":"ListItem","position":5,"name":"CARREAUX NOIR EMAILLE LISSE"}]},{"@type":"WebSite","@id":"https:\/\/btpmarket.ma\/#website","url":"https:\/\/btpmarket.ma\/","name":"btpmarket","description":"","publisher":{"@id":"https:\/\/btpmarket.ma\/#organization"},"potentialAction":[{"@type":"SearchAction","target":{"@type":"EntryPoint","urlTemplate":"https:\/\/btpmarket.ma\/?s={search_term_string}"},"query-input":"required name=search_term_string"}],"inLanguage":"en-US"},{"@type":"Organization","@id":"https:\/\/btpmarket.ma\/#organization","name":"btpmarket","url":"https:\/\/btpmarket.ma\/","logo":{"@type":"ImageObject","inLanguage":"en-US","@id":"https:\/\/btpmarket.ma\/#\/schema\/logo\/image\/","url":"https:\/\/btpmarket.ma\/wp-content\/uploads\/2024\/05\/Asset-1.png","contentUrl":"https:\/\/btpmarket.ma\/wp-content\/uploads\/2024\/05\/Asset-1.png","width":1000,"height":411,"caption":"btpmarket"},"image":{"@id":"https:\/\/btpmarket.ma\/#\/schema\/logo\/image\/"}}]}},"_links":{"self":[{"href":"https:\/\/btpmarket.ma\/index.php?rest_route=\/wp\/v2\/product\/5007"}],"collection":[{"href":"https:\/\/btpmarket.ma\/index.php?rest_route=\/wp\/v2\/product"}],"about":[{"href":"https:\/\/btpmarket.ma\/index.php?rest_route=\/wp\/v2\/types\/product"}],"replies":[{"embeddable":true,"href":"https:\/\/btpmarket.ma\/index.php?rest_route=%2Fwp%2Fv2%2Fcomments&post=5007"}],"wp:featuredmedia":[{"embeddable":true,"href":"https:\/\/btpmarket.ma\/index.php?rest_route=\/wp\/v2\/media\/5010"}],"wp:attachment":[{"href":"https:\/\/btpmarket.ma\/index.php?rest_route=%2Fwp%2Fv2%2Fmedia&parent=5007"}],"wp:term":[{"taxonomy":"product_cat","embeddable":true,"href":"https:\/\/btpmarket.ma\/index.php?rest_route=%2Fwp%2Fv2%2Fproduct_cat&post=5007"},{"taxonomy":"product_tag","embeddable":true,"href":"https:\/\/btpmarket.ma\/index.php?rest_route=%2Fwp%2Fv2%2Fproduct_tag&post=5007"}],"curies":[{"name":"wp","href":"https:\/\/api.w.org\/{rel}","templated":true}]}}