{"id":5012,"date":"2024-05-30T19:10:12","date_gmt":"2024-05-30T19:10:12","guid":{"rendered":"https:\/\/btpmarket.ma\/?post_type=product&#038;p=5012"},"modified":"2024-05-31T13:19:57","modified_gmt":"2024-05-31T13:19:57","slug":"propam-term-50","status":"publish","type":"product","link":"https:\/\/btpmarket.ma\/?product=propam-term-50","title":{"rendered":"PROPAM\u00ae TERM 50"},"content":{"rendered":"<p>APPLICATIONS<\/p>\n<p>\u2022 Mortier destin\u00e9 \u00e0 cr\u00e9er une isolation\u00a0thermique continue par l&#8217;ext\u00e9rieur en fa\u00e7ade\u00a0et mansardes, tant pour la construction neuve\u00a0que pour la r\u00e9novation.<br \/>\n\u2022 Particuli\u00e8rement efficace pour r\u00e9soudre\u00a0les ponts thermiques en cas de support \u00e0\u00a0plan\u00e9it\u00e9 non uniforme.<br \/>\n\u2022 Solution rapide, \u00e9conomique et efficace\u00a0pour obtenir des ambiances bien prot\u00e9g\u00e9es\u00a0sur le plan climatique, permettant ainsi une\u00a0\u00e9conomie d&#8217;\u00e9nergie.<\/p>\n<p>PROPRI\u00c9T\u00c9S<\/p>\n<p>Applicable avec une machine \u00e0 projeter. \u00c9limination des ponts thermiques. Imperm\u00e9abilit\u00e9 \u00e0 l&#8217;eau et perm\u00e9abilit\u00e9 \u00e0 la vapeur d&#8217;eau, \u00e9vitant ainsi d&#8217;\u00e9ventuelles condensations. Forte thixotropie qui permet d&#8217;obtenir des \u00e9paisseurs de 2 \u00e0 8 cm.<\/p>\n<p>SUPPORT<\/p>\n<p>Le support doit \u00eatre r\u00e9sistant, table, ne pas\u00a0avoir de poussi\u00e8re, de peinture, d&#8217;huile, etc.<br \/>\nApplicable sur b\u00e9ton, mortier, brique c\u00e9ramique,\u00a0bloc de thermo-argile, bloc d&#8217;argile expans\u00e9e\u00a0(Arlita), blocs all\u00e9g\u00e9s et supports anciens.<br \/>\n\u00c0 appliquer entre 5\u00ba et 35\u00ba C. Par temps chaud\u00a0ou par vent sec, le support doit avoir \u00e9t\u00e9\u00a0humidifi\u00e9 \u00e0 l&#8217;eau.<br \/>\nNe pas appliquer sur des murs en pl\u00e2tre ou des\u00a0supports non absorbants.<\/p>\n<p>MODE D&#8217;EMPLOI<\/p>\n<p>1. Appliquez avec une machine \u00e0 projeter en\u00a0r\u00e9glant le d\u00e9bit d&#8217;eau jusqu&#8217;\u00e0 obtenir une\u00a0proportion de 5,8 litres d&#8217;eau propre par sac,\u00a0afin d&#8217;obtenir une p\u00e2te homog\u00e8ne.<\/p>\n<p>2. Projetez directement la p\u00e2te sur le mur et\u00a0r\u00e9glez jusqu&#8217;\u00e0 obtenir une surface plane,\u00a0stable et homog\u00e8ne. L&#8217;\u00e9paisseur minimum\u00a0de la couche doit \u00eatre 20 mm et maximum 40\u00a0mm.<\/p>\n<p>3. Pour obtenir des \u00e9paisseurs sup\u00e9rieures \u00e0 40\u00a0mm, il faut mettre deux couches de m\u00eame\u00a0\u00e9paisseur en incorporant dans la premi\u00e8re\u00a0un treillis en fibre de verre avec traitement\u00a0anti-alcalis et en fixant cette premi\u00e8re couche\u00a0au support avec des chevilles en plastique.<br \/>\nPuis appliquez la deuxi\u00e8me couche jusqu&#8217;\u00e0\u00a0obtenir l&#8217;\u00e9paisseur souhait\u00e9e.<\/p>\n<p>4. La protection du mortier PROPAM TERM\u00a050, est obtenue apr\u00e8s 1 jour par centim\u00e8tre\u00a0d&#8217;\u00e9paisseur d&#8217;application. Pour ce faire,\u00a0appliquez une couche de PROPAM\u00a0AISTERM sur la surface du mortier et, avant\u00a0s\u00e9chage, posez le treillis en fibre de verre\u00a0AISTERM. Il faut pr\u00e9voir un chevauchement\u00a0de 10 cm avec le segment de treillis suivant.<\/p>\n<p>5. Apr\u00e8s s\u00e9chage complet de la couche de\u00a0durcissement, il faut appliquer la couche finale\u00a0souhait\u00e9e avec une finition du type acrylique\u00a0avec REVAT FILM ou REVAT PLAS, ou un\u00a0enduit \u00e0 la chaux REVAT CAL ESTUCO,\u00a0qui peut \u00e0 son tour \u00eatre fini avec une couche\u00a0additionnelle de REVAT CAL FINO.<\/p>\n<p>6. S&#8217;il faut une finition avec un mortier monocouche, appliquez directement REVAT MINERAL sur PROPAM TERM 50, sans la couche de protection avec PROPAM AISTERM.<\/p>\n<p>&nbsp;<\/p>\n<p>PR\u00c9SENTATION<\/p>\n<p>En sacs papier de 7,5 kg. Couleur : blanc.<\/p>\n<p>STOCKAGE<\/p>\n<p>En emballage d&#8217;origine ferm\u00e9 et endroits couverts : 1 an.<\/p>\n","protected":false},"excerpt":{"rendered":"<p>PROPAM TERM 50 est un mortier de tr\u00e8s faible densit\u00e9 qui joue le r\u00f4le d&#8217;isolant thermique continu. Formul\u00e9 \u00e0 base d&#8217;agglom\u00e9rants hydrauliques, granulats s\u00e9lectionn\u00e9s et additifs sp\u00e9cifiques. Pr\u00e9sentation sous forme de mortier mono-composant<\/p>\n","protected":false},"featured_media":5019,"comment_status":"open","ping_status":"closed","template":"","meta":{"_acf_changed":false},"product_cat":[320,24],"product_tag":[],"acf":[],"yoast_head":"<!-- This site is optimized with the Yoast SEO plugin v22.7 - https:\/\/yoast.com\/wordpress\/plugins\/seo\/ -->\n<title>PROPAM\u00ae TERM 50 - btpmarket<\/title>\n<meta name=\"robots\" content=\"index, follow, max-snippet:-1, max-image-preview:large, max-video-preview:-1\" \/>\n<link rel=\"canonical\" href=\"https:\/\/btpmarket.ma\/?product=propam-term-50\" \/>\n<meta property=\"og:locale\" content=\"en_US\" \/>\n<meta property=\"og:type\" content=\"article\" \/>\n<meta property=\"og:title\" content=\"PROPAM\u00ae TERM 50 - btpmarket\" \/>\n<meta property=\"og:description\" content=\"PROPAM TERM 50 est un mortier de tr\u00e8s faible densit\u00e9 qui joue le r\u00f4le d&#039;isolant thermique continu. Formul\u00e9 \u00e0 base d&#039;agglom\u00e9rants hydrauliques, granulats s\u00e9lectionn\u00e9s et additifs sp\u00e9cifiques. Pr\u00e9sentation sous forme de mortier mono-composant\" \/>\n<meta property=\"og:url\" content=\"https:\/\/btpmarket.ma\/?product=propam-term-50\" \/>\n<meta property=\"og:site_name\" content=\"btpmarket\" \/>\n<meta property=\"article:modified_time\" content=\"2024-05-31T13:19:57+00:00\" \/>\n<meta property=\"og:image\" content=\"https:\/\/btpmarket.ma\/wp-content\/uploads\/2024\/05\/1474880826term50-1.jpg\" \/>\n\t<meta property=\"og:image:width\" content=\"156\" \/>\n\t<meta property=\"og:image:height\" content=\"281\" \/>\n\t<meta property=\"og:image:type\" content=\"image\/jpeg\" \/>\n<meta name=\"twitter:card\" content=\"summary_large_image\" \/>\n<meta name=\"twitter:label1\" content=\"Est. reading time\" \/>\n\t<meta name=\"twitter:data1\" content=\"3 minutes\" \/>\n<script type=\"application\/ld+json\" class=\"yoast-schema-graph\">{\"@context\":\"https:\/\/schema.org\",\"@graph\":[{\"@type\":\"WebPage\",\"@id\":\"https:\/\/btpmarket.ma\/?product=propam-term-50\",\"url\":\"https:\/\/btpmarket.ma\/?product=propam-term-50\",\"name\":\"PROPAM\u00ae TERM 50 - btpmarket\",\"isPartOf\":{\"@id\":\"https:\/\/btpmarket.ma\/#website\"},\"primaryImageOfPage\":{\"@id\":\"https:\/\/btpmarket.ma\/?product=propam-term-50#primaryimage\"},\"image\":{\"@id\":\"https:\/\/btpmarket.ma\/?product=propam-term-50#primaryimage\"},\"thumbnailUrl\":\"https:\/\/btpmarket.ma\/wp-content\/uploads\/2024\/05\/1474880826term50-1.jpg\",\"datePublished\":\"2024-05-30T19:10:12+00:00\",\"dateModified\":\"2024-05-31T13:19:57+00:00\",\"breadcrumb\":{\"@id\":\"https:\/\/btpmarket.ma\/?product=propam-term-50#breadcrumb\"},\"inLanguage\":\"en-US\",\"potentialAction\":[{\"@type\":\"ReadAction\",\"target\":[\"https:\/\/btpmarket.ma\/?product=propam-term-50\"]}]},{\"@type\":\"ImageObject\",\"inLanguage\":\"en-US\",\"@id\":\"https:\/\/btpmarket.ma\/?product=propam-term-50#primaryimage\",\"url\":\"https:\/\/btpmarket.ma\/wp-content\/uploads\/2024\/05\/1474880826term50-1.jpg\",\"contentUrl\":\"https:\/\/btpmarket.ma\/wp-content\/uploads\/2024\/05\/1474880826term50-1.jpg\",\"width\":156,\"height\":281},{\"@type\":\"BreadcrumbList\",\"@id\":\"https:\/\/btpmarket.ma\/?product=propam-term-50#breadcrumb\",\"itemListElement\":[{\"@type\":\"ListItem\",\"position\":1,\"name\":\"Accueil\",\"item\":\"https:\/\/btpmarket.ma\/\"},{\"@type\":\"ListItem\",\"position\":2,\"name\":\"Products\",\"item\":\"https:\/\/btpmarket.ma\/?post_type=product\"},{\"@type\":\"ListItem\",\"position\":3,\"name\":\"REV\u00caTEMENT DE FA\u00c7ADE\",\"item\":\"https:\/\/btpmarket.ma\/?product_cat=revetement-de-facade\"},{\"@type\":\"ListItem\",\"position\":4,\"name\":\"ISOLATION TH\u00c9RMIQUE EXT\u00c9RIEURE\",\"item\":\"https:\/\/btpmarket.ma\/?product_cat=isolation-thermique-exterieure\"},{\"@type\":\"ListItem\",\"position\":5,\"name\":\"PROPAM\u00ae TERM 50\"}]},{\"@type\":\"WebSite\",\"@id\":\"https:\/\/btpmarket.ma\/#website\",\"url\":\"https:\/\/btpmarket.ma\/\",\"name\":\"btpmarket\",\"description\":\"\",\"publisher\":{\"@id\":\"https:\/\/btpmarket.ma\/#organization\"},\"potentialAction\":[{\"@type\":\"SearchAction\",\"target\":{\"@type\":\"EntryPoint\",\"urlTemplate\":\"https:\/\/btpmarket.ma\/?s={search_term_string}\"},\"query-input\":\"required name=search_term_string\"}],\"inLanguage\":\"en-US\"},{\"@type\":\"Organization\",\"@id\":\"https:\/\/btpmarket.ma\/#organization\",\"name\":\"btpmarket\",\"url\":\"https:\/\/btpmarket.ma\/\",\"logo\":{\"@type\":\"ImageObject\",\"inLanguage\":\"en-US\",\"@id\":\"https:\/\/btpmarket.ma\/#\/schema\/logo\/image\/\",\"url\":\"https:\/\/btpmarket.ma\/wp-content\/uploads\/2024\/05\/Asset-1.png\",\"contentUrl\":\"https:\/\/btpmarket.ma\/wp-content\/uploads\/2024\/05\/Asset-1.png\",\"width\":1000,\"height\":411,\"caption\":\"btpmarket\"},\"image\":{\"@id\":\"https:\/\/btpmarket.ma\/#\/schema\/logo\/image\/\"}}]}<\/script>\n<!-- \/ Yoast SEO plugin. -->","yoast_head_json":{"title":"PROPAM\u00ae TERM 50 - btpmarket","robots":{"index":"index","follow":"follow","max-snippet":"max-snippet:-1","max-image-preview":"max-image-preview:large","max-video-preview":"max-video-preview:-1"},"canonical":"https:\/\/btpmarket.ma\/?product=propam-term-50","og_locale":"en_US","og_type":"article","og_title":"PROPAM\u00ae TERM 50 - btpmarket","og_description":"PROPAM TERM 50 est un mortier de tr\u00e8s faible densit\u00e9 qui joue le r\u00f4le d'isolant thermique continu. Formul\u00e9 \u00e0 base d'agglom\u00e9rants hydrauliques, granulats s\u00e9lectionn\u00e9s et additifs sp\u00e9cifiques. Pr\u00e9sentation sous forme de mortier mono-composant","og_url":"https:\/\/btpmarket.ma\/?product=propam-term-50","og_site_name":"btpmarket","article_modified_time":"2024-05-31T13:19:57+00:00","og_image":[{"width":156,"height":281,"url":"https:\/\/btpmarket.ma\/wp-content\/uploads\/2024\/05\/1474880826term50-1.jpg","type":"image\/jpeg"}],"twitter_card":"summary_large_image","twitter_misc":{"Est. reading time":"3 minutes"},"schema":{"@context":"https:\/\/schema.org","@graph":[{"@type":"WebPage","@id":"https:\/\/btpmarket.ma\/?product=propam-term-50","url":"https:\/\/btpmarket.ma\/?product=propam-term-50","name":"PROPAM\u00ae TERM 50 - btpmarket","isPartOf":{"@id":"https:\/\/btpmarket.ma\/#website"},"primaryImageOfPage":{"@id":"https:\/\/btpmarket.ma\/?product=propam-term-50#primaryimage"},"image":{"@id":"https:\/\/btpmarket.ma\/?product=propam-term-50#primaryimage"},"thumbnailUrl":"https:\/\/btpmarket.ma\/wp-content\/uploads\/2024\/05\/1474880826term50-1.jpg","datePublished":"2024-05-30T19:10:12+00:00","dateModified":"2024-05-31T13:19:57+00:00","breadcrumb":{"@id":"https:\/\/btpmarket.ma\/?product=propam-term-50#breadcrumb"},"inLanguage":"en-US","potentialAction":[{"@type":"ReadAction","target":["https:\/\/btpmarket.ma\/?product=propam-term-50"]}]},{"@type":"ImageObject","inLanguage":"en-US","@id":"https:\/\/btpmarket.ma\/?product=propam-term-50#primaryimage","url":"https:\/\/btpmarket.ma\/wp-content\/uploads\/2024\/05\/1474880826term50-1.jpg","contentUrl":"https:\/\/btpmarket.ma\/wp-content\/uploads\/2024\/05\/1474880826term50-1.jpg","width":156,"height":281},{"@type":"BreadcrumbList","@id":"https:\/\/btpmarket.ma\/?product=propam-term-50#breadcrumb","itemListElement":[{"@type":"ListItem","position":1,"name":"Accueil","item":"https:\/\/btpmarket.ma\/"},{"@type":"ListItem","position":2,"name":"Products","item":"https:\/\/btpmarket.ma\/?post_type=product"},{"@type":"ListItem","position":3,"name":"REV\u00caTEMENT DE FA\u00c7ADE","item":"https:\/\/btpmarket.ma\/?product_cat=revetement-de-facade"},{"@type":"ListItem","position":4,"name":"ISOLATION TH\u00c9RMIQUE EXT\u00c9RIEURE","item":"https:\/\/btpmarket.ma\/?product_cat=isolation-thermique-exterieure"},{"@type":"ListItem","position":5,"name":"PROPAM\u00ae TERM 50"}]},{"@type":"WebSite","@id":"https:\/\/btpmarket.ma\/#website","url":"https:\/\/btpmarket.ma\/","name":"btpmarket","description":"","publisher":{"@id":"https:\/\/btpmarket.ma\/#organization"},"potentialAction":[{"@type":"SearchAction","target":{"@type":"EntryPoint","urlTemplate":"https:\/\/btpmarket.ma\/?s={search_term_string}"},"query-input":"required name=search_term_string"}],"inLanguage":"en-US"},{"@type":"Organization","@id":"https:\/\/btpmarket.ma\/#organization","name":"btpmarket","url":"https:\/\/btpmarket.ma\/","logo":{"@type":"ImageObject","inLanguage":"en-US","@id":"https:\/\/btpmarket.ma\/#\/schema\/logo\/image\/","url":"https:\/\/btpmarket.ma\/wp-content\/uploads\/2024\/05\/Asset-1.png","contentUrl":"https:\/\/btpmarket.ma\/wp-content\/uploads\/2024\/05\/Asset-1.png","width":1000,"height":411,"caption":"btpmarket"},"image":{"@id":"https:\/\/btpmarket.ma\/#\/schema\/logo\/image\/"}}]}},"_links":{"self":[{"href":"https:\/\/btpmarket.ma\/index.php?rest_route=\/wp\/v2\/product\/5012"}],"collection":[{"href":"https:\/\/btpmarket.ma\/index.php?rest_route=\/wp\/v2\/product"}],"about":[{"href":"https:\/\/btpmarket.ma\/index.php?rest_route=\/wp\/v2\/types\/product"}],"replies":[{"embeddable":true,"href":"https:\/\/btpmarket.ma\/index.php?rest_route=%2Fwp%2Fv2%2Fcomments&post=5012"}],"wp:featuredmedia":[{"embeddable":true,"href":"https:\/\/btpmarket.ma\/index.php?rest_route=\/wp\/v2\/media\/5019"}],"wp:attachment":[{"href":"https:\/\/btpmarket.ma\/index.php?rest_route=%2Fwp%2Fv2%2Fmedia&parent=5012"}],"wp:term":[{"taxonomy":"product_cat","embeddable":true,"href":"https:\/\/btpmarket.ma\/index.php?rest_route=%2Fwp%2Fv2%2Fproduct_cat&post=5012"},{"taxonomy":"product_tag","embeddable":true,"href":"https:\/\/btpmarket.ma\/index.php?rest_route=%2Fwp%2Fv2%2Fproduct_tag&post=5012"}],"curies":[{"name":"wp","href":"https:\/\/api.w.org\/{rel}","templated":true}]}}