{"id":5013,"date":"2024-05-30T19:08:13","date_gmt":"2024-05-30T19:08:13","guid":{"rendered":"https:\/\/btpmarket.ma\/?post_type=product&#038;p=5013"},"modified":"2024-05-30T19:44:42","modified_gmt":"2024-05-30T19:44:42","slug":"revat-raspado","status":"publish","type":"product","link":"https:\/\/btpmarket.ma\/?product=revat-raspado","title":{"rendered":"REVAT RASPADO"},"content":{"rendered":"<p><strong>APPLICATIONS<\/strong><\/p>\n<p>&nbsp;<\/p>\n<p>Rev\u00eatement de fa\u00e7ades applicable directement sur les fermetures de l&#8217;ouvrage.<\/p>\n<p>Pour les supports de r\u00e9novation ou offrant un doute quant \u00e0 l&#8217;adh\u00e9rence, consultez notre service Technique.<\/p>\n<p>&nbsp;<\/p>\n<p><strong>PROPRI\u00c9T\u00c9S<\/strong><\/p>\n<p>Imperm\u00e9able \u00e0 l&#8217;eau de pluie. Perm\u00e9able \u00e0 la vapeur d&#8217;eau, pour \u00e9viter la condensation.<br \/>\nFinition tr\u00e8s d\u00e9corative. \u00c0 appliquer directement sur les fermetures.<\/p>\n<p>&nbsp;<\/p>\n<p><strong>MODE D&#8217;EMPLOI<\/strong><br \/>\n<strong>PR\u00c9PARATION DU M\u00c9LANGE :<\/strong><\/p>\n<p>1. M\u00e9langez le REVAT RASPADO avec 20% d&#8217;eau propre (6 litres d&#8217;eau par sac de 30 kg).<br \/>\n2. Malaxez manuellement ou m\u00e9caniquement jusqu&#8217;\u00e0 obtenir une p\u00e2te homog\u00e8ne, et lisse.<br \/>\n3. Pendant environ 5 minutes, laissez reposer le produit d\u00e9j\u00e0 malax\u00e9.<br \/>\n4. Utilisez toujours la m\u00eame proportion d&#8217;eau.<\/p>\n<p><strong>APPLICATION<\/strong><\/p>\n<p>1. \u00c9talez la p\u00e2te \u00e0 la truelle ou \u00e0 la machine \u00e0 projeter.<br \/>\n2. Pour les supports \u00e0 absorption tr\u00e8s diff\u00e9rente,<br \/>\nil convient d&#8217;appliquer une premi\u00e8re couche comme primaire.<br \/>\n3. \u00c9paisseur minimum 10 mm, indiqu\u00e9e par la grosseur des listels.<br \/>\n4. Apr\u00e8s avoir ajust\u00e9 l&#8217;enduit avec REVAT RASPADO, apr\u00e8s entre 2 et 5 heures (selon support et conditions ambiantes), il faut gratter la surface avec une taloche gratton.<br \/>\nLe meilleur moment du grattage est lorsqu&#8217;en grattant le mat\u00e9riau ne reste pas coll\u00e9 aux<br \/>\ndents de la taloche.<br \/>\n5. Il est important de r\u00e9aliser le grattage sur toute la surface en conditions similaires, pour \u00e9viter des changements de couleur.<br \/>\n6. Finalement, brossez apr\u00e8s trois jours.<\/p>\n","protected":false},"excerpt":{"rendered":"<p>REVAT RASPADO est un rev\u00eatement monocouche \u00e0 base de ciment, granulats s\u00e9lectionn\u00e9s et diff\u00e9rents additifs qui permettent une finition de protection et d\u00e9coration du b\u00e2timent.<\/p>\n","protected":false},"featured_media":5026,"comment_status":"open","ping_status":"closed","template":"","meta":{"_acf_changed":false},"product_cat":[319,24],"product_tag":[],"acf":[],"yoast_head":"<!-- This site is optimized with the Yoast SEO plugin v22.7 - https:\/\/yoast.com\/wordpress\/plugins\/seo\/ -->\n<title>REVAT RASPADO - btpmarket<\/title>\n<meta name=\"robots\" content=\"index, follow, max-snippet:-1, max-image-preview:large, max-video-preview:-1\" \/>\n<link rel=\"canonical\" href=\"https:\/\/btpmarket.ma\/?product=revat-raspado\" \/>\n<meta property=\"og:locale\" content=\"en_US\" \/>\n<meta property=\"og:type\" content=\"article\" \/>\n<meta property=\"og:title\" content=\"REVAT RASPADO - btpmarket\" \/>\n<meta property=\"og:description\" content=\"REVAT RASPADO est un rev\u00eatement monocouche \u00e0 base de ciment, granulats s\u00e9lectionn\u00e9s et diff\u00e9rents additifs qui permettent une finition de protection et d\u00e9coration du b\u00e2timent.\" \/>\n<meta property=\"og:url\" content=\"https:\/\/btpmarket.ma\/?product=revat-raspado\" \/>\n<meta property=\"og:site_name\" content=\"btpmarket\" \/>\n<meta property=\"article:modified_time\" content=\"2024-05-30T19:44:42+00:00\" \/>\n<meta property=\"og:image\" content=\"https:\/\/btpmarket.ma\/wp-content\/uploads\/2024\/05\/1473436470raspado-1.jpeg\" \/>\n\t<meta property=\"og:image:width\" content=\"149\" \/>\n\t<meta property=\"og:image:height\" content=\"194\" \/>\n\t<meta property=\"og:image:type\" content=\"image\/jpeg\" \/>\n<meta name=\"twitter:card\" content=\"summary_large_image\" \/>\n<meta name=\"twitter:label1\" content=\"Est. reading time\" \/>\n\t<meta name=\"twitter:data1\" content=\"1 minute\" \/>\n<script type=\"application\/ld+json\" class=\"yoast-schema-graph\">{\"@context\":\"https:\/\/schema.org\",\"@graph\":[{\"@type\":\"WebPage\",\"@id\":\"https:\/\/btpmarket.ma\/?product=revat-raspado\",\"url\":\"https:\/\/btpmarket.ma\/?product=revat-raspado\",\"name\":\"REVAT RASPADO - btpmarket\",\"isPartOf\":{\"@id\":\"https:\/\/btpmarket.ma\/#website\"},\"primaryImageOfPage\":{\"@id\":\"https:\/\/btpmarket.ma\/?product=revat-raspado#primaryimage\"},\"image\":{\"@id\":\"https:\/\/btpmarket.ma\/?product=revat-raspado#primaryimage\"},\"thumbnailUrl\":\"https:\/\/btpmarket.ma\/wp-content\/uploads\/2024\/05\/1473436470raspado-1.jpeg\",\"datePublished\":\"2024-05-30T19:08:13+00:00\",\"dateModified\":\"2024-05-30T19:44:42+00:00\",\"breadcrumb\":{\"@id\":\"https:\/\/btpmarket.ma\/?product=revat-raspado#breadcrumb\"},\"inLanguage\":\"en-US\",\"potentialAction\":[{\"@type\":\"ReadAction\",\"target\":[\"https:\/\/btpmarket.ma\/?product=revat-raspado\"]}]},{\"@type\":\"ImageObject\",\"inLanguage\":\"en-US\",\"@id\":\"https:\/\/btpmarket.ma\/?product=revat-raspado#primaryimage\",\"url\":\"https:\/\/btpmarket.ma\/wp-content\/uploads\/2024\/05\/1473436470raspado-1.jpeg\",\"contentUrl\":\"https:\/\/btpmarket.ma\/wp-content\/uploads\/2024\/05\/1473436470raspado-1.jpeg\",\"width\":149,\"height\":194},{\"@type\":\"BreadcrumbList\",\"@id\":\"https:\/\/btpmarket.ma\/?product=revat-raspado#breadcrumb\",\"itemListElement\":[{\"@type\":\"ListItem\",\"position\":1,\"name\":\"Accueil\",\"item\":\"https:\/\/btpmarket.ma\/\"},{\"@type\":\"ListItem\",\"position\":2,\"name\":\"Products\",\"item\":\"https:\/\/btpmarket.ma\/?post_type=product\"},{\"@type\":\"ListItem\",\"position\":3,\"name\":\"REV\u00caTEMENT DE FA\u00c7ADE\",\"item\":\"https:\/\/btpmarket.ma\/?product_cat=revetement-de-facade\"},{\"@type\":\"ListItem\",\"position\":4,\"name\":\"MORTIER MONOCOUCHE\",\"item\":\"https:\/\/btpmarket.ma\/?product_cat=mortier-monocouche\"},{\"@type\":\"ListItem\",\"position\":5,\"name\":\"REVAT RASPADO\"}]},{\"@type\":\"WebSite\",\"@id\":\"https:\/\/btpmarket.ma\/#website\",\"url\":\"https:\/\/btpmarket.ma\/\",\"name\":\"btpmarket\",\"description\":\"\",\"publisher\":{\"@id\":\"https:\/\/btpmarket.ma\/#organization\"},\"potentialAction\":[{\"@type\":\"SearchAction\",\"target\":{\"@type\":\"EntryPoint\",\"urlTemplate\":\"https:\/\/btpmarket.ma\/?s={search_term_string}\"},\"query-input\":\"required name=search_term_string\"}],\"inLanguage\":\"en-US\"},{\"@type\":\"Organization\",\"@id\":\"https:\/\/btpmarket.ma\/#organization\",\"name\":\"btpmarket\",\"url\":\"https:\/\/btpmarket.ma\/\",\"logo\":{\"@type\":\"ImageObject\",\"inLanguage\":\"en-US\",\"@id\":\"https:\/\/btpmarket.ma\/#\/schema\/logo\/image\/\",\"url\":\"https:\/\/btpmarket.ma\/wp-content\/uploads\/2024\/05\/Asset-1.png\",\"contentUrl\":\"https:\/\/btpmarket.ma\/wp-content\/uploads\/2024\/05\/Asset-1.png\",\"width\":1000,\"height\":411,\"caption\":\"btpmarket\"},\"image\":{\"@id\":\"https:\/\/btpmarket.ma\/#\/schema\/logo\/image\/\"}}]}<\/script>\n<!-- \/ Yoast SEO plugin. -->","yoast_head_json":{"title":"REVAT RASPADO - btpmarket","robots":{"index":"index","follow":"follow","max-snippet":"max-snippet:-1","max-image-preview":"max-image-preview:large","max-video-preview":"max-video-preview:-1"},"canonical":"https:\/\/btpmarket.ma\/?product=revat-raspado","og_locale":"en_US","og_type":"article","og_title":"REVAT RASPADO - btpmarket","og_description":"REVAT RASPADO est un rev\u00eatement monocouche \u00e0 base de ciment, granulats s\u00e9lectionn\u00e9s et diff\u00e9rents additifs qui permettent une finition de protection et d\u00e9coration du b\u00e2timent.","og_url":"https:\/\/btpmarket.ma\/?product=revat-raspado","og_site_name":"btpmarket","article_modified_time":"2024-05-30T19:44:42+00:00","og_image":[{"width":149,"height":194,"url":"https:\/\/btpmarket.ma\/wp-content\/uploads\/2024\/05\/1473436470raspado-1.jpeg","type":"image\/jpeg"}],"twitter_card":"summary_large_image","twitter_misc":{"Est. reading time":"1 minute"},"schema":{"@context":"https:\/\/schema.org","@graph":[{"@type":"WebPage","@id":"https:\/\/btpmarket.ma\/?product=revat-raspado","url":"https:\/\/btpmarket.ma\/?product=revat-raspado","name":"REVAT RASPADO - btpmarket","isPartOf":{"@id":"https:\/\/btpmarket.ma\/#website"},"primaryImageOfPage":{"@id":"https:\/\/btpmarket.ma\/?product=revat-raspado#primaryimage"},"image":{"@id":"https:\/\/btpmarket.ma\/?product=revat-raspado#primaryimage"},"thumbnailUrl":"https:\/\/btpmarket.ma\/wp-content\/uploads\/2024\/05\/1473436470raspado-1.jpeg","datePublished":"2024-05-30T19:08:13+00:00","dateModified":"2024-05-30T19:44:42+00:00","breadcrumb":{"@id":"https:\/\/btpmarket.ma\/?product=revat-raspado#breadcrumb"},"inLanguage":"en-US","potentialAction":[{"@type":"ReadAction","target":["https:\/\/btpmarket.ma\/?product=revat-raspado"]}]},{"@type":"ImageObject","inLanguage":"en-US","@id":"https:\/\/btpmarket.ma\/?product=revat-raspado#primaryimage","url":"https:\/\/btpmarket.ma\/wp-content\/uploads\/2024\/05\/1473436470raspado-1.jpeg","contentUrl":"https:\/\/btpmarket.ma\/wp-content\/uploads\/2024\/05\/1473436470raspado-1.jpeg","width":149,"height":194},{"@type":"BreadcrumbList","@id":"https:\/\/btpmarket.ma\/?product=revat-raspado#breadcrumb","itemListElement":[{"@type":"ListItem","position":1,"name":"Accueil","item":"https:\/\/btpmarket.ma\/"},{"@type":"ListItem","position":2,"name":"Products","item":"https:\/\/btpmarket.ma\/?post_type=product"},{"@type":"ListItem","position":3,"name":"REV\u00caTEMENT DE FA\u00c7ADE","item":"https:\/\/btpmarket.ma\/?product_cat=revetement-de-facade"},{"@type":"ListItem","position":4,"name":"MORTIER MONOCOUCHE","item":"https:\/\/btpmarket.ma\/?product_cat=mortier-monocouche"},{"@type":"ListItem","position":5,"name":"REVAT RASPADO"}]},{"@type":"WebSite","@id":"https:\/\/btpmarket.ma\/#website","url":"https:\/\/btpmarket.ma\/","name":"btpmarket","description":"","publisher":{"@id":"https:\/\/btpmarket.ma\/#organization"},"potentialAction":[{"@type":"SearchAction","target":{"@type":"EntryPoint","urlTemplate":"https:\/\/btpmarket.ma\/?s={search_term_string}"},"query-input":"required name=search_term_string"}],"inLanguage":"en-US"},{"@type":"Organization","@id":"https:\/\/btpmarket.ma\/#organization","name":"btpmarket","url":"https:\/\/btpmarket.ma\/","logo":{"@type":"ImageObject","inLanguage":"en-US","@id":"https:\/\/btpmarket.ma\/#\/schema\/logo\/image\/","url":"https:\/\/btpmarket.ma\/wp-content\/uploads\/2024\/05\/Asset-1.png","contentUrl":"https:\/\/btpmarket.ma\/wp-content\/uploads\/2024\/05\/Asset-1.png","width":1000,"height":411,"caption":"btpmarket"},"image":{"@id":"https:\/\/btpmarket.ma\/#\/schema\/logo\/image\/"}}]}},"_links":{"self":[{"href":"https:\/\/btpmarket.ma\/index.php?rest_route=\/wp\/v2\/product\/5013"}],"collection":[{"href":"https:\/\/btpmarket.ma\/index.php?rest_route=\/wp\/v2\/product"}],"about":[{"href":"https:\/\/btpmarket.ma\/index.php?rest_route=\/wp\/v2\/types\/product"}],"replies":[{"embeddable":true,"href":"https:\/\/btpmarket.ma\/index.php?rest_route=%2Fwp%2Fv2%2Fcomments&post=5013"}],"wp:featuredmedia":[{"embeddable":true,"href":"https:\/\/btpmarket.ma\/index.php?rest_route=\/wp\/v2\/media\/5026"}],"wp:attachment":[{"href":"https:\/\/btpmarket.ma\/index.php?rest_route=%2Fwp%2Fv2%2Fmedia&parent=5013"}],"wp:term":[{"taxonomy":"product_cat","embeddable":true,"href":"https:\/\/btpmarket.ma\/index.php?rest_route=%2Fwp%2Fv2%2Fproduct_cat&post=5013"},{"taxonomy":"product_tag","embeddable":true,"href":"https:\/\/btpmarket.ma\/index.php?rest_route=%2Fwp%2Fv2%2Fproduct_tag&post=5013"}],"curies":[{"name":"wp","href":"https:\/\/api.w.org\/{rel}","templated":true}]}}