{"id":5014,"date":"2024-05-30T19:06:43","date_gmt":"2024-05-30T19:06:43","guid":{"rendered":"https:\/\/btpmarket.ma\/?post_type=product&#038;p=5014"},"modified":"2024-05-30T19:06:44","modified_gmt":"2024-05-30T19:06:44","slug":"bardeaux-favemanc","status":"publish","type":"product","link":"https:\/\/btpmarket.ma\/?product=bardeaux-favemanc","title":{"rendered":"BARDEAUX FAVEMANC"},"content":{"rendered":"<h1>Syst\u00e8mes de fa\u00e7ade ventil\u00e9e<\/h1>\n<h2>Un climat int\u00e9rieur confortable dans la fa\u00e7ade ventil\u00e9e<\/h2>\n<p>Les panneaux\u00a0FAVEMANC sont essentiellement utilis\u00e9s dans les fa\u00e7ades ventil\u00e9es comme parement pare-pluie. Les gestionnaires d\u2019immeubles et les architectes demandent de plus en plus ces fa\u00e7ades d\u00e9coratives dans des constructions ventil\u00e9es, afin d\u2019en am\u00e9liorer les performances thermiques, l\u2019esth\u00e9tique et l\u2019\u00e9tanch\u00e9it\u00e9, et afin de cr\u00e9er \u00e0 l\u2019int\u00e9rieur des ambiances de s\u00e9jour et de travail saines. De surcro\u00eet, la rapidit\u00e9 d\u2019installation des produits FAVEMANC et la facilit\u00e9 de leur entretien abaissent le co\u00fbt total de l\u2019enveloppe d\u2019un b\u00e2timent.<\/p>\n<p>Un syst\u00e8me ventil\u00e9, constitu\u00e9 d\u2019une structure portante et d\u2019un\u00a0<a href=\"http:\/\/www.rockpanel.fr\/applications\/revetement+de+facade\">rev\u00eatement de fa\u00e7ade<\/a>\u00a0(int\u00e9rieur et ext\u00e9rieur) s\u00e9par\u00e9s par un espace pour l\u2019isolation et la ventilation, pr\u00e9sente de nombreux avantages :<\/p>\n<table>\n<tbody>\n<tr>\n<td>\n<ul>\n<li>un climat int\u00e9rieur confortable, tant en hiver qu\u2019en \u00e9t\u00e9 ;<\/li>\n<li>une r\u00e9gulation optimale de l\u2019humidit\u00e9, avec une p\u00e9n\u00e9tration minimale de l\u2019eau de pluie et une \u00e9limination de l\u2019humidit\u00e9 condens\u00e9e gr\u00e2ce \u00e0 la ventilation ;<\/li>\n<li>une grande facilit\u00e9 d\u2019adaptation aux normes actuelles (et futures) en mati\u00e8re d\u2019\u00e9nergie ;<\/li>\n<li>un haut degr\u00e9 de flexibilit\u00e9 en ce qui concerne les possibilit\u00e9s de formes, de formats et de coloris ;<\/li>\n<li>une excellente combinaison avec d\u2019autres mat\u00e9riaux.<\/li>\n<\/ul>\n<p>L\u2019utilisation des produits FAVEMANC dans une construction ventil\u00e9e offre encore d\u2019autres avantages. Ainsi, les panneaux FAVEMANC :<\/td>\n<td><img decoding=\"async\" src=\"http:\/\/www.rockpanel.fr\/files\/RP%20Files\/Images\/Toepassingen\/Rockpanel_Isleworth_gevel.jpg\" alt=\"\" \/><\/td>\n<\/tr>\n<\/tbody>\n<\/table>\n<ul>\n<li>sont robustes comme la pierre et r\u00e9sistent par cons\u00e9quent \u00e0 l\u2019humidit\u00e9 et aux intemp\u00e9ries ;<\/li>\n<li>se travaillent comme le bois (les d\u00e9tails peuvent \u00eatre ais\u00e9ment r\u00e9alis\u00e9s sur le lieu de construction) ;<\/li>\n<li>sont d\u00e9pourvus de sens de pose (motif r\u00e9p\u00e9titif), d\u2019o\u00f9 une installation plus rapide ;<\/li>\n<li>se cintrent et se tordent facilement, d\u2019o\u00f9 une grande libert\u00e9 d\u2019utilisation ;<\/li>\n<li>sont ignifuges, \u00e9cologiques et recyclables \u00e0 100 % ;<\/li>\n<li>ne n\u00e9cessitent que peu d\u2019entretien, les panneaux conservant leur fra\u00eecheur et leur allure d\u2019origine ;<\/li>\n<li>sont ind\u00e9formables ;<\/li>\n<li>sont \u00e9conomiques, le pr\u00e9 per\u00e7age n\u2019\u00e9tant souvent pas n\u00e9cessaire.<\/li>\n<\/ul>\n","protected":false},"excerpt":{"rendered":"<p>BADREAUX FAVEMANC Fa\u00e7ade ventill\u00e9 \u00e0 dimension 59,7*30 de FAVEMANC import\u00e9 depuis Espagne<\/p>\n","protected":false},"featured_media":5015,"comment_status":"open","ping_status":"closed","template":"","meta":{"_acf_changed":false},"product_cat":[318,24],"product_tag":[],"acf":[],"yoast_head":"<!-- This site is optimized with the Yoast SEO plugin v22.7 - https:\/\/yoast.com\/wordpress\/plugins\/seo\/ -->\n<title>BARDEAUX FAVEMANC - btpmarket<\/title>\n<meta name=\"robots\" content=\"index, follow, max-snippet:-1, max-image-preview:large, max-video-preview:-1\" \/>\n<link rel=\"canonical\" href=\"https:\/\/btpmarket.ma\/?product=bardeaux-favemanc\" \/>\n<meta property=\"og:locale\" content=\"en_US\" \/>\n<meta property=\"og:type\" content=\"article\" \/>\n<meta property=\"og:title\" content=\"BARDEAUX FAVEMANC - btpmarket\" \/>\n<meta property=\"og:description\" content=\"BADREAUX FAVEMANC Fa\u00e7ade ventill\u00e9 \u00e0 dimension 59,7*30 de FAVEMANC import\u00e9 depuis Espagne\" \/>\n<meta property=\"og:url\" content=\"https:\/\/btpmarket.ma\/?product=bardeaux-favemanc\" \/>\n<meta property=\"og:site_name\" content=\"btpmarket\" \/>\n<meta property=\"article:modified_time\" content=\"2024-05-30T19:06:44+00:00\" \/>\n<meta property=\"og:image\" content=\"https:\/\/btpmarket.ma\/wp-content\/uploads\/2024\/05\/1436802006panneau-facade-ventilee-63563-4798669.jpg\" \/>\n\t<meta property=\"og:image:width\" content=\"300\" \/>\n\t<meta property=\"og:image:height\" content=\"284\" \/>\n\t<meta property=\"og:image:type\" content=\"image\/jpeg\" \/>\n<meta name=\"twitter:card\" content=\"summary_large_image\" \/>\n<meta name=\"twitter:label1\" content=\"Est. reading time\" \/>\n\t<meta name=\"twitter:data1\" content=\"2 minutes\" \/>\n<script type=\"application\/ld+json\" class=\"yoast-schema-graph\">{\"@context\":\"https:\/\/schema.org\",\"@graph\":[{\"@type\":\"WebPage\",\"@id\":\"https:\/\/btpmarket.ma\/?product=bardeaux-favemanc\",\"url\":\"https:\/\/btpmarket.ma\/?product=bardeaux-favemanc\",\"name\":\"BARDEAUX FAVEMANC - btpmarket\",\"isPartOf\":{\"@id\":\"https:\/\/btpmarket.ma\/#website\"},\"primaryImageOfPage\":{\"@id\":\"https:\/\/btpmarket.ma\/?product=bardeaux-favemanc#primaryimage\"},\"image\":{\"@id\":\"https:\/\/btpmarket.ma\/?product=bardeaux-favemanc#primaryimage\"},\"thumbnailUrl\":\"https:\/\/btpmarket.ma\/wp-content\/uploads\/2024\/05\/1436802006panneau-facade-ventilee-63563-4798669.jpg\",\"datePublished\":\"2024-05-30T19:06:43+00:00\",\"dateModified\":\"2024-05-30T19:06:44+00:00\",\"breadcrumb\":{\"@id\":\"https:\/\/btpmarket.ma\/?product=bardeaux-favemanc#breadcrumb\"},\"inLanguage\":\"en-US\",\"potentialAction\":[{\"@type\":\"ReadAction\",\"target\":[\"https:\/\/btpmarket.ma\/?product=bardeaux-favemanc\"]}]},{\"@type\":\"ImageObject\",\"inLanguage\":\"en-US\",\"@id\":\"https:\/\/btpmarket.ma\/?product=bardeaux-favemanc#primaryimage\",\"url\":\"https:\/\/btpmarket.ma\/wp-content\/uploads\/2024\/05\/1436802006panneau-facade-ventilee-63563-4798669.jpg\",\"contentUrl\":\"https:\/\/btpmarket.ma\/wp-content\/uploads\/2024\/05\/1436802006panneau-facade-ventilee-63563-4798669.jpg\",\"width\":300,\"height\":284},{\"@type\":\"BreadcrumbList\",\"@id\":\"https:\/\/btpmarket.ma\/?product=bardeaux-favemanc#breadcrumb\",\"itemListElement\":[{\"@type\":\"ListItem\",\"position\":1,\"name\":\"Accueil\",\"item\":\"https:\/\/btpmarket.ma\/\"},{\"@type\":\"ListItem\",\"position\":2,\"name\":\"Products\",\"item\":\"https:\/\/btpmarket.ma\/?post_type=product\"},{\"@type\":\"ListItem\",\"position\":3,\"name\":\"REV\u00caTEMENT DE FA\u00c7ADE\",\"item\":\"https:\/\/btpmarket.ma\/?product_cat=revetement-de-facade\"},{\"@type\":\"ListItem\",\"position\":4,\"name\":\"FA\u00c7ADE VENTILL\u00c9E\",\"item\":\"https:\/\/btpmarket.ma\/?product_cat=facade-ventillee\"},{\"@type\":\"ListItem\",\"position\":5,\"name\":\"BARDEAUX FAVEMANC\"}]},{\"@type\":\"WebSite\",\"@id\":\"https:\/\/btpmarket.ma\/#website\",\"url\":\"https:\/\/btpmarket.ma\/\",\"name\":\"btpmarket\",\"description\":\"\",\"publisher\":{\"@id\":\"https:\/\/btpmarket.ma\/#organization\"},\"potentialAction\":[{\"@type\":\"SearchAction\",\"target\":{\"@type\":\"EntryPoint\",\"urlTemplate\":\"https:\/\/btpmarket.ma\/?s={search_term_string}\"},\"query-input\":\"required name=search_term_string\"}],\"inLanguage\":\"en-US\"},{\"@type\":\"Organization\",\"@id\":\"https:\/\/btpmarket.ma\/#organization\",\"name\":\"btpmarket\",\"url\":\"https:\/\/btpmarket.ma\/\",\"logo\":{\"@type\":\"ImageObject\",\"inLanguage\":\"en-US\",\"@id\":\"https:\/\/btpmarket.ma\/#\/schema\/logo\/image\/\",\"url\":\"https:\/\/btpmarket.ma\/wp-content\/uploads\/2024\/05\/Asset-1.png\",\"contentUrl\":\"https:\/\/btpmarket.ma\/wp-content\/uploads\/2024\/05\/Asset-1.png\",\"width\":1000,\"height\":411,\"caption\":\"btpmarket\"},\"image\":{\"@id\":\"https:\/\/btpmarket.ma\/#\/schema\/logo\/image\/\"}}]}<\/script>\n<!-- \/ Yoast SEO plugin. -->","yoast_head_json":{"title":"BARDEAUX FAVEMANC - btpmarket","robots":{"index":"index","follow":"follow","max-snippet":"max-snippet:-1","max-image-preview":"max-image-preview:large","max-video-preview":"max-video-preview:-1"},"canonical":"https:\/\/btpmarket.ma\/?product=bardeaux-favemanc","og_locale":"en_US","og_type":"article","og_title":"BARDEAUX FAVEMANC - btpmarket","og_description":"BADREAUX FAVEMANC Fa\u00e7ade ventill\u00e9 \u00e0 dimension 59,7*30 de FAVEMANC import\u00e9 depuis Espagne","og_url":"https:\/\/btpmarket.ma\/?product=bardeaux-favemanc","og_site_name":"btpmarket","article_modified_time":"2024-05-30T19:06:44+00:00","og_image":[{"width":300,"height":284,"url":"https:\/\/btpmarket.ma\/wp-content\/uploads\/2024\/05\/1436802006panneau-facade-ventilee-63563-4798669.jpg","type":"image\/jpeg"}],"twitter_card":"summary_large_image","twitter_misc":{"Est. reading time":"2 minutes"},"schema":{"@context":"https:\/\/schema.org","@graph":[{"@type":"WebPage","@id":"https:\/\/btpmarket.ma\/?product=bardeaux-favemanc","url":"https:\/\/btpmarket.ma\/?product=bardeaux-favemanc","name":"BARDEAUX FAVEMANC - btpmarket","isPartOf":{"@id":"https:\/\/btpmarket.ma\/#website"},"primaryImageOfPage":{"@id":"https:\/\/btpmarket.ma\/?product=bardeaux-favemanc#primaryimage"},"image":{"@id":"https:\/\/btpmarket.ma\/?product=bardeaux-favemanc#primaryimage"},"thumbnailUrl":"https:\/\/btpmarket.ma\/wp-content\/uploads\/2024\/05\/1436802006panneau-facade-ventilee-63563-4798669.jpg","datePublished":"2024-05-30T19:06:43+00:00","dateModified":"2024-05-30T19:06:44+00:00","breadcrumb":{"@id":"https:\/\/btpmarket.ma\/?product=bardeaux-favemanc#breadcrumb"},"inLanguage":"en-US","potentialAction":[{"@type":"ReadAction","target":["https:\/\/btpmarket.ma\/?product=bardeaux-favemanc"]}]},{"@type":"ImageObject","inLanguage":"en-US","@id":"https:\/\/btpmarket.ma\/?product=bardeaux-favemanc#primaryimage","url":"https:\/\/btpmarket.ma\/wp-content\/uploads\/2024\/05\/1436802006panneau-facade-ventilee-63563-4798669.jpg","contentUrl":"https:\/\/btpmarket.ma\/wp-content\/uploads\/2024\/05\/1436802006panneau-facade-ventilee-63563-4798669.jpg","width":300,"height":284},{"@type":"BreadcrumbList","@id":"https:\/\/btpmarket.ma\/?product=bardeaux-favemanc#breadcrumb","itemListElement":[{"@type":"ListItem","position":1,"name":"Accueil","item":"https:\/\/btpmarket.ma\/"},{"@type":"ListItem","position":2,"name":"Products","item":"https:\/\/btpmarket.ma\/?post_type=product"},{"@type":"ListItem","position":3,"name":"REV\u00caTEMENT DE FA\u00c7ADE","item":"https:\/\/btpmarket.ma\/?product_cat=revetement-de-facade"},{"@type":"ListItem","position":4,"name":"FA\u00c7ADE VENTILL\u00c9E","item":"https:\/\/btpmarket.ma\/?product_cat=facade-ventillee"},{"@type":"ListItem","position":5,"name":"BARDEAUX FAVEMANC"}]},{"@type":"WebSite","@id":"https:\/\/btpmarket.ma\/#website","url":"https:\/\/btpmarket.ma\/","name":"btpmarket","description":"","publisher":{"@id":"https:\/\/btpmarket.ma\/#organization"},"potentialAction":[{"@type":"SearchAction","target":{"@type":"EntryPoint","urlTemplate":"https:\/\/btpmarket.ma\/?s={search_term_string}"},"query-input":"required name=search_term_string"}],"inLanguage":"en-US"},{"@type":"Organization","@id":"https:\/\/btpmarket.ma\/#organization","name":"btpmarket","url":"https:\/\/btpmarket.ma\/","logo":{"@type":"ImageObject","inLanguage":"en-US","@id":"https:\/\/btpmarket.ma\/#\/schema\/logo\/image\/","url":"https:\/\/btpmarket.ma\/wp-content\/uploads\/2024\/05\/Asset-1.png","contentUrl":"https:\/\/btpmarket.ma\/wp-content\/uploads\/2024\/05\/Asset-1.png","width":1000,"height":411,"caption":"btpmarket"},"image":{"@id":"https:\/\/btpmarket.ma\/#\/schema\/logo\/image\/"}}]}},"_links":{"self":[{"href":"https:\/\/btpmarket.ma\/index.php?rest_route=\/wp\/v2\/product\/5014"}],"collection":[{"href":"https:\/\/btpmarket.ma\/index.php?rest_route=\/wp\/v2\/product"}],"about":[{"href":"https:\/\/btpmarket.ma\/index.php?rest_route=\/wp\/v2\/types\/product"}],"replies":[{"embeddable":true,"href":"https:\/\/btpmarket.ma\/index.php?rest_route=%2Fwp%2Fv2%2Fcomments&post=5014"}],"wp:featuredmedia":[{"embeddable":true,"href":"https:\/\/btpmarket.ma\/index.php?rest_route=\/wp\/v2\/media\/5015"}],"wp:attachment":[{"href":"https:\/\/btpmarket.ma\/index.php?rest_route=%2Fwp%2Fv2%2Fmedia&parent=5014"}],"wp:term":[{"taxonomy":"product_cat","embeddable":true,"href":"https:\/\/btpmarket.ma\/index.php?rest_route=%2Fwp%2Fv2%2Fproduct_cat&post=5014"},{"taxonomy":"product_tag","embeddable":true,"href":"https:\/\/btpmarket.ma\/index.php?rest_route=%2Fwp%2Fv2%2Fproduct_tag&post=5014"}],"curies":[{"name":"wp","href":"https:\/\/api.w.org\/{rel}","templated":true}]}}