{"id":5018,"date":"2024-05-30T19:11:24","date_gmt":"2024-05-30T19:11:24","guid":{"rendered":"https:\/\/btpmarket.ma\/?post_type=product&#038;p=5018"},"modified":"2024-05-30T19:12:06","modified_gmt":"2024-05-30T19:12:06","slug":"propam-aisterm","status":"publish","type":"product","link":"https:\/\/btpmarket.ma\/?product=propam-aisterm","title":{"rendered":"PROPAM\u00ae AISTERM"},"content":{"rendered":"<p><strong>APPLICATION:<\/strong><\/p>\n<p>Pose de panneaux en polystyr\u00e8ne expans\u00e9, directement sur le mur avec l&#8217;avantage de l&#8217;utiliser comme couche de recouvrement de la plaque en lui apportant r\u00e9sistance superficielle. Le produit est utilis\u00e9 comme colle et durcisseur de plaques isolantes thermiques d&#8217;un syst\u00e8me d&#8217;isolation thermique par l&#8217;ext\u00e9rieur. Il peut \u00e9galement \u00eatre utilis\u00e9 comme durcisseur superficiel pour auvents, mansardes, etc, construits en b\u00e9ton, et entrevous ou caissons en polystyr\u00e8ne expans\u00e9, respectant les instructions g\u00e9n\u00e9rales d&#8217;application du produit.<\/p>\n<p>&nbsp;<\/p>\n<p><strong>PROPRI\u00c9T\u00c9S:<\/strong><\/p>\n<p>Grande adh\u00e9rence pour supporter les panneaux de polystyr\u00e8ne et sur un grand choix de surfaces en b\u00e9ton et ma\u00e7onnerie. Imperm\u00e9able \u00e0 l&#8217;eau et perm\u00e9able \u00e0 la vapeur d&#8217;eau, ce qui \u00e9vite d&#8217;\u00e9ventuelles condensations. Facilit\u00e9 de mise en oeuvre. Le r\u00e9sultat est une p\u00e2te tr\u00e8s thixotropique permettant d&#8217;obtenir des couches de 2 mm. Grande r\u00e9sistance \u00e0 l&#8217;impact.<\/p>\n<p>&nbsp;<\/p>\n<p><strong>MODE D&#8217;EMPLOI:<\/strong><\/p>\n<p>1.Il faut malaxer le produit avec 19% d&#8217;eau propre, jusqu&#8217;\u00e0 obtenir une p\u00e2te homog\u00e8ne. Pour adh\u00e9rer aux plaques de polystyr\u00e8ne, il faut y appliquer la p\u00e2te au centre en bandes p\u00e9riph\u00e9riques et plots de ~8 cm. Il faut utiliser des chevilles de fixation.<\/p>\n<p>2. L&#8217;\u00e9paisseur d&#8217;application d\u00e9pend de l&#8217;\u00e9tat du support. Si le support est en mauvais \u00e9tat, il faut l&#8217;assainir en grattant et en r\u00e9parant les parties ab\u00eem\u00e9es. Les fissures stables sup\u00e9rieures \u00e0 1 mm doivent \u00eatre scell\u00e9es au mastic. En cas de fissures instables, elles doivent \u00eatre point\u00e9es pour \u00e9viter la transmission<\/p>\n","protected":false},"excerpt":{"rendered":"<p>PROPAM AISTERM est un mortier hydraulique joue le r\u00f4le de recouvrement adh\u00e9sif imperm\u00e9abilisant, formul\u00e9 a base de ciment, granulats s\u00e9lectionn\u00e9s, additifs sp\u00e9cifiques et r\u00e9sines imperm\u00e9abilisantes.<\/p>\n","protected":false},"featured_media":5020,"comment_status":"open","ping_status":"closed","template":"","meta":{"_acf_changed":false},"product_cat":[320,24],"product_tag":[],"acf":[],"yoast_head":"<!-- This site is optimized with the Yoast SEO plugin v22.7 - https:\/\/yoast.com\/wordpress\/plugins\/seo\/ -->\n<title>PROPAM\u00ae AISTERM - btpmarket<\/title>\n<meta name=\"robots\" content=\"index, follow, max-snippet:-1, max-image-preview:large, max-video-preview:-1\" \/>\n<link rel=\"canonical\" href=\"https:\/\/btpmarket.ma\/?product=propam-aisterm\" \/>\n<meta property=\"og:locale\" content=\"en_US\" \/>\n<meta property=\"og:type\" content=\"article\" \/>\n<meta property=\"og:title\" content=\"PROPAM\u00ae AISTERM - btpmarket\" \/>\n<meta property=\"og:description\" content=\"PROPAM AISTERM est un mortier hydraulique joue le r\u00f4le de recouvrement adh\u00e9sif imperm\u00e9abilisant, formul\u00e9 a base de ciment, granulats s\u00e9lectionn\u00e9s, additifs sp\u00e9cifiques et r\u00e9sines imperm\u00e9abilisantes.\" \/>\n<meta property=\"og:url\" content=\"https:\/\/btpmarket.ma\/?product=propam-aisterm\" \/>\n<meta property=\"og:site_name\" content=\"btpmarket\" \/>\n<meta property=\"article:modified_time\" content=\"2024-05-30T19:12:06+00:00\" \/>\n<meta property=\"og:image\" content=\"https:\/\/btpmarket.ma\/wp-content\/uploads\/2024\/05\/1474881117aisterm.jpg\" \/>\n\t<meta property=\"og:image:width\" content=\"154\" \/>\n\t<meta property=\"og:image:height\" content=\"258\" \/>\n\t<meta property=\"og:image:type\" content=\"image\/jpeg\" \/>\n<meta name=\"twitter:card\" content=\"summary_large_image\" \/>\n<meta name=\"twitter:label1\" content=\"Est. reading time\" \/>\n\t<meta name=\"twitter:data1\" content=\"1 minute\" \/>\n<script type=\"application\/ld+json\" class=\"yoast-schema-graph\">{\"@context\":\"https:\/\/schema.org\",\"@graph\":[{\"@type\":\"WebPage\",\"@id\":\"https:\/\/btpmarket.ma\/?product=propam-aisterm\",\"url\":\"https:\/\/btpmarket.ma\/?product=propam-aisterm\",\"name\":\"PROPAM\u00ae AISTERM - btpmarket\",\"isPartOf\":{\"@id\":\"https:\/\/btpmarket.ma\/#website\"},\"primaryImageOfPage\":{\"@id\":\"https:\/\/btpmarket.ma\/?product=propam-aisterm#primaryimage\"},\"image\":{\"@id\":\"https:\/\/btpmarket.ma\/?product=propam-aisterm#primaryimage\"},\"thumbnailUrl\":\"https:\/\/btpmarket.ma\/wp-content\/uploads\/2024\/05\/1474881117aisterm.jpg\",\"datePublished\":\"2024-05-30T19:11:24+00:00\",\"dateModified\":\"2024-05-30T19:12:06+00:00\",\"breadcrumb\":{\"@id\":\"https:\/\/btpmarket.ma\/?product=propam-aisterm#breadcrumb\"},\"inLanguage\":\"en-US\",\"potentialAction\":[{\"@type\":\"ReadAction\",\"target\":[\"https:\/\/btpmarket.ma\/?product=propam-aisterm\"]}]},{\"@type\":\"ImageObject\",\"inLanguage\":\"en-US\",\"@id\":\"https:\/\/btpmarket.ma\/?product=propam-aisterm#primaryimage\",\"url\":\"https:\/\/btpmarket.ma\/wp-content\/uploads\/2024\/05\/1474881117aisterm.jpg\",\"contentUrl\":\"https:\/\/btpmarket.ma\/wp-content\/uploads\/2024\/05\/1474881117aisterm.jpg\",\"width\":154,\"height\":258},{\"@type\":\"BreadcrumbList\",\"@id\":\"https:\/\/btpmarket.ma\/?product=propam-aisterm#breadcrumb\",\"itemListElement\":[{\"@type\":\"ListItem\",\"position\":1,\"name\":\"Accueil\",\"item\":\"https:\/\/btpmarket.ma\/\"},{\"@type\":\"ListItem\",\"position\":2,\"name\":\"Products\",\"item\":\"https:\/\/btpmarket.ma\/?post_type=product\"},{\"@type\":\"ListItem\",\"position\":3,\"name\":\"REV\u00caTEMENT DE FA\u00c7ADE\",\"item\":\"https:\/\/btpmarket.ma\/?product_cat=revetement-de-facade\"},{\"@type\":\"ListItem\",\"position\":4,\"name\":\"ISOLATION TH\u00c9RMIQUE EXT\u00c9RIEURE\",\"item\":\"https:\/\/btpmarket.ma\/?product_cat=isolation-thermique-exterieure\"},{\"@type\":\"ListItem\",\"position\":5,\"name\":\"PROPAM\u00ae AISTERM\"}]},{\"@type\":\"WebSite\",\"@id\":\"https:\/\/btpmarket.ma\/#website\",\"url\":\"https:\/\/btpmarket.ma\/\",\"name\":\"btpmarket\",\"description\":\"\",\"publisher\":{\"@id\":\"https:\/\/btpmarket.ma\/#organization\"},\"potentialAction\":[{\"@type\":\"SearchAction\",\"target\":{\"@type\":\"EntryPoint\",\"urlTemplate\":\"https:\/\/btpmarket.ma\/?s={search_term_string}\"},\"query-input\":\"required name=search_term_string\"}],\"inLanguage\":\"en-US\"},{\"@type\":\"Organization\",\"@id\":\"https:\/\/btpmarket.ma\/#organization\",\"name\":\"btpmarket\",\"url\":\"https:\/\/btpmarket.ma\/\",\"logo\":{\"@type\":\"ImageObject\",\"inLanguage\":\"en-US\",\"@id\":\"https:\/\/btpmarket.ma\/#\/schema\/logo\/image\/\",\"url\":\"https:\/\/btpmarket.ma\/wp-content\/uploads\/2024\/05\/Asset-1.png\",\"contentUrl\":\"https:\/\/btpmarket.ma\/wp-content\/uploads\/2024\/05\/Asset-1.png\",\"width\":1000,\"height\":411,\"caption\":\"btpmarket\"},\"image\":{\"@id\":\"https:\/\/btpmarket.ma\/#\/schema\/logo\/image\/\"}}]}<\/script>\n<!-- \/ Yoast SEO plugin. -->","yoast_head_json":{"title":"PROPAM\u00ae AISTERM - btpmarket","robots":{"index":"index","follow":"follow","max-snippet":"max-snippet:-1","max-image-preview":"max-image-preview:large","max-video-preview":"max-video-preview:-1"},"canonical":"https:\/\/btpmarket.ma\/?product=propam-aisterm","og_locale":"en_US","og_type":"article","og_title":"PROPAM\u00ae AISTERM - btpmarket","og_description":"PROPAM AISTERM est un mortier hydraulique joue le r\u00f4le de recouvrement adh\u00e9sif imperm\u00e9abilisant, formul\u00e9 a base de ciment, granulats s\u00e9lectionn\u00e9s, additifs sp\u00e9cifiques et r\u00e9sines imperm\u00e9abilisantes.","og_url":"https:\/\/btpmarket.ma\/?product=propam-aisterm","og_site_name":"btpmarket","article_modified_time":"2024-05-30T19:12:06+00:00","og_image":[{"width":154,"height":258,"url":"https:\/\/btpmarket.ma\/wp-content\/uploads\/2024\/05\/1474881117aisterm.jpg","type":"image\/jpeg"}],"twitter_card":"summary_large_image","twitter_misc":{"Est. reading time":"1 minute"},"schema":{"@context":"https:\/\/schema.org","@graph":[{"@type":"WebPage","@id":"https:\/\/btpmarket.ma\/?product=propam-aisterm","url":"https:\/\/btpmarket.ma\/?product=propam-aisterm","name":"PROPAM\u00ae AISTERM - btpmarket","isPartOf":{"@id":"https:\/\/btpmarket.ma\/#website"},"primaryImageOfPage":{"@id":"https:\/\/btpmarket.ma\/?product=propam-aisterm#primaryimage"},"image":{"@id":"https:\/\/btpmarket.ma\/?product=propam-aisterm#primaryimage"},"thumbnailUrl":"https:\/\/btpmarket.ma\/wp-content\/uploads\/2024\/05\/1474881117aisterm.jpg","datePublished":"2024-05-30T19:11:24+00:00","dateModified":"2024-05-30T19:12:06+00:00","breadcrumb":{"@id":"https:\/\/btpmarket.ma\/?product=propam-aisterm#breadcrumb"},"inLanguage":"en-US","potentialAction":[{"@type":"ReadAction","target":["https:\/\/btpmarket.ma\/?product=propam-aisterm"]}]},{"@type":"ImageObject","inLanguage":"en-US","@id":"https:\/\/btpmarket.ma\/?product=propam-aisterm#primaryimage","url":"https:\/\/btpmarket.ma\/wp-content\/uploads\/2024\/05\/1474881117aisterm.jpg","contentUrl":"https:\/\/btpmarket.ma\/wp-content\/uploads\/2024\/05\/1474881117aisterm.jpg","width":154,"height":258},{"@type":"BreadcrumbList","@id":"https:\/\/btpmarket.ma\/?product=propam-aisterm#breadcrumb","itemListElement":[{"@type":"ListItem","position":1,"name":"Accueil","item":"https:\/\/btpmarket.ma\/"},{"@type":"ListItem","position":2,"name":"Products","item":"https:\/\/btpmarket.ma\/?post_type=product"},{"@type":"ListItem","position":3,"name":"REV\u00caTEMENT DE FA\u00c7ADE","item":"https:\/\/btpmarket.ma\/?product_cat=revetement-de-facade"},{"@type":"ListItem","position":4,"name":"ISOLATION TH\u00c9RMIQUE EXT\u00c9RIEURE","item":"https:\/\/btpmarket.ma\/?product_cat=isolation-thermique-exterieure"},{"@type":"ListItem","position":5,"name":"PROPAM\u00ae AISTERM"}]},{"@type":"WebSite","@id":"https:\/\/btpmarket.ma\/#website","url":"https:\/\/btpmarket.ma\/","name":"btpmarket","description":"","publisher":{"@id":"https:\/\/btpmarket.ma\/#organization"},"potentialAction":[{"@type":"SearchAction","target":{"@type":"EntryPoint","urlTemplate":"https:\/\/btpmarket.ma\/?s={search_term_string}"},"query-input":"required name=search_term_string"}],"inLanguage":"en-US"},{"@type":"Organization","@id":"https:\/\/btpmarket.ma\/#organization","name":"btpmarket","url":"https:\/\/btpmarket.ma\/","logo":{"@type":"ImageObject","inLanguage":"en-US","@id":"https:\/\/btpmarket.ma\/#\/schema\/logo\/image\/","url":"https:\/\/btpmarket.ma\/wp-content\/uploads\/2024\/05\/Asset-1.png","contentUrl":"https:\/\/btpmarket.ma\/wp-content\/uploads\/2024\/05\/Asset-1.png","width":1000,"height":411,"caption":"btpmarket"},"image":{"@id":"https:\/\/btpmarket.ma\/#\/schema\/logo\/image\/"}}]}},"_links":{"self":[{"href":"https:\/\/btpmarket.ma\/index.php?rest_route=\/wp\/v2\/product\/5018"}],"collection":[{"href":"https:\/\/btpmarket.ma\/index.php?rest_route=\/wp\/v2\/product"}],"about":[{"href":"https:\/\/btpmarket.ma\/index.php?rest_route=\/wp\/v2\/types\/product"}],"replies":[{"embeddable":true,"href":"https:\/\/btpmarket.ma\/index.php?rest_route=%2Fwp%2Fv2%2Fcomments&post=5018"}],"wp:featuredmedia":[{"embeddable":true,"href":"https:\/\/btpmarket.ma\/index.php?rest_route=\/wp\/v2\/media\/5020"}],"wp:attachment":[{"href":"https:\/\/btpmarket.ma\/index.php?rest_route=%2Fwp%2Fv2%2Fmedia&parent=5018"}],"wp:term":[{"taxonomy":"product_cat","embeddable":true,"href":"https:\/\/btpmarket.ma\/index.php?rest_route=%2Fwp%2Fv2%2Fproduct_cat&post=5018"},{"taxonomy":"product_tag","embeddable":true,"href":"https:\/\/btpmarket.ma\/index.php?rest_route=%2Fwp%2Fv2%2Fproduct_tag&post=5018"}],"curies":[{"name":"wp","href":"https:\/\/api.w.org\/{rel}","templated":true}]}}